{"id":19787,"date":"2023-11-24T14:41:37","date_gmt":"2023-11-24T13:41:37","guid":{"rendered":"https:\/\/biblioteka2.sum.edu.pl\/?page_id=19787"},"modified":"2024-09-05T10:43:42","modified_gmt":"2024-09-05T08:43:42","slug":"ucze-sie-zdrowia","status":"publish","type":"page","link":"https:\/\/biblioteka.sum.edu.pl\/en\/projekty-4\/ucze-sie-zdrowia\/","title":{"rendered":"Learning to be healthy"},"content":{"rendered":"<h3 class=\"wp-block-heading\">Learning to be healthy<\/h3>\n\n\n\n<p>\"Learning to be healthy\" project paid for with funds from the Ministry of Education and Science under contract no. SONP\/SP\/515376\/2021 dated 13.04.2022 ; project name: \"Learning to be healthy\"; amount of funds: PLN 49,963.27.<\/p>\n\n\n\n<p>Implementation period: 01.03.2022 - 29.02.2024<\/p>\n\n\n\n<p><\/p>\n\n\n\n<hr class=\"wp-block-separator has-alpha-channel-opacity is-style-wide\"\/>\n\n\n\n<p><\/p>\n\n\n\n<p>The project consists of two independent modules:<\/p>\n\n\n\n<h4 class=\"wp-block-heading\">BETWEEN US GIRLS - activities for third and fourth year female secondary school students<\/h4>\n\n\n\n<figure class=\"wp-block-image size-full\"><img loading=\"lazy\" decoding=\"async\" width=\"424\" height=\"424\" src=\"https:\/\/biblioteka.sum.edu.pl\/wp-content\/uploads\/2024\/01\/Miedzy_nami_dziewczynami_logo_bez_tla.png\" alt=\"\" class=\"wp-image-21252\" srcset=\"https:\/\/biblioteka.sum.edu.pl\/wp-content\/uploads\/2024\/01\/Miedzy_nami_dziewczynami_logo_bez_tla.png 424w, https:\/\/biblioteka.sum.edu.pl\/wp-content\/uploads\/2024\/01\/Miedzy_nami_dziewczynami_logo_bez_tla-300x300.png 300w, https:\/\/biblioteka.sum.edu.pl\/wp-content\/uploads\/2024\/01\/Miedzy_nami_dziewczynami_logo_bez_tla-150x150.png 150w, https:\/\/biblioteka.sum.edu.pl\/wp-content\/uploads\/2024\/01\/Miedzy_nami_dziewczynami_logo_bez_tla-12x12.png 12w\" sizes=\"auto, (max-width: 424px) 100vw, 424px\" \/><\/figure>\n\n\n\n<p>This is a closed series of five 60-minute classes (participants sign up for all five classes of the series). Participants will be able to carry out examinations on mannequins themselves, take a close look at anatomical models - also in a digital 3D version, pick up instruments, try out exercises, etc.<\/p>\n\n\n\n<p>The class aims to provide an introduction to the work of specialists involved in women's care, a practical presentation of examinations\/exercises aimed at women, as well as a theoretical and practical presentation of preventive examinations in gynaecology and obstetrics, gynaecological physiotherapy and compulsory and recommended vaccinations.<\/p>\n\n\n\n<p>Class topics:<\/p>\n\n\n\n<ol class=\"wp-block-list\">\n<li>The midwife - a woman's best friend. Presentation of different aspects of the midwife's work: working in the delivery room, in the gynaecological ward and as a community midwife.<\/li>\n\n\n\n<li>Gynaecologist's office - I know what awaits me, I am no longer afraid of the first visit. Presentation of the gynaecologist's surgery, basic instruments and screening tests. Presentation of the gynaecology profession.<\/li>\n\n\n\n<li>Pelvic floor muscle training - physiotherapy for women. Presentation of the physiotherapy profession with special emphasis on urogynaecological physiotherapy.<\/li>\n\n\n\n<li>Tumour or no tumour? Breast self-examination. Class led by surgical and oncology nurses. Presentation of different aspects of the nursing profession.<\/li>\n\n\n\n<li>Why is vaccination important? - About HPV and other women's diseases. Class on various female diseases and modern ways to prevent them.<\/li>\n<\/ol>\n\n\n\n<h4 class=\"wp-block-heading\">AND YOU CAN BECOME - activities aimed at pre-school and early school children<\/h4>\n\n\n\n<figure class=\"wp-block-image size-full\"><img loading=\"lazy\" decoding=\"async\" width=\"424\" height=\"424\" src=\"https:\/\/biblioteka.sum.edu.pl\/wp-content\/uploads\/2024\/01\/I_Ty_mozesz_zostac_logo_bez_tla.png\" alt=\"\" class=\"wp-image-21253\" srcset=\"https:\/\/biblioteka.sum.edu.pl\/wp-content\/uploads\/2024\/01\/I_Ty_mozesz_zostac_logo_bez_tla.png 424w, https:\/\/biblioteka.sum.edu.pl\/wp-content\/uploads\/2024\/01\/I_Ty_mozesz_zostac_logo_bez_tla-300x300.png 300w, https:\/\/biblioteka.sum.edu.pl\/wp-content\/uploads\/2024\/01\/I_Ty_mozesz_zostac_logo_bez_tla-150x150.png 150w, https:\/\/biblioteka.sum.edu.pl\/wp-content\/uploads\/2024\/01\/I_Ty_mozesz_zostac_logo_bez_tla-12x12.png 12w\" sizes=\"auto, (max-width: 424px) 100vw, 424px\" \/><\/figure>\n\n\n\n<p>These are sixty-minute classes conducted in a fun and role-play format. Participants learn what the different specialists do, what basic medical procedures look like and how and for what purpose the different diagnostic tests are carried out.<\/p>\n\n\n\n<p>During the meetings, children have the opportunity to play the role of a medic, learn about the instruments he or she uses and carry out some examinations and procedures on phantoms.<\/p>\n\n\n\n<p>A variety of media techniques will be used during the activities: films, music, visual arts and movement activities.<\/p>\n\n\n\n<p>Class topics:<\/p>\n\n\n\n<ul class=\"wp-block-list\">\n<li>And you can become a... dentist.<\/li>\n\n\n\n<li>And you can become a... surgeon.<\/li>\n\n\n\n<li>And you can become a... paramedic.<\/li>\n\n\n\n<li>And you can become a... family doctor.<\/li>\n\n\n\n<li>And you can become an... ophthalmologist.<\/li>\n\n\n\n<li>And you can become a... physiotherapist.<\/li>\n\n\n\n<li>And you can become a... virologist.<\/li>\n\n\n\n<li>And you can become a... radiologist.<\/li>\n\n\n\n<li>And you can become a... midwife.<\/li>\n\n\n\n<li>And you can become a... nurse.<\/li>\n<\/ul>\n\n\n\n<h4 class=\"wp-block-heading has-text-align-center\">More informations (Polish only):<\/h4>\n\n\n\n<p><\/p>\n\n\n\n<figure class=\"wp-block-image size-large\"><a href=\"https:\/\/uczesiezdrowia.sum.edu.pl\/\" target=\"_blank\" rel=\"noreferrer noopener\"><img loading=\"lazy\" decoding=\"async\" width=\"1024\" height=\"168\" src=\"https:\/\/biblioteka.sum.edu.pl\/wp-content\/uploads\/2024\/01\/Ucze_sie_zdrowia_baner_2-1024x168.png\" alt=\"\" class=\"wp-image-21254\" srcset=\"https:\/\/biblioteka.sum.edu.pl\/wp-content\/uploads\/2024\/01\/Ucze_sie_zdrowia_baner_2-1024x168.png 1024w, https:\/\/biblioteka.sum.edu.pl\/wp-content\/uploads\/2024\/01\/Ucze_sie_zdrowia_baner_2-300x49.png 300w, https:\/\/biblioteka.sum.edu.pl\/wp-content\/uploads\/2024\/01\/Ucze_sie_zdrowia_baner_2-768x126.png 768w, https:\/\/biblioteka.sum.edu.pl\/wp-content\/uploads\/2024\/01\/Ucze_sie_zdrowia_baner_2-1536x252.png 1536w, https:\/\/biblioteka.sum.edu.pl\/wp-content\/uploads\/2024\/01\/Ucze_sie_zdrowia_baner_2-2048x336.png 2048w, https:\/\/biblioteka.sum.edu.pl\/wp-content\/uploads\/2024\/01\/Ucze_sie_zdrowia_baner_2-18x3.png 18w\" sizes=\"auto, (max-width: 1024px) 100vw, 1024px\" \/><\/a><\/figure>","protected":false},"excerpt":{"rendered":"<p>Projekt &#8222;Ucz\u0119 si\u0119 zdrowia&#8221; Projekt &#8222;Ucz\u0119 si\u0119 zdrowia&#8221; p\u0142atny ze \u015brodk\u00f3w Ministerstwa Edukacji i Nauki na podstawie umowy nr SONP\/SP\/515376\/2021 z dnia 13.04.2022 r. ; nazwa projektu: \u201eUcz\u0119 si\u0119 zdrowia\u201d; kwota \u015brodk\u00f3w: 49 963,27 z\u0142. Okres realizacji: 01.03.2022 &#8211; 29.02.2024 Na projekt sk\u0142ada\u0142y si\u0119 dwa niezale\u017cne modu\u0142y: MI\u0118DZY NAMI DZIEWCZYNAMI &#8211; zaj\u0119cia skierowane do uczennic [&hellip;]<\/p>","protected":false},"author":7,"featured_media":0,"parent":19753,"menu_order":0,"comment_status":"closed","ping_status":"closed","template":"","meta":{"_eb_attr":"","footnotes":""},"categories":[],"tags":[],"class_list":["post-19787","page","type-page","status-publish","hentry"],"publishpress_future_action":{"enabled":false,"date":"2026-04-12 19:22:19","action":"change-status","newStatus":"draft","terms":[],"taxonomy":"category","extraData":[]},"publishpress_future_workflow_manual_trigger":{"enabledWorkflows":[]},"_links":{"self":[{"href":"https:\/\/biblioteka.sum.edu.pl\/en\/wp-json\/wp\/v2\/pages\/19787","targetHints":{"allow":["GET"]}}],"collection":[{"href":"https:\/\/biblioteka.sum.edu.pl\/en\/wp-json\/wp\/v2\/pages"}],"about":[{"href":"https:\/\/biblioteka.sum.edu.pl\/en\/wp-json\/wp\/v2\/types\/page"}],"author":[{"embeddable":true,"href":"https:\/\/biblioteka.sum.edu.pl\/en\/wp-json\/wp\/v2\/users\/7"}],"replies":[{"embeddable":true,"href":"https:\/\/biblioteka.sum.edu.pl\/en\/wp-json\/wp\/v2\/comments?post=19787"}],"version-history":[{"count":11,"href":"https:\/\/biblioteka.sum.edu.pl\/en\/wp-json\/wp\/v2\/pages\/19787\/revisions"}],"predecessor-version":[{"id":24440,"href":"https:\/\/biblioteka.sum.edu.pl\/en\/wp-json\/wp\/v2\/pages\/19787\/revisions\/24440"}],"up":[{"embeddable":true,"href":"https:\/\/biblioteka.sum.edu.pl\/en\/wp-json\/wp\/v2\/pages\/19753"}],"wp:attachment":[{"href":"https:\/\/biblioteka.sum.edu.pl\/en\/wp-json\/wp\/v2\/media?parent=19787"}],"wp:term":[{"taxonomy":"category","embeddable":true,"href":"https:\/\/biblioteka.sum.edu.pl\/en\/wp-json\/wp\/v2\/categories?post=19787"},{"taxonomy":"post_tag","embeddable":true,"href":"https:\/\/biblioteka.sum.edu.pl\/en\/wp-json\/wp\/v2\/tags?post=19787"}],"curies":[{"name":"wp","href":"https:\/\/api.w.org\/{rel}","templated":true}]}}