{"id":19744,"date":"2023-11-24T13:31:08","date_gmt":"2023-11-24T12:31:08","guid":{"rendered":"https:\/\/biblioteka2.sum.edu.pl\/?page_id=19744"},"modified":"2026-02-10T09:47:14","modified_gmt":"2026-02-10T08:47:14","slug":"biblioteka-w-liczbach","status":"publish","type":"page","link":"https:\/\/biblioteka.sum.edu.pl\/en\/biblioteka-w-liczbach\/","title":{"rendered":"Library by the numbers"},"content":{"rendered":"<h2 class=\"wp-block-heading\">Library by the numbers<\/h2>\n\n\n\n<p>as of 31st December 2025<\/p>\n\n\n\n<h4 class=\"wp-block-heading\">Collection<\/h4>\n\n\n\n<p>87 695 vol. of printed books<br>444 new book titles acquired in 2025<br>12 292 vol. of printed journals<br>562 printed journals titles<br>147 Polish journals titles currently subscribed (printed and online)<\/p>\n\n\n\n<h4 class=\"wp-block-heading\">Online resources<\/h4>\n\n\n\n<p>6 420 e-journals titles<br>205 931 ebooks titles<br>60 databases<\/p>\n\n\n\n<h4 class=\"wp-block-heading\">Lending services<\/h4>\n\n\n\n<p>74 062 items lent and renewed in 2025<br>93 685 visits in the Library locations in 2025<\/p>\n\n\n\n<h4 class=\"wp-block-heading\">Polish Platform of Medical Research - SUM Repository<\/h4>\n\n\n\n<p>14\u00a0539\u00a0full-text documents<br>1\u00a0380\u00a0SUM researcher's profiles<br>5\u00a0775 doctoral theses records<br>51\u00a0datasets records<\/p>\n\n\n\n<h4 class=\"wp-block-heading\">SUM Publications Database<\/h4>\n\n\n\n<p>125 641 SUM faculty publications<\/p>","protected":false},"excerpt":{"rendered":"<p>Biblioteka w liczbach stan na 31 grudnia 2025 r. Stan ksi\u0119gozbioru 87 695 wol. ksi\u0105\u017cek drukowanych444 nowych tytu\u0142\u00f3w ksi\u0105\u017cek zakupionych w 2025 r.12 292 wol. czasopism drukowanych562 tytu\u0142y czasopism drukowanych147 tytu\u0142\u00f3w polskich czasopism w bie\u017c\u0105cej prenumeracie (drukowanych i online) Zbiory elektroniczne 6 420 tytu\u0142\u00f3w e-czasopism205 931 tytu\u0142\u00f3w e-ksi\u0105\u017cek60 bazy danych Udost\u0119pnianie zbior\u00f3w 74 062 wypo\u017cycze\u0144 [&hellip;]<\/p>","protected":false},"author":6,"featured_media":0,"parent":0,"menu_order":0,"comment_status":"closed","ping_status":"closed","template":"","meta":{"_eb_attr":"","footnotes":""},"categories":[],"tags":[],"class_list":["post-19744","page","type-page","status-publish","hentry"],"publishpress_future_action":{"enabled":false,"date":"2026-04-12 16:36:55","action":"change-status","newStatus":"draft","terms":[],"taxonomy":"category","extraData":[]},"publishpress_future_workflow_manual_trigger":{"enabledWorkflows":[]},"_links":{"self":[{"href":"https:\/\/biblioteka.sum.edu.pl\/en\/wp-json\/wp\/v2\/pages\/19744","targetHints":{"allow":["GET"]}}],"collection":[{"href":"https:\/\/biblioteka.sum.edu.pl\/en\/wp-json\/wp\/v2\/pages"}],"about":[{"href":"https:\/\/biblioteka.sum.edu.pl\/en\/wp-json\/wp\/v2\/types\/page"}],"author":[{"embeddable":true,"href":"https:\/\/biblioteka.sum.edu.pl\/en\/wp-json\/wp\/v2\/users\/6"}],"replies":[{"embeddable":true,"href":"https:\/\/biblioteka.sum.edu.pl\/en\/wp-json\/wp\/v2\/comments?post=19744"}],"version-history":[{"count":14,"href":"https:\/\/biblioteka.sum.edu.pl\/en\/wp-json\/wp\/v2\/pages\/19744\/revisions"}],"predecessor-version":[{"id":27681,"href":"https:\/\/biblioteka.sum.edu.pl\/en\/wp-json\/wp\/v2\/pages\/19744\/revisions\/27681"}],"wp:attachment":[{"href":"https:\/\/biblioteka.sum.edu.pl\/en\/wp-json\/wp\/v2\/media?parent=19744"}],"wp:term":[{"taxonomy":"category","embeddable":true,"href":"https:\/\/biblioteka.sum.edu.pl\/en\/wp-json\/wp\/v2\/categories?post=19744"},{"taxonomy":"post_tag","embeddable":true,"href":"https:\/\/biblioteka.sum.edu.pl\/en\/wp-json\/wp\/v2\/tags?post=19744"}],"curies":[{"name":"wp","href":"https:\/\/api.w.org\/{rel}","templated":true}]}}