{"id":19684,"date":"2023-11-24T09:36:26","date_gmt":"2023-11-24T08:36:26","guid":{"rendered":"https:\/\/biblioteka2.sum.edu.pl\/?page_id=19684"},"modified":"2025-08-14T07:20:59","modified_gmt":"2025-08-14T05:20:59","slug":"program-publikowania-otwartego-cambridge-university-press","status":"publish","type":"page","link":"https:\/\/biblioteka.sum.edu.pl\/en\/dla-publikujacych\/programy-otwartego-publikowania\/program-publikowania-otwartego-cambridge-university-press\/","title":{"rendered":"Cambridge University Press open access publishing programme"},"content":{"rendered":"<h2 class=\"wp-block-heading\">Cambridge University Press open access publishing programme<\/h2>\n\n\n\n<p>Program jest dost\u0119pny dla autor\u00f3w korespondencyjnych afiliowanych w \u015al\u0105skim Uniwersytecie Medycznym w Katowicach, w tym r\u00f3wnie\u017c dla student\u00f3w.<\/p>\n\n\n\n<p>W ramach programu publikacja artyku\u0142\u00f3w jest zwolniona z op\u0142at za APC (Article Processing Charges).<\/p>\n\n\n\n<p>List\u0119 czasopism obj\u0119tych programem mo\u017cna sprawdzi\u0107 w wyszukiwarce <strong><a href=\"https:\/\/www.cambridge.org\/core\/eligibility-checker\">Eligibility Checker<\/a><\/strong> \u2013 nale\u017cy wskaza\u0107 kraj oraz instytucj\u0119: <em>Medical University of Silesia<\/em>.<\/p>\n\n\n\n<p><strong>Wymagania przy sk\u0142adaniu artyku\u0142u:<\/strong><\/p>\n\n\n\n<ul class=\"wp-block-list\">\n<li>podanie afiliacji z \u015aUM,<\/li>\n\n\n\n<li>u\u017cycie adresu e-mail w domenie uczelni,<\/li>\n\n\n\n<li>dodanie identyfikatora <strong>ORCID<\/strong>.<\/li>\n<\/ul>\n\n\n\n<p>Po akceptacji artyku\u0142u, autor otrzyma link do formularza w sekcji <em>Open Access Articles<\/em>, gdzie nale\u017cy:<\/p>\n\n\n\n<ul class=\"wp-block-list\">\n<li>wybra\u0107 odpowiedni\u0105 licencj\u0119 <strong>Creative Commons<\/strong>,<\/li>\n\n\n\n<li>okre\u015bli\u0107 w\u0142a\u015bciciela praw autorskich (autor lub pracodawca).<\/li>\n<\/ul>\n\n\n\n<p>Ostatecznym potwierdzeniem jest wiadomo\u015b\u0107 e-mail z informacj\u0105 o publikacji w otwartym dost\u0119pie.<\/p>\n\n\n\n<p>Szczeg\u00f3\u0142owy opis procedury znajduje si\u0119 w przewodniku: <a href=\"https:\/\/www.cambridge.org\/core\/services\/aop-file-manager\/file\/5ea6c117f697320b36e1910a\/StepbyStep-Guide-to-Publishing-OA.pdf\" target=\"_blank\" rel=\"noreferrer noopener\">Step-by-step guide to publishing Open Access in Cambridge Journals<\/a> (pdf; 521 KB).<\/p>","protected":false},"excerpt":{"rendered":"<p>Program publikowania otwartego Cambridge University Press Program jest dost\u0119pny dla autor\u00f3w korespondencyjnych afiliowanych w \u015al\u0105skim Uniwersytecie Medycznym w Katowicach, w tym r\u00f3wnie\u017c dla student\u00f3w. W ramach programu publikacja artyku\u0142\u00f3w jest zwolniona z op\u0142at za APC (Article Processing Charges). List\u0119 czasopism obj\u0119tych programem mo\u017cna sprawdzi\u0107 w wyszukiwarce Eligibility Checker \u2013 nale\u017cy wskaza\u0107 kraj oraz instytucj\u0119: Medical [&hellip;]<\/p>","protected":false},"author":4,"featured_media":0,"parent":18650,"menu_order":0,"comment_status":"closed","ping_status":"closed","template":"","meta":{"_eb_attr":"","footnotes":""},"categories":[],"tags":[],"class_list":["post-19684","page","type-page","status-publish","hentry"],"publishpress_future_action":{"enabled":false,"date":"2026-04-12 18:57:11","action":"change-status","newStatus":"draft","terms":[],"taxonomy":"category","extraData":[]},"publishpress_future_workflow_manual_trigger":{"enabledWorkflows":[]},"_links":{"self":[{"href":"https:\/\/biblioteka.sum.edu.pl\/en\/wp-json\/wp\/v2\/pages\/19684","targetHints":{"allow":["GET"]}}],"collection":[{"href":"https:\/\/biblioteka.sum.edu.pl\/en\/wp-json\/wp\/v2\/pages"}],"about":[{"href":"https:\/\/biblioteka.sum.edu.pl\/en\/wp-json\/wp\/v2\/types\/page"}],"author":[{"embeddable":true,"href":"https:\/\/biblioteka.sum.edu.pl\/en\/wp-json\/wp\/v2\/users\/4"}],"replies":[{"embeddable":true,"href":"https:\/\/biblioteka.sum.edu.pl\/en\/wp-json\/wp\/v2\/comments?post=19684"}],"version-history":[{"count":11,"href":"https:\/\/biblioteka.sum.edu.pl\/en\/wp-json\/wp\/v2\/pages\/19684\/revisions"}],"predecessor-version":[{"id":26903,"href":"https:\/\/biblioteka.sum.edu.pl\/en\/wp-json\/wp\/v2\/pages\/19684\/revisions\/26903"}],"up":[{"embeddable":true,"href":"https:\/\/biblioteka.sum.edu.pl\/en\/wp-json\/wp\/v2\/pages\/18650"}],"wp:attachment":[{"href":"https:\/\/biblioteka.sum.edu.pl\/en\/wp-json\/wp\/v2\/media?parent=19684"}],"wp:term":[{"taxonomy":"category","embeddable":true,"href":"https:\/\/biblioteka.sum.edu.pl\/en\/wp-json\/wp\/v2\/categories?post=19684"},{"taxonomy":"post_tag","embeddable":true,"href":"https:\/\/biblioteka.sum.edu.pl\/en\/wp-json\/wp\/v2\/tags?post=19684"}],"curies":[{"name":"wp","href":"https:\/\/api.w.org\/{rel}","templated":true}]}}