{"id":19677,"date":"2023-11-24T09:32:34","date_gmt":"2023-11-24T08:32:34","guid":{"rendered":"https:\/\/biblioteka2.sum.edu.pl\/?page_id=19677"},"modified":"2025-05-06T10:32:07","modified_gmt":"2025-05-06T08:32:07","slug":"program-partnerski-wydawnictwo-bentham","status":"publish","type":"page","link":"https:\/\/biblioteka.sum.edu.pl\/en\/dla-publikujacych\/programy-otwartego-publikowania\/program-partnerski-wydawnictwo-bentham\/","title":{"rendered":"Affiliate programme - Bentham Publishing"},"content":{"rendered":"<h2 class=\"wp-block-heading\">Affiliate programme - Bentham Publishing<\/h2>\n\n\n\n<p>SUM staff and students in the <a href=\"https:\/\/www.eurekaselect.com\/pages\/institutional-members\">partnership programme with Bentham Publishing<\/a> have the opportunity to publish articles in the Open Access model with a 40% discount on Open Access Charges.<\/p>\n\n\n\n<p>The discount applies to publications in all Bentham Publishing journals: both subscribed and open access. The discount also applies to publications in books and book series<\/p>\n\n\n\n<p>Publication submissions should be made via the website:&nbsp;<a href=\"https:\/\/www.eurekaselect.com\/browse_by_subject\/callforpaper\">https:\/\/www.eurekaselect.com\/browse_by_subject\/callforpaper<\/a><\/p>\n\n\n\n<hr class=\"wp-block-separator has-alpha-channel-opacity\"\/>\n\n\n\n<p>contact: MA Krzysztof Go\u015bciniak<br>Phone number: +48 32 208 36 33<br><a href=\"mailto:publikowanieotwarte@sum.edu.pl\">publikowanieotwarte@sum.edu.pl<\/a><\/p>","protected":false},"excerpt":{"rendered":"<p>Program partnerski &#8211; wydawnictwo Bentham Pracownicy i studenci SUM w ramach programu partnerskiego z wydawnictwem Bentham maj\u0105 mo\u017cliwo\u015b\u0107 publikowania artyku\u0142\u00f3w w modelu Open Access z 40% zni\u017ck\u0105 na op\u0142aty&nbsp;Open Access Charges. Zni\u017cka dotyczy publikacji we wszystkich czasopismach wydawnictwa Bentham: zar\u00f3wno subskrybowanych, jak i open access. Zni\u017ck\u0105 obj\u0119te s\u0105 r\u00f3wnie\u017c publikacje w ksi\u0105\u017ckach i seriach ksi\u0105\u017ckowych. [&hellip;]<\/p>","protected":false},"author":4,"featured_media":0,"parent":18650,"menu_order":0,"comment_status":"closed","ping_status":"closed","template":"","meta":{"_eb_attr":"","footnotes":""},"categories":[],"tags":[],"class_list":["post-19677","page","type-page","status-publish","hentry"],"publishpress_future_action":{"enabled":false,"date":"2026-04-12 18:57:23","action":"change-status","newStatus":"draft","terms":[],"taxonomy":"category","extraData":[]},"publishpress_future_workflow_manual_trigger":{"enabledWorkflows":[]},"_links":{"self":[{"href":"https:\/\/biblioteka.sum.edu.pl\/en\/wp-json\/wp\/v2\/pages\/19677","targetHints":{"allow":["GET"]}}],"collection":[{"href":"https:\/\/biblioteka.sum.edu.pl\/en\/wp-json\/wp\/v2\/pages"}],"about":[{"href":"https:\/\/biblioteka.sum.edu.pl\/en\/wp-json\/wp\/v2\/types\/page"}],"author":[{"embeddable":true,"href":"https:\/\/biblioteka.sum.edu.pl\/en\/wp-json\/wp\/v2\/users\/4"}],"replies":[{"embeddable":true,"href":"https:\/\/biblioteka.sum.edu.pl\/en\/wp-json\/wp\/v2\/comments?post=19677"}],"version-history":[{"count":6,"href":"https:\/\/biblioteka.sum.edu.pl\/en\/wp-json\/wp\/v2\/pages\/19677\/revisions"}],"predecessor-version":[{"id":26596,"href":"https:\/\/biblioteka.sum.edu.pl\/en\/wp-json\/wp\/v2\/pages\/19677\/revisions\/26596"}],"up":[{"embeddable":true,"href":"https:\/\/biblioteka.sum.edu.pl\/en\/wp-json\/wp\/v2\/pages\/18650"}],"wp:attachment":[{"href":"https:\/\/biblioteka.sum.edu.pl\/en\/wp-json\/wp\/v2\/media?parent=19677"}],"wp:term":[{"taxonomy":"category","embeddable":true,"href":"https:\/\/biblioteka.sum.edu.pl\/en\/wp-json\/wp\/v2\/categories?post=19677"},{"taxonomy":"post_tag","embeddable":true,"href":"https:\/\/biblioteka.sum.edu.pl\/en\/wp-json\/wp\/v2\/tags?post=19677"}],"curies":[{"name":"wp","href":"https:\/\/api.w.org\/{rel}","templated":true}]}}