{"id":19674,"date":"2023-11-24T09:29:23","date_gmt":"2023-11-24T08:29:23","guid":{"rendered":"https:\/\/biblioteka2.sum.edu.pl\/?page_id=19674"},"modified":"2026-01-07T15:01:39","modified_gmt":"2026-01-07T14:01:39","slug":"program-partnerski-mdpi","status":"publish","type":"page","link":"https:\/\/biblioteka.sum.edu.pl\/en\/dla-publikujacych\/programy-otwartego-publikowania\/program-partnerski-mdpi\/","title":{"rendered":"MDPI partner programme"},"content":{"rendered":"<h2 class=\"wp-block-heading\">MDPI partner programme<\/h2>\n\n\n\n<p>Medical University of Silesia in Katowice joined <em>MDPI Institutional Membership Program<\/em>, which allows authors affiliated with SUM to receive a 25% discount on article publication within the APC (<em>Article Processing Charges<\/em>).<\/p>\n\n\n\n<p>An author submitting a publication to a publisher has the option of selecting a discount option -<em>IOAP Institution: Medical University of Silesia, Open access program discount<\/em>. This option will appear if at least one correspondent author of the publication uses an email address in the domain of <strong>@sum.edu.pl.<\/strong>\u00a0<\/p>\n\n\n\n<p>The MDPI publication registration system automatically invoices the corresponding author. The administrator of the IOAP Institution programme in the SUM Library then verifies in the publication registration system whether the article is entitled to a discount. <\/p>\n\n\n\n<p>If the corresponding author is a SUM employee and\/or PhD student and\/or student, the invoice will be changed from <em>Non-central: Invoiced to author<\/em> to <em>Central payment: Invoiced to the Institution<\/em> and will be forwarded to <a href=\"https:\/\/nauka.sum.edu.pl\/kontakt\/\">the SUM Centre for Research and International Cooperation.<\/a>.<\/p>\n\n\n\n<p><a href=\"https:\/\/www.mdpi.com\/ioap\" target=\"_blank\" rel=\"noreferrer noopener\">Information on the MDPI website<\/a><\/p>\n\n\n\n<div class=\"wp-block-essential-blocks-notice  root-eb-notice-125dk\"><div class=\"eb-parent-wrapper eb-parent-eb-notice-125dk\"><div class=\"eb-notice-wrapper eb-notice-125dk\" data-id=\"eb-notice-125dk\" data-show-again=\"false\"><div class=\"eb-notice-title-wrapper\"><div class=\"eb-notice-title\">Please, note!<\/div><\/div><span class=\"eb-notice-dismiss\" style=\"cursor:pointer\"><\/span><div><div class=\"eb-notice-text\">The final distribution of the APC amount between the University and the author is determined by the SUM Centre for Research and International Cooperation in consultation with the corresponding author.<\/div><\/div><\/div><\/div><\/div>\n\n\n\n<p>Additional Discounts:<\/p>\n\n\n\n<ul class=\"wp-block-list\">\n<li>10% discount on the Book Processing Charges (BPCs) for MDPI Books, <\/li>\n\n\n\n<li>15% discount on language editing provided by MDPI Author Services<\/li>\n<\/ul>","protected":false},"excerpt":{"rendered":"<p>Program partnerski MDPI \u015al\u0105ski Uniwersytet Medyczny w Katowicach przyst\u0105pi\u0142 do programu MDPI Institutional Membership Program, kt\u00f3ry umo\u017cliwia autorom afiliowanym w \u015aUM uzyskanie 25% rabatu na APC (Article Processing Charges) w przypadku publikacji artyku\u0142u. Autor zg\u0142aszaj\u0105cy publikacj\u0119 w wydawnictwie ma mo\u017cliwo\u015b\u0107 wybrania opcji rabatu &#8211;IOAP Institution: Medical University of Silesia, Open access program discount. Opcja pojawi [&hellip;]<\/p>","protected":false},"author":4,"featured_media":0,"parent":18650,"menu_order":0,"comment_status":"closed","ping_status":"closed","template":"","meta":{"_eb_attr":"","footnotes":""},"categories":[],"tags":[],"class_list":["post-19674","page","type-page","status-publish","hentry"],"publishpress_future_action":{"enabled":false,"date":"2026-04-12 18:58:29","action":"change-status","newStatus":"draft","terms":[],"taxonomy":"category","extraData":[]},"publishpress_future_workflow_manual_trigger":{"enabledWorkflows":[]},"_links":{"self":[{"href":"https:\/\/biblioteka.sum.edu.pl\/en\/wp-json\/wp\/v2\/pages\/19674","targetHints":{"allow":["GET"]}}],"collection":[{"href":"https:\/\/biblioteka.sum.edu.pl\/en\/wp-json\/wp\/v2\/pages"}],"about":[{"href":"https:\/\/biblioteka.sum.edu.pl\/en\/wp-json\/wp\/v2\/types\/page"}],"author":[{"embeddable":true,"href":"https:\/\/biblioteka.sum.edu.pl\/en\/wp-json\/wp\/v2\/users\/4"}],"replies":[{"embeddable":true,"href":"https:\/\/biblioteka.sum.edu.pl\/en\/wp-json\/wp\/v2\/comments?post=19674"}],"version-history":[{"count":11,"href":"https:\/\/biblioteka.sum.edu.pl\/en\/wp-json\/wp\/v2\/pages\/19674\/revisions"}],"predecessor-version":[{"id":27558,"href":"https:\/\/biblioteka.sum.edu.pl\/en\/wp-json\/wp\/v2\/pages\/19674\/revisions\/27558"}],"up":[{"embeddable":true,"href":"https:\/\/biblioteka.sum.edu.pl\/en\/wp-json\/wp\/v2\/pages\/18650"}],"wp:attachment":[{"href":"https:\/\/biblioteka.sum.edu.pl\/en\/wp-json\/wp\/v2\/media?parent=19674"}],"wp:term":[{"taxonomy":"category","embeddable":true,"href":"https:\/\/biblioteka.sum.edu.pl\/en\/wp-json\/wp\/v2\/categories?post=19674"},{"taxonomy":"post_tag","embeddable":true,"href":"https:\/\/biblioteka.sum.edu.pl\/en\/wp-json\/wp\/v2\/tags?post=19674"}],"curies":[{"name":"wp","href":"https:\/\/api.w.org\/{rel}","templated":true}]}}