{"id":19625,"date":"2023-11-23T15:32:10","date_gmt":"2023-11-23T14:32:10","guid":{"rendered":"https:\/\/biblioteka2.sum.edu.pl\/?page_id=19625"},"modified":"2026-05-14T12:03:56","modified_gmt":"2026-05-14T10:03:56","slug":"wykazy-wydawcow-i-czasopism-z-dyscyplinami","status":"publish","type":"page","link":"https:\/\/biblioteka.sum.edu.pl\/en\/dla-publikujacych\/wykazy-wydawcow-i-czasopism-z-dyscyplinami\/","title":{"rendered":"List of scored journals and publishers"},"content":{"rendered":"<h3 class=\"wp-block-heading justuj\">List of scored journals and publishers<\/h3>\n\n\n\n<div style=\"height:11px\" aria-hidden=\"true\" class=\"wp-block-spacer\"><\/div>\n\n\n\n<p><img decoding=\"async\" class=\"ikonki\" src=\"https:\/\/biblioteka.sum.edu.pl\/wp-content\/uploads\/2023\/11\/regulaminy.png\" alt=\"waga\">Please be advised that the Ministry of Science and Higher Education has published a new <a href=\"https:\/\/dziennikustaw.gov.pl\/DU\/2026\/630\">regulation<\/a> (PDF 256 KB) concerning the compilation of lists of scientific journals and publications, peer-reviewed materials from international conferences, and lists of scientific monographs (Journal of Laws 2026, item 630). According to the Ministry\u2019s announcements, the new lists are scheduled to be published after the summer break.<\/p>\n\n\n\n<p>A brief <a href=\"https:\/\/forumakademickie.pl\/opublikowano-rozporzadzenie-dotyczace-sporzadzania-wykazow-czasopism-i-wydawnictw\/\">overview<\/a> of the regulation is available in \u201cForum Akademickie.\u201d<br><\/p>\n\n\n\n<div style=\"height:30px\" aria-hidden=\"true\" class=\"wp-block-spacer\"><\/div>\n\n\n\n<p><img decoding=\"async\" class=\"ikonki\" src=\"https:\/\/biblioteka.sum.edu.pl\/wp-content\/uploads\/2023\/11\/Zasob-3ikonki.png\" alt=\"\"><strong>List of scored journals, peer-reviewed materials from international conferences and list of publishers of peer-reviewed scientific monographs<\/strong>:<\/p>\n\n\n\n<div style=\"height:15px\" aria-hidden=\"true\" class=\"wp-block-spacer\"><\/div>\n\n\n\n<div style=\"height:14px\" aria-hidden=\"true\" class=\"wp-block-spacer\"><\/div>\n\n\n\n<div class=\"wp-block-kadence-accordion alignnone\"><div class=\"kt-accordion-wrap kt-accordion-id19625_3b0614-4a kt-accordion-has-13-panes kt-active-pane-0 kt-accordion-block kt-pane-header-alignment-left kt-accodion-icon-style-arrow kt-accodion-icon-side-right\" style=\"max-width:none\"><div class=\"kt-accordion-inner-wrap\" data-allow-multiple-open=\"false\" data-start-open=\"none\">\n<div class=\"wp-block-kadence-pane kt-accordion-pane kt-accordion-pane-1 kt-pane19625_72b691-10\"><div class=\"kt-accordion-header-wrap\"><button class=\"kt-blocks-accordion-header kt-acccordion-button-label-show\" type=\"button\"><span class=\"kt-blocks-accordion-title-wrap\"><span class=\"kt-blocks-accordion-title\">2024<\/span><\/span><span class=\"kt-blocks-accordion-icon-trigger\"><\/span><\/button><\/div><div class=\"kt-accordion-panel kt-accordion-panel-hidden\"><div class=\"kt-accordion-panel-inner\">\n<div class=\"wp-block-kadence-accordion alignnone\"><div class=\"kt-accordion-wrap kt-accordion-id19625_f0248d-80 kt-accordion-has-2-panes kt-active-pane-0 kt-accordion-block kt-pane-header-alignment-left kt-accodion-icon-style-arrow kt-accodion-icon-side-right\" style=\"max-width:none\"><div class=\"kt-accordion-inner-wrap\" data-allow-multiple-open=\"false\" data-start-open=\"none\">\n<div class=\"wp-block-kadence-pane kt-accordion-pane kt-accordion-pane-1 kt-pane19625_6aa888-70\"><div class=\"kt-accordion-header-wrap\"><button class=\"kt-blocks-accordion-header kt-acccordion-button-label-show\" type=\"button\"><span class=\"kt-blocks-accordion-title-wrap\"><span class=\"kt-blocks-accordion-title\">Communication from the Minister of Education and Science of 5 January 2024<\/span><\/span><span class=\"kt-blocks-accordion-icon-trigger\"><\/span><\/button><\/div><div class=\"kt-accordion-panel kt-accordion-panel-hidden\"><div class=\"kt-accordion-panel-inner\">\n<p><a href=\"https:\/\/www.gov.pl\/attachment\/62739f3a-6a1d-4659-98ad-59dd63108ee7\" target=\"_blank\" rel=\"noreferrer noopener\">List of scientific journals and peer-reviewed conference proceedings - pdf file<\/a> (PDF, 9,64 MB)<br><a href=\"https:\/\/www.gov.pl\/attachment\/c2510527-171a-451e-b3c4-74ea5a5c6c94\" data-type=\"link\" data-id=\"https:\/\/www.gov.pl\/attachment\/c2510527-171a-451e-b3c4-74ea5a5c6c94\" target=\"_blank\" rel=\"noreferrer noopener\">List of scientific journals and peer-reviewed conference proceedings - xlsx file<\/a> (Exel, 9,38 MB)<br><a href=\"https:\/\/www.gov.pl\/web\/nauka\/komunikat-ministra-nauki-z-dnia-05-stycznia-2024-r-w-sprawie-wykazu-czasopism-naukowych-i-recenzowanych-materialow-z-konferencji-miedzynarodowych\"><strong>Notice and list<\/strong>.<\/a><\/p>\n<\/div><\/div><\/div>\n<\/div><\/div><\/div>\n<\/div><\/div><\/div>\n\n\n\n<div class=\"wp-block-kadence-pane kt-accordion-pane kt-accordion-pane-2 kt-pane19625_93c0fb-3b\"><div class=\"kt-accordion-header-wrap\"><button class=\"kt-blocks-accordion-header kt-acccordion-button-label-show\" type=\"button\"><span class=\"kt-blocks-accordion-title-wrap\"><span class=\"kt-blocks-accordion-title\">2023<\/span><\/span><span class=\"kt-blocks-accordion-icon-trigger\"><\/span><\/button><\/div><div class=\"kt-accordion-panel kt-accordion-panel-hidden\"><div class=\"kt-accordion-panel-inner\">\n<div class=\"wp-block-kadence-accordion alignnone\"><div class=\"kt-accordion-wrap kt-accordion-id19625_d1cc72-a9 kt-accordion-has-3-panes kt-active-pane-0 kt-accordion-block kt-pane-header-alignment-left kt-accodion-icon-style-arrow kt-accodion-icon-side-right\" style=\"max-width:none\"><div class=\"kt-accordion-inner-wrap\" data-allow-multiple-open=\"false\" data-start-open=\"none\">\n<div class=\"wp-block-kadence-pane kt-accordion-pane kt-accordion-pane-3 kt-pane19625_c73bd6-e0\"><div class=\"kt-accordion-header-wrap\"><button class=\"kt-blocks-accordion-header kt-acccordion-button-label-show\" type=\"button\"><span class=\"kt-blocks-accordion-title-wrap\"><span class=\"kt-blocks-accordion-title\">Communication of the Minister of Education and Science of 3 November 2023<\/span><\/span><span class=\"kt-blocks-accordion-icon-trigger\"><\/span><\/button><\/div><div class=\"kt-accordion-panel kt-accordion-panel-hidden\"><div class=\"kt-accordion-panel-inner\">\n<p><a href=\"https:\/\/www.gov.pl\/attachment\/3754b7c7-209d-4f2a-9458-23e8540873a9\" target=\"_blank\" rel=\"noreferrer noopener\">List of scientific journals and peer-reviewed conference proceedings - pdf file<\/a> (PDF, 12,3 MB)<br><a href=\"https:\/\/www.gov.pl\/attachment\/e0aab563-4aa9-4944-a057-a436527cad3d\" target=\"_blank\" rel=\"noreferrer noopener\">List of scientific journals and peer-reviewed conference proceedings - xlsx file<\/a> (Exel, 9,29 MB)<br><a href=\"https:\/\/www.gov.pl\/web\/nauka\/komunikat-ministra-edukacji-i-nauki-z-dnia-03-listopada-2023-r-o-zmianie-i-sprostowaniu-komunikatu-w-sprawie-wykazu-czasopism-naukowych-i-recenzowanych-materialow-z-konferencji-miedzynarodowych\" target=\"_blank\" rel=\"noreferrer noopener\"><strong>Notice and list<\/strong><\/a><\/p>\n<\/div><\/div><\/div>\n\n\n\n<div class=\"wp-block-kadence-pane kt-accordion-pane kt-accordion-pane-1 kt-pane19625_a13afd-91\"><div class=\"kt-accordion-header-wrap\"><button class=\"kt-blocks-accordion-header kt-acccordion-button-label-show\" type=\"button\"><span class=\"kt-blocks-accordion-title-wrap\"><span class=\"kt-blocks-accordion-title\">Communication from the Minister of Education and Science of 17 July 2023<\/span><\/span><span class=\"kt-blocks-accordion-icon-trigger\"><\/span><\/button><\/div><div class=\"kt-accordion-panel kt-accordion-panel-hidden\"><div class=\"kt-accordion-panel-inner\">\n<p><strong><a href=\"https:\/\/www.gov.pl\/web\/nauka\/komunikat-ministra-edukacji-i-nauki-z-dnia-17-lipca-2023-r-w-sprawie-wykazu-czasopism-naukowych-i-recenzowanych-materialow-z-konferencji-miedzynarodowych\" target=\"_blank\" rel=\"noreferrer noopener\">Notice and list<\/a><\/strong><br><a href=\"https:\/\/www.gov.pl\/attachment\/44d6534c-dad9-4b08-ad0b-d5787fe3045f\" target=\"_blank\" rel=\"noreferrer noopener\">List of scientific journals and peer-reviewed conference proceedings - pdf file<\/a> (PDF, 12,4 MB)<br><a href=\"https:\/\/www.gov.pl\/attachment\/7f0051cc-9ff4-4ef1-9b69-a5dc0ead1927\" target=\"_blank\" rel=\"noreferrer noopener\">List of scientific journals and peer-reviewed conference proceedings - xlsx file<\/a> (Exel, 9,23 MB)<\/p>\n<\/div><\/div><\/div>\n\n\n\n<div class=\"wp-block-kadence-pane kt-accordion-pane kt-accordion-pane-2 kt-pane19625_c4e369-a1\"><div class=\"kt-accordion-header-wrap\"><button class=\"kt-blocks-accordion-header kt-acccordion-button-label-show\" type=\"button\"><span class=\"kt-blocks-accordion-title-wrap\"><span class=\"kt-blocks-accordion-title\">Communication from the Minister of Education and Science of 22 July 2021<\/span><\/span><span class=\"kt-blocks-accordion-icon-trigger\"><\/span><\/button><\/div><div class=\"kt-accordion-panel kt-accordion-panel-hidden\"><div class=\"kt-accordion-panel-inner\">\n<p><strong><a href=\"https:\/\/www.gov.pl\/attachment\/1feb29b3-5278-4366-86e9-f7dfa2b1b474\">Notice and list<\/a><\/strong><br><a href=\"https:\/\/www.gov.pl\/attachment\/1feb29b3-5278-4366-86e9-f7dfa2b1b474\" target=\"_blank\" rel=\"noreferrer noopener\">New expanded list of publishers of peer-reviewed scientific monographs<\/a> from 22 July 2021.<\/p>\n<\/div><\/div><\/div>\n<\/div><\/div><\/div>\n<\/div><\/div><\/div>\n\n\n\n<div class=\"wp-block-kadence-pane kt-accordion-pane kt-accordion-pane-8 kt-pane19625_51c0ee-99\"><div class=\"kt-accordion-header-wrap\"><button class=\"kt-blocks-accordion-header kt-acccordion-button-label-show\" type=\"button\"><span class=\"kt-blocks-accordion-title-wrap\"><span class=\"kt-blocks-accordion-title\">2021<\/span><\/span><span class=\"kt-blocks-accordion-icon-trigger\"><\/span><\/button><\/div><div class=\"kt-accordion-panel kt-accordion-panel-hidden\"><div class=\"kt-accordion-panel-inner\">\n<div class=\"wp-block-kadence-accordion alignnone\"><div class=\"kt-accordion-wrap kt-accordion-id19625_58a3ad-74 kt-accordion-has-5-panes kt-active-pane-0 kt-accordion-block kt-pane-header-alignment-left kt-accodion-icon-style-arrow kt-accodion-icon-side-right\" style=\"max-width:none\"><div class=\"kt-accordion-inner-wrap\" data-allow-multiple-open=\"false\" data-start-open=\"none\">\n<div class=\"wp-block-kadence-pane kt-accordion-pane kt-accordion-pane-1 kt-pane19625_9b2340-7a\"><div class=\"kt-accordion-header-wrap\"><button class=\"kt-blocks-accordion-header kt-acccordion-button-label-show\" type=\"button\"><span class=\"kt-blocks-accordion-title-wrap\"><span class=\"kt-blocks-accordion-title\">Communication of the Minister of Education and Science from 21 December 2021<\/span><\/span><span class=\"kt-blocks-accordion-icon-trigger\"><\/span><\/button><\/div><div class=\"kt-accordion-panel kt-accordion-panel-hidden\"><div class=\"kt-accordion-panel-inner\">\n<p><a href=\"https:\/\/www.gov.pl\/web\/nauka\/komunikat-ministra-edukacji-i-nauki-z-dnia-21-grudnia-2021-r-o-zmianie-i-sprostowaniu-komunikatu-w-sprawie-wykazu-czasopism-naukowych-i-recenzowanych-materialow-z-konferencji-miedzynarodowych\" target=\"_blank\" rel=\"noreferrer noopener\"><strong>Notice and list<\/strong><\/a>.<br><a href=\"https:\/\/www.gov.pl\/attachment\/dcff560c-d321-4e39-b30d-6cb572c871c7\" target=\"_blank\" rel=\"noreferrer noopener\">List of scientific journals and peer-reviewed conference proceedings - pdf file<\/a> (PDF, 13,1 MB)<br><a href=\"https:\/\/www.gov.pl\/attachment\/35896404-7908-4dc7-bcac-39bd0e68babc\" target=\"_blank\" rel=\"noreferrer noopener\">List of scientific journals and peer-reviewed conference proceedings - xlxs file<\/a> (Exel, 7,32 MB)<\/p>\n<\/div><\/div><\/div>\n\n\n\n<div class=\"wp-block-kadence-pane kt-accordion-pane kt-accordion-pane-2 kt-pane19625_7e3c8d-da\"><div class=\"kt-accordion-header-wrap\"><button class=\"kt-blocks-accordion-header kt-acccordion-button-label-show\" type=\"button\"><span class=\"kt-blocks-accordion-title-wrap\"><span class=\"kt-blocks-accordion-title\">Communication from the Minister of Education and Science of 1 December 2021<\/span><\/span><span class=\"kt-blocks-accordion-icon-trigger\"><\/span><\/button><\/div><div class=\"kt-accordion-panel kt-accordion-panel-hidden\"><div class=\"kt-accordion-panel-inner\">\n<p><strong><a href=\"https:\/\/www.gov.pl\/web\/nauka\/komunikat-ministra-edukacji-i-nauki-z-dnia-1-grudnia-2021-r-w-sprawie-wykazu-czasopism-naukowych-i-recenzowanych-materialow-z-konferencji-miedzynarodowych\" target=\"_blank\" rel=\"noreferrer noopener\">Notice and list<\/a><\/strong>.<br><a href=\"https:\/\/www.gov.pl\/attachment\/acf4c73a-188b-42a0-a82b-f0b809fb2307\" target=\"_blank\" rel=\"noreferrer noopener\">List of scientific journals and peer-reviewed conference proceedings - pdf file<\/a>  (PDF, 13,3 MB)<br><a href=\"https:\/\/www.gov.pl\/attachment\/a08aa57e-f7b7-40f8-8b43-56e65aaed6c8\" target=\"_blank\" rel=\"noreferrer noopener\">List of scientific journals and peer-reviewed conference proceedings - xlxs file<\/a> (Exel, 7,40 MB)  <\/p>\n<\/div><\/div><\/div>\n\n\n\n<div class=\"wp-block-kadence-pane kt-accordion-pane kt-accordion-pane-3 kt-pane19625_dce10a-20\"><div class=\"kt-accordion-header-wrap\"><button class=\"kt-blocks-accordion-header kt-acccordion-button-label-show\" type=\"button\"><span class=\"kt-blocks-accordion-title-wrap\"><span class=\"kt-blocks-accordion-title\">Communication from the Minister of Education and Science of 22 July 2021<\/span><\/span><span class=\"kt-blocks-accordion-icon-trigger\"><\/span><\/button><\/div><div class=\"kt-accordion-panel kt-accordion-panel-hidden\"><div class=\"kt-accordion-panel-inner\">\n<p><strong><a href=\"https:\/\/www.gov.pl\/attachment\/1feb29b3-5278-4366-86e9-f7dfa2b1b474\">Notice and list<\/a><\/strong> (present)<br><a href=\"https:\/\/www.gov.pl\/attachment\/1feb29b3-5278-4366-86e9-f7dfa2b1b474\" target=\"_blank\" rel=\"noreferrer noopener\">New expanded list of publishers of peer-reviewed scientific monographs<\/a> (PDF, 781 KB)<\/p>\n<\/div><\/div><\/div>\n\n\n\n<div class=\"wp-block-kadence-pane kt-accordion-pane kt-accordion-pane-4 kt-pane19625_c62d5b-80\"><div class=\"kt-accordion-header-wrap\"><button class=\"kt-blocks-accordion-header kt-acccordion-button-label-show\" type=\"button\"><span class=\"kt-blocks-accordion-title-wrap\"><span class=\"kt-blocks-accordion-title\">Communication from the Minister of Education and Science of 18 February 2021<\/span><\/span><span class=\"kt-blocks-accordion-icon-trigger\"><\/span><\/button><\/div><div class=\"kt-accordion-panel kt-accordion-panel-hidden\"><div class=\"kt-accordion-panel-inner\">\n<p><strong><a href=\"https:\/\/www.gov.pl\/attachment\/8d0fd083-674f-46b7-9b6a-b0798a57e86e\" target=\"_blank\" rel=\"noreferrer noopener\">Notice and list<\/a><\/strong> - correction<br><a href=\"https:\/\/www.gov.pl\/attachment\/d221386d-d384-453d-9f59-1ef1168bcae3\" data-type=\"link\" data-id=\"https:\/\/www.gov.pl\/attachment\/8d0fd083-674f-46b7-9b6a-b0798a57e86e\" target=\"_blank\" rel=\"noreferrer noopener\">List of scientific journals and peer-reviewed conference proceedings - pdf file<\/a> (PDF, 781 KB)<br><a href=\"https:\/\/www.gov.pl\/attachment\/318b7757-8eea-4771-b0e5-0353c893b123\" target=\"_blank\" rel=\"noreferrer noopener\">List of scientific journals and peer-reviewed conference proceedings - xlxs file<\/a> (Exel, 7,14 MB)<\/p>\n<\/div><\/div><\/div>\n\n\n\n<div class=\"wp-block-kadence-pane kt-accordion-pane kt-accordion-pane-5 kt-pane19625_9fc7d9-51\"><div class=\"kt-accordion-header-wrap\"><button class=\"kt-blocks-accordion-header kt-acccordion-button-label-show\" type=\"button\"><span class=\"kt-blocks-accordion-title-wrap\"><span class=\"kt-blocks-accordion-title\">Communication from the Minister of Education and Science of 9 February 2021<\/span><\/span><span class=\"kt-blocks-accordion-icon-trigger\"><\/span><\/button><\/div><div class=\"kt-accordion-panel kt-accordion-panel-hidden\"><div class=\"kt-accordion-panel-inner\">\n<p><strong><a href=\"https:\/\/www.gov.pl\/web\/edukacja\/zmiana-i-sprostowanie-komunikatu-ministra-edukacji-i-nauki-z-dnia-9-lutego-2021-r-w-sprawie-wykazu-czasopism-naukowych-i-recenzowanych-materialow-z-konferencji-miedzynarodowych\" target=\"_blank\" rel=\"noreferrer noopener\">Notice and list<\/a><\/strong><\/p>\n<\/div><\/div><\/div>\n<\/div><\/div><\/div>\n<\/div><\/div><\/div>\n\n\n\n<div class=\"wp-block-kadence-pane kt-accordion-pane kt-accordion-pane-9 kt-pane19625_91e384-b3\"><div class=\"kt-accordion-header-wrap\"><button class=\"kt-blocks-accordion-header kt-acccordion-button-label-show\" type=\"button\"><span class=\"kt-blocks-accordion-title-wrap\"><span class=\"kt-blocks-accordion-title\">2020<\/span><\/span><span class=\"kt-blocks-accordion-icon-trigger\"><\/span><\/button><\/div><div class=\"kt-accordion-panel kt-accordion-panel-hidden\"><div class=\"kt-accordion-panel-inner\">\n<div class=\"wp-block-kadence-accordion alignnone\"><div class=\"kt-accordion-wrap kt-accordion-id19625_1c5ab8-36 kt-accordion-has-2-panes kt-active-pane-0 kt-accordion-block kt-pane-header-alignment-left kt-accodion-icon-style-arrow kt-accodion-icon-side-right\" style=\"max-width:none\"><div class=\"kt-accordion-inner-wrap\" data-allow-multiple-open=\"false\" data-start-open=\"none\">\n<div class=\"wp-block-kadence-pane kt-accordion-pane kt-accordion-pane-1 kt-pane19625_d5fc46-b6\"><div class=\"kt-accordion-header-wrap\"><button class=\"kt-blocks-accordion-header kt-acccordion-button-label-show\" type=\"button\"><span class=\"kt-blocks-accordion-title-wrap\"><span class=\"kt-blocks-accordion-title\">Communication of the Ministry of Science and Higher Education from 29.09.2020<\/span><\/span><span class=\"kt-blocks-accordion-icon-trigger\"><\/span><\/button><\/div><div class=\"kt-accordion-panel kt-accordion-panel-hidden\"><div class=\"kt-accordion-panel-inner\">\n<p><a href=\"https:\/\/www.gov.pl\/attachment\/033f1e63-ab79-4c4b-9c27-d3848d845033\" target=\"_blank\" rel=\"noreferrer noopener\">List of publishers of peer-reviewed scientific monographs- pdf file<\/a> (PDF, 920 KB)<br><a href=\"https:\/\/www.gov.pl\/web\/nauka\/wykaz-wydawnictw-publikujacych-recenzowane-monografie-naukowe\" target=\"_blank\" rel=\"noreferrer noopener\"><strong>Notice and list<\/strong><\/a><\/p>\n<\/div><\/div><\/div>\n<\/div><\/div><\/div>\n<\/div><\/div><\/div>\n\n\n\n<div class=\"wp-block-kadence-pane kt-accordion-pane kt-accordion-pane-12 kt-pane19625_641f60-92\"><div class=\"kt-accordion-header-wrap\"><button class=\"kt-blocks-accordion-header kt-acccordion-button-label-show\" type=\"button\"><span class=\"kt-blocks-accordion-title-wrap\"><span class=\"kt-blocks-accordion-title\">2019<\/span><\/span><span class=\"kt-blocks-accordion-icon-trigger\"><\/span><\/button><\/div><div class=\"kt-accordion-panel kt-accordion-panel-hidden\"><div class=\"kt-accordion-panel-inner\">\n<div class=\"wp-block-kadence-accordion alignnone\"><div class=\"kt-accordion-wrap kt-accordion-id19625_509943-b9 kt-accordion-has-2-panes kt-active-pane-0 kt-accordion-block kt-pane-header-alignment-left kt-accodion-icon-style-arrow kt-accodion-icon-side-right\" style=\"max-width:none\"><div class=\"kt-accordion-inner-wrap\" data-allow-multiple-open=\"false\" data-start-open=\"none\">\n<div class=\"wp-block-kadence-pane kt-accordion-pane kt-accordion-pane-1 kt-pane19625_87c83f-3a\"><div class=\"kt-accordion-header-wrap\"><button class=\"kt-blocks-accordion-header kt-acccordion-button-label-show\" type=\"button\"><span class=\"kt-blocks-accordion-title-wrap\"><span class=\"kt-blocks-accordion-title\">Communication from the Ministry of Science and Higher Education (17-18.12.2019)<\/span><\/span><span class=\"kt-blocks-accordion-icon-trigger\"><\/span><\/button><\/div><div class=\"kt-accordion-panel kt-accordion-panel-hidden\"><div class=\"kt-accordion-panel-inner\">\n<p><a href=\"hhttps:\/\/www.gov.pl\/web\/edukacja\/komunikat-ministra-nauki-i-szkolnictwa-wyzszego-z-dnia-17-grudnia-2019-r-w-sprawie-wykazu-wydawnictw-publikujacych-recenzowane-monografie-naukowe\" target=\"_blank\" rel=\"noreferrer noopener\"><strong>Notice and list<\/strong><\/a><br><a href=\"https:\/\/biblioteka.sum.edu.pl\/wp-content\/uploads\/2026\/03\/20191220_Komunikat_-_wykaz_wydawnictw_monografii_naukowych-17.12.2019.pdf\" target=\"_blank\" rel=\"noreferrer noopener\">List of publishers of peer-reviewed scientific monographs- pdf file<\/a><strong> <\/strong>(PDF, 728 KB)<strong><br><\/strong><a href=\"https:\/\/www.gov.pl\/attachment\/f19a95b8-22ff-4136-aab6-1c61b0af7a3a\" target=\"_blank\" rel=\"noreferrer noopener\">List of scientific journals and peer-reviewed conference proceedings - xlsx file<\/a> (Exel, 6,83 MB)<\/p>\n<\/div><\/div><\/div>\n<\/div><\/div><\/div>\n<\/div><\/div><\/div>\n\n\n\n<div class=\"wp-block-kadence-pane kt-accordion-pane kt-accordion-pane-13 kt-pane19625_3efa78-f6\"><div class=\"kt-accordion-header-wrap\"><button class=\"kt-blocks-accordion-header kt-acccordion-button-label-show\" type=\"button\"><span class=\"kt-blocks-accordion-title-wrap\"><span class=\"kt-blocks-accordion-title\">2018<\/span><\/span><span class=\"kt-blocks-accordion-icon-trigger\"><\/span><\/button><\/div><div class=\"kt-accordion-panel kt-accordion-panel-hidden\"><div class=\"kt-accordion-panel-inner\">\n<div class=\"wp-block-kadence-accordion alignnone\"><div class=\"kt-accordion-wrap kt-accordion-id19625_8fd11b-3b kt-accordion-has-3-panes kt-active-pane-0 kt-accordion-block kt-pane-header-alignment-left kt-accodion-icon-style-arrow kt-accodion-icon-side-right\" style=\"max-width:none\"><div class=\"kt-accordion-inner-wrap\" data-allow-multiple-open=\"false\" data-start-open=\"none\">\n<div class=\"wp-block-kadence-pane kt-accordion-pane kt-accordion-pane-3 kt-pane19625_a0eb85-fc\"><div class=\"kt-accordion-header-wrap\"><button class=\"kt-blocks-accordion-header kt-acccordion-button-label-show\" type=\"button\"><span class=\"kt-blocks-accordion-title-wrap\"><span class=\"kt-blocks-accordion-title\">Regulation of the Minister of Science and Higher Education (7.11. 2018)<\/span><\/span><span class=\"kt-blocks-accordion-icon-trigger\"><\/span><\/button><\/div><div class=\"kt-accordion-panel kt-accordion-panel-hidden\"><div class=\"kt-accordion-panel-inner\">\n<p><a href=\"https:\/\/biblioteka.sum.edu.pl\/wp-content\/uploads\/2026\/03\/Tekst-rozporzadzenia-MniSw-2018.pdf\" target=\"_blank\" rel=\"noreferrer noopener\">Text of the Regulation<\/a> (PDF, 71,8 KB) regarding the compilation of lists of scientific monographs, scientific journals, and peer-reviewed proceedings from international conferences.<br><a href=\"https:\/\/www.gov.pl\/web\/nauka\/komunikat-o-sposobie-ustalania-wykazu-wydawnictw-naukowych-oraz-glownych-zalozen-do-jego-opracowania\" target=\"_blank\" rel=\"noreferrer noopener\">Communication on how to establish a list of scientific publications [...]<\/a> - 11.12.2018<\/p>\n<\/div><\/div><\/div>\n<\/div><\/div><\/div>\n<\/div><\/div><\/div>\n<\/div><\/div><\/div>\n\n\n\n<div style=\"height:21px\" aria-hidden=\"true\" class=\"wp-block-spacer\"><\/div>\n\n\n\n<p><img decoding=\"async\" class=\"ikonki\" src=\"https:\/\/biblioteka.sum.edu.pl\/wp-content\/uploads\/2023\/11\/regulaminy.png\" alt=\"waga\">Source: <a href=\"https:\/\/www.gov.pl\/web\/nauka\/nauka\" target=\"_blank\" rel=\"noreferrer noopener\">Ministry of Science and Higher Education<\/a> (Republic of Poland)<\/p>","protected":false},"excerpt":{"rendered":"<p>Wykazy wydawc\u00f3w i czasopism z dyscyplinami Informujemy, \u017ce\u00a0opublikowano rozporz\u0105dzenie MNiSW (PDF 256 KB ) dotycz\u0105ce sporz\u0105dzania wykaz\u00f3w czasopism i\u00a0wydawnictw naukowych oraz\u00a0recenzowanych materia\u0142\u00f3w z\u00a0konferencji mi\u0119dzynarodowych oraz\u00a0wykaz\u00f3w wydawnictw monografii naukowych (Dz.U. 2026 poz. 630). Zgodnie z\u00a0zapowiedziami Ministerstwa, og\u0142oszenie nowych wykaz\u00f3w planowane jest po\u00a0okresie wakacyjnym. Dost\u0119pne jest kr\u00f3tkie om\u00f3wienie rozporz\u0105dzenia w\u00a0\u201eForum Akademickim\u201d. Wykazy czasopism naukowych i recenzowanych materia\u0142\u00f3w [&hellip;]<\/p>","protected":false},"author":5,"featured_media":0,"parent":17194,"menu_order":0,"comment_status":"closed","ping_status":"closed","template":"","meta":{"_eb_attr":"","footnotes":""},"categories":[],"tags":[],"class_list":["post-19625","page","type-page","status-publish","hentry"],"publishpress_future_action":{"enabled":false,"date":"2026-05-22 17:26:29","action":"change-status","newStatus":"draft","terms":[],"taxonomy":"category","extraData":[]},"publishpress_future_workflow_manual_trigger":{"enabledWorkflows":[]},"_links":{"self":[{"href":"https:\/\/biblioteka.sum.edu.pl\/en\/wp-json\/wp\/v2\/pages\/19625","targetHints":{"allow":["GET"]}}],"collection":[{"href":"https:\/\/biblioteka.sum.edu.pl\/en\/wp-json\/wp\/v2\/pages"}],"about":[{"href":"https:\/\/biblioteka.sum.edu.pl\/en\/wp-json\/wp\/v2\/types\/page"}],"author":[{"embeddable":true,"href":"https:\/\/biblioteka.sum.edu.pl\/en\/wp-json\/wp\/v2\/users\/5"}],"replies":[{"embeddable":true,"href":"https:\/\/biblioteka.sum.edu.pl\/en\/wp-json\/wp\/v2\/comments?post=19625"}],"version-history":[{"count":142,"href":"https:\/\/biblioteka.sum.edu.pl\/en\/wp-json\/wp\/v2\/pages\/19625\/revisions"}],"predecessor-version":[{"id":28565,"href":"https:\/\/biblioteka.sum.edu.pl\/en\/wp-json\/wp\/v2\/pages\/19625\/revisions\/28565"}],"up":[{"embeddable":true,"href":"https:\/\/biblioteka.sum.edu.pl\/en\/wp-json\/wp\/v2\/pages\/17194"}],"wp:attachment":[{"href":"https:\/\/biblioteka.sum.edu.pl\/en\/wp-json\/wp\/v2\/media?parent=19625"}],"wp:term":[{"taxonomy":"category","embeddable":true,"href":"https:\/\/biblioteka.sum.edu.pl\/en\/wp-json\/wp\/v2\/categories?post=19625"},{"taxonomy":"post_tag","embeddable":true,"href":"https:\/\/biblioteka.sum.edu.pl\/en\/wp-json\/wp\/v2\/tags?post=19625"}],"curies":[{"name":"wp","href":"https:\/\/api.w.org\/{rel}","templated":true}]}}