{"id":19562,"date":"2023-11-23T13:23:38","date_gmt":"2023-11-23T12:23:38","guid":{"rendered":"https:\/\/biblioteka2.sum.edu.pl\/?page_id=19562"},"modified":"2026-03-17T11:03:44","modified_gmt":"2026-03-17T10:03:44","slug":"oddzial-biblioteki-sum-w-sosnowcu","status":"publish","type":"page","link":"https:\/\/biblioteka.sum.edu.pl\/en\/kontakt-i-godziny-otwarcia\/oddzial-biblioteki-sum-w-sosnowcu\/","title":{"rendered":"SUM Branch Library\nin Sosnowiec"},"content":{"rendered":"<h2 class=\"wp-block-heading\">SUM Branch Library\nin Sosnowiec<\/h2>\n\n\n\n<p class=\"has-ti-bg-color has-text-color has-background has-link-color wp-elements-8803cee39f7a11176bb497b8d8664247\" style=\"background-color:#00395f\">Head of the Branch<\/p>\n\n\n\n<p><strong>Ms Agnieszka Kwiatkowska-Bory\u015b, MA<\/strong><\/p>\n\n\n\n<div class=\"wp-block-columns is-layout-flex wp-container-core-columns-is-layout-28f84493 wp-block-columns-is-layout-flex\">\n<div class=\"wp-block-column is-layout-flow wp-block-column-is-layout-flow\">\n<p class=\"has-ti-bg-color has-text-color has-background has-link-color wp-elements-6474d4e21ca3cea060aa193c11424f91\" style=\"background-color:#00395f\">Location<\/p>\n\n\n\n<p>Ostrog\u00f3rska 30 Street<br>41-200 Sosnowiec<\/p>\n<\/div>\n\n\n\n<div class=\"wp-block-column is-layout-flow wp-block-column-is-layout-flow\">\n<p class=\"has-ti-bg-color has-text-color has-background has-link-color wp-elements-8400ed1df3215554aa7ac75dcb8ae2c7\" style=\"background-color:#00395f\">Opening hours<\/p>\n\n\n\n<p class=\"has-text-align-center\"><strong>Circulation Desk<\/strong><br>Monday \u2013 Thursday<br>7.30 a.m. - 7.30 p.m.<\/p>\n\n\n\n<p class=\"has-text-align-center\">Friday 7.30 a.m. - 3.30 p.m.<\/p>\n\n\n\n<p class=\"has-text-align-center\"><strong>Reading Room<\/strong><br>Monday - Friday\n7.30 a.m. - 7.30 p.m.<br><\/p>\n<\/div>\n\n\n\n<div class=\"wp-block-column is-layout-flow wp-block-column-is-layout-flow\">\n<p class=\"has-ti-bg-color has-text-color has-background has-link-color wp-elements-0e72826400b5c14e55a8ec7a2744770a\" style=\"background-color:#00395f\">Contact<\/p>\n\n\n\n<p>Circulation Desk <br>Phone number: +48 32 364 14 50<br>Reading Room <br>Phone number: +48 32 364 14 52<br><a href=\"mailto:bfarm@sum.edu.pl\">bfarm@sum.edu.pl<\/a><\/p>\n<\/div>\n<\/div>\n\n\n\n<div class=\"wp-block-columns is-layout-flex wp-container-core-columns-is-layout-28f84493 wp-block-columns-is-layout-flex\">\n<div class=\"wp-block-column is-layout-flow wp-block-column-is-layout-flow\"><\/div>\n\n\n\n<div class=\"wp-block-column is-layout-flow wp-block-column-is-layout-flow\">\n<figure class=\"wp-block-image aligncenter is-resized\"><a href=\"https:\/\/www.facebook.com\/pages\/Oddzia%C5%82-Biblioteki-G%C5%82%C3%B3wnej-SUM-w-Sosnowcu\/1482143885337859?fref=ts\"><img loading=\"lazy\" decoding=\"async\" width=\"240\" height=\"240\" src=\"https:\/\/biblioteka.sum.edu.pl\/wp-content\/uploads\/2024\/02\/Facebook_Logo_2023.png\" alt=\"\" class=\"wp-image-21992\" style=\"width:51px;height:auto\" srcset=\"https:\/\/biblioteka.sum.edu.pl\/wp-content\/uploads\/2024\/02\/Facebook_Logo_2023.png 240w, https:\/\/biblioteka.sum.edu.pl\/wp-content\/uploads\/2024\/02\/Facebook_Logo_2023-150x150.png 150w, https:\/\/biblioteka.sum.edu.pl\/wp-content\/uploads\/2024\/02\/Facebook_Logo_2023-12x12.png 12w\" sizes=\"auto, (max-width: 240px) 100vw, 240px\" \/><\/a><\/figure>\n\n\n\n<p class=\"kt-adv-heading19562_2aaf6c-c6 wp-block-kadence-advancedheading\" data-kb-block=\"kb-adv-heading19562_2aaf6c-c6\">Facebook<\/p>\n<\/div>\n\n\n\n<div class=\"wp-block-column is-layout-flow wp-block-column-is-layout-flow\"><\/div>\n<\/div>\n\n\n\n<p class=\"has-ti-bg-color has-text-color has-background has-link-color wp-elements-bf60baf8ba3b4b29282ba658bd6c9706\" style=\"background-color:#00395f\">Employees<\/p>\n\n\n\n<p><strong>mgr&nbsp;Katarzyna Borowska-Wo\u0142oszczuk<\/strong><\/p>\n\n\n\n<p><strong>mgr&nbsp;Ewa G\u0142owacka<\/strong><\/p>\n\n\n\n<p><strong>mgr&nbsp;Agnieszka Kwiatkowska-Bory\u015b<\/strong><\/p>\n\n\n\n<p><strong>dr&nbsp;n. o&nbsp;zdr. Monika Paj\u0105k<\/strong><\/p>\n\n\n\n<p><strong>mgr&nbsp;Tomasz Wilgos<\/strong><\/p>","protected":false},"excerpt":{"rendered":"<p>Oddzia\u0142 Biblioteki \u015aUM w Sosnowcu Kierownik Oddzia\u0142u mgr Agnieszka Kwiatkowska-Bory\u015b Lokalizacja ul. Ostrog\u00f3rska 3041-200 Sosnowiec Godziny otwarcia Wypo\u017cyczalniaponiedzia\u0142ek &#8211; czwartek7.30\u201319.30 pi\u0105tek 7.30-15.30 Czytelnia Og\u00f3lna i&nbsp;Czytelnia Komputerowaponiedzia\u0142ek &#8211; pi\u0105tek 7.30-19.30 Kontakt Wypo\u017cyczalnia tel. 32 364 14 50Czytelnia tel. 32 364 14 52bfarm@sum.edu.pl Facebook Pracownicy Oddzia\u0142u: mgr&nbsp;Katarzyna Borowska-Wo\u0142oszczuk mgr&nbsp;Ewa G\u0142owacka mgr&nbsp;Agnieszka Kwiatkowska-Bory\u015b dr&nbsp;n. o&nbsp;zdr. Monika Paj\u0105k mgr&nbsp;Tomasz [&hellip;]<\/p>","protected":false},"author":6,"featured_media":0,"parent":16504,"menu_order":0,"comment_status":"closed","ping_status":"closed","template":"","meta":{"_eb_attr":"","footnotes":""},"categories":[],"tags":[],"class_list":["post-19562","page","type-page","status-publish","hentry"],"publishpress_future_action":{"enabled":false,"date":"2026-04-12 16:36:54","action":"change-status","newStatus":"draft","terms":[],"taxonomy":"category","extraData":[]},"publishpress_future_workflow_manual_trigger":{"enabledWorkflows":[]},"_links":{"self":[{"href":"https:\/\/biblioteka.sum.edu.pl\/en\/wp-json\/wp\/v2\/pages\/19562","targetHints":{"allow":["GET"]}}],"collection":[{"href":"https:\/\/biblioteka.sum.edu.pl\/en\/wp-json\/wp\/v2\/pages"}],"about":[{"href":"https:\/\/biblioteka.sum.edu.pl\/en\/wp-json\/wp\/v2\/types\/page"}],"author":[{"embeddable":true,"href":"https:\/\/biblioteka.sum.edu.pl\/en\/wp-json\/wp\/v2\/users\/6"}],"replies":[{"embeddable":true,"href":"https:\/\/biblioteka.sum.edu.pl\/en\/wp-json\/wp\/v2\/comments?post=19562"}],"version-history":[{"count":24,"href":"https:\/\/biblioteka.sum.edu.pl\/en\/wp-json\/wp\/v2\/pages\/19562\/revisions"}],"predecessor-version":[{"id":27971,"href":"https:\/\/biblioteka.sum.edu.pl\/en\/wp-json\/wp\/v2\/pages\/19562\/revisions\/27971"}],"up":[{"embeddable":true,"href":"https:\/\/biblioteka.sum.edu.pl\/en\/wp-json\/wp\/v2\/pages\/16504"}],"wp:attachment":[{"href":"https:\/\/biblioteka.sum.edu.pl\/en\/wp-json\/wp\/v2\/media?parent=19562"}],"wp:term":[{"taxonomy":"category","embeddable":true,"href":"https:\/\/biblioteka.sum.edu.pl\/en\/wp-json\/wp\/v2\/categories?post=19562"},{"taxonomy":"post_tag","embeddable":true,"href":"https:\/\/biblioteka.sum.edu.pl\/en\/wp-json\/wp\/v2\/tags?post=19562"}],"curies":[{"name":"wp","href":"https:\/\/api.w.org\/{rel}","templated":true}]}}