{"id":19550,"date":"2023-11-23T13:14:56","date_gmt":"2023-11-23T12:14:56","guid":{"rendered":"https:\/\/biblioteka2.sum.edu.pl\/?page_id=19550"},"modified":"2026-03-17T11:18:59","modified_gmt":"2026-03-17T10:18:59","slug":"oddzial-biblioteki-sum-w-zabrzu-rokitnicy-z-czytelnia-w-zabrzu","status":"publish","type":"page","link":"https:\/\/biblioteka.sum.edu.pl\/en\/kontakt-i-godziny-otwarcia\/oddzial-biblioteki-sum-w-zabrzu-rokitnicy-z-czytelnia-w-zabrzu\/","title":{"rendered":"SUM Branch Library in Zabrze-Rokitnica with a reading room\u00a0in&nbsp;Zabrze"},"content":{"rendered":"<h2 class=\"wp-block-heading\">SUM Branch Library in Zabrze-Rokitnica with a reading room\u00a0in&nbsp;Zabrze<\/h2>\n\n\n\n<p class=\"has-ti-bg-color has-text-color has-background has-link-color wp-elements-8803cee39f7a11176bb497b8d8664247\" style=\"background-color:#00395f\">Head of the Branch<\/p>\n\n\n\n<p><strong>Ms Alina Ha\u0142asa, MA<\/strong><\/p>\n\n\n\n<div class=\"wp-block-group is-layout-constrained wp-block-group-is-layout-constrained\">\n<p class=\"has-ti-bg-color has-text-color has-background has-link-color wp-elements-aad4c3ff665392a723f55030cec68b60\" style=\"background-color:#a5c73d\">Library in Zabrze-Rokitnica<\/p>\n\n\n\n<div class=\"wp-block-columns is-layout-flex wp-container-core-columns-is-layout-28f84493 wp-block-columns-is-layout-flex\">\n<div class=\"wp-block-column is-layout-flow wp-block-column-is-layout-flow\">\n<p class=\"has-ti-bg-color has-text-color has-background has-link-color wp-elements-6474d4e21ca3cea060aa193c11424f91\" style=\"background-color:#00395f\">Location<\/p>\n\n\n\n<p>19 Jordana Street<br>41-808 Zabrze-Rokitnica<\/p>\n<\/div>\n\n\n\n<div class=\"wp-block-column is-layout-flow wp-block-column-is-layout-flow\">\n<p class=\"has-ti-bg-color has-text-color has-background has-link-color wp-elements-8400ed1df3215554aa7ac75dcb8ae2c7\" style=\"background-color:#00395f\">Opening hours<\/p>\n\n\n\n<p class=\"has-text-align-center\">Monday \u2013 Friday <br> 7.30 a.m. - 7.30 p.m.<\/p>\n<\/div>\n\n\n\n<div class=\"wp-block-column is-layout-flow wp-block-column-is-layout-flow\">\n<p class=\"has-ti-bg-color has-text-color has-background has-link-color wp-elements-0e72826400b5c14e55a8ec7a2744770a\" style=\"background-color:#00395f\">Contact<\/p>\n\n\n\n<p>Phone number: +48 32 275 51 83<br>32 275 51 16<\/p>\n\n\n\n<p><a href=\"\/en\/bibrok@sum.edu.pl\/\" data-type=\"link\" data-id=\"bibrok@sum.edu.pl\">bibrok@sum.edu.pl<br><\/a><a href=\"mailto:bibzab@sum.edu.pl\">bibzab@sum.edu.pl<\/a><\/p>\n<\/div>\n<\/div>\n<\/div>\n\n\n\n<div class=\"wp-block-columns is-layout-flex wp-container-core-columns-is-layout-28f84493 wp-block-columns-is-layout-flex\">\n<div class=\"wp-block-column is-vertically-aligned-center is-layout-flow wp-block-column-is-layout-flow\"><\/div>\n\n\n\n<div class=\"wp-block-column is-layout-flow wp-block-column-is-layout-flow\">\n<div class=\"wp-block-columns is-layout-flex wp-container-core-columns-is-layout-28f84493 wp-block-columns-is-layout-flex\">\n<div class=\"wp-block-column is-layout-flow wp-block-column-is-layout-flow\">\n<figure class=\"wp-block-image aligncenter is-resized\"><a href=\"https:\/\/www.facebook.com\/BibliotekaSUMZabrzeCzytelnia\"><img loading=\"lazy\" decoding=\"async\" width=\"240\" height=\"240\" src=\"https:\/\/biblioteka.sum.edu.pl\/wp-content\/uploads\/2024\/02\/Facebook_Logo_2023.png\" alt=\"\" class=\"wp-image-21992\" style=\"width:52px;height:auto\" srcset=\"https:\/\/biblioteka.sum.edu.pl\/wp-content\/uploads\/2024\/02\/Facebook_Logo_2023.png 240w, https:\/\/biblioteka.sum.edu.pl\/wp-content\/uploads\/2024\/02\/Facebook_Logo_2023-150x150.png 150w, https:\/\/biblioteka.sum.edu.pl\/wp-content\/uploads\/2024\/02\/Facebook_Logo_2023-12x12.png 12w\" sizes=\"auto, (max-width: 240px) 100vw, 240px\" \/><\/a><\/figure>\n\n\n\n<p class=\"kt-adv-heading19550_92104f-b4 wp-block-kadence-advancedheading\" data-kb-block=\"kb-adv-heading19550_92104f-b4\">Facebook<\/p>\n<\/div>\n\n\n\n<div class=\"wp-block-column is-layout-flow wp-block-column-is-layout-flow\">\n<figure class=\"wp-block-image aligncenter is-resized is-style-default\"><a href=\"https:\/\/www.instagram.com\/bibliotekasumrokitnica\/\"><img loading=\"lazy\" decoding=\"async\" width=\"240\" height=\"240\" src=\"https:\/\/biblioteka.sum.edu.pl\/wp-content\/uploads\/2024\/02\/Instagram_icon.png\" alt=\"\" class=\"wp-image-21993\" style=\"width:51px;height:auto\" srcset=\"https:\/\/biblioteka.sum.edu.pl\/wp-content\/uploads\/2024\/02\/Instagram_icon.png 240w, https:\/\/biblioteka.sum.edu.pl\/wp-content\/uploads\/2024\/02\/Instagram_icon-150x150.png 150w, https:\/\/biblioteka.sum.edu.pl\/wp-content\/uploads\/2024\/02\/Instagram_icon-12x12.png 12w\" sizes=\"auto, (max-width: 240px) 100vw, 240px\" \/><\/a><\/figure>\n\n\n\n<p class=\"kt-adv-heading19550_73acf4-bd wp-block-kadence-advancedheading\" data-kb-block=\"kb-adv-heading19550_73acf4-bd\">Instagram<\/p>\n<\/div>\n<\/div>\n<\/div>\n\n\n\n<div class=\"wp-block-column is-layout-flow wp-block-column-is-layout-flow\"><\/div>\n<\/div>\n\n\n\n<div class=\"wp-block-group is-layout-constrained wp-block-group-is-layout-constrained\">\n<p class=\"has-ti-bg-color has-text-color has-background has-link-color wp-elements-ea45677067c4296fb1bd191204ae450d\" style=\"background-color:#a5c73d\">Reading Room in Zabrze<\/p>\n\n\n\n<div class=\"wp-block-columns is-layout-flex wp-container-core-columns-is-layout-28f84493 wp-block-columns-is-layout-flex\">\n<div class=\"wp-block-column is-layout-flow wp-block-column-is-layout-flow\">\n<p class=\"has-ti-bg-color has-text-color has-background has-link-color wp-elements-6474d4e21ca3cea060aa193c11424f91\" style=\"background-color:#00395f\">Location<\/p>\n\n\n\n<p>2 Tragutta Square, room 302<br>41-800 Zabrze<\/p>\n<\/div>\n\n\n\n<div class=\"wp-block-column is-layout-flow wp-block-column-is-layout-flow\">\n<p class=\"has-ti-bg-color has-text-color has-background has-link-color wp-elements-8400ed1df3215554aa7ac75dcb8ae2c7\" style=\"background-color:#00395f\">Opening hours<\/p>\n\n\n\n<p class=\"has-text-align-center\">Monday - Friday\n8.00 a.m. - 3.00 p.m.<\/p>\n<\/div>\n\n\n\n<div class=\"wp-block-column is-layout-flow wp-block-column-is-layout-flow\">\n<p class=\"has-ti-bg-color has-text-color has-background has-link-color wp-elements-0e72826400b5c14e55a8ec7a2744770a\" style=\"background-color:#00395f\">Contact<\/p>\n\n\n\n<p>Phone number: +48 32 370 52 59<br><a href=\"mailto:zabczyt@sum.edu.pl\">zabczyt@sum.edu.pl<\/a><\/p>\n<\/div>\n<\/div>\n<\/div>\n\n\n\n<p class=\"has-ti-bg-color has-text-color has-background has-link-color wp-elements-bf60baf8ba3b4b29282ba658bd6c9706\" style=\"background-color:#00395f\">Employees<\/p>\n\n\n\n<p><strong>Ms Alina Ha\u0142asa, MA<\/strong><\/p>\n\n\n\n<p><strong>Ms Martyna Kr\u00f3l, MA<\/strong><\/p>\n\n\n\n<p><strong>Ms Ewa Ligocka<\/strong><\/p>\n\n\n\n<p><strong>mgr&nbsp;Natalia Szopa<\/strong><\/p>\n\n\n\n<p><strong>Ms Katarzyna \u015awierczy\u0144ska-Ma\u015blanka, MA<\/strong><\/p>\n\n\n\n<p><\/p>","protected":false},"excerpt":{"rendered":"<p>Oddzia\u0142 Biblioteki \u015aUM w Zabrzu-Rokitnicy z Czytelni\u0105 w Zabrzu Kierownik Oddzia\u0142u mgr Alina Ha\u0142asa Biblioteka w Zabrzu-Rokitnicy Lokalizacja ul. Jordana 1941-808 Zabrze-Rokitnica Godziny otwarcia poniedzia\u0142ek &#8211; pi\u0105tek 7.30\u201319.30 Kontakt tel. 32 275 51 8332 275 51 16 bibrok@sum.edu.plbibzab@sum.edu.pl Facebook Instagram Czytelnia w Zabrzu Lokalizacja pl. Traugutta 2, pok\u00f3j 30241-800 Zabrze Godziny otwarcia poniedzia\u0142ek &#8211; pi\u0105tek [&hellip;]<\/p>","protected":false},"author":6,"featured_media":0,"parent":16504,"menu_order":0,"comment_status":"closed","ping_status":"closed","template":"","meta":{"_eb_attr":"","footnotes":""},"categories":[],"tags":[],"class_list":["post-19550","page","type-page","status-publish","hentry"],"publishpress_future_action":{"enabled":false,"date":"2026-04-12 16:37:48","action":"change-status","newStatus":"draft","terms":[],"taxonomy":"category","extraData":[]},"publishpress_future_workflow_manual_trigger":{"enabledWorkflows":[]},"_links":{"self":[{"href":"https:\/\/biblioteka.sum.edu.pl\/en\/wp-json\/wp\/v2\/pages\/19550","targetHints":{"allow":["GET"]}}],"collection":[{"href":"https:\/\/biblioteka.sum.edu.pl\/en\/wp-json\/wp\/v2\/pages"}],"about":[{"href":"https:\/\/biblioteka.sum.edu.pl\/en\/wp-json\/wp\/v2\/types\/page"}],"author":[{"embeddable":true,"href":"https:\/\/biblioteka.sum.edu.pl\/en\/wp-json\/wp\/v2\/users\/6"}],"replies":[{"embeddable":true,"href":"https:\/\/biblioteka.sum.edu.pl\/en\/wp-json\/wp\/v2\/comments?post=19550"}],"version-history":[{"count":29,"href":"https:\/\/biblioteka.sum.edu.pl\/en\/wp-json\/wp\/v2\/pages\/19550\/revisions"}],"predecessor-version":[{"id":27973,"href":"https:\/\/biblioteka.sum.edu.pl\/en\/wp-json\/wp\/v2\/pages\/19550\/revisions\/27973"}],"up":[{"embeddable":true,"href":"https:\/\/biblioteka.sum.edu.pl\/en\/wp-json\/wp\/v2\/pages\/16504"}],"wp:attachment":[{"href":"https:\/\/biblioteka.sum.edu.pl\/en\/wp-json\/wp\/v2\/media?parent=19550"}],"wp:term":[{"taxonomy":"category","embeddable":true,"href":"https:\/\/biblioteka.sum.edu.pl\/en\/wp-json\/wp\/v2\/categories?post=19550"},{"taxonomy":"post_tag","embeddable":true,"href":"https:\/\/biblioteka.sum.edu.pl\/en\/wp-json\/wp\/v2\/tags?post=19550"}],"curies":[{"name":"wp","href":"https:\/\/api.w.org\/{rel}","templated":true}]}}