{"id":19487,"date":"2023-11-23T11:01:48","date_gmt":"2023-11-23T10:01:48","guid":{"rendered":"https:\/\/biblioteka2.sum.edu.pl\/?page_id=19487"},"modified":"2024-09-11T12:29:58","modified_gmt":"2024-09-11T10:29:58","slug":"publikacje-o-oa","status":"publish","type":"page","link":"https:\/\/biblioteka.sum.edu.pl\/en\/dla-publikujacych\/open-access\/materialy-o-oa\/publikacje-o-oa\/","title":{"rendered":"Publikacje o OA"},"content":{"rendered":"<h2 class=\"wp-block-heading\">Publikacje o Open Access<\/h2>\n\n\n\n<p><\/p>\n\n\n\n<figure class=\"wp-block-table\"><table><tbody><tr><td><a href=\"https:\/\/ngoteka.pl\/bitstream\/handle\/item\/362\/Centurm-Cyfrowe_otwarta%20nauka_www.pdf?sequence=1\"><img loading=\"lazy\" decoding=\"async\" width=\"50\" height=\"66\" class=\"wp-image-19064\" style=\"width: 50px;\" src=\"https:\/\/biblioteka.sum.edu.pl\/wp-content\/uploads\/2023\/11\/book1-1.png\" alt=\"\" srcset=\"https:\/\/biblioteka.sum.edu.pl\/wp-content\/uploads\/2023\/11\/book1-1.png 50w, https:\/\/biblioteka.sum.edu.pl\/wp-content\/uploads\/2023\/11\/book1-1-9x12.png 9w\" sizes=\"auto, (max-width: 50px) 100vw, 50px\" \/><\/a><\/td><td><a href=\"https:\/\/ngoteka.pl\/bitstream\/handle\/item\/362\/Centurm-Cyfrowe_otwarta%20nauka_www.pdf?sequence=1\">Otwarta nauka: prawo autorskie i wolne licencje <\/a>\/&nbsp;Ewa Majdecka, Katarzyna Strycharz. Warszawa: Centrum Cyfrowe, 2018. (pdf; 640 KB)&nbsp;<\/td><\/tr><tr><td><a href=\"http:\/\/pon.edu.pl\/index.php\/nasze-publikacje?pubid=14\"><img loading=\"lazy\" decoding=\"async\" width=\"50\" height=\"66\" class=\"wp-image-19064\" style=\"width: 50px;\" src=\"https:\/\/biblioteka.sum.edu.pl\/wp-content\/uploads\/2023\/11\/book1-1.png\" alt=\"\" srcset=\"https:\/\/biblioteka.sum.edu.pl\/wp-content\/uploads\/2023\/11\/book1-1.png 50w, https:\/\/biblioteka.sum.edu.pl\/wp-content\/uploads\/2023\/11\/book1-1-9x12.png 9w\" sizes=\"auto, (max-width: 50px) 100vw, 50px\" \/><\/a><\/td><td><a href=\"http:\/\/pon.edu.pl\/index.php\/nasze-publikacje?pubid=14\">Otwarty dost\u0119p <\/a>\/ Peter Suber ; przek\u0142. Roman Bogacewicz [et al.].<br>Warszawa : Wydawnictwa Uniwersytetu Warszawskiego, cop. 2014. <\/td><\/tr><tr><td><a href=\"https:\/\/pon.edu.pl\/nasze-publikacje?pubid=13\" data-type=\"link\" data-id=\"https:\/\/pon.edu.pl\/nasze-publikacje?pubid=13\"><img loading=\"lazy\" decoding=\"async\" width=\"50\" height=\"66\" class=\"wp-image-19064\" style=\"width: 50px;\" src=\"https:\/\/biblioteka.sum.edu.pl\/wp-content\/uploads\/2023\/11\/book1-1.png\" alt=\"\" srcset=\"https:\/\/biblioteka.sum.edu.pl\/wp-content\/uploads\/2023\/11\/book1-1.png 50w, https:\/\/biblioteka.sum.edu.pl\/wp-content\/uploads\/2023\/11\/book1-1-9x12.png 9w\" sizes=\"auto, (max-width: 50px) 100vw, 50px\" \/><\/a><\/td><td><a href=\"http:\/\/pon.edu.pl\/index.php\/nasze-publikacje?pubid=13\">Otwarta nauka w Polsce 2014 : diagnoza <\/a>\/ pod redakcj\u0105 Jakuba Szprota.<br>Warszawa : Wydawnictwa ICM, 2014.<\/td><\/tr><tr><td><a href=\"https:\/\/depot.ceon.pl\/bitstream\/handle\/123456789\/2513\/Open%20Access.pdf?sequence=1\" data-type=\"link\" data-id=\"https:\/\/depot.ceon.pl\/bitstream\/handle\/123456789\/2513\/Open%20Access.pdf?sequence=1\"><img loading=\"lazy\" decoding=\"async\" width=\"50\" height=\"66\" class=\"wp-image-19064\" style=\"width: 50px;\" src=\"https:\/\/biblioteka.sum.edu.pl\/wp-content\/uploads\/2023\/11\/book1-1.png\" alt=\"\" srcset=\"https:\/\/biblioteka.sum.edu.pl\/wp-content\/uploads\/2023\/11\/book1-1.png 50w, https:\/\/biblioteka.sum.edu.pl\/wp-content\/uploads\/2023\/11\/book1-1-9x12.png 9w\" sizes=\"auto, (max-width: 50px) 100vw, 50px\" \/><\/a><\/td><td><a href=\"https:\/\/depot.ceon.pl\/bitstream\/handle\/123456789\/2513\/Open%20Access.pdf?sequence=1\">Open Access : analiza zjawiska z punktu widzenia polskiego naukowca<\/a> \/ Piotr Kozierski, Rafa\u0142 Kabaci\u0144ski, Marcin Lis, Piotr Kaczmarek.<br>Pozna\u0144 ; Krak\u00f3w : Oficyna Wydawnicza Impuls, 2013. (pdf; 2,8 MB)<\/td><\/tr><tr><td><a href=\"https:\/\/ebibojs.pl\/index.php\/wydawnictwa_zwarte\/article\/view\/649\/688\" data-type=\"link\" data-id=\"https:\/\/ebibojs.pl\/index.php\/wydawnictwa_zwarte\/article\/view\/649\/688\"><img loading=\"lazy\" decoding=\"async\" width=\"50\" height=\"66\" class=\"wp-image-19064\" style=\"width: 50px;\" src=\"https:\/\/biblioteka.sum.edu.pl\/wp-content\/uploads\/2023\/11\/book1-1.png\" alt=\"\" srcset=\"https:\/\/biblioteka.sum.edu.pl\/wp-content\/uploads\/2023\/11\/book1-1.png 50w, https:\/\/biblioteka.sum.edu.pl\/wp-content\/uploads\/2023\/11\/book1-1-9x12.png 9w\" sizes=\"auto, (max-width: 50px) 100vw, 50px\" \/><\/a><\/td><td><a href=\"https:\/\/ebibojs.pl\/index.php\/wydawnictwa_zwarte\/article\/view\/649\/688\" data-type=\"link\" data-id=\"https:\/\/ebibojs.pl\/index.php\/wydawnictwa_zwarte\/article\/view\/649\/688\">Modele biznesowe otwartego publikowania naukowego : informator dla polskich wydawc\u00f3w uczelnianych <\/a>\/ Bo\u017cena Bednarek-Michalska.<br>Toru\u0144 : Stowarzyszenie EBIB, 2013. (pdf; 2,5 MB)<\/td><\/tr><tr><td><a href=\"https:\/\/ebibojs.pl\/index.php\/wydawnictwa_zwarte\/article\/view\/651\/690\" data-type=\"link\" data-id=\"https:\/\/ebibojs.pl\/index.php\/wydawnictwa_zwarte\/article\/view\/651\/690\"><img loading=\"lazy\" decoding=\"async\" width=\"50\" height=\"66\" class=\"wp-image-19064\" style=\"width: 50px;\" src=\"https:\/\/biblioteka.sum.edu.pl\/wp-content\/uploads\/2023\/11\/book1-1.png\" alt=\"\" srcset=\"https:\/\/biblioteka.sum.edu.pl\/wp-content\/uploads\/2023\/11\/book1-1.png 50w, https:\/\/biblioteka.sum.edu.pl\/wp-content\/uploads\/2023\/11\/book1-1-9x12.png 9w\" sizes=\"auto, (max-width: 50px) 100vw, 50px\" \/><\/a><\/td><td><a href=\"https:\/\/ebibojs.pl\/index.php\/wydawnictwa_zwarte\/article\/view\/651\/690\" data-type=\"link\" data-id=\"https:\/\/ebibojs.pl\/index.php\/wydawnictwa_zwarte\/article\/view\/651\/690\">Otwarte czasopisma. Zak\u0142adanie czasopism naukowych oraz transformacja czasopism zamkni\u0119tych <\/a>\/ Emanuel Kulczycki.<br>Toru\u0144 : Stowarzyszenie EBIB, 2013. (pdf; 4 MB)<\/td><\/tr><tr><td><a href=\"https:\/\/depot.ceon.pl\/bitstream\/handle\/123456789\/1938\/Wolne%20licencje%20w%20nauce_Instrukcja.pdf?sequence=1&amp;isAllowed=y\" data-type=\"link\" data-id=\"https:\/\/depot.ceon.pl\/bitstream\/handle\/123456789\/1938\/Wolne%20licencje%20w%20nauce_Instrukcja.pdf?sequence=1&amp;isAllowed=y\"><img loading=\"lazy\" decoding=\"async\" width=\"50\" height=\"66\" class=\"wp-image-19064\" style=\"width: 50px;\" src=\"https:\/\/biblioteka.sum.edu.pl\/wp-content\/uploads\/2023\/11\/book1-1.png\" alt=\"\" srcset=\"https:\/\/biblioteka.sum.edu.pl\/wp-content\/uploads\/2023\/11\/book1-1.png 50w, https:\/\/biblioteka.sum.edu.pl\/wp-content\/uploads\/2023\/11\/book1-1-9x12.png 9w\" sizes=\"auto, (max-width: 50px) 100vw, 50px\" \/><\/a><\/td><td><a href=\"https:\/\/depot.ceon.pl\/bitstream\/handle\/123456789\/1938\/Wolne%20licencje%20w%20nauce_Instrukcja.pdf?sequence=1&amp;isAllowed=y\" data-type=\"link\" data-id=\"https:\/\/depot.ceon.pl\/bitstream\/handle\/123456789\/1938\/Wolne%20licencje%20w%20nauce_Instrukcja.pdf?sequence=1&amp;isAllowed=y\">Wolne licencje w nauce : instrukcja : [opracowanie zbiorowe <\/a>\/ Halszka Brz\u00f3ska et al.].<br>[Warszawa] : Fundacja Projekt: Polska, [2013]. (pdf; 728 KB)<\/td><\/tr><tr><td><a href=\"https:\/\/ebibojs.pl\/index.php\/wydawnictwa_zwarte\/article\/view\/652\/691\" data-type=\"link\" data-id=\"https:\/\/ebibojs.pl\/index.php\/wydawnictwa_zwarte\/article\/view\/652\/691\"><img loading=\"lazy\" decoding=\"async\" width=\"50\" height=\"66\" class=\"wp-image-19064\" style=\"width: 50px;\" src=\"https:\/\/biblioteka.sum.edu.pl\/wp-content\/uploads\/2023\/11\/book1-1.png\" alt=\"\" srcset=\"https:\/\/biblioteka.sum.edu.pl\/wp-content\/uploads\/2023\/11\/book1-1.png 50w, https:\/\/biblioteka.sum.edu.pl\/wp-content\/uploads\/2023\/11\/book1-1-9x12.png 9w\" sizes=\"auto, (max-width: 50px) 100vw, 50px\" \/><\/a><\/td><td><a href=\"https:\/\/ebibojs.pl\/index.php\/wydawnictwa_zwarte\/article\/view\/652\/691\" data-type=\"link\" data-id=\"https:\/\/ebibojs.pl\/index.php\/wydawnictwa_zwarte\/article\/view\/652\/691\">Udane projekty open access w Polsce : studia przypadk\u00f3w \/<\/a> Karolina Grodecka.<br>Toru\u0144 : Stowarzyszenie EBIB, 2013. (pdf; 2,8 MB)<\/td><\/tr><tr><td><a href=\"http:\/\/pon.edu.pl\/index.php\/nasze-publikacje?pubid=12\" data-type=\"link\" data-id=\"http:\/\/pon.edu.pl\/index.php\/nasze-publikacje?pubid=12\"><img loading=\"lazy\" decoding=\"async\" width=\"50\" height=\"66\" class=\"wp-image-19064\" style=\"width: 50px;\" src=\"https:\/\/biblioteka.sum.edu.pl\/wp-content\/uploads\/2023\/11\/book1-1.png\" alt=\"\" srcset=\"https:\/\/biblioteka.sum.edu.pl\/wp-content\/uploads\/2023\/11\/book1-1.png 50w, https:\/\/biblioteka.sum.edu.pl\/wp-content\/uploads\/2023\/11\/book1-1-9x12.png 9w\" sizes=\"auto, (max-width: 50px) 100vw, 50px\" \/><\/a><\/td><td>&nbsp;<a href=\"http:\/\/pon.edu.pl\/index.php\/nasze-publikacje?pubid=12\">Otwarty dost\u0119p do publikacji naukowych : kwestie prawne <\/a>\/ Krzysztof Siewicz.<br>Warszawa : Wydawnictwa Uniwersytetu Warszawskiego, 2012.<\/td><\/tr><\/tbody><\/table><\/figure>","protected":false},"excerpt":{"rendered":"<p>Publikacje o Open Access Otwarta nauka: prawo autorskie i wolne licencje \/&nbsp;Ewa Majdecka, Katarzyna Strycharz. Warszawa: Centrum Cyfrowe, 2018. (pdf; 640 KB)&nbsp; Otwarty dost\u0119p \/ Peter Suber ; przek\u0142. Roman Bogacewicz [et al.].Warszawa : Wydawnictwa Uniwersytetu Warszawskiego, cop. 2014. Otwarta nauka w Polsce 2014 : diagnoza \/ pod redakcj\u0105 Jakuba Szprota.Warszawa : Wydawnictwa ICM, 2014. [&hellip;]<\/p>","protected":false},"author":4,"featured_media":0,"parent":19480,"menu_order":0,"comment_status":"closed","ping_status":"closed","template":"","meta":{"_eb_attr":"","footnotes":""},"categories":[],"tags":[],"class_list":["post-19487","page","type-page","status-publish","hentry"],"publishpress_future_action":{"enabled":false,"date":"2026-04-12 20:40:30","action":"change-status","newStatus":"draft","terms":[],"taxonomy":"category","extraData":[]},"publishpress_future_workflow_manual_trigger":{"enabledWorkflows":[]},"_links":{"self":[{"href":"https:\/\/biblioteka.sum.edu.pl\/en\/wp-json\/wp\/v2\/pages\/19487","targetHints":{"allow":["GET"]}}],"collection":[{"href":"https:\/\/biblioteka.sum.edu.pl\/en\/wp-json\/wp\/v2\/pages"}],"about":[{"href":"https:\/\/biblioteka.sum.edu.pl\/en\/wp-json\/wp\/v2\/types\/page"}],"author":[{"embeddable":true,"href":"https:\/\/biblioteka.sum.edu.pl\/en\/wp-json\/wp\/v2\/users\/4"}],"replies":[{"embeddable":true,"href":"https:\/\/biblioteka.sum.edu.pl\/en\/wp-json\/wp\/v2\/comments?post=19487"}],"version-history":[{"count":15,"href":"https:\/\/biblioteka.sum.edu.pl\/en\/wp-json\/wp\/v2\/pages\/19487\/revisions"}],"predecessor-version":[{"id":22844,"href":"https:\/\/biblioteka.sum.edu.pl\/en\/wp-json\/wp\/v2\/pages\/19487\/revisions\/22844"}],"up":[{"embeddable":true,"href":"https:\/\/biblioteka.sum.edu.pl\/en\/wp-json\/wp\/v2\/pages\/19480"}],"wp:attachment":[{"href":"https:\/\/biblioteka.sum.edu.pl\/en\/wp-json\/wp\/v2\/media?parent=19487"}],"wp:term":[{"taxonomy":"category","embeddable":true,"href":"https:\/\/biblioteka.sum.edu.pl\/en\/wp-json\/wp\/v2\/categories?post=19487"},{"taxonomy":"post_tag","embeddable":true,"href":"https:\/\/biblioteka.sum.edu.pl\/en\/wp-json\/wp\/v2\/tags?post=19487"}],"curies":[{"name":"wp","href":"https:\/\/api.w.org\/{rel}","templated":true}]}}