{"id":19483,"date":"2023-11-23T10:38:22","date_gmt":"2023-11-23T09:38:22","guid":{"rendered":"https:\/\/biblioteka2.sum.edu.pl\/?page_id=19483"},"modified":"2024-09-11T12:29:38","modified_gmt":"2024-09-11T10:29:38","slug":"portale-oa","status":"publish","type":"page","link":"https:\/\/biblioteka.sum.edu.pl\/en\/dla-publikujacych\/open-access\/materialy-o-oa\/portale-oa\/","title":{"rendered":"Portale OA"},"content":{"rendered":"<h2 class=\"wp-block-heading\">Portale Open Access<\/h2>\n\n\n\n<ul class=\"wp-block-list\">\n<li><a href=\"http:\/\/uwolnijnauke.pl\/\" target=\"_blank\" rel=\"noreferrer noopener\">Uwolnij Nauk\u0119 | Otwarta Nauka i dost\u0119p do zasob\u00f3w nauki w Polsce<\/a><\/li>\n\n\n\n<li><a href=\"http:\/\/ekulczycki.pl\/tag\/open-access\/\" target=\"_blank\" rel=\"noreferrer noopener\">Warsztat badacza &#8211; Emanuel Kulczycki o OA<\/a> (blog naukowy)<\/li>\n\n\n\n<li><a href=\"http:\/\/www.ebib.pl\/?page_id=784\" target=\"_blank\" rel=\"noreferrer noopener\">Open Access | EBIB &#8211; Elektroniczna BIBlioteka<\/a><\/li>\n\n\n\n<li><a href=\"http:\/\/otwartanauka.pl\/\" target=\"_blank\" rel=\"noreferrer noopener\">Otwarta Nauka &#8211; Informacje o ruchu otwartej nauki w Polsce i na \u015bwiecie<\/a><\/li>\n\n\n\n<li><a href=\"http:\/\/otwartezasoby.pl\/\" target=\"_blank\" rel=\"noreferrer noopener\">otwartezasoby.pl<\/a><\/li>\n<\/ul>","protected":false},"excerpt":{"rendered":"<p>Portale Open Access<\/p>","protected":false},"author":4,"featured_media":0,"parent":19480,"menu_order":0,"comment_status":"closed","ping_status":"closed","template":"","meta":{"_eb_attr":"","footnotes":""},"categories":[],"tags":[],"class_list":["post-19483","page","type-page","status-publish","hentry"],"publishpress_future_action":{"enabled":false,"date":"2026-04-12 20:41:00","action":"change-status","newStatus":"draft","terms":[],"taxonomy":"category","extraData":[]},"publishpress_future_workflow_manual_trigger":{"enabledWorkflows":[]},"_links":{"self":[{"href":"https:\/\/biblioteka.sum.edu.pl\/en\/wp-json\/wp\/v2\/pages\/19483","targetHints":{"allow":["GET"]}}],"collection":[{"href":"https:\/\/biblioteka.sum.edu.pl\/en\/wp-json\/wp\/v2\/pages"}],"about":[{"href":"https:\/\/biblioteka.sum.edu.pl\/en\/wp-json\/wp\/v2\/types\/page"}],"author":[{"embeddable":true,"href":"https:\/\/biblioteka.sum.edu.pl\/en\/wp-json\/wp\/v2\/users\/4"}],"replies":[{"embeddable":true,"href":"https:\/\/biblioteka.sum.edu.pl\/en\/wp-json\/wp\/v2\/comments?post=19483"}],"version-history":[{"count":5,"href":"https:\/\/biblioteka.sum.edu.pl\/en\/wp-json\/wp\/v2\/pages\/19483\/revisions"}],"predecessor-version":[{"id":24551,"href":"https:\/\/biblioteka.sum.edu.pl\/en\/wp-json\/wp\/v2\/pages\/19483\/revisions\/24551"}],"up":[{"embeddable":true,"href":"https:\/\/biblioteka.sum.edu.pl\/en\/wp-json\/wp\/v2\/pages\/19480"}],"wp:attachment":[{"href":"https:\/\/biblioteka.sum.edu.pl\/en\/wp-json\/wp\/v2\/media?parent=19483"}],"wp:term":[{"taxonomy":"category","embeddable":true,"href":"https:\/\/biblioteka.sum.edu.pl\/en\/wp-json\/wp\/v2\/categories?post=19483"},{"taxonomy":"post_tag","embeddable":true,"href":"https:\/\/biblioteka.sum.edu.pl\/en\/wp-json\/wp\/v2\/tags?post=19483"}],"curies":[{"name":"wp","href":"https:\/\/api.w.org\/{rel}","templated":true}]}}