{"id":19322,"date":"2023-11-22T14:50:55","date_gmt":"2023-11-22T13:50:55","guid":{"rendered":"https:\/\/biblioteka2.sum.edu.pl\/?page_id=19322"},"modified":"2026-03-26T12:13:53","modified_gmt":"2026-03-26T11:13:53","slug":"dzial-bibliografii-i-bibliometrii-3","status":"publish","type":"page","link":"https:\/\/biblioteka.sum.edu.pl\/en\/kontakt-i-godziny-otwarcia\/dzial-bibliografii-i-bibliometrii-3\/","title":{"rendered":"Bibliography and Bibliometrics Department"},"content":{"rendered":"<h2 class=\"wp-block-heading\">Bibliography and Bibliometrics Department<\/h2>\n\n\n\n<div class=\"wp-block-columns is-layout-flex wp-container-core-columns-is-layout-28f84493 wp-block-columns-is-layout-flex\">\n<div class=\"wp-block-column is-layout-flow wp-block-column-is-layout-flow\">\n<p class=\"has-ti-bg-color has-text-color has-background has-link-color wp-elements-6474d4e21ca3cea060aa193c11424f91\" style=\"background-color:#00395f\">Location<\/p>\n\n\n\n<p>14 Warszawska Str.<br>40-006 Katowice<br>Second floor <br>room 3.1, 3.2<\/p>\n<\/div>\n\n\n\n<div class=\"wp-block-column is-layout-flow wp-block-column-is-layout-flow\">\n<p class=\"has-ti-bg-color has-text-color has-background has-link-color wp-elements-8400ed1df3215554aa7ac75dcb8ae2c7\" style=\"background-color:#00395f\">Opening hours<\/p>\n\n\n\n<p class=\"has-text-align-center\">Monday-Friday 7.30 a.m. - 5.00 p.m.<\/p>\n<\/div>\n<\/div>\n\n\n\n<p class=\"has-ti-bg-color has-text-color has-background has-link-color wp-elements-ab3a624ec97b25d4cfd399702c2c4d65\" style=\"background-color:#00395f\">Head of Department<\/p>\n\n\n\n<div class=\"wp-block-columns is-layout-flex wp-container-core-columns-is-layout-28f84493 wp-block-columns-is-layout-flex\">\n<div class=\"wp-block-column is-layout-flow wp-block-column-is-layout-flow\">\n<p><strong>Ms Wioletta Dyjas, MA<\/strong><br>Library Deputy Director<br><\/p>\n<\/div>\n\n\n\n<div class=\"wp-block-column is-layout-flow wp-block-column-is-layout-flow\">\n<p>Second floor, room 3.2<br>Phone number: + 48 32 208 35 66<br><a href=\"mailto:bibinfo@sum.edu.pl\">bibinfo@sum.edu.pl<\/a><\/p>\n<\/div>\n<\/div>\n\n\n\n<p class=\"has-ti-bg-color has-text-color has-background has-link-color wp-elements-7f3fd7104e8090dd89ac7321b9191f17\" style=\"background-color:#00395f\">Contact:<\/p>\n\n\n\n<div class=\"wp-block-columns is-layout-flex wp-container-core-columns-is-layout-28f84493 wp-block-columns-is-layout-flex\">\n<div class=\"wp-block-column is-layout-flow wp-block-column-is-layout-flow\">\n<p class=\"has-ti-bg-color has-text-color has-background has-link-color wp-elements-d9b1742ee87a8e3f02b62b5349913af1\" style=\"background-color:#00395f\">for bibliography, bibliometrics:<\/p>\n\n\n\n<p><strong>Ms Wioletta Dyjas, MA<\/strong>, Head of Department<br><strong>Mr Marek Halkiewicz, MA<\/strong><br><strong>Ms Katarzyna Jaroszewicz, MA<br>Mr Adam P\u0119czek, MA<\/strong><br>Phone number: + 48 32 208 35 66<\/p>\n\n\n\n<p><strong>Ms Katarzyna Cukierska, MA<\/strong><br><strong>Ms Agnieszka Goliszek, MA <\/strong><br><strong>Ms Martyna Tymkiewicz, MA<\/strong><br>Phone number: +48 32 208 36 17<\/p>\n<\/div>\n\n\n\n<div class=\"wp-block-column is-layout-flow wp-block-column-is-layout-flow\">\n<p class=\"has-ti-bg-color has-text-color has-background has-link-color wp-elements-bc1fb033887f4c07db7e8d992e4d6e9d\" style=\"background-color:#00395f\">for citations:<\/p>\n\n\n\n<p><strong>Ms Marzena Malajka, MA<\/strong><br>Phone number:  + 48 32 208 36 17<\/p>\n\n\n\n<p><strong>Mr Marek Halkiewicz, MA&nbsp;<\/strong><br>Phone number: + 48 32 208 35 66<\/p>\n<\/div>\n<\/div>\n\n\n\n<div class=\"wp-block-buttons is-content-justification-center is-layout-flex wp-container-core-buttons-is-layout-a89b3969 wp-block-buttons-is-layout-flex\">\n<div class=\"wp-block-button is-style-outline is-style-outline--1\"><a class=\"wp-block-button__link has-ti-bg-color has-text-color has-background has-text-align-left wp-element-button\" href=\"https:\/\/biblioteka.sum.edu.pl\/en\/zadania-dzialu-bibliografii-i-bibliometrii\/\" style=\"background-color:#a5c73d\">Goals of the Department<\/a><\/div>\n<\/div>","protected":false},"excerpt":{"rendered":"<p>Dzia\u0142 Bibliografii i Bibliometrii Lokalizacja ul. Warszawska 14,40-006 KatowiceII pi\u0119tro, pokoje nr 3.1, 3.2 Godziny otwarcia poniedzia\u0142ek-pi\u0105tek 7.30-17.00 Kierownik Dzia\u0142u mgr Wioletta DyjasZast\u0119pca Dyrektora Biblioteki II pi\u0119tro, pok\u00f3j nr 3.2tel. 32 208 35 66bibinfo@sum.edu.pl Kontakt w sprawie: bibliografii i bibliometrii: mgr Wioletta Dyjas, kierownik Dzia\u0142umgr Marek Halkiewiczmgr Katarzyna Jaroszewiczmgr Adam P\u0119czektel. 32 208 35 66 [&hellip;]<\/p>","protected":false},"author":6,"featured_media":0,"parent":16504,"menu_order":0,"comment_status":"closed","ping_status":"closed","template":"","meta":{"_eb_attr":"","footnotes":""},"categories":[],"tags":[],"class_list":["post-19322","page","type-page","status-publish","hentry"],"publishpress_future_action":{"enabled":false,"date":"2026-04-12 16:37:48","action":"change-status","newStatus":"draft","terms":[],"taxonomy":"category","extraData":[]},"publishpress_future_workflow_manual_trigger":{"enabledWorkflows":[]},"_links":{"self":[{"href":"https:\/\/biblioteka.sum.edu.pl\/en\/wp-json\/wp\/v2\/pages\/19322","targetHints":{"allow":["GET"]}}],"collection":[{"href":"https:\/\/biblioteka.sum.edu.pl\/en\/wp-json\/wp\/v2\/pages"}],"about":[{"href":"https:\/\/biblioteka.sum.edu.pl\/en\/wp-json\/wp\/v2\/types\/page"}],"author":[{"embeddable":true,"href":"https:\/\/biblioteka.sum.edu.pl\/en\/wp-json\/wp\/v2\/users\/6"}],"replies":[{"embeddable":true,"href":"https:\/\/biblioteka.sum.edu.pl\/en\/wp-json\/wp\/v2\/comments?post=19322"}],"version-history":[{"count":29,"href":"https:\/\/biblioteka.sum.edu.pl\/en\/wp-json\/wp\/v2\/pages\/19322\/revisions"}],"predecessor-version":[{"id":28068,"href":"https:\/\/biblioteka.sum.edu.pl\/en\/wp-json\/wp\/v2\/pages\/19322\/revisions\/28068"}],"up":[{"embeddable":true,"href":"https:\/\/biblioteka.sum.edu.pl\/en\/wp-json\/wp\/v2\/pages\/16504"}],"wp:attachment":[{"href":"https:\/\/biblioteka.sum.edu.pl\/en\/wp-json\/wp\/v2\/media?parent=19322"}],"wp:term":[{"taxonomy":"category","embeddable":true,"href":"https:\/\/biblioteka.sum.edu.pl\/en\/wp-json\/wp\/v2\/categories?post=19322"},{"taxonomy":"post_tag","embeddable":true,"href":"https:\/\/biblioteka.sum.edu.pl\/en\/wp-json\/wp\/v2\/tags?post=19322"}],"curies":[{"name":"wp","href":"https:\/\/api.w.org\/{rel}","templated":true}]}}