{"id":19321,"date":"2023-11-23T10:21:10","date_gmt":"2023-11-23T09:21:10","guid":{"rendered":"https:\/\/biblioteka2.sum.edu.pl\/?page_id=19321"},"modified":"2024-10-10T10:44:57","modified_gmt":"2024-10-10T08:44:57","slug":"repozytorium-sum-wzory-umow-licencyjnych-i-umowy-przekazania-praw-majatkowych","status":"publish","type":"page","link":"https:\/\/biblioteka.sum.edu.pl\/en\/dla-publikujacych\/open-access\/repozytorium-sum-wzory-umow-licencyjnych-i-umowy-przekazania-praw-majatkowych\/","title":{"rendered":"Repozytorium \u015aUM &#8211; Wzory um\u00f3w licencyjnych i umowy przekazania praw maj\u0105tkowych"},"content":{"rendered":"<h2 class=\"wp-block-heading\">SUM Repository - Model licence agreements and transfer of economic rights agreements<\/h2>\n\n\n\n<p>Below are model contracts in the form of <strong>forms to be filled in<\/strong>, which are annexes to the <mark style=\"background-color:rgba(0, 0, 0, 0)\" class=\"has-inline-color has-ti-accent-color\"><a href=\"https:\/\/biblioteka.sum.edu.pl\/wp-content\/uploads\/2023\/11\/Regulamin-Repozytorium-Slaskiego-Uniwersytetu-Medycznego-w-Katowicach.pdf\" data-type=\"link\" data-id=\"https:\/\/biblioteka.sum.edu.pl\/wp-content\/uploads\/2023\/11\/Regulamin-Repozytorium-Slaskiego-Uniwersytetu-Medycznego-w-Katowicach.pdf\">Regulations SUM Repository (Polish only).<\/a><\/mark> (pdf; 139 KB).<\/p>\n\n\n\n<div class=\"wp-block-group is-nowrap is-layout-flex wp-container-core-group-is-layout-6c531013 wp-block-group-is-layout-flex\">\n<figure class=\"wp-block-table\"><table><tbody><tr><td><a href=\"https:\/\/biblioteka.sum.edu.pl\/wp-content\/uploads\/2023\/11\/Nieodplatna-umowa-licencyjna-niewylaczna-CC-BY.pdf\" data-type=\"link\" data-id=\"https:\/\/biblioteka.sum.edu.pl\/wp-content\/uploads\/2023\/11\/Nieodplatna-umowa-licencyjna-niewylaczna-CC-BY.pdf\"><img loading=\"lazy\" decoding=\"async\" width=\"50\" height=\"60\" class=\"wp-image-19026\" style=\"width: 50px;\" src=\"https:\/\/biblioteka.sum.edu.pl\/wp-content\/uploads\/2023\/11\/PDF.png\" alt=\"\" srcset=\"https:\/\/biblioteka.sum.edu.pl\/wp-content\/uploads\/2023\/11\/PDF.png 50w, https:\/\/biblioteka.sum.edu.pl\/wp-content\/uploads\/2023\/11\/PDF-10x12.png 10w\" sizes=\"auto, (max-width: 50px) 100vw, 50px\" \/><\/a><\/td><td><a href=\"https:\/\/biblioteka.sum.edu.pl\/wp-content\/uploads\/2023\/11\/Nieodplatna-umowa-licencyjna-niewylaczna-CC-BY.pdf\" data-type=\"link\" data-id=\"https:\/\/biblioteka.sum.edu.pl\/wp-content\/uploads\/2023\/11\/Nieodplatna-umowa-licencyjna-niewylaczna-CC-BY.pdf\">Free non-exclusive licence agreement (Polish only)<\/a><br>Annex 1a to the SUM Repository Regulations (pdf; 472 KB)<\/td><\/tr><tr><td><a href=\"https:\/\/biblioteka.sum.edu.pl\/wp-content\/uploads\/2023\/11\/Nieodplatna-umowa-licencyjna-niewylaczna-CC-BY-NC.pdf\" data-type=\"link\" data-id=\"https:\/\/biblioteka.sum.edu.pl\/wp-content\/uploads\/2023\/11\/Nieodplatna-umowa-licencyjna-niewylaczna-CC-BY-NC.pdf\"><img loading=\"lazy\" decoding=\"async\" width=\"50\" height=\"60\" class=\"wp-image-19026\" style=\"width: 50px;\" src=\"https:\/\/biblioteka.sum.edu.pl\/wp-content\/uploads\/2023\/11\/PDF.png\" alt=\"\" srcset=\"https:\/\/biblioteka.sum.edu.pl\/wp-content\/uploads\/2023\/11\/PDF.png 50w, https:\/\/biblioteka.sum.edu.pl\/wp-content\/uploads\/2023\/11\/PDF-10x12.png 10w\" sizes=\"auto, (max-width: 50px) 100vw, 50px\" \/><\/a><\/td><td><a href=\"https:\/\/biblioteka.sum.edu.pl\/wp-content\/uploads\/2023\/11\/Nieodplatna-umowa-licencyjna-niewylaczna-CC-BY-NC.pdf\" data-type=\"link\" data-id=\"https:\/\/biblioteka.sum.edu.pl\/wp-content\/uploads\/2023\/11\/Nieodplatna-umowa-licencyjna-niewylaczna-CC-BY-NC.pdf\">Free non-exclusive licence agreement (Polish only)<\/a><br>Annex 1b to the SUM Repository Regulations (pdf; 478 KB)<\/td><\/tr><tr><td><a href=\"https:\/\/biblioteka.sum.edu.pl\/wp-content\/uploads\/2023\/11\/Nieodplatna-umowa-licencyjna-niewylaczna-CC-BY-NC-ND.pdf\" data-type=\"link\" data-id=\"https:\/\/biblioteka.sum.edu.pl\/wp-content\/uploads\/2023\/11\/Nieodplatna-umowa-licencyjna-niewylaczna-CC-BY-NC-ND.pdf\"><img loading=\"lazy\" decoding=\"async\" width=\"50\" height=\"60\" class=\"wp-image-19026\" style=\"width: 50px;\" src=\"https:\/\/biblioteka.sum.edu.pl\/wp-content\/uploads\/2023\/11\/PDF.png\" alt=\"\" srcset=\"https:\/\/biblioteka.sum.edu.pl\/wp-content\/uploads\/2023\/11\/PDF.png 50w, https:\/\/biblioteka.sum.edu.pl\/wp-content\/uploads\/2023\/11\/PDF-10x12.png 10w\" sizes=\"auto, (max-width: 50px) 100vw, 50px\" \/><\/a><\/td><td><a href=\"https:\/\/biblioteka.sum.edu.pl\/wp-content\/uploads\/2023\/11\/Nieodplatna-umowa-licencyjna-niewylaczna-CC-BY-NC-ND.pdf\" data-type=\"link\" data-id=\"https:\/\/biblioteka.sum.edu.pl\/wp-content\/uploads\/2023\/11\/Nieodplatna-umowa-licencyjna-niewylaczna-CC-BY-NC-ND.pdf\">Free non-exclusive licence agreement (Polish only)<\/a><br>Annex 1c to the SUM Repository Regulations (pdf; 473 KB)<\/td><\/tr><tr><td><a href=\"https:\/\/biblioteka.sum.edu.pl\/wp-content\/uploads\/2023\/11\/Nieodplatna-umowa-licencyjna-niewylaczna-CC-BY-NC-SA.pdf\" data-type=\"link\" data-id=\"https:\/\/biblioteka.sum.edu.pl\/wp-content\/uploads\/2023\/11\/Nieodplatna-umowa-licencyjna-niewylaczna-CC-BY-NC-SA.pdf\"><img loading=\"lazy\" decoding=\"async\" width=\"50\" height=\"60\" class=\"wp-image-19026\" style=\"width: 50px;\" src=\"https:\/\/biblioteka.sum.edu.pl\/wp-content\/uploads\/2023\/11\/PDF.png\" alt=\"\" srcset=\"https:\/\/biblioteka.sum.edu.pl\/wp-content\/uploads\/2023\/11\/PDF.png 50w, https:\/\/biblioteka.sum.edu.pl\/wp-content\/uploads\/2023\/11\/PDF-10x12.png 10w\" sizes=\"auto, (max-width: 50px) 100vw, 50px\" \/><\/a><\/td><td><a href=\"https:\/\/biblioteka.sum.edu.pl\/wp-content\/uploads\/2023\/11\/Nieodplatna-umowa-licencyjna-niewylaczna-CC-BY-NC-SA.pdf\" data-type=\"link\" data-id=\"https:\/\/biblioteka.sum.edu.pl\/wp-content\/uploads\/2023\/11\/Nieodplatna-umowa-licencyjna-niewylaczna-CC-BY-NC-SA.pdf\">Free non-exclusive licence agreement (Polish only)<\/a><br>Annex 1d to the SUM Repository Regulations (pdf; 481 KB)<\/td><\/tr><tr><td><a href=\"https:\/\/biblioteka.sum.edu.pl\/wp-content\/uploads\/2023\/11\/Nieodplatna-umowa-licencyjna-niewylaczna-CC-BY-ND.pdf\" data-type=\"link\" data-id=\"https:\/\/biblioteka.sum.edu.pl\/wp-content\/uploads\/2023\/11\/Nieodplatna-umowa-licencyjna-niewylaczna-CC-BY-ND.pdf\"><img loading=\"lazy\" decoding=\"async\" width=\"50\" height=\"60\" class=\"wp-image-19026\" style=\"width: 50px;\" src=\"https:\/\/biblioteka.sum.edu.pl\/wp-content\/uploads\/2023\/11\/PDF.png\" alt=\"\" srcset=\"https:\/\/biblioteka.sum.edu.pl\/wp-content\/uploads\/2023\/11\/PDF.png 50w, https:\/\/biblioteka.sum.edu.pl\/wp-content\/uploads\/2023\/11\/PDF-10x12.png 10w\" sizes=\"auto, (max-width: 50px) 100vw, 50px\" \/><\/a><\/td><td><a href=\"https:\/\/biblioteka.sum.edu.pl\/wp-content\/uploads\/2023\/11\/Nieodplatna-umowa-licencyjna-niewylaczna-CC-BY-ND.pdf\" data-type=\"link\" data-id=\"https:\/\/biblioteka.sum.edu.pl\/wp-content\/uploads\/2023\/11\/Nieodplatna-umowa-licencyjna-niewylaczna-CC-BY-ND.pdf\">Free non-exclusive licence agreement (Polish only)<\/a><br>Annex 1e to the SUM Repository Regulations (pdf; 471 KB)<\/td><\/tr><tr><td><a href=\"https:\/\/biblioteka.sum.edu.pl\/wp-content\/uploads\/2023\/11\/Nieodplatna-umowa-licencyjna-niewylaczna-CC-BY-SA.pdf\" data-type=\"link\" data-id=\"https:\/\/biblioteka.sum.edu.pl\/wp-content\/uploads\/2023\/11\/Nieodplatna-umowa-licencyjna-niewylaczna-CC-BY-SA.pdf\"><img loading=\"lazy\" decoding=\"async\" width=\"50\" height=\"60\" class=\"wp-image-19026\" style=\"width: 50px;\" src=\"https:\/\/biblioteka.sum.edu.pl\/wp-content\/uploads\/2023\/11\/PDF.png\" alt=\"\" srcset=\"https:\/\/biblioteka.sum.edu.pl\/wp-content\/uploads\/2023\/11\/PDF.png 50w, https:\/\/biblioteka.sum.edu.pl\/wp-content\/uploads\/2023\/11\/PDF-10x12.png 10w\" sizes=\"auto, (max-width: 50px) 100vw, 50px\" \/><\/a><\/td><td><a href=\"https:\/\/biblioteka.sum.edu.pl\/wp-content\/uploads\/2023\/11\/Nieodplatna-umowa-licencyjna-niewylaczna-CC-BY-SA.pdf\" data-type=\"link\" data-id=\"https:\/\/biblioteka.sum.edu.pl\/wp-content\/uploads\/2023\/11\/Nieodplatna-umowa-licencyjna-niewylaczna-CC-BY-SA.pdf\">Free non-exclusive licence agreement (Polish only)<\/a><br>Annex 1f to the SUM Repository Regulations (pdf; 480 KB)<\/td><\/tr><tr><td><a href=\"https:\/\/biblioteka.sum.edu.pl\/wp-content\/uploads\/2023\/11\/Umowa-o-nieodplatne-przeniesienie-praw-majatkowych.pdf\"><img loading=\"lazy\" decoding=\"async\" width=\"50\" height=\"60\" class=\"wp-image-19026\" style=\"width: 50px;\" src=\"https:\/\/biblioteka.sum.edu.pl\/wp-content\/uploads\/2023\/11\/PDF.png\" alt=\"\" srcset=\"https:\/\/biblioteka.sum.edu.pl\/wp-content\/uploads\/2023\/11\/PDF.png 50w, https:\/\/biblioteka.sum.edu.pl\/wp-content\/uploads\/2023\/11\/PDF-10x12.png 10w\" sizes=\"auto, (max-width: 50px) 100vw, 50px\" \/><\/a><\/td><td><a href=\"https:\/\/biblioteka.sum.edu.pl\/wp-content\/uploads\/2023\/11\/Umowa-o-nieodplatne-przeniesienie-praw-majatkowych.pdf\" data-type=\"link\" data-id=\"https:\/\/biblioteka.sum.edu.pl\/wp-content\/uploads\/2023\/11\/Umowa-o-nieodplatne-przeniesienie-praw-majatkowych.pdf\">Contract for transfer of economic rights free of charge (Polish only)<\/a><br>Annex 1g to the SUM Repository Regulations (pdf; 407 KB)<\/td><\/tr><tr><td><a href=\"https:\/\/biblioteka.sum.edu.pl\/wp-content\/uploads\/2023\/11\/Umowa-licencyjna-licencja-wylaczna.pdf\" data-type=\"link\" data-id=\"https:\/\/biblioteka.sum.edu.pl\/wp-content\/uploads\/2023\/11\/Umowa-licencyjna-licencja-wylaczna.pdf\"><img loading=\"lazy\" decoding=\"async\" width=\"50\" height=\"60\" class=\"wp-image-19026\" style=\"width: 50px;\" src=\"https:\/\/biblioteka.sum.edu.pl\/wp-content\/uploads\/2023\/11\/PDF.png\" alt=\"\" srcset=\"https:\/\/biblioteka.sum.edu.pl\/wp-content\/uploads\/2023\/11\/PDF.png 50w, https:\/\/biblioteka.sum.edu.pl\/wp-content\/uploads\/2023\/11\/PDF-10x12.png 10w\" sizes=\"auto, (max-width: 50px) 100vw, 50px\" \/><\/a><\/td><td><a href=\"https:\/\/biblioteka.sum.edu.pl\/wp-content\/uploads\/2023\/11\/Umowa-licencyjna-licencja-wylaczna.pdf\" data-type=\"link\" data-id=\"https:\/\/biblioteka.sum.edu.pl\/wp-content\/uploads\/2023\/11\/Umowa-licencyjna-licencja-wylaczna.pdf\">Licence agreement (exclusive licence, Polish only)<\/a><br>Annex 1h to the SUM Repository Regulations (pdf; 319 KB)<\/td><\/tr><tr><td><a href=\"https:\/\/biblioteka.sum.edu.pl\/wp-content\/uploads\/2023\/11\/Umowa-licencyjna-do-danych-badawczych.pdf\" data-type=\"link\" data-id=\"https:\/\/biblioteka.sum.edu.pl\/wp-content\/uploads\/2023\/11\/Umowa-licencyjna-do-danych-badawczych.pdf\"><img loading=\"lazy\" decoding=\"async\" width=\"50\" height=\"60\" class=\"wp-image-19026\" style=\"width: 50px;\" src=\"https:\/\/biblioteka.sum.edu.pl\/wp-content\/uploads\/2023\/11\/PDF.png\" alt=\"\" srcset=\"https:\/\/biblioteka.sum.edu.pl\/wp-content\/uploads\/2023\/11\/PDF.png 50w, https:\/\/biblioteka.sum.edu.pl\/wp-content\/uploads\/2023\/11\/PDF-10x12.png 10w\" sizes=\"auto, (max-width: 50px) 100vw, 50px\" \/><\/a><\/td><td><a href=\"https:\/\/biblioteka.sum.edu.pl\/wp-content\/uploads\/2023\/11\/Umowa-licencyjna-do-danych-badawczych.pdf\" data-type=\"link\" data-id=\"https:\/\/biblioteka.sum.edu.pl\/wp-content\/uploads\/2023\/11\/Umowa-licencyjna-do-danych-badawczych.pdf\">Licence agreement for research data (Polish only)<\/a><br>Annex 1i to the SUM Repository Regulations (pdf; 334 KB)<\/td><\/tr><tr><td><a href=\"https:\/\/biblioteka.sum.edu.pl\/wp-content\/uploads\/2023\/11\/Umowa-licencyjna.pdf\" data-type=\"link\" data-id=\"https:\/\/biblioteka.sum.edu.pl\/wp-content\/uploads\/2023\/11\/Umowa-licencyjna.pdf\"><img loading=\"lazy\" decoding=\"async\" width=\"50\" height=\"60\" class=\"wp-image-19026\" style=\"width: 50px;\" src=\"https:\/\/biblioteka.sum.edu.pl\/wp-content\/uploads\/2023\/11\/PDF.png\" alt=\"\" srcset=\"https:\/\/biblioteka.sum.edu.pl\/wp-content\/uploads\/2023\/11\/PDF.png 50w, https:\/\/biblioteka.sum.edu.pl\/wp-content\/uploads\/2023\/11\/PDF-10x12.png 10w\" sizes=\"auto, (max-width: 50px) 100vw, 50px\" \/><\/a><\/td><td><a href=\"https:\/\/biblioteka.sum.edu.pl\/wp-content\/uploads\/2023\/11\/Umowa-licencyjna.pdf\" data-type=\"link\" data-id=\"https:\/\/biblioteka.sum.edu.pl\/wp-content\/uploads\/2023\/11\/Umowa-licencyjna.pdf\">Licence agreement (Polish only)<\/a><br>Annex 2 to the SUM Repository Regulations (pdf; 326 KB)<\/td><\/tr><\/tbody><\/table><\/figure>\n<\/div>","protected":false},"excerpt":{"rendered":"<p>Repozytorium \u015aUM \u2014 Wzory um\u00f3w licencyjnych i umowy przekazania praw maj\u0105tkowych. Poni\u017cej wzory um\u00f3w w postaci formularzy do wype\u0142nienia, stanowi\u0105ce za\u0142\u0105czniki do Regulaminu Repozytorium SUM (pdf; 139 KB). Nieodp\u0142atna umowa licencyjna niewy\u0142\u0105czna (CC-BY)Za\u0142\u0105cznik Nr 1a do Regulaminu Repozytorium SUM (pdf; 472 KB) Nieodp\u0142atna umowa licencyjna niewy\u0142\u0105czna (CC-BY-NC)Za\u0142\u0105cznik Nr 1b do Regulaminu Repozytorium SUM (pdf; 478 [&hellip;]<\/p>","protected":false},"author":4,"featured_media":19026,"parent":18684,"menu_order":0,"comment_status":"closed","ping_status":"closed","template":"","meta":{"_eb_attr":"","footnotes":""},"categories":[],"tags":[],"class_list":["post-19321","page","type-page","status-publish","has-post-thumbnail","hentry"],"publishpress_future_action":{"enabled":false,"date":"2026-04-12 18:58:34","action":"change-status","newStatus":"draft","terms":[],"taxonomy":"category","extraData":[]},"publishpress_future_workflow_manual_trigger":{"enabledWorkflows":[]},"_links":{"self":[{"href":"https:\/\/biblioteka.sum.edu.pl\/en\/wp-json\/wp\/v2\/pages\/19321","targetHints":{"allow":["GET"]}}],"collection":[{"href":"https:\/\/biblioteka.sum.edu.pl\/en\/wp-json\/wp\/v2\/pages"}],"about":[{"href":"https:\/\/biblioteka.sum.edu.pl\/en\/wp-json\/wp\/v2\/types\/page"}],"author":[{"embeddable":true,"href":"https:\/\/biblioteka.sum.edu.pl\/en\/wp-json\/wp\/v2\/users\/4"}],"replies":[{"embeddable":true,"href":"https:\/\/biblioteka.sum.edu.pl\/en\/wp-json\/wp\/v2\/comments?post=19321"}],"version-history":[{"count":14,"href":"https:\/\/biblioteka.sum.edu.pl\/en\/wp-json\/wp\/v2\/pages\/19321\/revisions"}],"predecessor-version":[{"id":24850,"href":"https:\/\/biblioteka.sum.edu.pl\/en\/wp-json\/wp\/v2\/pages\/19321\/revisions\/24850"}],"up":[{"embeddable":true,"href":"https:\/\/biblioteka.sum.edu.pl\/en\/wp-json\/wp\/v2\/pages\/18684"}],"wp:featuredmedia":[{"embeddable":true,"href":"https:\/\/biblioteka.sum.edu.pl\/en\/wp-json\/wp\/v2\/media\/19026"}],"wp:attachment":[{"href":"https:\/\/biblioteka.sum.edu.pl\/en\/wp-json\/wp\/v2\/media?parent=19321"}],"wp:term":[{"taxonomy":"category","embeddable":true,"href":"https:\/\/biblioteka.sum.edu.pl\/en\/wp-json\/wp\/v2\/categories?post=19321"},{"taxonomy":"post_tag","embeddable":true,"href":"https:\/\/biblioteka.sum.edu.pl\/en\/wp-json\/wp\/v2\/tags?post=19321"}],"curies":[{"name":"wp","href":"https:\/\/api.w.org\/{rel}","templated":true}]}}