{"id":19311,"date":"2023-11-22T12:15:33","date_gmt":"2023-11-22T11:15:33","guid":{"rendered":"https:\/\/biblioteka2.sum.edu.pl\/?page_id=19311"},"modified":"2025-03-03T13:21:38","modified_gmt":"2025-03-03T12:21:38","slug":"open-access-faq","status":"publish","type":"page","link":"https:\/\/biblioteka.sum.edu.pl\/en\/dla-publikujacych\/open-access\/open-access-faq\/","title":{"rendered":"Open Access FAQ"},"content":{"rendered":"<h1 class=\"wp-block-heading\">Open Access FAQ<\/h1>\n\n\n\n<p><a href=\"https:\/\/www.ncn.gov.pl\/aktualnosci\/2020-06-03-wprowadzenie-polityki-otwartego-dostepu\">Announcement from the National Science Centre of 3 June 2020 introducing the Open Access Policy (in Polish)<\/a><\/p>\n\n\n\n<p>The document sets out the rules for publishing in open access the results of research (mainly articles in peer-reviewed journals, but also e.g. peer-reviewed conference proceedings or original research data) resulting from research projects funded or co-financed with public funds for science.<br>The OA policy includes information on publication pathways that meet the criteria for compliance with Plan S, cost eligibility and other licensing and copyright retention guidelines, as well as a timeline for changes to certain provisions.<\/p>\n\n\n\n<p><a href=\"https:\/\/www.ncn.gov.pl\/finansowanie-nauki\/otwarta-nauka\">NCN website on Open Science (in Polish)<\/a><\/p>\n\n\n\n<div class=\"wp-block-kadence-accordion alignnone\"><div class=\"kt-accordion-wrap kt-accordion-id19311_06ef13-9b kt-accordion-has-11-panes kt-active-pane-0 kt-accordion-block kt-pane-header-alignment-left kt-accodion-icon-style-arrow kt-accodion-icon-side-right\" style=\"max-width:none\"><div class=\"kt-accordion-inner-wrap\" data-allow-multiple-open=\"false\" data-start-open=\"none\">\n<div class=\"wp-block-kadence-pane kt-accordion-pane kt-accordion-pane-1 kt-pane19311_bc13f9-80\"><div class=\"kt-accordion-header-wrap\"><button class=\"kt-blocks-accordion-header kt-acccordion-button-label-show\" type=\"button\"><span class=\"kt-blocks-accordion-title-wrap\"><span class=\"kt-blocks-accordion-title\">What is open access (OA)?<\/span><\/span><span class=\"kt-blocks-accordion-icon-trigger\"><\/span><\/button><\/div><div class=\"kt-accordion-panel kt-accordion-panel-hidden\"><div class=\"kt-accordion-panel-inner\">\n<p><strong>Open Access \u2013 OA<\/strong> - is the possibility to use scientific publications, research results and teaching materials via the Internet without restrictions or fees.<br>OA means free reading, printing, copying, dissemination, linking, electronic storage, indexing without interfering with the content of the document, respecting copyright and the obligation of correct citation.<\/p>\n\n\n\n<p>The aim of the OA movement is to make scientific communication independent of commercial intermediaries and to organise the circulation of information in such a way that academics can disseminate the results of their own research without hindrance and use the research results of other scientists, so that science investments are used as efficiently as possible.<\/p>\n\n\n\n<p>Read: <a href=\"https:\/\/ngoteka.pl\/bitstream\/handle\/item\/310\/Open%20Access%20dla%20pocz%C4%85tkuj%C4%85cych-2.pdf?sequence=1\">Open Access dla pocz\u0105tkuj\u0105cych.Dlaczego warto i jak zacz\u0105\u0107 udost\u0119pnia\u0107 swoje prace w otwartym dost\u0119pie.<\/a> (pdf; 352 KB)<\/p>\n<\/div><\/div><\/div>\n\n\n\n<div class=\"wp-block-kadence-pane kt-accordion-pane kt-accordion-pane-2 kt-pane19311_7f356f-6f\"><div class=\"kt-accordion-header-wrap\"><button class=\"kt-blocks-accordion-header kt-acccordion-button-label-show\" type=\"button\"><span class=\"kt-blocks-accordion-title-wrap\"><span class=\"kt-blocks-accordion-title\">What are the benefits of open access?<\/span><\/span><span class=\"kt-blocks-accordion-icon-trigger\"><\/span><\/button><\/div><div class=\"kt-accordion-panel kt-accordion-panel-hidden\"><div class=\"kt-accordion-panel-inner\">\n<p>Benefits for publishers, e.g. academics:<\/p>\n\n\n\n<ul class=\"wp-block-list\">\n<li>promotion and development of own research,<\/li>\n\n\n\n<li>speed of publication,<\/li>\n\n\n\n<li>greater visibility in the world,<\/li>\n\n\n\n<li>increase in citations (higher Hirsh index),<\/li>\n\n\n\n<li>greater opportunities for scientific cooperation, exchange of knowledge and experience,<\/li>\n\n\n\n<li>knowledge of the state of research in the field,<\/li>\n\n\n\n<li>transparency of scientific research (reduction of plagiarism),<\/li>\n\n\n\n<li>easier access to beneficiaries,<\/li>\n\n\n\n<li>data archiving.<\/li>\n<\/ul>\n\n\n\n<p>Benefits for recipients of scientific content, e.g. students:<\/p>\n\n\n\n<ul class=\"wp-block-list\">\n<li>free and quick access to learning materials,<\/li>\n\n\n\n<li>better quality of education,<\/li>\n\n\n\n<li>facilitating the writing of dissertations,<\/li>\n\n\n\n<li>saving time and money.<\/li>\n<\/ul>\n\n\n\n<p>For funders, e.g. universities, Ministry of Education and Science:<\/p>\n\n\n\n<ul class=\"wp-block-list\">\n<li>visibility of the university\/country in the world,<\/li>\n\n\n\n<li>promoting the scientific achievements of staff,<\/li>\n\n\n\n<li>a new marketing tool,<\/li>\n\n\n\n<li>simplified archiving,<\/li>\n\n\n\n<li>better management and monitoring of university\/national research.<\/li>\n<\/ul>\n<\/div><\/div><\/div>\n\n\n\n<div class=\"wp-block-kadence-pane kt-accordion-pane kt-accordion-pane-3 kt-pane19311_09d546-5f\"><div class=\"kt-accordion-header-wrap\"><button class=\"kt-blocks-accordion-header kt-acccordion-button-label-show\" type=\"button\"><span class=\"kt-blocks-accordion-title-wrap\"><span class=\"kt-blocks-accordion-title\">What is an Open Access journal?<\/span><\/span><span class=\"kt-blocks-accordion-icon-trigger\"><\/span><\/button><\/div><div class=\"kt-accordion-panel kt-accordion-panel-hidden\"><div class=\"kt-accordion-panel-inner\">\n<p>Open Access (OA), or open access journal, is a peer-reviewed scientific journal that makes its articles freely available to readers.<\/p>\n\n\n\n<p>Selected magazine services:<\/p>\n\n\n\n<ul class=\"wp-block-list\">\n<li><a href=\"http:\/\/doaj.org\/\" target=\"_blank\" rel=\"noreferrer noopener\">DOAJ<\/a> - Directory of Open Access Journals - the most well-known catalogue of open access journals, containing nearly 1,000 titles (including more than 160 Polish ones),<\/li>\n\n\n\n<li><a href=\"http:\/\/www.freemedicaljournals.com\/\">Free Medical Journals<\/a> - contains more than 4,000 full-text journals in medicine and related sciences,<\/li>\n\n\n\n<li><a href=\"http:\/\/www.biomedcentral.com\/\">BioMed Central <\/a>- publisher of more than 250 peer-reviewed open-access journals in science, technology and medicine,<\/li>\n\n\n\n<li><a href=\"http:\/\/www.plosmedicine.org\/\">PLOS Medicine<\/a> - a peer-reviewed scientific journal publishing scientific papers in the field of health care, under a free licence,<\/li>\n\n\n\n<li><a href=\"http:\/\/www.arianta.pl\/\">ARIANTA<\/a> - Scientific and Industrial Polish Electronic Journals - a database created at the University of Silesia, contains nearly 4,000 journal titles.<\/li>\n<\/ul>\n\n\n\n<p><a href=\"http:\/\/www.ebib.pl\/publikacje\/matkonf\/mat18\/maciejewska_moskwa_urbanczyk.php\" target=\"_blank\" rel=\"noreferrer noopener\">Read about OA journal access models. (in Polish)<\/a><\/p>\n<\/div><\/div><\/div>\n\n\n\n<div class=\"wp-block-kadence-pane kt-accordion-pane kt-accordion-pane-4 kt-pane19311_7ef6c8-0d\"><div class=\"kt-accordion-header-wrap\"><button class=\"kt-blocks-accordion-header kt-acccordion-button-label-show\" type=\"button\"><span class=\"kt-blocks-accordion-title-wrap\"><span class=\"kt-blocks-accordion-title\">What is a repository?<\/span><\/span><span class=\"kt-blocks-accordion-icon-trigger\"><\/span><\/button><\/div><div class=\"kt-accordion-panel kt-accordion-panel-hidden\"><div class=\"kt-accordion-panel-inner\">\n<p>Repositories are electronic archives available online. They collect, make available, and serve to manage materials related to science. They may contain journal articles (reprint, postprint or final issue), doctoral theses, conference proceedings, raw data, teaching materials, etc. Repositories are mostly created by institutions, such as universities.<\/p>\n\n\n\n<p>Selected domain repositories:<\/p>\n\n\n\n<ul class=\"wp-block-list\">\n<li><a href=\"http:\/\/www.ncbi.nlm.nih.gov\/pmc\/\">PubMed Central<\/a> - archive of full-text biomedical journal articles created by the US National Library of Medicine,<\/li>\n\n\n\n<li><a href=\"http:\/\/highwire.stanford.edu\/\">High Wire Press<\/a> - a platform for journals and books from university publishers in medicine and related sciences,<\/li>\n\n\n\n<li>ECNIS Repository - contains publications, reports and presentations in the fields of toxicology, epidemiology, nutrition and food, chemistry and molecular biology.<\/li>\n\n\n\n<li><a href=\"https:\/\/bibliotekanauki.pl\/\">Science of Library<\/a> - a multidisciplinary repository containing the full texts of journal articles and books.<\/li>\n<\/ul>\n\n\n\n<p>Selected institutional repositories:<\/p>\n\n\n\n<ul class=\"wp-block-list\">\n<li><a href=\"http:\/\/repozytorium.umk.pl\/\">UMK Repository (in polish)<\/a> - collects, stores and makes available the digital documents of the staff and doctoral students of the University,<\/li>\n\n\n\n<li><a href=\"https:\/\/repo.pw.edu.pl\/index.seam?lang=en&amp;cid=192123\">Warsaw University of Technology<\/a> - collects, among other things, master's and engineering theses, doctoral dissertations, journal articles,<\/li>\n\n\n\n<li><a href=\"http:\/\/www.icr.ac.uk\/\">ICR Repository<\/a> - Includes publications from researchers at the Institute of Cancer Research and Royal Marsden.<\/li>\n<\/ul>\n<\/div><\/div><\/div>\n\n\n\n<div class=\"wp-block-kadence-pane kt-accordion-pane kt-accordion-pane-5 kt-pane19311_82e504-85\"><div class=\"kt-accordion-header-wrap\"><button class=\"kt-blocks-accordion-header kt-acccordion-button-label-show\" type=\"button\"><span class=\"kt-blocks-accordion-title-wrap\"><span class=\"kt-blocks-accordion-title\">What is Open Research Europe (ORE)?<\/span><\/span><span class=\"kt-blocks-accordion-icon-trigger\"><\/span><\/button><\/div><div class=\"kt-accordion-panel kt-accordion-panel-hidden\"><div class=\"kt-accordion-panel-inner\">\n<p><a href=\"https:\/\/open-research-europe.ec.europa.eu\/\">Open Research Europe (ORE) <\/a>- is an open access publishing platform created on behalf of the European Commission, which at the same time provides independent reviewers and is free of charge to all beneficiaries of the Framework Programmes.<br>Publishing on the platform is an alternative to publishing in scientific journals.<\/p>\n<\/div><\/div><\/div>\n\n\n\n<div class=\"wp-block-kadence-pane kt-accordion-pane kt-accordion-pane-6 kt-pane19311_ee72a5-fa\"><div class=\"kt-accordion-header-wrap\"><button class=\"kt-blocks-accordion-header kt-acccordion-button-label-show\" type=\"button\"><span class=\"kt-blocks-accordion-title-wrap\"><span class=\"kt-blocks-accordion-title\">What is the 'golden access channel'?<\/span><\/span><span class=\"kt-blocks-accordion-icon-trigger\"><\/span><\/button><\/div><div class=\"kt-accordion-panel kt-accordion-panel-hidden\"><div class=\"kt-accordion-panel-inner\">\n<p>\"Gold channel\" is what we call open access to articles published in the <strong>electronic scientific journals<\/strong>, stored on the publishers' servers.<br><\/p>\n\n\n\n<p>Read: What is an Open Access journal?<\/p>\n<\/div><\/div><\/div>\n\n\n\n<div class=\"wp-block-kadence-pane kt-accordion-pane kt-accordion-pane-7 kt-pane19311_a9c791-87\"><div class=\"kt-accordion-header-wrap\"><button class=\"kt-blocks-accordion-header kt-acccordion-button-label-show\" type=\"button\"><span class=\"kt-blocks-accordion-title-wrap\"><span class=\"kt-blocks-accordion-title\">What is a 'green access channel'?<\/span><\/span><span class=\"kt-blocks-accordion-icon-trigger\"><\/span><\/button><\/div><div class=\"kt-accordion-panel kt-accordion-panel-hidden\"><div class=\"kt-accordion-panel-inner\">\n<p>\"Green channel\" we call access to scientific content through <strong>repositories<\/strong>, which are electronic archives available online. Repositories can be institutional (e.g. university repositories), domain-specific (e.g. medical PubMed Central).<\/p>\n\n\n\n<p><\/p>\n\n\n\n<p>Read: What is a repository?<\/p>\n<\/div><\/div><\/div>\n\n\n\n<div class=\"wp-block-kadence-pane kt-accordion-pane kt-accordion-pane-8 kt-pane19311_4320d7-0c\"><div class=\"kt-accordion-header-wrap\"><button class=\"kt-blocks-accordion-header kt-acccordion-button-label-show\" type=\"button\"><span class=\"kt-blocks-accordion-title-wrap\"><span class=\"kt-blocks-accordion-title\">What are hybrid magazines?<\/span><\/span><span class=\"kt-blocks-accordion-icon-trigger\"><\/span><\/button><\/div><div class=\"kt-accordion-panel kt-accordion-panel-hidden\"><div class=\"kt-accordion-panel-inner\">\n<p>Hybrid journals are journals in which only some of the articles are available to read for free. These are commercial journals that allow authors to publish an article in the OA model for an additional fee.<\/p>\n\n\n\n<p>Currently, all major commercial publishers offer an OA option in their journals. Publication in the OA model in some publishers is subsidised by the Ministry of Science and Higher Education. More - <a href=\"https:\/\/biblioteka.sum.edu.pl\/en\/programy-otwartego-publikowania\/\" data-type=\"link\" data-id=\"https:\/\/biblioteka.sum.edu.pl\/programy-otwartego-publikowania\/\">Open access publishing programmes<\/a>.<\/p>\n<\/div><\/div><\/div>\n\n\n\n<div class=\"wp-block-kadence-pane kt-accordion-pane kt-accordion-pane-9 kt-pane19311_85fcfa-26\"><div class=\"kt-accordion-header-wrap\"><button class=\"kt-blocks-accordion-header kt-acccordion-button-label-show\" type=\"button\"><span class=\"kt-blocks-accordion-title-wrap\"><span class=\"kt-blocks-accordion-title\">Who pays the costs of publishing in the Open Access model?<\/span><\/span><span class=\"kt-blocks-accordion-icon-trigger\"><\/span><\/button><\/div><div class=\"kt-accordion-panel kt-accordion-panel-hidden\"><div class=\"kt-accordion-panel-inner\">\n<p>Free access does not mean that the publisher does not pay the costs of publication. The publisher must finance, among other things, editorial preparation or the purchase of computer equipment (server).<br>The costs of publishing an OA journal are often passed on to the authors or their funding institutions. An author who wishes to publish his or her work in the OA model has to reckon with the fact that the cost of such a publication (<strong>article processing charge &#8211; APC<\/strong>may be greater than publishing in the traditional model. Publication in the OA model in some publishers is subsidised by the Ministry of Science and Higher Education - read <a href=\"https:\/\/biblioteka.sum.edu.pl\/en\/programy-otwartego-publikowania\/\" data-type=\"link\" data-id=\"https:\/\/biblioteka.sum.edu.pl\/programy-otwartego-publikowania\/\">Open access publishing programmes<\/a>.<br>Alternative methods for journals to raise funds include government or institutional grants, sponsorship from foundations or scientific associations, and advertising.<\/p>\n<\/div><\/div><\/div>\n\n\n\n<div class=\"wp-block-kadence-pane kt-accordion-pane kt-accordion-pane-10 kt-pane19311_a71133-c5\"><div class=\"kt-accordion-header-wrap\"><button class=\"kt-blocks-accordion-header kt-acccordion-button-label-show\" type=\"button\"><span class=\"kt-blocks-accordion-title-wrap\"><span class=\"kt-blocks-accordion-title\">What is the copyright issue in the Open Access model?<\/span><\/span><span class=\"kt-blocks-accordion-icon-trigger\"><\/span><\/button><\/div><div class=\"kt-accordion-panel kt-accordion-panel-hidden\"><div class=\"kt-accordion-panel-inner\">\n<p>Publishing in OA sources in most cases allows authors to retain their economic copyright, i.e. the right to dispose of the work and receive gratification for making it available. In the traditional model of commercial journals, the contract with the publisher usually provides for the transfer of these rights to the publisher.<\/p>\n\n\n\n<p><\/p>\n\n\n\n<p>Repositories use non-exclusive or Creative Commons licences. A non-exclusive licence gives the author freedom when he or she wants to transfer his or her work to another party without the permission of the repository. The idea behind Creative Commons licences is to reserve only certain rights and thus allow the author a more flexible scope of protection for the work.<br>Read more at&nbsp;<a href=\"https:\/\/creativecommons.org\/licenses\/list.en\">Creative Commons<\/a>.<\/p>\n\n\n\n<p><\/p>\n\n\n\n<p>In a situation where an author has published an article in a commercial journal and wants to place it in a repository, the author should ascertain the publisher's policy on this. The author needs to check what kind of contract he or she has signed and whether the publisher in question allows the publication to be placed in the repository.&nbsp;<br>Portal <a href=\"http:\/\/www.sherpa.ac.uk\/romeo\/search.php\">SHERPA\/RoMEO<\/a> makes it possible to find out the policy of the publishers of specific journal titles concerning the scope of author's rights.&nbsp;<\/p>\n<\/div><\/div><\/div>\n\n\n\n<div class=\"wp-block-kadence-pane kt-accordion-pane kt-accordion-pane-11 kt-pane19311_f1f5d8-20\"><div class=\"kt-accordion-header-wrap\"><button class=\"kt-blocks-accordion-header kt-acccordion-button-label-show\" type=\"button\"><span class=\"kt-blocks-accordion-title-wrap\"><span class=\"kt-blocks-accordion-title\">How do I find an open access journal with an Impact Factor?<\/span><\/span><span class=\"kt-blocks-accordion-icon-trigger\"><\/span><\/button><\/div><div class=\"kt-accordion-panel kt-accordion-panel-hidden\"><div class=\"kt-accordion-panel-inner\">\n<p>Service <a href=\"http:\/\/www.freemedicaljournals.com\/f.php?f=qv\">Free Medical Journals<\/a> - makes it easy to find a journal with an IF by providing the IF value next to the titles and by creating rankings of high-scoring journals.<\/p>\n\n\n\n<p><br>The IF value provided by the service should be checked in <a href=\"https:\/\/jcr.clarivate.com\/\">Journal Citation Reports<\/a> (access only on the university's network or via remote working or proxy service).<\/p>\n<\/div><\/div><\/div>\n<\/div><\/div><\/div>\n\n\n\n<p><\/p>","protected":false},"excerpt":{"rendered":"<p>Open Access FAQ Komunikat Narodowego Centrum Nauki z dnia 3 czerwca 2020 r. wprowadzaj\u0105cy Polityk\u0119 Otwartego Dost\u0119pu. Dokument okre\u015bla zasady publikowania w otwartym dost\u0119pie wynik\u00f3w bada\u0144 (g\u0142\u00f3wnie dotyczy to artyku\u0142\u00f3w w recenzowanych czasopismach, ale tak\u017ce np. recenzowanych materia\u0142\u00f3w konferencyjnych, czy te\u017c oryginalnych danych badawczych) b\u0119d\u0105cych efektem realizacji projekt\u00f3w badawczych finansowanych lub wsp\u00f3\u0142finansowanych ze \u015brodk\u00f3w publicznych [&hellip;]<\/p>","protected":false},"author":4,"featured_media":0,"parent":18684,"menu_order":0,"comment_status":"closed","ping_status":"closed","template":"","meta":{"_eb_attr":"","footnotes":""},"categories":[],"tags":[],"class_list":["post-19311","page","type-page","status-publish","hentry"],"publishpress_future_action":{"enabled":false,"date":"2026-04-12 18:58:35","action":"change-status","newStatus":"draft","terms":[],"taxonomy":"category","extraData":[]},"publishpress_future_workflow_manual_trigger":{"enabledWorkflows":[]},"_links":{"self":[{"href":"https:\/\/biblioteka.sum.edu.pl\/en\/wp-json\/wp\/v2\/pages\/19311","targetHints":{"allow":["GET"]}}],"collection":[{"href":"https:\/\/biblioteka.sum.edu.pl\/en\/wp-json\/wp\/v2\/pages"}],"about":[{"href":"https:\/\/biblioteka.sum.edu.pl\/en\/wp-json\/wp\/v2\/types\/page"}],"author":[{"embeddable":true,"href":"https:\/\/biblioteka.sum.edu.pl\/en\/wp-json\/wp\/v2\/users\/4"}],"replies":[{"embeddable":true,"href":"https:\/\/biblioteka.sum.edu.pl\/en\/wp-json\/wp\/v2\/comments?post=19311"}],"version-history":[{"count":18,"href":"https:\/\/biblioteka.sum.edu.pl\/en\/wp-json\/wp\/v2\/pages\/19311\/revisions"}],"predecessor-version":[{"id":26375,"href":"https:\/\/biblioteka.sum.edu.pl\/en\/wp-json\/wp\/v2\/pages\/19311\/revisions\/26375"}],"up":[{"embeddable":true,"href":"https:\/\/biblioteka.sum.edu.pl\/en\/wp-json\/wp\/v2\/pages\/18684"}],"wp:attachment":[{"href":"https:\/\/biblioteka.sum.edu.pl\/en\/wp-json\/wp\/v2\/media?parent=19311"}],"wp:term":[{"taxonomy":"category","embeddable":true,"href":"https:\/\/biblioteka.sum.edu.pl\/en\/wp-json\/wp\/v2\/categories?post=19311"},{"taxonomy":"post_tag","embeddable":true,"href":"https:\/\/biblioteka.sum.edu.pl\/en\/wp-json\/wp\/v2\/tags?post=19311"}],"curies":[{"name":"wp","href":"https:\/\/api.w.org\/{rel}","templated":true}]}}