{"id":19297,"date":"2023-11-22T11:31:42","date_gmt":"2023-11-22T10:31:42","guid":{"rendered":"https:\/\/biblioteka2.sum.edu.pl\/?page_id=19297"},"modified":"2024-10-10T10:46:49","modified_gmt":"2024-10-10T08:46:49","slug":"19297-2","status":"publish","type":"page","link":"https:\/\/biblioteka.sum.edu.pl\/en\/dla-publikujacych\/open-access\/19297-2\/","title":{"rendered":"Open Access Coordinator"},"content":{"rendered":"<h2 class=\"wp-block-heading\">Open Access Coordinator<\/h2>\n\n\n\n<p>On 29 April 2021, an Open Access Coordinator for scientific publications and research results was established at the Medical University of Silesia in Katowice.<\/p>\n\n\n\n<p>He has been appointed until 31 December 2021 by<strong> prof. Wojciech Pluskiewicz, MD, PhD.<\/strong><\/p>\n\n\n\n<p>The tasks of the SUM Open Access Coordinator for scientific publications and research results include:<\/p>\n\n\n\n<ol class=\"wp-block-list\">\n<li>supervision and monitoring of the implementation <a href=\"https:\/\/aktyprawne.sum.edu.pl\/oneitem?id=1879\" data-type=\"link\" data-id=\"https:\/\/aktyprawne.sum.edu.pl\/oneitem?id=1879\">of the PPM Openness Policy (in Polish)<\/a> as an institutional openness policy at SUM by, among other things, verifying the level of openness of publications by SUM staff produced with public funding or co-funding;<\/li>\n\n\n\n<li>cooperation on open access policy with the organisational units of the SUM, in particular the Library, the Organisational and Legal Department and the Technology Transfer Centre;<\/li>\n\n\n\n<li>promoting open access to publications and research data among the SUM academic community and communicating the PPM Openness Policy, including through regular reports in the SUM Newsletter;<\/li>\n\n\n\n<li>coordinating the work related to the creation, maintenance and development of open access infrastructure at the SUM;<\/li>\n\n\n\n<li>organising training courses in cooperation with the \u015aUM Library for staff and doctoral students of the University on the subject of open access;<\/li>\n\n\n\n<li>coordinating the implementation of an institutional strategy for the management of open research data;<\/li>\n\n\n\n<li>monitoring of openness trends and good practices in this area.<\/li>\n<\/ol>\n\n\n\n<p>Case management by the SUM Open Access Coordinator for scientific publications and research results is handled by the Main Library.<br><br>Contact person: <strong>Krzysztof Go\u015bciniak<\/strong>, phone: (+48 32) 208 36 33\u00a0<a href=\"mailto:kgosciniak@sum.edu.pl\">kgosciniak@sum.edu.pl<\/a><\/p>\n\n\n\n<hr class=\"wp-block-separator has-alpha-channel-opacity is-style-wide\"\/>\n\n\n\n<p><a href=\"https:\/\/aktyprawne.sum.edu.pl\/oneitem?id=2876\" data-type=\"link\" data-id=\"https:\/\/biblioteka.sum.edu.pl\/wp-content\/uploads\/2023\/11\/23-2022-Zarz-dzenie-Nr-23-2022.pdf\">Decision No. 81\/2021 from the 29.04.2021 r. (in Polish)<\/a>. Rector of the Medical University of Silesia in Katowice on: appointment and determination of the scope of activities of the SUM Coordinator for open access to scientific publications and research results.<\/p>","protected":false},"excerpt":{"rendered":"<p>Koordynator ds. otwartego dost\u0119pu Dnia 29 kwietnia 2021 r. zosta\u0142 powo\u0142any w \u015al\u0105skim Uniwersytecie Medycznym w Katowicach Koordynator ds. otwartego dost\u0119pu do publikacji naukowych i wynik\u00f3w bada\u0144. Zosta\u0142 nim do dnia 31 grudnia 2021 r. prof. dr hab. n. med. Wojciech Pluskiewicz. Do zada\u0144 Koordynatora \u015aUM ds. otwartego dost\u0119pu do publikacji naukowych i wynik\u00f3w bada\u0144 [&hellip;]<\/p>","protected":false},"author":4,"featured_media":0,"parent":18684,"menu_order":0,"comment_status":"closed","ping_status":"closed","template":"","meta":{"_eb_attr":"","footnotes":""},"categories":[],"tags":[],"class_list":["post-19297","page","type-page","status-publish","hentry"],"publishpress_future_action":{"enabled":false,"date":"2026-04-12 18:58:36","action":"change-status","newStatus":"draft","terms":[],"taxonomy":"category","extraData":[]},"publishpress_future_workflow_manual_trigger":{"enabledWorkflows":[]},"_links":{"self":[{"href":"https:\/\/biblioteka.sum.edu.pl\/en\/wp-json\/wp\/v2\/pages\/19297","targetHints":{"allow":["GET"]}}],"collection":[{"href":"https:\/\/biblioteka.sum.edu.pl\/en\/wp-json\/wp\/v2\/pages"}],"about":[{"href":"https:\/\/biblioteka.sum.edu.pl\/en\/wp-json\/wp\/v2\/types\/page"}],"author":[{"embeddable":true,"href":"https:\/\/biblioteka.sum.edu.pl\/en\/wp-json\/wp\/v2\/users\/4"}],"replies":[{"embeddable":true,"href":"https:\/\/biblioteka.sum.edu.pl\/en\/wp-json\/wp\/v2\/comments?post=19297"}],"version-history":[{"count":17,"href":"https:\/\/biblioteka.sum.edu.pl\/en\/wp-json\/wp\/v2\/pages\/19297\/revisions"}],"predecessor-version":[{"id":24852,"href":"https:\/\/biblioteka.sum.edu.pl\/en\/wp-json\/wp\/v2\/pages\/19297\/revisions\/24852"}],"up":[{"embeddable":true,"href":"https:\/\/biblioteka.sum.edu.pl\/en\/wp-json\/wp\/v2\/pages\/18684"}],"wp:attachment":[{"href":"https:\/\/biblioteka.sum.edu.pl\/en\/wp-json\/wp\/v2\/media?parent=19297"}],"wp:term":[{"taxonomy":"category","embeddable":true,"href":"https:\/\/biblioteka.sum.edu.pl\/en\/wp-json\/wp\/v2\/categories?post=19297"},{"taxonomy":"post_tag","embeddable":true,"href":"https:\/\/biblioteka.sum.edu.pl\/en\/wp-json\/wp\/v2\/tags?post=19297"}],"curies":[{"name":"wp","href":"https:\/\/api.w.org\/{rel}","templated":true}]}}