{"id":18952,"date":"2023-11-20T10:00:28","date_gmt":"2023-11-20T09:00:28","guid":{"rendered":"https:\/\/biblioteka2.sum.edu.pl\/?page_id=18952"},"modified":"2026-02-26T15:39:05","modified_gmt":"2026-02-26T14:39:05","slug":"dane-badawcze","status":"publish","type":"page","link":"https:\/\/biblioteka.sum.edu.pl\/en\/dla-publikujacych\/open-access\/dane-badawcze\/","title":{"rendered":"Research data"},"content":{"rendered":"<h2 class=\"wp-block-heading\">Data Management Plan - support for SUM units<\/h2>\n\n\n\n<p>Contact:<br><strong>Mr Krzysztof Go\u015bciniak, MA<\/strong><br>Coordinator of the SUM Library's Open Science Team<br>phone: (+48 32) 208-36-33<br><a href=\"mailto:kgosciniak@sum.edu.pl\">kgosciniak@sum.edu.pl<\/a><\/p>\n\n\n\n<p><\/p>\n\n\n\n<hr class=\"wp-block-separator has-alpha-channel-opacity is-style-default\" style=\"margin-top:var(--wp--preset--spacing--40);margin-bottom:var(--wp--preset--spacing--40)\"\/>\n\n\n\n<div class=\"wp-block-columns is-layout-flex wp-container-core-columns-is-layout-28f84493 wp-block-columns-is-layout-flex\">\n<div class=\"wp-block-column is-layout-flow wp-block-column-is-layout-flow\" style=\"flex-basis:100%\">\n<div class=\"wp-block-group is-nowrap is-layout-flex wp-container-core-group-is-layout-6c531013 wp-block-group-is-layout-flex\">\n<figure class=\"wp-block-image\"><img loading=\"lazy\" decoding=\"async\" width=\"93\" height=\"90\" src=\"https:\/\/biblioteka.sum.edu.pl\/wp-content\/uploads\/2023\/11\/archiwum_wydarzen.png\" alt=\"\" class=\"wp-image-18329\" srcset=\"https:\/\/biblioteka.sum.edu.pl\/wp-content\/uploads\/2023\/11\/archiwum_wydarzen.png 93w, https:\/\/biblioteka.sum.edu.pl\/wp-content\/uploads\/2023\/11\/archiwum_wydarzen-12x12.png 12w\" sizes=\"auto, (max-width: 93px) 100vw, 93px\" \/><\/figure>\n\n\n\n<div class=\"wp-block-group is-vertical is-layout-flex wp-container-core-group-is-layout-0bc941e6 wp-block-group-is-layout-flex\">\n<p class=\"has-text-align-left\"><strong><a href=\"https:\/\/biblioteka.sum.edu.pl\/wp-content\/uploads\/2023\/11\/Dane-badawcze-w-pigulce.pdf\" data-type=\"link\" data-id=\"https:\/\/biblioteka.sum.edu.pl\/wp-content\/uploads\/2023\/11\/Dane-badawcze-w-pigulce.pdf\">Research data - highlights<\/a> Guidebook (in Polish). Polish Medical Platform.&nbsp;<\/strong>(pdf; 326 KB)<br>Guide created in cooperation with libraries of Polish medical universities and the Institute of Occupational Medicine<\/p>\n<\/div>\n<\/div>\n<\/div>\n<\/div>\n\n\n\n<div class=\"wp-block-kadence-accordion alignnone\"><div class=\"kt-accordion-wrap kt-accordion-id18952_d5e7f5-2c kt-accordion-has-12-panes kt-active-pane-0 kt-accordion-block kt-pane-header-alignment-left kt-accodion-icon-style-arrow kt-accodion-icon-side-right\" style=\"max-width:none\"><div class=\"kt-accordion-inner-wrap\" data-allow-multiple-open=\"false\" data-start-open=\"none\">\n<div class=\"wp-block-kadence-pane kt-accordion-pane kt-accordion-pane-1 kt-pane18952_9cb2fa-55\"><div class=\"kt-accordion-header-wrap\"><button class=\"kt-blocks-accordion-header kt-acccordion-button-label-show\" type=\"button\"><span class=\"kt-blocks-accordion-title-wrap\"><span class=\"kt-blocks-accordion-title\">What is research data?<\/span><\/span><span class=\"kt-blocks-accordion-icon-trigger\"><\/span><\/button><\/div><div class=\"kt-accordion-panel kt-accordion-panel-hidden\"><div class=\"kt-accordion-panel-inner\">\n<p><strong>Research Data<\/strong> is recorded factual material (in numerical, textual, graphical or audio form) that is widely recognised by the scientific community as being necessary for the evaluation of scientific findings. Research data are both raw data, i.e. data that have been obtained directly as a result of the application of the research tool, and such data that have been processed.<br>Research data are: numerical data, text documents, notes, questionnaires, audio and video recordings, photographs, software, results of computer simulations, laboratory protocols, methodological descriptions, etc.<\/p>\n<\/div><\/div><\/div>\n\n\n\n<div class=\"wp-block-kadence-pane kt-accordion-pane kt-accordion-pane-2 kt-pane18952_1f45cb-f9\"><div class=\"kt-accordion-header-wrap\"><button class=\"kt-blocks-accordion-header kt-acccordion-button-label-show\" type=\"button\"><span class=\"kt-blocks-accordion-title-wrap\"><span class=\"kt-blocks-accordion-title\">What is open research data?<\/span><\/span><span class=\"kt-blocks-accordion-icon-trigger\"><\/span><\/button><\/div><div class=\"kt-accordion-panel kt-accordion-panel-hidden\"><div class=\"kt-accordion-panel-inner\">\n<p><strong>(Open Research Data<\/strong> are data, obtained during the research process and used in scientific work, to which everyone has free access. They can be reused, modified and shared in compliance with the law.<\/p>\n\n\n\n<ul class=\"wp-block-list\">\n<li>Opening up the data allows other researchers to repeat the research or to <strong><em>verify<\/em> <\/strong>or <strong><em>prove<\/em><\/strong>, that the data are correct.<\/li>\n\n\n\n<li>Open data is collected and made available in the <strong><em>research data repositories <\/em><\/strong>or<strong><em> data journals<\/em><\/strong>.<\/li>\n\n\n\n<li>Not all data sets can be open in nature, in particular for personal data, commercialisation of research results and national security.<\/li>\n\n\n\n<li>Information on the existence of data should always be publicly available, to avoid duplication of research.<\/li>\n<\/ul>\n<\/div><\/div><\/div>\n\n\n\n<div class=\"wp-block-kadence-pane kt-accordion-pane kt-accordion-pane-3 kt-pane18952_f857f4-1b\"><div class=\"kt-accordion-header-wrap\"><button class=\"kt-blocks-accordion-header kt-acccordion-button-label-show\" type=\"button\"><span class=\"kt-blocks-accordion-title-wrap\"><span class=\"kt-blocks-accordion-title\">Advantages of sharing research data for researchers and the scientific world<\/span><\/span><span class=\"kt-blocks-accordion-icon-trigger\"><\/span><\/button><\/div><div class=\"kt-accordion-panel kt-accordion-panel-hidden\"><div class=\"kt-accordion-panel-inner\">\n<ul class=\"wp-block-list\">\n<li><strong>Increasing the transparency and credibility of research<\/strong>: Public access to data allows other researchers to verify results and replicate experiments, increasing the credibility and reliability of research.<\/li>\n\n\n\n<li><strong>Improved collaboration and synergy between researchers<\/strong>: Open access facilitates the exchange of information, which fosters collaboration between institutions, disciplines, and countries. It can accelerate scientific progress.<\/li>\n\n\n\n<li><strong>Accelerating scientific discovery<\/strong>: When data is publicly available, other researchers can analyse it faster, use it for new research or find new patterns in it. As a result, new facts can be discovered faster, and innovations can be developed.<\/li>\n\n\n\n<li><strong>Increasing accessibility of research results to the public<\/strong>: Citizens, non-governmental organisations, or businesses can use data for various purposes, such as technology development, policy implementation, or social analysis.<\/li>\n\n\n\n<li><strong>Prevention of duplication of studies<\/strong>: Open data helps to avoid repeating the same research and wasting resources on experiments that have already been conducted.<\/li>\n\n\n\n<li><strong>Improving the quality of education<\/strong>: Students and teachers can use real-world data in the learning process to better understand the research process and develop analytical skills.<\/li>\n\n\n\n<li><strong>Promotion of innovation<\/strong>: Open research data can be used by companies to create new products, services, or technologies that support innovation and economic development.<\/li>\n\n\n\n<li><strong>Facilitating meta-analyses<\/strong>: Giving access to data from different studies enables researchers to carry out more comprehensive statistical analyses, such as meta-analyses, which can provide more general conclusions about a research problem.<\/li>\n<\/ul>\n<\/div><\/div><\/div>\n\n\n\n<div class=\"wp-block-kadence-pane kt-accordion-pane kt-accordion-pane-4 kt-pane18952_66521f-1e\"><div class=\"kt-accordion-header-wrap\"><button class=\"kt-blocks-accordion-header kt-acccordion-button-label-show\" type=\"button\"><span class=\"kt-blocks-accordion-title-wrap\"><span class=\"kt-blocks-accordion-title\">What is FAIR Data?<\/span><\/span><span class=\"kt-blocks-accordion-icon-trigger\"><\/span><\/button><\/div><div class=\"kt-accordion-panel kt-accordion-panel-hidden\"><div class=\"kt-accordion-panel-inner\">\n<p><strong>FAIR Data<\/strong> are research data that have been described, stored and published according to an international standard. The FAIR Data principles serve as a guideline for allowing the reuse of research data under explicitly described conditions, both by humans and by machines. Data that cannot be published completely for privacy reasons can meet all FAIR principles.<\/p>\n\n\n\n<p>FAIR is an acronym for:<\/p>\n\n\n\n<p><em><strong>Findable<\/strong> <\/em>- easily found and retrieved.<\/p>\n\n\n\n<p><em><strong>Accessible<\/strong> <\/em>- available to everyone.<\/p>\n\n\n\n<p><strong><em>Interoperable<\/em> <\/strong>- interoperable so that they can be combined with other data.<\/p>\n\n\n\n<p><strong><em>Reusable<\/em> <\/strong>- multiple use.<\/p>\n\n\n\n<p>Read more about FAIR Data:&nbsp;<a href=\"https:\/\/www.go-fair.org\/fair-principles\/\">FAIR Principles<\/a>.<\/p>\n<\/div><\/div><\/div>\n\n\n\n<div class=\"wp-block-kadence-pane kt-accordion-pane kt-accordion-pane-5 kt-pane18952_3d4068-c3\"><div class=\"kt-accordion-header-wrap\"><button class=\"kt-blocks-accordion-header kt-acccordion-button-label-show\" type=\"button\"><span class=\"kt-blocks-accordion-title-wrap\"><span class=\"kt-blocks-accordion-title\">What is a data management plan (DMP)?<\/span><\/span><span class=\"kt-blocks-accordion-icon-trigger\"><\/span><\/button><\/div><div class=\"kt-accordion-panel kt-accordion-panel-hidden\"><div class=\"kt-accordion-panel-inner\">\n<p><strong>Data Management Plan (DMP)<\/strong> determines how research data are to be managed during the research project as well as after its completion.<\/p>\n\n\n\n<p>Research funding institutions and programmes increasingly <strong><em>require<\/em> <\/strong>from researchers to submit a DMP at the grant application and evaluation stage (e.g. <strong><em>Horyzont <\/em><\/strong><em><strong>Europe<\/strong><\/em>). The data management plan should include:<\/p>\n\n\n\n<p>- what data will be produced or collected (format and type of files, number of data),<\/p>\n\n\n\n<p>- how they will be structured and described (methodology, standards, metadata),<\/p>\n\n\n\n<p>- ethical and legal issues (intellectual property, copyright, classified data),<\/p>\n\n\n\n<p>- how the data will be shared (how, when, to whom),<\/p>\n\n\n\n<p>- which data will be stored on a long-term basis (the question of how the data will be stored and protected).<\/p>\n<\/div><\/div><\/div>\n\n\n\n<div class=\"wp-block-kadence-pane kt-accordion-pane kt-accordion-pane-6 kt-pane18952_e2bdc5-2a\"><div class=\"kt-accordion-header-wrap\"><button class=\"kt-blocks-accordion-header kt-acccordion-button-label-show\" type=\"button\"><span class=\"kt-blocks-accordion-title-wrap\"><span class=\"kt-blocks-accordion-title\">How to prepare a research data management plan (DMP)?<\/span><\/span><span class=\"kt-blocks-accordion-icon-trigger\"><\/span><\/button><\/div><div class=\"kt-accordion-panel kt-accordion-panel-hidden\"><div class=\"kt-accordion-panel-inner\">\n<div class=\"wp-block-group is-nowrap is-layout-flex wp-container-core-group-is-layout-6c531013 wp-block-group-is-layout-flex\">\n<figure class=\"wp-block-image size-full\"><img loading=\"lazy\" decoding=\"async\" width=\"49\" height=\"49\" src=\"https:\/\/biblioteka.sum.edu.pl\/wp-content\/uploads\/2023\/11\/Zasob-7ikonki-1.png\" alt=\"\" class=\"wp-image-20061\" srcset=\"https:\/\/biblioteka.sum.edu.pl\/wp-content\/uploads\/2023\/11\/Zasob-7ikonki-1.png 49w, https:\/\/biblioteka.sum.edu.pl\/wp-content\/uploads\/2023\/11\/Zasob-7ikonki-1-12x12.png 12w\" sizes=\"auto, (max-width: 49px) 100vw, 49px\" \/><\/figure>\n\n\n\n<p>Assist with the development of Data Management Plans (DMPs) in SUM:<br>Krzysztof Go\u015bciniak, MA,&nbsp;<a href=\"mailto:kgosciniak@sum.edu.pl\">kgosciniak@sum.edu.pl<\/a>&nbsp;phone: (+48 32) 208-36-33&nbsp;<\/p>\n<\/div>\n\n\n\n<hr class=\"wp-block-separator has-alpha-channel-opacity\" style=\"margin-top:var(--wp--preset--spacing--40);margin-bottom:var(--wp--preset--spacing--40)\"\/>\n\n\n\n<p><\/p>\n\n\n\n<p>Recommended sites to facilitate the creation of the Plan:<br><a rel=\"noreferrer noopener\" href=\"https:\/\/dmptool.org\/\" target=\"_blank\">DMPTool&nbsp;<\/a>- online tool for creating data management plans; includes examples of such plans.<br><a rel=\"noreferrer noopener\" href=\"https:\/\/dmponline.dcc.ac.uk\/\" target=\"_blank\">DMPonline&nbsp;<\/a>- research data management plan creator.<\/p>\n\n\n\n<p>Example:<br><a href=\"http:\/\/www.dcc.ac.uk\/resources\/data-management-plans\/guidance-examples\">Example DMPs and guidance<\/a><\/p>\n<\/div><\/div><\/div>\n\n\n\n<div class=\"wp-block-kadence-pane kt-accordion-pane kt-accordion-pane-7 kt-pane18952_de0185-23\"><div class=\"kt-accordion-header-wrap\"><button class=\"kt-blocks-accordion-header kt-acccordion-button-label-show\" type=\"button\"><span class=\"kt-blocks-accordion-title-wrap\"><span class=\"kt-blocks-accordion-title\">Data management plan for the National Science Centre<\/span><\/span><span class=\"kt-blocks-accordion-icon-trigger\"><\/span><\/button><\/div><div class=\"kt-accordion-panel kt-accordion-panel-hidden\"><div class=\"kt-accordion-panel-inner\">\n<p>The National Science Centre has introduced an annex to the application form for funding for certain programmes, in which the applicant should provide a summary of the Research Data Management Plan (DMP) that will be produced as part of the project. <a href=\"https:\/\/www.ncn.gov.pl\/aktualnosci\/2019-05-07-posiedzenie-rady-kwiecien-2019\" target=\"_blank\" rel=\"noreferrer noopener\">The National Science Centre Council meeting of 17-18 April 2019. (in Polish)<\/a>&nbsp;<\/p>\n\n\n\n<p>The National Science Centre website includes&nbsp;<a href=\"https:\/\/ncn.gov.pl\/sites\/default\/files\/pliki\/regulaminy\/wytyczne_zarzadzanie_danymi.pdf\">Guidelines for applicants to complete a data management plan for a research project (in Polish)<\/a>, which provide assistance in writing the plan.<\/p>\n\n\n\n<p><a href=\"https:\/\/www.ncn.gov.pl\/aktualnosci\/2020-03-06-plan-zarzadzania-danymi-pytania?fbclid=IwAR0ksoq3HzNQEy9WGGDNT5SHjX5x0xfeyd4QP_CxsyFUuuwJXuuMg_Z2rbM\">The National Science Centre Research Data Management Plan - Frequently Asked Questions (in Polish)<\/a><\/p>\n<\/div><\/div><\/div>\n\n\n\n<div class=\"wp-block-kadence-pane kt-accordion-pane kt-accordion-pane-8 kt-pane18952_9a6376-3b\"><div class=\"kt-accordion-header-wrap\"><button class=\"kt-blocks-accordion-header kt-acccordion-button-label-show\" type=\"button\"><span class=\"kt-blocks-accordion-title-wrap\"><span class=\"kt-blocks-accordion-title\">What is the search engine re3data.org?<\/span><\/span><span class=\"kt-blocks-accordion-icon-trigger\"><\/span><\/button><\/div><div class=\"kt-accordion-panel kt-accordion-panel-hidden\"><div class=\"kt-accordion-panel-inner\">\n<p><strong>Search engine <a href=\"https:\/\/www.re3data.org\/\">re3data.org (Registry of Research Data Repositories)<\/a><\/strong> is a global registry of research data repositories from all academic disciplines. It is a free tool that offers researchers, research funding organisations, libraries and publishers an overview of research data repositories. It allows repositories to be searched by field of knowledge, country and research data type.<\/p>\n<\/div><\/div><\/div>\n\n\n\n<div class=\"wp-block-kadence-pane kt-accordion-pane kt-accordion-pane-9 kt-pane18952_fbe8d4-30\"><div class=\"kt-accordion-header-wrap\"><button class=\"kt-blocks-accordion-header kt-acccordion-button-label-show\" type=\"button\"><span class=\"kt-blocks-accordion-title-wrap\"><span class=\"kt-blocks-accordion-title\">Where to deposit and\/or share research data?<\/span><\/span><span class=\"kt-blocks-accordion-icon-trigger\"><\/span><\/button><\/div><div class=\"kt-accordion-panel kt-accordion-panel-hidden\"><div class=\"kt-accordion-panel-inner\">\n<p>REPOSITORY<\/p>\n\n\n\n<ul class=\"wp-block-list\">\n<li><a href=\"https:\/\/ppm.sum.edu.pl\/index.seam?lang=en&amp;cid=13288\" data-type=\"link\" data-id=\"https:\/\/ppm.sum.edu.pl\/index.seam\">Polish Platform of Medical Research<\/a><\/li>\n\n\n\n<li><a href=\"https:\/\/repod.icm.edu.pl\/\">Open Data Repository - RepOD (in Polish)<\/a><\/li>\n\n\n\n<li><a href=\"https:\/\/zenodo.org\/\">Zenodo (OpenAIRE \u2013 CERN)<\/a><\/li>\n\n\n\n<li><a href=\"https:\/\/open-research-europe.ec.europa.eu\/\">Open Research Europe<\/a> - for research stemming from the Horizon 2020 and Horizon Europe programmes<\/li>\n<\/ul>\n\n\n\n<p>DATA JOURNALS<\/p>\n\n\n\n<ul class=\"wp-block-list\">\n<li><a href=\"https:\/\/www.sciencedirect.com\/journal\/data-in-brief\" data-type=\"link\" data-id=\"https:\/\/www.sciencedirect.com\/journal\/data-in-brief\">Data in Brief<\/a> - journal publishing datasets<\/li>\n\n\n\n<li><a href=\"https:\/\/openhealthdata.metajnl.com\/about\" data-type=\"link\" data-id=\"https:\/\/openhealthdata.metajnl.com\/about\">Open Health Data <\/a>- journal publishing health sciences datasets<\/li>\n<\/ul>\n<\/div><\/div><\/div>\n\n\n\n<div class=\"wp-block-kadence-pane kt-accordion-pane kt-accordion-pane-10 kt-pane18952_856c6e-c4\"><div class=\"kt-accordion-header-wrap\"><button class=\"kt-blocks-accordion-header kt-acccordion-button-label-show\" type=\"button\"><span class=\"kt-blocks-accordion-title-wrap\"><span class=\"kt-blocks-accordion-title\">Handbooks\/Guides on research data<\/span><\/span><span class=\"kt-blocks-accordion-icon-trigger\"><\/span><\/button><\/div><div class=\"kt-accordion-panel kt-accordion-panel-hidden\"><div class=\"kt-accordion-panel-inner\">\n<ol class=\"wp-block-list\">\n<li><a href=\"https:\/\/biblioteka.sum.edu.pl\/wp-content\/uploads\/2025\/04\/poradnikv2PON.pdf\" data-type=\"attachment\" data-id=\"26520\">Zarz\u0105dzanie danymi badawczymi. Poradnik dla naukowc\u00f3w i&nbsp;data steward\u00f3w <\/a>(pdf, 1,04 MB) &#8211; Platforma Otwartej Nauki<\/li>\n\n\n\n<li><a href=\"https:\/\/dspace.uni.lodz.pl\/xmlui\/bitstream\/handle\/11089\/47542\/Dane%20badawcze%20-%20przewodnik%20BU%c5%81%20%2809.06.2021%29.pdf?sequence=1&amp;isAllowed=y\">Research Data. A practical guide for researchers (in Polish)<\/a> (pdf; 1,2 MB) &#8211; serwis Biblioteki Uniwersytetu \u0141\u00f3dzkiego<\/li>\n\n\n\n<li><a href=\"https:\/\/dane.gov.pl\/media\/ckeditor\/2018\/11\/22\/otwieranie-danych-podrecznik-dobrych-praktyk.pdf\" target=\"_blank\" rel=\"noreferrer noopener\">Opening Data. Good practice guide (in Polish)<\/a>&nbsp;(pdf; 1,2 MB) ze strony:&nbsp;<a href=\"https:\/\/dane.gov.pl\/en\">https:\/\/dane.gov.pl\/en<\/a><\/li>\n\n\n\n<li><a href=\"https:\/\/www.scienceeurope.org\/wp-content\/uploads\/2018\/12\/SE_RDM_Practical_Guide_Final.pdf\" target=\"_blank\" rel=\"noreferrer noopener\">Practical Guide to the International Alignment of Research Data Management&nbsp;<\/a><em>A practical guide to standardised European research data management practices<\/em>&nbsp;<\/li>\n\n\n\n<li><a href=\"http:\/\/ec.europa.eu\/research\/participants\/data\/ref\/h2020\/grants_manual\/hi\/oa_pilot\/h2020-hi-oa-data-mgt_en.pdf\" target=\"_blank\" rel=\"noreferrer noopener\">Guidelines on FAIR Data Management in Horizon 2020<\/a>&nbsp;( pdf; 356 KB) ze strony:&nbsp;European Commission website&nbsp;<a href=\"https:\/\/ec.europa.eu\/\">https:\/\/ec.europa.eu\/<\/a>&nbsp;<\/li>\n\n\n\n<li><a href=\"https:\/\/ebibojs.pl\/index.php\/Mat_konf\/article\/view\/616\/655\" data-type=\"link\" data-id=\"https:\/\/ebibojs.pl\/index.php\/Mat_konf\/article\/view\/616\/655\">Strzelczyk E., Otwarte dane badawcze \u2013 kolejny krok do otwierania nauki. Materia\u0142y Konferencyjne EBIB, 2017, nr 25. <\/a>( pdf; 369 KB)<\/li>\n\n\n\n<li><a href=\"https:\/\/prenumeruj.forumakademickie.pl\/fa\/2016\/07-08\/otwieranie-malych-danych-badawczych\/\" data-type=\"link\" data-id=\"https:\/\/prenumeruj.forumakademickie.pl\/fa\/2016\/07-08\/otwieranie-malych-danych-badawczych\/\">Hoffman-Sommer M., Otwieranie ma\u0142ych danych badawczych (in polish)<\/a>- Open Science Platform, ICM, University of Warsaw<\/li>\n<\/ol>\n\n\n\n<p>Information brochures from (in Polish)&nbsp;<a href=\"https:\/\/drodb.icm.edu.pl\/\">Dziedzinowych  Repozytorii Otwartych Danych Badawczych<\/a><em>:<\/em><\/p>\n\n\n\n<ul class=\"wp-block-list\">\n<li><a href=\"https:\/\/biblioteka.sum.edu.pl\/wp-content\/uploads\/2023\/11\/Selekcja-i-przygotowanie-danych-badawczych-do-udostepniania.pdf\" data-type=\"link\" data-id=\"https:\/\/biblioteka.sum.edu.pl\/wp-content\/uploads\/2023\/11\/Selekcja-i-przygotowanie-danych-badawczych-do-udostepniania.pdf\">Selection and preparation of research data for sharing<\/a> (pdf; 498 KB)&nbsp;<\/li>\n\n\n\n<li>How to use resources in data repositories: <a href=\"https:\/\/biblioteka.sum.edu.pl\/wp-content\/uploads\/2023\/11\/Jak-korzystac-z-zasobow-w-repozytoriach-danych-wersja-2.0.pdf\" data-type=\"link\" data-id=\"https:\/\/biblioteka.sum.edu.pl\/wp-content\/uploads\/2023\/11\/Jak-korzystac-z-zasobow-w-repozytoriach-danych-wersja-2.0.pdf\">version 2.0<\/a> (pdf; 1,8 MB)&nbsp;<a href=\"http:\/\/pon.edu.pl\/images\/dspace\/Jak_korzystac_z_zasobow.pdf\"><\/a>,&nbsp; <a href=\"https:\/\/biblioteka.sum.edu.pl\/wp-content\/uploads\/2023\/11\/Jak-korzystac-z-zasobow-w-repozytoriach-danych-wersja-1.0.pdf\" data-type=\"link\" data-id=\"https:\/\/biblioteka.sum.edu.pl\/wp-content\/uploads\/2023\/11\/Jak-korzystac-z-zasobow-w-repozytoriach-danych-wersja-1.0.pdf\">version 1.0&nbsp;<\/a><a href=\"https:\/\/drodb.icm.edu.pl\/wp-content\/uploads\/2019\/10\/Jak-korzysta%C4%87-z-zasob%C3%B3w-w-repozytoriach-danych.pdf\"><\/a> (pdf; 835 KB)<\/li>\n\n\n\n<li>Legal aspects of opening research data - a guide: <a href=\"https:\/\/biblioteka.sum.edu.pl\/wp-content\/uploads\/2023\/11\/Prawne-aspekty-otwierania-danych-badawczych-\u2013-poradnik-wersja-2.0.pdf\" data-type=\"link\" data-id=\"https:\/\/biblioteka.sum.edu.pl\/wp-content\/uploads\/2023\/11\/Prawne-aspekty-otwierania-danych-badawczych-\u2013-poradnik-wersja-2.0.pdf\">version 2.0&nbsp;<\/a>(pdf; 889 KB)<a href=\"http:\/\/pon.edu.pl\/images\/dspace\/Prawne_aspekty_otwierania_danych.pdf\"><\/a>,&nbsp;&nbsp;<a href=\"https:\/\/biblioteka.sum.edu.pl\/wp-content\/uploads\/2023\/11\/Prawne-aspekty-otwierania-danych-badawczych-\u2013-poradnik-wersja-1.0.pdf\" data-type=\"link\" data-id=\"https:\/\/biblioteka.sum.edu.pl\/wp-content\/uploads\/2023\/11\/Prawne-aspekty-otwierania-danych-badawczych-\u2013-poradnik-wersja-1.0.pdf\">version 1.0<\/a>&nbsp;<a href=\"https:\/\/drodb.icm.edu.pl\/wp-content\/uploads\/2020\/01\/Prawne-aspekty-otwierania-danych-badawczych-%E2%80%93-poradnik.pdf\"><\/a>(pdf; 757 KB)<\/li>\n<\/ul>\n<\/div><\/div><\/div>\n\n\n\n<div class=\"wp-block-kadence-pane kt-accordion-pane kt-accordion-pane-11 kt-pane18952_0bc1d2-45\"><div class=\"kt-accordion-header-wrap\"><button class=\"kt-blocks-accordion-header kt-acccordion-button-label-show\" type=\"button\"><span class=\"kt-blocks-accordion-title-wrap\"><span class=\"kt-blocks-accordion-title\">Training \/ webinars on research data<\/span><\/span><span class=\"kt-blocks-accordion-icon-trigger\"><\/span><\/button><\/div><div class=\"kt-accordion-panel kt-accordion-panel-hidden\"><div class=\"kt-accordion-panel-inner\">\n<ol class=\"wp-block-list\">\n<li><a href=\"https:\/\/www.ebi.ac.uk\/training\/\">A series of registered webinars on the basics of research data management in biomedical sciences - EMBL-EBI.<\/a><\/li>\n\n\n\n<li><a href=\"https:\/\/www.coursera.org\/learn\/data-management\">Research Data Management and Sharing&nbsp;<\/a>\u2013 Coursea (University of North Carolina at Chapel Hill and University of Edinburgh)<\/li>\n\n\n\n<li><a href=\"https:\/\/mantra.ed.ac.uk\/\">MANTRA <\/a>- University of Edinburgh<\/li>\n<\/ol>\n<\/div><\/div><\/div>\n\n\n\n<div class=\"wp-block-kadence-pane kt-accordion-pane kt-accordion-pane-12 kt-pane18952_666765-3a\"><div class=\"kt-accordion-header-wrap\"><button class=\"kt-blocks-accordion-header kt-acccordion-button-label-show\" type=\"button\"><span class=\"kt-blocks-accordion-title-wrap\"><span class=\"kt-blocks-accordion-title\">How to deposit data in the SUM Repository \u2013 Polish Medical Platform (PPM)<\/span><\/span><span class=\"kt-blocks-accordion-icon-trigger\"><\/span><\/button><\/div><div class=\"kt-accordion-panel kt-accordion-panel-hidden\"><div class=\"kt-accordion-panel-inner\">\n<ol class=\"wp-block-list\">\n<li><a href=\"https:\/\/biblioteka.sum.edu.pl\/wp-content\/uploads\/2026\/02\/Jak-zdeponowac-dane-w-Repozytorium-SUM-\u2013-Polskiej-Platformie-Medycznej-SUM-2026.pdf\" target=\"_blank\" rel=\"noreferrer noopener\">Open research data in practice. How to deposit data in the SUM Repository \u2013 Polish Medical Platform (PPM)<\/a> (PDF 5,07 MB).<\/li>\n<\/ol>\n<\/div><\/div><\/div>\n<\/div><\/div><\/div>\n\n\n\n<p><\/p>","protected":false},"excerpt":{"rendered":"<p>Plan Zarz\u0105dzania Danymi \u2014 pomoc dla jednostek SUM Kontakt:mgr Krzysztof Go\u015bciniakKoordynator Zespo\u0142u ds. Otwartej Nauki Biblioteki SUMtel. 32 208-36-33kgosciniak@sum.edu.pl Dane badawcze w pigu\u0142ce. Poradnik. Polska Platforma Medyczna.&nbsp;(pdf; 326 KB)Poradnik stworzony we wsp\u00f3\u0142pracy z bibliotekami polskich uczelni medycznych i Instytutu Medycyny Pracy<\/p>","protected":false},"author":4,"featured_media":0,"parent":18684,"menu_order":0,"comment_status":"closed","ping_status":"closed","template":"","meta":{"_eb_attr":"","footnotes":""},"categories":[],"tags":[],"class_list":["post-18952","page","type-page","status-publish","hentry"],"publishpress_future_action":{"enabled":false,"date":"2026-04-12 18:57:24","action":"change-status","newStatus":"draft","terms":[],"taxonomy":"category","extraData":[]},"publishpress_future_workflow_manual_trigger":{"enabledWorkflows":[]},"_links":{"self":[{"href":"https:\/\/biblioteka.sum.edu.pl\/en\/wp-json\/wp\/v2\/pages\/18952","targetHints":{"allow":["GET"]}}],"collection":[{"href":"https:\/\/biblioteka.sum.edu.pl\/en\/wp-json\/wp\/v2\/pages"}],"about":[{"href":"https:\/\/biblioteka.sum.edu.pl\/en\/wp-json\/wp\/v2\/types\/page"}],"author":[{"embeddable":true,"href":"https:\/\/biblioteka.sum.edu.pl\/en\/wp-json\/wp\/v2\/users\/4"}],"replies":[{"embeddable":true,"href":"https:\/\/biblioteka.sum.edu.pl\/en\/wp-json\/wp\/v2\/comments?post=18952"}],"version-history":[{"count":69,"href":"https:\/\/biblioteka.sum.edu.pl\/en\/wp-json\/wp\/v2\/pages\/18952\/revisions"}],"predecessor-version":[{"id":27916,"href":"https:\/\/biblioteka.sum.edu.pl\/en\/wp-json\/wp\/v2\/pages\/18952\/revisions\/27916"}],"up":[{"embeddable":true,"href":"https:\/\/biblioteka.sum.edu.pl\/en\/wp-json\/wp\/v2\/pages\/18684"}],"wp:attachment":[{"href":"https:\/\/biblioteka.sum.edu.pl\/en\/wp-json\/wp\/v2\/media?parent=18952"}],"wp:term":[{"taxonomy":"category","embeddable":true,"href":"https:\/\/biblioteka.sum.edu.pl\/en\/wp-json\/wp\/v2\/categories?post=18952"},{"taxonomy":"post_tag","embeddable":true,"href":"https:\/\/biblioteka.sum.edu.pl\/en\/wp-json\/wp\/v2\/tags?post=18952"}],"curies":[{"name":"wp","href":"https:\/\/api.w.org\/{rel}","templated":true}]}}