{"id":18792,"date":"2023-11-16T14:23:27","date_gmt":"2023-11-16T13:23:27","guid":{"rendered":"https:\/\/biblioteka2.sum.edu.pl\/?page_id=18792"},"modified":"2025-07-14T13:31:30","modified_gmt":"2025-07-14T11:31:30","slug":"dla-mlodych-naukowcow-szkolenia-on-line","status":"publish","type":"page","link":"https:\/\/biblioteka.sum.edu.pl\/en\/dla-publikujacych\/dla-mlodych-naukowcow-szkolenia-on-line\/","title":{"rendered":"Online training"},"content":{"rendered":"<div class=\"wp-block-group is-layout-constrained wp-block-group-is-layout-constrained\">\n<h2 class=\"wp-block-heading\">Online training <\/h2>\n\n\n\n<p class=\"justuj\"><strong>PLEASE NOTE:<br><\/strong>To view the following training courses you will need to complete the registration form.<br><br>Sessions can be replayed after logging into the platform. <br>If you have any problems with the display of the presentations, please contact the department:<br><img decoding=\"async\" class=\"ikonki\" src=\"https:\/\/biblioteka.sum.edu.pl\/wp-content\/uploads\/2023\/11\/Zasob-7ikonki-1.png\" alt=\"\"> phone (+48)<strong> 208 35 66<\/strong>; <strong>208 36 17<\/strong>, e-mail: <a href=\"mailto:bibinfo@sum.edu.pl\">bibinfo@sum.edu.pl<\/a>.<\/p>\n\n\n\n<p><\/p>\n\n\n\n<p class=\"justuj\"><\/p>\n\n\n\n<div class=\"wp-block-kadence-accordion alignnone\"><div class=\"kt-accordion-wrap kt-accordion-id18792_d8d923-80 kt-accordion-has-18-panes kt-active-pane-0 kt-accordion-block kt-pane-header-alignment-left kt-accodion-icon-style-arrow kt-accodion-icon-side-right\" style=\"max-width:none\"><div class=\"kt-accordion-inner-wrap\" data-allow-multiple-open=\"false\" data-start-open=\"none\">\n<div class=\"wp-block-kadence-pane kt-accordion-pane kt-accordion-pane-1 kt-pane18792_2a6235-53\"><div class=\"kt-accordion-header-wrap\"><button class=\"kt-blocks-accordion-header kt-acccordion-button-label-show\" type=\"button\"><span class=\"kt-blocks-accordion-title-wrap\"><span class=\"kt-blocks-accordion-title\">Elsevier<\/span><\/span><span class=\"kt-blocks-accordion-icon-trigger\"><\/span><\/button><\/div><div class=\"kt-accordion-panel kt-accordion-panel-hidden\"><div class=\"kt-accordion-panel-inner\">\n<div class=\"wp-block-kadence-accordion alignnone\"><div class=\"kt-accordion-wrap kt-accordion-id18792_64ad50-1d kt-accordion-has-11-panes kt-active-pane-0 kt-accordion-block kt-pane-header-alignment-left kt-accodion-icon-style-arrow kt-accodion-icon-side-right\" style=\"max-width:none\"><div class=\"kt-accordion-inner-wrap\" data-allow-multiple-open=\"false\" data-start-open=\"none\">\n<div class=\"wp-block-kadence-pane kt-accordion-pane kt-accordion-pane-1 kt-pane18792_e903e1-52\"><div class=\"kt-accordion-header-wrap\"><button class=\"kt-blocks-accordion-header kt-acccordion-button-label-show\" type=\"button\"><span class=\"kt-blocks-accordion-title-wrap\"><span class=\"kt-blocks-accordion-title\">Publishing in the Open Access model.  Explore Elsevier's offerings now.<\/span><\/span><span class=\"kt-blocks-accordion-icon-trigger\"><\/span><\/button><\/div><div class=\"kt-accordion-panel kt-accordion-panel-hidden\"><div class=\"kt-accordion-panel-inner\">\n<p>This webinar will discuss publishing in the Open Access model and the current <strong>Elsevier Open Access Publishing Program for institutions in Poland in 2025<\/strong>. This training is specifically designed for authors and those involved in scientific publishing processes at institutions<br><br>The webinar recording is <a href=\"https:\/\/elsevier.zoom.us\/rec\/share\/6sI6vJ-Vk-Sp0W2cL1ZLJzDNJwBjDoM0TJG1GFiLyXJh1WZdq9XsKjDgr2BDZKht.t2aPC-DOciEoz10k\" target=\"_blank\" rel=\"noreferrer noopener\">here<\/a> (in Polish only, time 01:06:13) <br>Access code: <strong>37rjVzp+<\/strong><br>Presented by Ms. Paulina Milewska from ELSEVIER.<\/p>\n\n\n\n<p><a href=\"https:\/\/biblioteka.sum.edu.pl\/wp-content\/uploads\/2025\/07\/OA-webinar-PL-2025.pdf\" target=\"_blank\" rel=\"noreferrer noopener\">Presentation <\/a>(PDF, 1.85 MB) - access code: <strong>FJGDQD<\/strong><br><br><a href=\"https:\/\/journalfinder.elsevier.com\/\" target=\"_blank\" rel=\"noreferrer noopener\">Elsevier Journal Finder<\/a> \u2013 frequently asked questions<a href=\"https:\/\/service.elsevier.com\/app\/answers\/detail\/a_id\/6029\/c\/10527\/supporthub\/publishing\/role\/author\/?adobe_mc=MCMID%3D69255885960088135011046019747992210577%7CMCORGID%3D4D6368F454EC41940A4C98A6%2540AdobeOrg%7CTS%3D1752491080\" target=\"_blank\" rel=\"noreferrer noopener\">(FAQ<\/a>).<\/p>\n<\/div><\/div><\/div>\n\n\n\n<div class=\"wp-block-kadence-pane kt-accordion-pane kt-accordion-pane-11 kt-pane18792_f6668f-34\"><div class=\"kt-accordion-header-wrap\"><button class=\"kt-blocks-accordion-header kt-acccordion-button-label-show\" type=\"button\"><span class=\"kt-blocks-accordion-title-wrap\"><span class=\"kt-blocks-accordion-title\">Publishing in Elsevier journals in the Open Access model and beyond (in Polish only)<\/span><\/span><span class=\"kt-blocks-accordion-icon-trigger\"><\/span><\/button><\/div><div class=\"kt-accordion-panel kt-accordion-panel-hidden\"><div class=\"kt-accordion-panel-inner\">\n<p>This <a href=\"https:\/\/elsevier.zoom.us\/rec\/share\/mnSm1EURe7N3hNHlqKDiWbWLgZhHFtQHmLZ2gxei4cnvuHNu-xPHpJk9Ih45d75r.mqZko6C0PJFc9U0v\" data-type=\"link\" data-id=\"https:\/\/elsevier.zoom.us\/rec\/share\/mnSm1EURe7N3hNHlqKDiWbWLgZhHFtQHmLZ2gxei4cnvuHNu-xPHpJk9Ih45d75r.mqZko6C0PJFc9U0v\">webinar<\/a> presented all relevant information for authors who wish to publish an article in Elsevier journals, including publication models, Open Access, legal and author issues. Tools that support authors in their search for a suitable journal or wider information about publishing in prestigious sources were also presented.<br>Recording password: <strong>35ul+#zj<\/strong><\/p>\n\n\n\n<p>Presented by Ms. Paulina Milewska from ELSEVIER.<\/p>\n<\/div><\/div><\/div>\n\n\n\n<div class=\"wp-block-kadence-pane kt-accordion-pane kt-accordion-pane-3 kt-pane18792_3edfc9-21\"><div class=\"kt-accordion-header-wrap\"><button class=\"kt-blocks-accordion-header kt-acccordion-button-label-show\" type=\"button\"><span class=\"kt-blocks-accordion-title-wrap\"><span class=\"kt-blocks-accordion-title\">Science Direct - all about journals [in Polish only]<\/span><\/span><span class=\"kt-blocks-accordion-icon-trigger\"><\/span><\/button><\/div><div class=\"kt-accordion-panel kt-accordion-panel-hidden\"><div class=\"kt-accordion-panel-inner\">\n<p><a href=\"https:\/\/www.brighttalk.com\/webcast\/10439\/505831?utm_source=brighttalk-portal&amp;utm_medium=web&amp;utm_campaign=channel-page&amp;utm_content=recorded\">Link<\/a>.<br>Description: ScienceDirect contains over 2,650 peer-reviewed science, technology and health journals. It covers 24 major scientific disciplines. Learn how to find journals and full-text articles relevant to your research. Learn how to use JournalFinder to find the best journals to publish your article.<br>Presented by Luke Samolinski of ELSEVIER.<\/p>\n<\/div><\/div><\/div>\n\n\n\n<div class=\"wp-block-kadence-pane kt-accordion-pane kt-accordion-pane-4 kt-pane18792_5686a4-2a\"><div class=\"kt-accordion-header-wrap\"><button class=\"kt-blocks-accordion-header kt-acccordion-button-label-show\" type=\"button\"><span class=\"kt-blocks-accordion-title-wrap\"><span class=\"kt-blocks-accordion-title\">The peer review process for scientific journals [in Polish only]<\/span><\/span><span class=\"kt-blocks-accordion-icon-trigger\"><\/span><\/button><\/div><div class=\"kt-accordion-panel kt-accordion-panel-hidden\"><div class=\"kt-accordion-panel-inner\">\n<p><a href=\"https:\/\/www.brighttalk.com\/webcast\/10439\/479662?utm_source=brighttalk-portal&amp;utm_medium=web&amp;utm_campaign=channel-page&amp;utm_content=recorded\">To view the following training courses you will need to complete the registration form.<\/a>.<\/p>\n\n\n\n<p>This training will cover in detail the peer reviewing process articles go through before being published in reliable scientific journals. It presents the principles of peer review, the process of peer review, and advice and suggestions from editorial and peer review professionals on what to consider when replying to peer review comments.<br>Ms Katarzyna Gacy-Zaj\u0105c from ELSEVIER will run the course.<\/p>\n<\/div><\/div><\/div>\n\n\n\n<div class=\"wp-block-kadence-pane kt-accordion-pane kt-accordion-pane-5 kt-pane18792_c23924-50\"><div class=\"kt-accordion-header-wrap\"><button class=\"kt-blocks-accordion-header kt-acccordion-button-label-show\" type=\"button\"><span class=\"kt-blocks-accordion-title-wrap\"><span class=\"kt-blocks-accordion-title\">How to choose the right journal? [in Polish only]<\/span><\/span><span class=\"kt-blocks-accordion-icon-trigger\"><\/span><\/button><\/div><div class=\"kt-accordion-panel kt-accordion-panel-hidden\"><div class=\"kt-accordion-panel-inner\">\n<p><a href=\"https:\/\/www.brighttalk.com\/webcast\/10439\/479661?utm_source=brighttalk-portal&amp;utm_medium=web&amp;utm_campaign=channel-page&amp;utm_content=recorded\">Link<\/a>.<br>The aim of this training is to introduce good practices in journal selection, bibliometric tools and indicators that allow the selection and evaluation of scientific journals. Participants will learn how to use bibliometric metrics and how to choose a good journal to present their research. The issue of publishing in the open access model is also covered in the training.<\/p>\n\n\n\n<p>Ms Katarzyna Gacy-Zaj\u0105c from ELSEVIER will run the course.<\/p>\n<\/div><\/div><\/div>\n\n\n\n<div class=\"wp-block-kadence-pane kt-accordion-pane kt-accordion-pane-6 kt-pane18792_f0e693-64\"><div class=\"kt-accordion-header-wrap\"><button class=\"kt-blocks-accordion-header kt-acccordion-button-label-show\" type=\"button\"><span class=\"kt-blocks-accordion-title-wrap\"><span class=\"kt-blocks-accordion-title\">Predatory journals and how to avoid them?<\/span><\/span><span class=\"kt-blocks-accordion-icon-trigger\"><\/span><\/button><\/div><div class=\"kt-accordion-panel kt-accordion-panel-hidden\"><div class=\"kt-accordion-panel-inner\">\n<p><a href=\"https:\/\/youtu.be\/fb19EZuIWE8?si=JPmOD8vBL_kypk03\">Presentation<\/a> (You Tube).<\/p>\n<\/div><\/div><\/div>\n\n\n\n<div class=\"wp-block-kadence-pane kt-accordion-pane kt-accordion-pane-7 kt-pane18792_b9e83f-47\"><div class=\"kt-accordion-header-wrap\"><button class=\"kt-blocks-accordion-header kt-acccordion-button-label-show\" type=\"button\"><span class=\"kt-blocks-accordion-title-wrap\"><span class=\"kt-blocks-accordion-title\">How to write and publish an article. Training for authors [in Polish]<\/span><\/span><span class=\"kt-blocks-accordion-icon-trigger\"><\/span><\/button><\/div><div class=\"kt-accordion-panel kt-accordion-panel-hidden\"><div class=\"kt-accordion-panel-inner\">\n<p>Link to <a href=\"https:\/\/elsevier.zoom.us\/webinar\/register\/rec\/WN_tO2lfxLFRMOFGjNteeowAw?meetingId=BrNEGBSahFoS2CcDCFdz8TqRh8ElU2rWcdg5sS-eznPCjZa_EqExOG4LTQ28btlc.vDtOyqnGQbZE2A6s&amp;playId=&amp;action=play?hasValidToken=false&amp;originRequestUrl=httpselsevier.zoom.usrecshareCYPAAaacQPEfoYOY8fGQY-peXbZIhnwVCF2tMkmnTsPGnbCjjLl5v-BfdjWN0S7c.0ZAUPhLvicGOu6Rx#\/registration\" target=\"_blank\" rel=\"noreferrer noopener\">presentation<\/a> - registration is required to run the course.<\/p>\n\n\n\n<p>We will discuss the structure of the article as well as best practices and tips for writing and submitting the text for publication.<br>We will look at the editorial process. We will also discuss ethical issues that authors, reviewers, editors and publishers face on a daily basis.<\/p>\n<\/div><\/div><\/div>\n\n\n\n<div class=\"wp-block-kadence-pane kt-accordion-pane kt-accordion-pane-8 kt-pane18792_94f679-e2\"><div class=\"kt-accordion-header-wrap\"><button class=\"kt-blocks-accordion-header kt-acccordion-button-label-show\" type=\"button\"><span class=\"kt-blocks-accordion-title-wrap\"><span class=\"kt-blocks-accordion-title\">How to identify relevant topics and journals with Scopus and SciVal?<\/span><\/span><span class=\"kt-blocks-accordion-icon-trigger\"><\/span><\/button><\/div><div class=\"kt-accordion-panel kt-accordion-panel-hidden\"><div class=\"kt-accordion-panel-inner\">\n<p>Link to <a href=\"https:\/\/youtu.be\/jeppT0yf2EM?si=qEtjE8A0jWnwxXpL\">presentation<\/a> - registration is required to run the course.<\/p>\n\n\n\n<p>Training recorded on 16 May 2023 and available on Elsevier's You Tube channel.<\/p>\n<\/div><\/div><\/div>\n\n\n\n<div class=\"wp-block-kadence-pane kt-accordion-pane kt-accordion-pane-9 kt-pane18792_5727dc-54\"><div class=\"kt-accordion-header-wrap\"><button class=\"kt-blocks-accordion-header kt-acccordion-button-label-show\" type=\"button\"><span class=\"kt-blocks-accordion-title-wrap\"><span class=\"kt-blocks-accordion-title\">More Elsevier courses<\/span><\/span><span class=\"kt-blocks-accordion-icon-trigger\"><\/span><\/button><\/div><div class=\"kt-accordion-panel kt-accordion-panel-hidden\"><div class=\"kt-accordion-panel-inner\">\n<p>Access to <a href=\"https:\/\/www.elsevier.com\/hubs\/central-and-eastern-europe-customer-hub#1-upcoming-webinars\">Elsevier website<\/a> wraz z <strong>with a calendar of upcoming online training courses and a list of recorded sessions<\/strong>. Follow your country page for local webinars.<\/p>\n\n\n\n<div style=\"height:11px\" aria-hidden=\"true\" class=\"wp-block-spacer\"><\/div>\n\n\n\n<p><a href=\"https:\/\/www.youtube.com\/@ElsevierCEE\" target=\"_blank\" rel=\"noreferrer noopener\"><strong>You Tube channel<\/strong><\/a><\/p>\n<\/div><\/div><\/div>\n<\/div><\/div><\/div>\n<\/div><\/div><\/div>\n\n\n\n<div class=\"wp-block-kadence-pane kt-accordion-pane kt-accordion-pane-16 kt-pane18792_3e1128-9a\"><div class=\"kt-accordion-header-wrap\"><button class=\"kt-blocks-accordion-header kt-acccordion-button-label-show\" type=\"button\"><span class=\"kt-blocks-accordion-title-wrap\"><span class=\"kt-blocks-accordion-title\">Emanuel Kulczycki Blog [Polish only]<\/span><\/span><span class=\"kt-blocks-accordion-icon-trigger\"><\/span><\/button><\/div><div class=\"kt-accordion-panel kt-accordion-panel-hidden\"><div class=\"kt-accordion-panel-inner\">\n<p><a href=\"https:\/\/ekulczycki.pl\/warsztat_badacza\/jak-napisac-dobry-abstrakt\/\">How to write a good abstract?<\/a><\/p>\n<\/div><\/div><\/div>\n\n\n\n<div class=\"wp-block-kadence-pane kt-accordion-pane kt-accordion-pane-8 kt-pane18792_61ff4b-07\"><div class=\"kt-accordion-header-wrap\"><button class=\"kt-blocks-accordion-header kt-acccordion-button-label-show\" type=\"button\"><span class=\"kt-blocks-accordion-title-wrap\"><span class=\"kt-blocks-accordion-title\">MDPI Scientific Publishing Workshop at the Medical University of Silesia<\/span><\/span><span class=\"kt-blocks-accordion-icon-trigger\"><\/span><\/button><\/div><div class=\"kt-accordion-panel kt-accordion-panel-hidden\"><div class=\"kt-accordion-panel-inner\">\n<p>For more information on current training course, click <a href=\"https:\/\/biblioteka.sum.edu.pl\/en\/mdpi-warsztaty-dla-publikujacych\/\" target=\"_blank\" rel=\"noreferrer noopener\">here<\/a>.<\/p>\n<\/div><\/div><\/div>\n\n\n\n<div class=\"wp-block-kadence-pane kt-accordion-pane kt-accordion-pane-17 kt-pane18792_96df9a-62\"><div class=\"kt-accordion-header-wrap\"><button class=\"kt-blocks-accordion-header kt-acccordion-button-label-show\" type=\"button\"><span class=\"kt-blocks-accordion-title-wrap\"><span class=\"kt-blocks-accordion-title\">Online library courses<\/span><\/span><span class=\"kt-blocks-accordion-icon-trigger\"><\/span><\/button><\/div><div class=\"kt-accordion-panel kt-accordion-panel-hidden\"><div class=\"kt-accordion-panel-inner\">\n<p>For more information on current training courses, click <a href=\"https:\/\/biblioteka.sum.edu.pl\/en\/szkolenia-biblioteczne-online\/\" target=\"_blank\" rel=\"noreferrer noopener\">here<\/a>.<\/p>\n<\/div><\/div><\/div>\n\n\n\n<div class=\"wp-block-kadence-pane kt-accordion-pane kt-accordion-pane-12 kt-pane18792_7ea9d4-49\"><div class=\"kt-accordion-header-wrap\"><button class=\"kt-blocks-accordion-header kt-acccordion-button-label-show\" type=\"button\"><span class=\"kt-blocks-accordion-title-wrap\"><span class=\"kt-blocks-accordion-title\">How to publish a scientific article effectively - from the idea to the publication (Polish only)<\/span><\/span><span class=\"kt-blocks-accordion-icon-trigger\"><\/span><\/button><\/div><div class=\"kt-accordion-panel kt-accordion-panel-hidden\"><div class=\"kt-accordion-panel-inner\">\n<p>The recording of the webinar on YouTube platform is available <a href=\"https:\/\/youtube.com\/live\/4s2AnO4gLb0ne-online\/\" target=\"_blank\" rel=\"noreferrer noopener\">here<\/a> (czas nagrania 01:16:25).<\/p>\n<\/div><\/div><\/div>\n<\/div><\/div><\/div>\n\n\n\n<p class=\"justuj\"><\/p>\n\n\n\n<div style=\"height:23px\" aria-hidden=\"true\" class=\"wp-block-spacer\"><\/div>\n<\/div>\n\n\n\n<p><\/p>\n\n\n\n<p><\/p>","protected":false},"excerpt":{"rendered":"<p>Szkolenia online UWAGA!Warunkiem wy\u015bwietlenia poni\u017cszych szkole\u0144 jest wype\u0142nienie formularza rejestracyjnego. Szkolenia mo\u017cna odtwarza\u0107 wielokrotnie po zalogowaniu si\u0119 na platformie. W przypadku problem\u00f3w z wy\u015bwietleniem prezentacji prosimy o kontakt z Dzia\u0142em: tel. (32) 208 35 66; 208 36 17, e-mail: bibinfo@sum.edu.pl.<\/p>","protected":false},"author":5,"featured_media":0,"parent":17194,"menu_order":0,"comment_status":"closed","ping_status":"closed","template":"","meta":{"_eb_attr":"","footnotes":""},"categories":[],"tags":[],"class_list":["post-18792","page","type-page","status-publish","hentry"],"publishpress_future_action":{"enabled":false,"date":"2026-04-12 16:13:21","action":"change-status","newStatus":"draft","terms":[],"taxonomy":"category","extraData":[]},"publishpress_future_workflow_manual_trigger":{"enabledWorkflows":[]},"_links":{"self":[{"href":"https:\/\/biblioteka.sum.edu.pl\/en\/wp-json\/wp\/v2\/pages\/18792","targetHints":{"allow":["GET"]}}],"collection":[{"href":"https:\/\/biblioteka.sum.edu.pl\/en\/wp-json\/wp\/v2\/pages"}],"about":[{"href":"https:\/\/biblioteka.sum.edu.pl\/en\/wp-json\/wp\/v2\/types\/page"}],"author":[{"embeddable":true,"href":"https:\/\/biblioteka.sum.edu.pl\/en\/wp-json\/wp\/v2\/users\/5"}],"replies":[{"embeddable":true,"href":"https:\/\/biblioteka.sum.edu.pl\/en\/wp-json\/wp\/v2\/comments?post=18792"}],"version-history":[{"count":126,"href":"https:\/\/biblioteka.sum.edu.pl\/en\/wp-json\/wp\/v2\/pages\/18792\/revisions"}],"predecessor-version":[{"id":28207,"href":"https:\/\/biblioteka.sum.edu.pl\/en\/wp-json\/wp\/v2\/pages\/18792\/revisions\/28207"}],"up":[{"embeddable":true,"href":"https:\/\/biblioteka.sum.edu.pl\/en\/wp-json\/wp\/v2\/pages\/17194"}],"wp:attachment":[{"href":"https:\/\/biblioteka.sum.edu.pl\/en\/wp-json\/wp\/v2\/media?parent=18792"}],"wp:term":[{"taxonomy":"category","embeddable":true,"href":"https:\/\/biblioteka.sum.edu.pl\/en\/wp-json\/wp\/v2\/categories?post=18792"},{"taxonomy":"post_tag","embeddable":true,"href":"https:\/\/biblioteka.sum.edu.pl\/en\/wp-json\/wp\/v2\/tags?post=18792"}],"curies":[{"name":"wp","href":"https:\/\/api.w.org\/{rel}","templated":true}]}}