{"id":18774,"date":"2023-11-16T12:00:18","date_gmt":"2023-11-16T11:00:18","guid":{"rendered":"https:\/\/biblioteka2.sum.edu.pl\/?page_id=18774"},"modified":"2026-03-30T12:45:33","modified_gmt":"2026-03-30T10:45:33","slug":"potwierdzenia-dorobku-naukowego","status":"publish","type":"page","link":"https:\/\/biblioteka.sum.edu.pl\/en\/dla-publikujacych\/potwierdzenia-dorobku-naukowego\/","title":{"rendered":"Confirmation of scientific achievements"},"content":{"rendered":"<h2 class=\"wp-block-heading\">Confirmation of scientific achievements<\/h2>\n\n\n\n<p>Acknowledgements of academic achievement are performed for the purposes of competitive procedures for academic staff positions, when changing position and\/or management function, and for the evaluation of academic staff. <\/p>\n\n\n\n<p>Confirmation of academic achievement may include:<\/p>\n\n\n\n<ul class=\"wp-block-list justuj\">\n<li>the number of scientific works published before 1990 that are not included in the <a href=\"https:\/\/publikacje.sum.edu.pl:8443\/expertus\/bib\/\" target=\"_blank\" rel=\"noreferrer noopener\">SUM Publications Database<\/a> with the correct scores supplemented <strong>and\/or <\/strong><\/li>\n<\/ul>\n\n\n\n<p>The analysis is carried out <strong>on the basis of the list provided by the author.<\/strong> In some cases, it may be necessary to add to the number of works listed in the previously published printed version of the SUM Publications Bibliography.<\/p>\n\n\n\n<ul class=\"wp-block-list\">\n<li>the number of scientific papers with appropriate scores published since 1990 based on the contents of the <a href=\"https:\/\/publikacje.sum.edu.pl:8443\/expertus\/bib\/\" target=\"_blank\" rel=\"noreferrer noopener\">SUM Publications Database<\/a>.<\/li>\n<\/ul>\n\n\n\n<p>The number of citations and works cited, as well as the <strong>Hirsch index<\/strong> are provided on the basis of <strong><a href=\"http:\/\/apps.webofknowledge.com\/WOS_GeneralSearch_input.do?product=WOS&amp;search_mode=GeneralSearch&amp;SID=V2oIiTRBjMiAcbFbdOT&amp;preferencesSaved=\" target=\"_blank\" rel=\"noreferrer noopener\">Web of Science<\/a>&nbsp;and&nbsp;<a href=\"http:\/\/www.scopus.com\/;jsessionid=CA7B6AAA736FEF2F7C7453D1393351AF.iqs8TDG0Wy6BURhzD3nFA\" target=\"_blank\" rel=\"noreferrer noopener\">Scopus<\/a><\/strong>which are available on the SUM website and as part of the 'remote work' service.<\/p>\n\n\n\n<div style=\"height:16px\" aria-hidden=\"true\" class=\"wp-block-spacer\"><\/div>","protected":false},"excerpt":{"rendered":"<p>Potwierdzenia dorobku naukowego Potwierdzenia dorobku naukowego wykonywane s\u0105 na potrzeby post\u0119powa\u0144 konkursowych na stanowiska nauczycieli akademickich, w przypadku zmiany stanowiska i\/lub funkcji kierowniczej, a tak\u017ce przy ocenie nauczycieli akademickich. Zawieraj\u0105: Analiza wykonywana jest na podstawie spisu dostarczonego przez autora z uwagi na konieczno\u015b\u0107 ewentualnego uzupe\u0142nienia liczby prac w stosunku do wykazanych w wydawanej wcze\u015bniej wersji [&hellip;]<\/p>","protected":false},"author":5,"featured_media":0,"parent":17194,"menu_order":0,"comment_status":"closed","ping_status":"closed","template":"","meta":{"_eb_attr":"","footnotes":""},"categories":[],"tags":[],"class_list":["post-18774","page","type-page","status-publish","hentry"],"publishpress_future_action":{"enabled":false,"date":"2026-04-12 16:14:10","action":"change-status","newStatus":"draft","terms":[],"taxonomy":"category","extraData":[]},"publishpress_future_workflow_manual_trigger":{"enabledWorkflows":[]},"_links":{"self":[{"href":"https:\/\/biblioteka.sum.edu.pl\/en\/wp-json\/wp\/v2\/pages\/18774","targetHints":{"allow":["GET"]}}],"collection":[{"href":"https:\/\/biblioteka.sum.edu.pl\/en\/wp-json\/wp\/v2\/pages"}],"about":[{"href":"https:\/\/biblioteka.sum.edu.pl\/en\/wp-json\/wp\/v2\/types\/page"}],"author":[{"embeddable":true,"href":"https:\/\/biblioteka.sum.edu.pl\/en\/wp-json\/wp\/v2\/users\/5"}],"replies":[{"embeddable":true,"href":"https:\/\/biblioteka.sum.edu.pl\/en\/wp-json\/wp\/v2\/comments?post=18774"}],"version-history":[{"count":19,"href":"https:\/\/biblioteka.sum.edu.pl\/en\/wp-json\/wp\/v2\/pages\/18774\/revisions"}],"predecessor-version":[{"id":28216,"href":"https:\/\/biblioteka.sum.edu.pl\/en\/wp-json\/wp\/v2\/pages\/18774\/revisions\/28216"}],"up":[{"embeddable":true,"href":"https:\/\/biblioteka.sum.edu.pl\/en\/wp-json\/wp\/v2\/pages\/17194"}],"wp:attachment":[{"href":"https:\/\/biblioteka.sum.edu.pl\/en\/wp-json\/wp\/v2\/media?parent=18774"}],"wp:term":[{"taxonomy":"category","embeddable":true,"href":"https:\/\/biblioteka.sum.edu.pl\/en\/wp-json\/wp\/v2\/categories?post=18774"},{"taxonomy":"post_tag","embeddable":true,"href":"https:\/\/biblioteka.sum.edu.pl\/en\/wp-json\/wp\/v2\/tags?post=18774"}],"curies":[{"name":"wp","href":"https:\/\/api.w.org\/{rel}","templated":true}]}}