{"id":18766,"date":"2023-11-16T11:43:41","date_gmt":"2023-11-16T10:43:41","guid":{"rendered":"https:\/\/biblioteka2.sum.edu.pl\/?page_id=18766"},"modified":"2026-03-30T12:44:23","modified_gmt":"2026-03-30T10:44:23","slug":"analizy-bibliometryczne","status":"publish","type":"page","link":"https:\/\/biblioteka.sum.edu.pl\/en\/dla-publikujacych\/analizy-bibliometryczne\/","title":{"rendered":"Bibliometric analyses"},"content":{"rendered":"<h2 class=\"wp-block-heading\">Bibliometric analyses<\/h2>\n\n\n\n<p><strong>Bibliometric analyses are performed in the procedure for obtaining a postdoctoral degree or a professorial title<\/strong>.<\/p>\n\n\n\n<p>Bibliometric analyses are prepared in the Bibliography and Bibliometrics Department of the SUM Library on the basis of a supplied list of publications prepared in accordance with the <a href=\"https:\/\/www.rdn.gov.pl\/\" target=\"_blank\" rel=\"noreferrer noopener\">Guidelines of the Council for Scientific Excellence<\/a> and Resolution of the SUM Senate <a href=\"https:\/\/sum.edu.pl\/uchwaly-i-zarzadzenia-sum?act=show&amp;idp=2216\" target=\"_blank\" rel=\"noreferrer noopener\">No. <\/a><a href=\"https:\/\/aktyprawne.sum.edu.pl\/?phrase=habilit&amp;number=37%2F2021\">37\/2021<\/a>.<\/p>\n\n\n\n<p><strong>The fee<\/strong> for bibliometric analysis (for persons from outside SUM who are going through the process of obtaining a post-doctoral degree at SUM) <strong>is 5 PLN for each bibliographic description of the publication<\/strong> according to the Price List of Services provided by the Library of SUM, published in the <a href=\"https:\/\/aktyprawne.sum.edu.pl\/oneitem?id=3113\" target=\"_blank\" rel=\"noreferrer noopener\">Decision No. 22\/2023 of the Rector of the Medical University of Silesia in Katowice&nbsp;<\/a>of 17.02.2023.<br>Payment for the service can be made at the SUM Main Library (Warszawska 14 Street, Katowice) or by bank transfer to the account: 40 1050 1214 1000 0007 0000 9103 ING Bank \u015al\u0105ski.<br><strong>The title of the transfer should include<\/strong>: the name and surname of the person for whom the analysis is being carried out and the note:  Library - bibliometric analysis.<\/p>\n\n\n\n<p><img decoding=\"async\" class=\"ikonki\" src=\"https:\/\/biblioteka.sum.edu.pl\/wp-content\/uploads\/2023\/11\/Zasob-2ikonki-1.png\" alt=\"\">Publication lists should be sent in electronic form to the following address: <a href=\"mailto:bibinfo@sum.edu.pl\">bibinfo@sum.edu.pl<\/a>.     <\/p>\n\n\n\n<p class=\"has-ti-bg-alt-background-color has-background\">For information on scientific achievements, please contact the Department by e-mail or phone:<br>+48 <strong>32 208 35 66<\/strong> or <strong>32 208 36 17<\/strong>.<\/p>\n\n\n\n<div style=\"height:14px\" aria-hidden=\"true\" class=\"wp-block-spacer\"><\/div>\n\n\n\n<p><\/p>","protected":false},"excerpt":{"rendered":"<p>Analizy bibliometryczne Analizy bibliometryczne wykonywane s\u0105 w post\u0119powaniu o uzyskanie stopnia naukowego doktora habilitowanego lub tytu\u0142u naukowego profesora. Analizy bibliometryczne opracowywane s\u0105 w Dziale Bibliografii i Bibliometrii Biblioteki \u015aUM na podstawie dostarczonego wykazu publikacji sporz\u0105dzonego zgodnie z wytycznymi Rady Doskona\u0142o\u015bci Naukowej i Uchwa\u0142\u0105 Senatu SUM nr 37\/2021. Op\u0142ata za wykonanie analizy bibliometrycznej dla os\u00f3b spoza [&hellip;]<\/p>","protected":false},"author":5,"featured_media":0,"parent":17194,"menu_order":0,"comment_status":"closed","ping_status":"closed","template":"","meta":{"_eb_attr":"","footnotes":""},"categories":[],"tags":[],"class_list":["post-18766","page","type-page","status-publish","hentry"],"publishpress_future_action":{"enabled":false,"date":"2026-04-12 16:14:56","action":"change-status","newStatus":"draft","terms":[],"taxonomy":"category","extraData":[]},"publishpress_future_workflow_manual_trigger":{"enabledWorkflows":[]},"_links":{"self":[{"href":"https:\/\/biblioteka.sum.edu.pl\/en\/wp-json\/wp\/v2\/pages\/18766","targetHints":{"allow":["GET"]}}],"collection":[{"href":"https:\/\/biblioteka.sum.edu.pl\/en\/wp-json\/wp\/v2\/pages"}],"about":[{"href":"https:\/\/biblioteka.sum.edu.pl\/en\/wp-json\/wp\/v2\/types\/page"}],"author":[{"embeddable":true,"href":"https:\/\/biblioteka.sum.edu.pl\/en\/wp-json\/wp\/v2\/users\/5"}],"replies":[{"embeddable":true,"href":"https:\/\/biblioteka.sum.edu.pl\/en\/wp-json\/wp\/v2\/comments?post=18766"}],"version-history":[{"count":27,"href":"https:\/\/biblioteka.sum.edu.pl\/en\/wp-json\/wp\/v2\/pages\/18766\/revisions"}],"predecessor-version":[{"id":28363,"href":"https:\/\/biblioteka.sum.edu.pl\/en\/wp-json\/wp\/v2\/pages\/18766\/revisions\/28363"}],"up":[{"embeddable":true,"href":"https:\/\/biblioteka.sum.edu.pl\/en\/wp-json\/wp\/v2\/pages\/17194"}],"wp:attachment":[{"href":"https:\/\/biblioteka.sum.edu.pl\/en\/wp-json\/wp\/v2\/media?parent=18766"}],"wp:term":[{"taxonomy":"category","embeddable":true,"href":"https:\/\/biblioteka.sum.edu.pl\/en\/wp-json\/wp\/v2\/categories?post=18766"},{"taxonomy":"post_tag","embeddable":true,"href":"https:\/\/biblioteka.sum.edu.pl\/en\/wp-json\/wp\/v2\/tags?post=18766"}],"curies":[{"name":"wp","href":"https:\/\/api.w.org\/{rel}","templated":true}]}}