{"id":18745,"date":"2023-11-22T17:55:58","date_gmt":"2023-11-22T16:55:58","guid":{"rendered":"https:\/\/biblioteka2.sum.edu.pl\/?page_id=18745"},"modified":"2026-03-17T11:01:15","modified_gmt":"2026-03-17T10:01:15","slug":"oddzial-biblioteki-sum-w-katowicach-ligocie-z-czytelnia-w-katowicach-i-bielsku-bialej","status":"publish","type":"page","link":"https:\/\/biblioteka.sum.edu.pl\/en\/kontakt-i-godziny-otwarcia\/oddzial-biblioteki-sum-w-katowicach-ligocie-z-czytelnia-w-katowicach-i-bielsku-bialej\/","title":{"rendered":"SUM Branch Library in Katowice-Ligota\nwith a reading room in&nbsp;Katowice and Bielsko-Bia\u0142a"},"content":{"rendered":"<h2 class=\"wp-block-heading\">SUM Branch Library in Katowice-Ligota\nwith a reading room in&nbsp;Katowice and Bielsko-Bia\u0142a<\/h2>\n\n\n\n<p class=\"has-ti-bg-color has-text-color has-background has-link-color wp-elements-8803cee39f7a11176bb497b8d8664247\" style=\"background-color:#00395f\">Head of the Branch<\/p>\n\n\n\n<p><strong>Ms Agata Piwo\u0144ska, MA<\/strong><\/p>\n\n\n\n<div class=\"wp-block-group is-layout-constrained wp-block-group-is-layout-constrained\">\n<p class=\"has-ti-bg-color has-text-color has-background has-link-color wp-elements-f47716d98681ef7c1569ba715841444b\" id=\"czyt_lig\" style=\"background-color:#a5c73d\">Library in Katowice-Ligota<\/p>\n\n\n\n<div class=\"wp-block-columns is-layout-flex wp-container-core-columns-is-layout-28f84493 wp-block-columns-is-layout-flex\">\n<div class=\"wp-block-column is-layout-flow wp-block-column-is-layout-flow\">\n<p class=\"has-ti-bg-color has-text-color has-background has-link-color wp-elements-6474d4e21ca3cea060aa193c11424f91\" style=\"background-color:#00395f\">Location<\/p>\n\n\n\n<p>18 Medyk\u00f3w Street<br>40-752 Katowice-Ligota<\/p>\n<\/div>\n\n\n\n<div class=\"wp-block-column is-layout-flow wp-block-column-is-layout-flow\">\n<p class=\"has-ti-bg-color has-text-color has-background has-link-color wp-elements-8400ed1df3215554aa7ac75dcb8ae2c7\" style=\"background-color:#00395f\">Opening hours<\/p>\n\n\n\n<p class=\"has-text-align-center\"><mark style=\"background-color:rgba(0, 0, 0, 0)\" class=\"has-inline-color has-ti-bg-inv-color\">Monday \u2013 Friday <\/mark><br><mark style=\"background-color:rgba(0, 0, 0, 0)\" class=\"has-inline-color has-ti-fg-color\">7.30 a.m. - 7.30 p.m.<\/mark><\/p>\n\n\n\n<p class=\"has-text-align-center\">Saturday 8.00 a.m. - 3.00 p.m.<\/p>\n<\/div>\n\n\n\n<div class=\"wp-block-column is-layout-flow wp-block-column-is-layout-flow\">\n<p class=\"has-ti-bg-color has-text-color has-background has-link-color wp-elements-0e72826400b5c14e55a8ec7a2744770a\" style=\"background-color:#00395f\">Contact<\/p>\n\n\n\n<p>Phone number: +48 32 208 84 89<br><a href=\"mailto:biblig@sum.edu.pl\">biblig@sum.edu.pl<\/a><\/p>\n<\/div>\n<\/div>\n<\/div>\n\n\n\n<div class=\"wp-block-columns is-layout-flex wp-container-core-columns-is-layout-28f84493 wp-block-columns-is-layout-flex\">\n<div class=\"wp-block-column is-vertically-aligned-center is-layout-flow wp-block-column-is-layout-flow\"><\/div>\n\n\n\n<div class=\"wp-block-column is-layout-flow wp-block-column-is-layout-flow\">\n<div class=\"wp-block-columns is-layout-flex wp-container-core-columns-is-layout-28f84493 wp-block-columns-is-layout-flex\">\n<div class=\"wp-block-column is-layout-flow wp-block-column-is-layout-flow\">\n<figure class=\"wp-block-image aligncenter is-resized\"><a href=\"https:\/\/www.facebook.com\/BibliotekaLigota?ref=ts&amp;fref=ts\"><img loading=\"lazy\" decoding=\"async\" width=\"240\" height=\"240\" src=\"https:\/\/biblioteka.sum.edu.pl\/wp-content\/uploads\/2024\/02\/Facebook_Logo_2023.png\" alt=\"\" class=\"wp-image-21992\" style=\"width:52px;height:auto\" srcset=\"https:\/\/biblioteka.sum.edu.pl\/wp-content\/uploads\/2024\/02\/Facebook_Logo_2023.png 240w, https:\/\/biblioteka.sum.edu.pl\/wp-content\/uploads\/2024\/02\/Facebook_Logo_2023-150x150.png 150w, https:\/\/biblioteka.sum.edu.pl\/wp-content\/uploads\/2024\/02\/Facebook_Logo_2023-12x12.png 12w\" sizes=\"auto, (max-width: 240px) 100vw, 240px\" \/><\/a><\/figure>\n\n\n\n<p class=\"kt-adv-heading18745_a22c15-18 wp-block-kadence-advancedheading\" data-kb-block=\"kb-adv-heading18745_a22c15-18\">Facebook<\/p>\n<\/div>\n\n\n\n<div class=\"wp-block-column is-layout-flow wp-block-column-is-layout-flow\">\n<figure class=\"wp-block-image aligncenter is-resized is-style-default\"><a href=\"https:\/\/www.instagram.com\/bibliotekasumligota\/\"><img loading=\"lazy\" decoding=\"async\" width=\"240\" height=\"240\" src=\"https:\/\/biblioteka.sum.edu.pl\/wp-content\/uploads\/2024\/02\/Instagram_icon.png\" alt=\"\" class=\"wp-image-21993\" style=\"width:51px;height:auto\" srcset=\"https:\/\/biblioteka.sum.edu.pl\/wp-content\/uploads\/2024\/02\/Instagram_icon.png 240w, https:\/\/biblioteka.sum.edu.pl\/wp-content\/uploads\/2024\/02\/Instagram_icon-150x150.png 150w, https:\/\/biblioteka.sum.edu.pl\/wp-content\/uploads\/2024\/02\/Instagram_icon-12x12.png 12w\" sizes=\"auto, (max-width: 240px) 100vw, 240px\" \/><\/a><\/figure>\n\n\n\n<p class=\"kt-adv-heading18745_cacf51-8f wp-block-kadence-advancedheading\" data-kb-block=\"kb-adv-heading18745_cacf51-8f\">Instagram<\/p>\n<\/div>\n<\/div>\n<\/div>\n\n\n\n<div class=\"wp-block-column is-layout-flow wp-block-column-is-layout-flow\"><\/div>\n<\/div>\n\n\n\n<p class=\"has-ti-bg-color has-text-color has-background has-link-color wp-elements-2a4ff95c2337bafd07c52591810d920c\" style=\"background-color:#00395f\">Employees:<\/p>\n\n\n\n<p><strong>Ms Karolina Barglik, MA<\/strong><\/p>\n\n\n\n<p><strong>Ms Weronika Florczyk, BA<\/strong><\/p>\n\n\n\n<p><strong>Mr Grzegorz Jakubiec, MA<\/strong><\/p>\n\n\n\n<p><strong>Ms Anna Pieczul, MA<\/strong><\/p>\n\n\n\n<p><strong>Ms Agata Piwo\u0144ska, MA<\/strong><\/p>\n\n\n\n<p><strong>Ms Danuta Wr\u00f3bel, MA<\/strong><\/p>\n\n\n\n<div class=\"wp-block-group is-layout-constrained wp-block-group-is-layout-constrained\">\n<p class=\"has-ti-bg-color has-text-color has-background has-link-color wp-elements-78ade507c3e67d3f8a92f01b5bb7e8ec\" id=\"czyt_kat\" style=\"background-color:#a5c73d\">Reading Room in Katowice<\/p>\n\n\n\n<div class=\"wp-block-columns is-layout-flex wp-container-core-columns-is-layout-28f84493 wp-block-columns-is-layout-flex\">\n<div class=\"wp-block-column is-layout-flow wp-block-column-is-layout-flow\">\n<p class=\"has-ti-bg-color has-text-color has-background has-link-color wp-elements-6474d4e21ca3cea060aa193c11424f91\" style=\"background-color:#00395f\">Location<\/p>\n\n\n\n<p>14 Warszawska Street<br>40-006 Katowice<br>First floor, room 2.11<\/p>\n<\/div>\n\n\n\n<div class=\"wp-block-column is-layout-flow wp-block-column-is-layout-flow\">\n<p class=\"has-ti-bg-color has-text-color has-background has-link-color wp-elements-8400ed1df3215554aa7ac75dcb8ae2c7\" style=\"background-color:#00395f\">Opening hours<\/p>\n\n\n\n<p class=\"has-text-align-center\">Monday \u2013 Friday <mark style=\"background-color:rgba(0, 0, 0, 0)\" class=\"has-inline-color has-ti-bg-inv-color\"><br>7.30 a.m. - 7.30 p.m.<\/mark><\/p>\n<\/div>\n\n\n\n<div class=\"wp-block-column is-layout-flow wp-block-column-is-layout-flow\">\n<p class=\"has-ti-bg-color has-text-color has-background has-link-color wp-elements-0e72826400b5c14e55a8ec7a2744770a\" style=\"background-color:#00395f\">Contact<\/p>\n\n\n\n<p class=\"translation-block\">Phone number: +48 32 208 35 62, <br> +48 32 208 35 20<br><a href=\"\/en\/bibudos@sum.edu.pl\/\" data-type=\"link\" data-id=\"bibudos@sum.edu.pl\" target=\"_self\">bibudos@sum.edu.pl<br><\/a><a href=\"mailto:czytinfo@sum.edu.pl\" target=\"_self\">czytinfo@sum.edu.pl<\/a><\/p>\n<\/div>\n<\/div>\n<\/div>\n\n\n\n<div class=\"wp-block-columns is-layout-flex wp-container-core-columns-is-layout-28f84493 wp-block-columns-is-layout-flex\">\n<div class=\"wp-block-column is-vertically-aligned-center is-layout-flow wp-block-column-is-layout-flow\"><\/div>\n\n\n\n<div class=\"wp-block-column is-layout-flow wp-block-column-is-layout-flow\">\n<div class=\"wp-block-columns is-layout-flex wp-container-core-columns-is-layout-28f84493 wp-block-columns-is-layout-flex\">\n<div class=\"wp-block-column is-layout-flow wp-block-column-is-layout-flow\">\n<figure class=\"wp-block-image aligncenter is-resized\"><a href=\"https:\/\/www.facebook.com\/bibliotekaSUMwKatowicach\/\"><img loading=\"lazy\" decoding=\"async\" width=\"240\" height=\"240\" src=\"https:\/\/biblioteka.sum.edu.pl\/wp-content\/uploads\/2024\/02\/Facebook_Logo_2023.png\" alt=\"\" class=\"wp-image-21992\" style=\"width:52px;height:auto\" srcset=\"https:\/\/biblioteka.sum.edu.pl\/wp-content\/uploads\/2024\/02\/Facebook_Logo_2023.png 240w, https:\/\/biblioteka.sum.edu.pl\/wp-content\/uploads\/2024\/02\/Facebook_Logo_2023-150x150.png 150w, https:\/\/biblioteka.sum.edu.pl\/wp-content\/uploads\/2024\/02\/Facebook_Logo_2023-12x12.png 12w\" sizes=\"auto, (max-width: 240px) 100vw, 240px\" \/><\/a><\/figure>\n\n\n\n<p class=\"kt-adv-heading18745_ebec84-84 wp-block-kadence-advancedheading\" data-kb-block=\"kb-adv-heading18745_ebec84-84\">Facebook<\/p>\n<\/div>\n\n\n\n<div class=\"wp-block-column is-layout-flow wp-block-column-is-layout-flow\">\n<figure class=\"wp-block-image aligncenter is-resized is-style-default\"><a href=\"https:\/\/www.instagram.com\/bibliotekasum\/\"><img loading=\"lazy\" decoding=\"async\" width=\"240\" height=\"240\" src=\"https:\/\/biblioteka.sum.edu.pl\/wp-content\/uploads\/2024\/02\/Instagram_icon.png\" alt=\"\" class=\"wp-image-21993\" style=\"width:51px;height:auto\" srcset=\"https:\/\/biblioteka.sum.edu.pl\/wp-content\/uploads\/2024\/02\/Instagram_icon.png 240w, https:\/\/biblioteka.sum.edu.pl\/wp-content\/uploads\/2024\/02\/Instagram_icon-150x150.png 150w, https:\/\/biblioteka.sum.edu.pl\/wp-content\/uploads\/2024\/02\/Instagram_icon-12x12.png 12w\" sizes=\"auto, (max-width: 240px) 100vw, 240px\" \/><\/a><\/figure>\n\n\n\n<p class=\"kt-adv-heading18745_7292ed-9e wp-block-kadence-advancedheading\" data-kb-block=\"kb-adv-heading18745_7292ed-9e\">Instagram<\/p>\n<\/div>\n<\/div>\n<\/div>\n\n\n\n<div class=\"wp-block-column is-layout-flow wp-block-column-is-layout-flow\"><\/div>\n<\/div>\n\n\n\n<p class=\"has-ti-bg-color has-text-color has-background has-link-color wp-elements-433761abec676ece0249cdbcc2417fcf\" style=\"background-color:#00395f\">Employees:<\/p>\n\n\n\n<p><strong>Ms Ewa Grzesi\u0144ska<\/strong><\/p>\n\n\n\n<p><strong>Mr Emil Majdak, MA<\/strong><\/p>\n\n\n\n<p><strong>Ms Mirela Szczepa\u0144czyk, MA<\/strong><\/p>\n\n\n\n<div class=\"wp-block-group is-layout-constrained wp-block-group-is-layout-constrained\">\n<p class=\"has-ti-bg-color has-text-color has-background has-link-color wp-elements-ca864334a7e4e6f200eb500475f828f7\" id=\"czyt_biel\" style=\"background-color:#a5c73d\">Reading Room in Bielsko-Bia\u0142a<\/p>\n\n\n\n<div class=\"wp-block-columns is-layout-flex wp-container-core-columns-is-layout-28f84493 wp-block-columns-is-layout-flex\">\n<div class=\"wp-block-column is-layout-flow wp-block-column-is-layout-flow\">\n<p class=\"has-ti-bg-color has-text-color has-background has-link-color wp-elements-6474d4e21ca3cea060aa193c11424f91\" style=\"background-color:#00395f\">Location<\/p>\n\n\n\n<p>45 1 Dywizji Pancernej Street<br>43-382 Bielsko-Bia\u0142a<br>II pi\u0119tro, pok\u00f3j 208<\/p>\n<\/div>\n\n\n\n<div class=\"wp-block-column is-layout-flow wp-block-column-is-layout-flow\">\n<p class=\"has-ti-bg-color has-text-color has-background has-link-color wp-elements-8400ed1df3215554aa7ac75dcb8ae2c7\" style=\"background-color:#00395f\">Opening hours<\/p>\n\n\n\n<p class=\"has-text-align-center\">Monday \u2013 Thursday<mark style=\"background-color:rgba(0, 0, 0, 0);color:#abb8c3\" class=\"has-inline-color\"><br><\/mark>7.30 a.m. - 5.00 p.m.<\/p>\n\n\n\n<p class=\"has-text-align-center\">Friday 7.30 a.m. - 3.30 p.m.<br><\/p>\n<\/div>\n\n\n\n<div class=\"wp-block-column is-layout-flow wp-block-column-is-layout-flow\">\n<p class=\"has-ti-bg-color has-text-color has-background has-link-color wp-elements-0e72826400b5c14e55a8ec7a2744770a\" style=\"background-color:#00395f\">Contact<\/p>\n\n\n\n<p>+48 32 208 88 98<br><a href=\"mailto:bibiel@sum.edu.pl\">bibiel@sum.edu.pl<\/a><\/p>\n<\/div>\n<\/div>\n<\/div>\n\n\n\n<div class=\"wp-block-columns is-layout-flex wp-container-core-columns-is-layout-28f84493 wp-block-columns-is-layout-flex\">\n<div class=\"wp-block-column is-vertically-aligned-center is-layout-flow wp-block-column-is-layout-flow\"><\/div>\n\n\n\n<div class=\"wp-block-column is-layout-flow wp-block-column-is-layout-flow\">\n<div class=\"wp-block-columns is-layout-flex wp-container-core-columns-is-layout-28f84493 wp-block-columns-is-layout-flex\">\n<div class=\"wp-block-column is-layout-flow wp-block-column-is-layout-flow\">\n<figure class=\"wp-block-image aligncenter is-resized\"><a href=\"https:\/\/www.facebook.com\/bibliotekasumbb\"><img loading=\"lazy\" decoding=\"async\" width=\"240\" height=\"240\" src=\"https:\/\/biblioteka.sum.edu.pl\/wp-content\/uploads\/2024\/02\/Facebook_Logo_2023.png\" alt=\"\" class=\"wp-image-21992\" style=\"width:52px;height:auto\" srcset=\"https:\/\/biblioteka.sum.edu.pl\/wp-content\/uploads\/2024\/02\/Facebook_Logo_2023.png 240w, https:\/\/biblioteka.sum.edu.pl\/wp-content\/uploads\/2024\/02\/Facebook_Logo_2023-150x150.png 150w, https:\/\/biblioteka.sum.edu.pl\/wp-content\/uploads\/2024\/02\/Facebook_Logo_2023-12x12.png 12w\" sizes=\"auto, (max-width: 240px) 100vw, 240px\" \/><\/a><\/figure>\n\n\n\n<p class=\"kt-adv-heading18745_f3469b-00 wp-block-kadence-advancedheading\" data-kb-block=\"kb-adv-heading18745_f3469b-00\">Facebook<\/p>\n<\/div>\n\n\n\n<div class=\"wp-block-column is-layout-flow wp-block-column-is-layout-flow\">\n<figure class=\"wp-block-image aligncenter is-resized is-style-default\"><a href=\"https:\/\/www.instagram.com\/bibliotekasumbielskobiala\/\"><img loading=\"lazy\" decoding=\"async\" width=\"240\" height=\"240\" src=\"https:\/\/biblioteka.sum.edu.pl\/wp-content\/uploads\/2024\/02\/Instagram_icon.png\" alt=\"\" class=\"wp-image-21993\" style=\"width:51px;height:auto\" srcset=\"https:\/\/biblioteka.sum.edu.pl\/wp-content\/uploads\/2024\/02\/Instagram_icon.png 240w, https:\/\/biblioteka.sum.edu.pl\/wp-content\/uploads\/2024\/02\/Instagram_icon-150x150.png 150w, https:\/\/biblioteka.sum.edu.pl\/wp-content\/uploads\/2024\/02\/Instagram_icon-12x12.png 12w\" sizes=\"auto, (max-width: 240px) 100vw, 240px\" \/><\/a><\/figure>\n\n\n\n<p class=\"kt-adv-heading18745_46452f-e4 wp-block-kadence-advancedheading\" data-kb-block=\"kb-adv-heading18745_46452f-e4\">Instagram<\/p>\n<\/div>\n<\/div>\n<\/div>\n\n\n\n<div class=\"wp-block-column is-layout-flow wp-block-column-is-layout-flow\"><\/div>\n<\/div>\n\n\n\n<p class=\"has-ti-bg-color has-text-color has-background has-link-color wp-elements-433761abec676ece0249cdbcc2417fcf\" style=\"background-color:#00395f\">Employees:<\/p>\n\n\n\n<p><strong>Mr Maciej D\u0119bowski, MA<\/strong><\/p>\n\n\n\n<p><strong>Mr Anna Dyszka, MA<\/strong><\/p>","protected":false},"excerpt":{"rendered":"<p>Oddzia\u0142 Biblioteki \u015aUM w Katowicach-Ligocie z czytelni\u0105 w Katowicach i Bielsku-Bia\u0142ej Kierownik Oddzia\u0142u mgr&nbsp;Agata Piwo\u0144ska Wypo\u017cyczalnia w Katowicach-Ligocie Lokalizacja ul. Medyk\u00f3w 1840-752 Katowice-Ligota Godziny otwarcia poniedzia\u0142ek &#8211; pi\u0105tek 7.30\u201319.30 sobota 8.00-15.00 Kontakt tel. 32 208 84 89biblig@sum.edu.pl Facebook Instagram Pracownicy Wypo\u017cyczalni: mgr&nbsp;Karolina Barglik lic.&nbsp;Weronika Florczyk mgr&nbsp;Grzegorz Jakubiec mgr&nbsp;Anna Pieczul mgr&nbsp;Agata Piwo\u0144ska mgr&nbsp;Danuta Wr\u00f3bel Czytelnia w [&hellip;]<\/p>","protected":false},"author":6,"featured_media":0,"parent":16504,"menu_order":0,"comment_status":"closed","ping_status":"closed","template":"","meta":{"_eb_attr":"","footnotes":""},"categories":[],"tags":[],"class_list":["post-18745","page","type-page","status-publish","hentry"],"publishpress_future_action":{"enabled":false,"date":"2026-04-12 16:36:54","action":"change-status","newStatus":"draft","terms":[],"taxonomy":"category","extraData":[]},"publishpress_future_workflow_manual_trigger":{"enabledWorkflows":[]},"_links":{"self":[{"href":"https:\/\/biblioteka.sum.edu.pl\/en\/wp-json\/wp\/v2\/pages\/18745","targetHints":{"allow":["GET"]}}],"collection":[{"href":"https:\/\/biblioteka.sum.edu.pl\/en\/wp-json\/wp\/v2\/pages"}],"about":[{"href":"https:\/\/biblioteka.sum.edu.pl\/en\/wp-json\/wp\/v2\/types\/page"}],"author":[{"embeddable":true,"href":"https:\/\/biblioteka.sum.edu.pl\/en\/wp-json\/wp\/v2\/users\/6"}],"replies":[{"embeddable":true,"href":"https:\/\/biblioteka.sum.edu.pl\/en\/wp-json\/wp\/v2\/comments?post=18745"}],"version-history":[{"count":45,"href":"https:\/\/biblioteka.sum.edu.pl\/en\/wp-json\/wp\/v2\/pages\/18745\/revisions"}],"predecessor-version":[{"id":27972,"href":"https:\/\/biblioteka.sum.edu.pl\/en\/wp-json\/wp\/v2\/pages\/18745\/revisions\/27972"}],"up":[{"embeddable":true,"href":"https:\/\/biblioteka.sum.edu.pl\/en\/wp-json\/wp\/v2\/pages\/16504"}],"wp:attachment":[{"href":"https:\/\/biblioteka.sum.edu.pl\/en\/wp-json\/wp\/v2\/media?parent=18745"}],"wp:term":[{"taxonomy":"category","embeddable":true,"href":"https:\/\/biblioteka.sum.edu.pl\/en\/wp-json\/wp\/v2\/categories?post=18745"},{"taxonomy":"post_tag","embeddable":true,"href":"https:\/\/biblioteka.sum.edu.pl\/en\/wp-json\/wp\/v2\/tags?post=18745"}],"curies":[{"name":"wp","href":"https:\/\/api.w.org\/{rel}","templated":true}]}}