{"id":18735,"date":"2023-11-15T18:46:51","date_gmt":"2023-11-15T17:46:51","guid":{"rendered":"https:\/\/biblioteka2.sum.edu.pl\/?page_id=18735"},"modified":"2024-09-05T08:48:35","modified_gmt":"2024-09-05T06:48:35","slug":"sekretariat","status":"publish","type":"page","link":"https:\/\/biblioteka.sum.edu.pl\/en\/kontakt-i-godziny-otwarcia\/sekretariat\/","title":{"rendered":"Administration Office"},"content":{"rendered":"<h2 class=\"wp-block-heading\">Administration Office<\/h2>\n\n\n\n<p class=\"has-text-align-left has-ti-bg-color has-text-color has-background has-link-color wp-elements-2a69aa59c3e695a14415dd7413cf110e\" style=\"background-color:#00395f\">Administrative services<\/p>\n\n\n\n<div class=\"wp-block-columns is-layout-flex wp-container-core-columns-is-layout-28f84493 wp-block-columns-is-layout-flex\">\n<div class=\"wp-block-column is-layout-flow wp-block-column-is-layout-flow\">\n<p><strong>Ms Marzena G\u00f3ra, MA<\/strong><br>Phone number: +48 32 208 35 37<br><a href=\"mailto:biblio@sum.edu.pl\">biblio@sum.edu.pl<\/a><\/p>\n<\/div>\n\n\n\n<div class=\"wp-block-column is-layout-flow wp-block-column-is-layout-flow\">\n<p><strong>Library<br>of Medical University of Silesia <br>in Katowice<\/strong><br>14 Warszawska Str.<br>40-006 Katowice<br>First floor, room 2.6<\/p>\n<\/div>\n<\/div>","protected":false},"excerpt":{"rendered":"<p>Sekretariat Biblioteki Obs\u0142uga sekretariatu mgr Marzena G\u00f3ratel. 32 208 35 37biblio@sum.edu.pl Biblioteka\u015al\u0105skiego Uniwersytetu Medycznego w KatowicachWarszawska 14,40-006 KatowiceI\u00a0pi\u0119tro, pok\u00f3j 2.6<\/p>","protected":false},"author":6,"featured_media":0,"parent":16504,"menu_order":0,"comment_status":"closed","ping_status":"closed","template":"","meta":{"_eb_attr":"","footnotes":""},"categories":[],"tags":[],"class_list":["post-18735","page","type-page","status-publish","hentry"],"publishpress_future_action":{"enabled":false,"date":"2026-04-12 16:36:54","action":"change-status","newStatus":"draft","terms":[],"taxonomy":"category","extraData":[]},"publishpress_future_workflow_manual_trigger":{"enabledWorkflows":[]},"_links":{"self":[{"href":"https:\/\/biblioteka.sum.edu.pl\/en\/wp-json\/wp\/v2\/pages\/18735","targetHints":{"allow":["GET"]}}],"collection":[{"href":"https:\/\/biblioteka.sum.edu.pl\/en\/wp-json\/wp\/v2\/pages"}],"about":[{"href":"https:\/\/biblioteka.sum.edu.pl\/en\/wp-json\/wp\/v2\/types\/page"}],"author":[{"embeddable":true,"href":"https:\/\/biblioteka.sum.edu.pl\/en\/wp-json\/wp\/v2\/users\/6"}],"replies":[{"embeddable":true,"href":"https:\/\/biblioteka.sum.edu.pl\/en\/wp-json\/wp\/v2\/comments?post=18735"}],"version-history":[{"count":6,"href":"https:\/\/biblioteka.sum.edu.pl\/en\/wp-json\/wp\/v2\/pages\/18735\/revisions"}],"predecessor-version":[{"id":24424,"href":"https:\/\/biblioteka.sum.edu.pl\/en\/wp-json\/wp\/v2\/pages\/18735\/revisions\/24424"}],"up":[{"embeddable":true,"href":"https:\/\/biblioteka.sum.edu.pl\/en\/wp-json\/wp\/v2\/pages\/16504"}],"wp:attachment":[{"href":"https:\/\/biblioteka.sum.edu.pl\/en\/wp-json\/wp\/v2\/media?parent=18735"}],"wp:term":[{"taxonomy":"category","embeddable":true,"href":"https:\/\/biblioteka.sum.edu.pl\/en\/wp-json\/wp\/v2\/categories?post=18735"},{"taxonomy":"post_tag","embeddable":true,"href":"https:\/\/biblioteka.sum.edu.pl\/en\/wp-json\/wp\/v2\/tags?post=18735"}],"curies":[{"name":"wp","href":"https:\/\/api.w.org\/{rel}","templated":true}]}}