{"id":18732,"date":"2023-11-15T18:42:26","date_gmt":"2023-11-15T17:42:26","guid":{"rendered":"https:\/\/biblioteka2.sum.edu.pl\/?page_id=18732"},"modified":"2025-06-02T12:10:09","modified_gmt":"2025-06-02T10:10:09","slug":"dyrekcja","status":"publish","type":"page","link":"https:\/\/biblioteka.sum.edu.pl\/en\/kontakt-i-godziny-otwarcia\/dyrekcja\/","title":{"rendered":"Director's Office"},"content":{"rendered":"<h2 class=\"wp-block-heading\">Director's Office <\/h2>\n\n\n\n<p class=\"has-text-align-left has-ti-bg-color has-text-color has-background has-link-color wp-elements-6c117efd754d320d7fdba31d54e08cf9\" style=\"background-color:#00395f\">Library Director<\/p>\n\n\n\n<p class=\"has-text-align-left\"><strong>Ms Justyna Seiffert, MA<\/strong><br><a href=\"mailto:jseiffert@sum.edu.pl\">jseiffert@sum.edu.pl<\/a><\/p>\n\n\n\n<p class=\"has-text-align-left has-ti-bg-color has-text-color has-background has-link-color wp-elements-dee208bc5b4f52edbc8b228bae70c47c\" style=\"background-color:#00395f\">Library Deputy Director<\/p>\n\n\n\n<p class=\"has-text-align-left\"><strong><strong>Ms Wioletta Dyjas, MA<\/strong><\/strong><br><a href=\"mailto:wdyjas@sum.edu.pl\">wdyjas@sum.edu.pl<\/a><\/p>\n\n\n\n<p class=\"has-ti-bg-color has-text-color has-background has-link-color wp-elements-293e97479f60bc887878f471ac87a0d2\" style=\"background-color:#00395f\">Location<\/p>\n\n\n\n<div class=\"wp-block-columns is-layout-flex wp-container-core-columns-is-layout-28f84493 wp-block-columns-is-layout-flex\">\n<div class=\"wp-block-column is-layout-flow wp-block-column-is-layout-flow\">\n<p><strong>Library<br>of Medical University of Silesia <br>in Katowice<\/strong><br>14 Warszawska Str.<br>40-006 Katowice<\/p>\n<\/div>\n\n\n\n<div class=\"wp-block-column is-layout-flow wp-block-column-is-layout-flow\">\n<p>First floor, room 2.6<br>Phone number: +48 32 208 35 37<br><a href=\"mailto:biblio@sum.edu.pl\">biblio@sum.edu.pl<\/a><\/p>\n<\/div>\n<\/div>","protected":false},"excerpt":{"rendered":"<p>Dyrekcja Biblioteki Dyrektor Biblioteki \u015aUM mgr Justyna Seiffertjseiffert@sum.edu.pl Zast\u0119pca Dyrektora Biblioteki \u015aUM mgr Wioletta Dyjaswdyjas@sum.edu.pl Lokalizacja Biblioteka\u015al\u0105skiego Uniwersytetu Medycznego w KatowicachWarszawska 14,40-006 Katowice I&nbsp;pi\u0119tro, pok\u00f3j 2.6tel.&nbsp;32 208 35 37biblio@sum.edu.pl<\/p>","protected":false},"author":6,"featured_media":0,"parent":16504,"menu_order":0,"comment_status":"closed","ping_status":"closed","template":"","meta":{"_eb_attr":"","footnotes":""},"categories":[],"tags":[],"class_list":["post-18732","page","type-page","status-publish","hentry"],"publishpress_future_action":{"enabled":false,"date":"2026-04-12 16:37:41","action":"change-status","newStatus":"draft","terms":[],"taxonomy":"category","extraData":[]},"publishpress_future_workflow_manual_trigger":{"enabledWorkflows":[]},"_links":{"self":[{"href":"https:\/\/biblioteka.sum.edu.pl\/en\/wp-json\/wp\/v2\/pages\/18732","targetHints":{"allow":["GET"]}}],"collection":[{"href":"https:\/\/biblioteka.sum.edu.pl\/en\/wp-json\/wp\/v2\/pages"}],"about":[{"href":"https:\/\/biblioteka.sum.edu.pl\/en\/wp-json\/wp\/v2\/types\/page"}],"author":[{"embeddable":true,"href":"https:\/\/biblioteka.sum.edu.pl\/en\/wp-json\/wp\/v2\/users\/6"}],"replies":[{"embeddable":true,"href":"https:\/\/biblioteka.sum.edu.pl\/en\/wp-json\/wp\/v2\/comments?post=18732"}],"version-history":[{"count":19,"href":"https:\/\/biblioteka.sum.edu.pl\/en\/wp-json\/wp\/v2\/pages\/18732\/revisions"}],"predecessor-version":[{"id":26698,"href":"https:\/\/biblioteka.sum.edu.pl\/en\/wp-json\/wp\/v2\/pages\/18732\/revisions\/26698"}],"up":[{"embeddable":true,"href":"https:\/\/biblioteka.sum.edu.pl\/en\/wp-json\/wp\/v2\/pages\/16504"}],"wp:attachment":[{"href":"https:\/\/biblioteka.sum.edu.pl\/en\/wp-json\/wp\/v2\/media?parent=18732"}],"wp:term":[{"taxonomy":"category","embeddable":true,"href":"https:\/\/biblioteka.sum.edu.pl\/en\/wp-json\/wp\/v2\/categories?post=18732"},{"taxonomy":"post_tag","embeddable":true,"href":"https:\/\/biblioteka.sum.edu.pl\/en\/wp-json\/wp\/v2\/tags?post=18732"}],"curies":[{"name":"wp","href":"https:\/\/api.w.org\/{rel}","templated":true}]}}