{"id":18650,"date":"2023-11-15T13:28:21","date_gmt":"2023-11-15T12:28:21","guid":{"rendered":"https:\/\/biblioteka2.sum.edu.pl\/?page_id=18650"},"modified":"2026-03-30T13:03:10","modified_gmt":"2026-03-30T11:03:10","slug":"programy-otwartego-publikowania","status":"publish","type":"page","link":"https:\/\/biblioteka.sum.edu.pl\/en\/dla-publikujacych\/programy-otwartego-publikowania\/","title":{"rendered":"Open access publishing programmes"},"content":{"rendered":"<p><\/p>\n\n\n\n<h2 class=\"wp-block-heading\">Open access publishing programmes<\/h2>\n\n\n\n<p>Contact for open publishing programs SUM Main Library<\/p>\n\n\n\n<p>Mr Krzysztof Go\u015bciniak, MA<br>Phone number: +48 32 208 36 33<br><a href=\"mailto:publikowanieotwarte@sum.edu.pl\">publikowanieotwarte@sum.edu.pl<\/a><\/p>\n\n\n\n<div class=\"wp-block-kadence-spacer aligncenter kt-block-spacer-18650_b15330-12 is-style-wide\"><div class=\"kt-block-spacer kt-block-spacer-halign-center\"><hr class=\"kt-divider\"\/><\/div><\/div>\n\n\n\n<p><em>Open Access = Open Science = Open Access<\/em> means being able to read scientific content without paying for access to it.<\/p>\n\n\n\n<p>Publishers mostly pass on the costs of publishing in the Open Access model to authors in the form of <strong>article processing charge (APC)<\/strong>. These fees can be covered by so-called national or institutional open publishing programmes.<\/p>\n\n\n\n<h3 class=\"wp-block-heading\"><strong>Programmes available to the community<br>Medical University of Silesia in Katowice<\/strong><\/h3>\n\n\n\n<p class=\"has-text-align-left\"><img decoding=\"async\" class=\"wp-image-18334\" src=\"https:\/\/biblioteka.sum.edu.pl\/wp-content\/uploads\/2023\/11\/struktura_organizacyjna.png\" alt=\"struktura organizacyjna\"><a href=\"https:\/\/expertus.com.pl\/s6800000.php\" target=\"_blank\" rel=\"noreferrer noopener\"><strong>Search engine for journals covered by open access publishing programmes<\/strong><\/a><a href=\"https:\/\/expertus.com.pl\/s4900000.php\" target=\"_blank\" rel=\"noopener\"><strong> <\/strong><\/a> <br>allows you to search by: <\/p>\n\n\n\n<ul class=\"wp-block-list\">\n<li>publisher,<\/li>\n\n\n\n<li>journal score,<\/li>\n\n\n\n<li>journal title,<\/li>\n\n\n\n<li>words from the journal title,<\/li>\n\n\n\n<li>journal ISSN.<\/li>\n<\/ul>\n\n\n\n<p><strong>Please, note!<\/strong> The full functionality of the search engine is available on the SUM internet network or via a remote access service (proxy).<\/p>\n\n\n\n<div class=\"wp-block-kadence-spacer aligncenter kt-block-spacer-18650_37fb6e-8d\"><div class=\"kt-block-spacer kt-block-spacer-halign-center\"><hr class=\"kt-divider\"\/><\/div><\/div>\n\n\n\n<h4 class=\"wp-block-heading\">Webinar recording 29.10.2025 <br>(SUM Library)<\/h4>\n\n\n\n<p><a href=\"https:\/\/youtu.be\/rD0sY_6YVus\">Where to publish your article? Journal search engine and open publishing programmes. (webinar in Polisj)<\/a> (Youtube, 1 godz. 02 min 23 sek.)<\/p>\n\n\n\n<div class=\"wp-block-kadence-spacer aligncenter kt-block-spacer-18650_d61f17-c2\"><div class=\"kt-block-spacer kt-block-spacer-halign-center\"><hr class=\"kt-divider\"\/><\/div><\/div>\n\n\n\n<h4 class=\"wp-block-heading\">Policies for subsidising Open Access publications depending on the journal publisher.<\/h4>\n\n\n\n<p><strong>Please, note! <\/strong>When contacting publishers for proper verification, please use business addresses in the domain <strong>@sum.edu.pl<\/strong><\/p>\n\n\n\n<h4 class=\"wp-block-heading\">Open publishing programmes of the Virtual Science Library (WBN)<\/h4>\n\n\n\n<p>They enable researchers affiliated with Polish scientific institutions to publish scientific articles in the Open Access model with financial and organisational support from a national consortium programme.<\/p>\n\n\n\n<div class=\"wp-block-kadence-accordion alignnone\"><div class=\"kt-accordion-wrap kt-accordion-id18650_c74416-04 kt-accordion-has-9-panes kt-active-pane-0 kt-accordion-block kt-pane-header-alignment-left kt-accodion-icon-style-arrow kt-accodion-icon-side-right\" style=\"max-width:none\"><div class=\"kt-accordion-inner-wrap\" data-allow-multiple-open=\"false\" data-start-open=\"none\">\n<div class=\"wp-block-kadence-pane kt-accordion-pane kt-accordion-pane-1 kt-pane18650_eda5a7-92\"><div class=\"kt-accordion-header-wrap\"><button class=\"kt-blocks-accordion-header kt-acccordion-button-label-show\" type=\"button\"><span class=\"kt-blocks-accordion-title-wrap\"><span class=\"kt-blocks-accordion-title\"><strong>Springer <strong><mark style=\"background-color:rgba(0, 0, 0, 0);color:#cf2e2e\" class=\"has-inline-color\">Please note! The programme has been temporarily suspended<\/mark><\/strong><\/strong><\/span><\/span><span class=\"kt-blocks-accordion-icon-trigger\"><\/span><\/button><\/div><div class=\"kt-accordion-panel kt-accordion-panel-hidden\"><div class=\"kt-accordion-panel-inner\">\n<p><a href=\"https:\/\/wbn.icm.edu.pl\/publikowanie-otwarte\/#springer_oa\">Programme terms and conditions.<\/a><br>Wyszukiwarka czasopism uprawnionych do korzystania z programu dost\u0119pna na stronie <a href=\"https:\/\/link.springer.com\/journals\">Springer Journal Finder<\/a>.<\/p>\n\n\n\n<figure class=\"wp-block-image size-large is-resized\"><a href=\"https:\/\/link.springer.com\/journals\"><img loading=\"lazy\" decoding=\"async\" width=\"1024\" height=\"581\" src=\"https:\/\/biblioteka.sum.edu.pl\/wp-content\/uploads\/2025\/06\/springer-journal-finder-1024x581.jpg\" alt=\"\" class=\"wp-image-26735\" style=\"width:605px;height:auto\" srcset=\"https:\/\/biblioteka.sum.edu.pl\/wp-content\/uploads\/2025\/06\/springer-journal-finder-1024x581.jpg 1024w, https:\/\/biblioteka.sum.edu.pl\/wp-content\/uploads\/2025\/06\/springer-journal-finder-300x170.jpg 300w, https:\/\/biblioteka.sum.edu.pl\/wp-content\/uploads\/2025\/06\/springer-journal-finder-768x435.jpg 768w, https:\/\/biblioteka.sum.edu.pl\/wp-content\/uploads\/2025\/06\/springer-journal-finder-18x10.jpg 18w, https:\/\/biblioteka.sum.edu.pl\/wp-content\/uploads\/2025\/06\/springer-journal-finder.jpg 1083w\" sizes=\"auto, (max-width: 1024px) 100vw, 1024px\" \/><\/a><\/figure>\n\n\n\n<p>contact: MA Krzysztof Go\u015bciniak<br><a href=\"mailto:publikowanieotwarte@sum.edu.pl\">publikowanieotwarte@sum.edu.pl<\/a><\/p>\n<\/div><\/div><\/div>\n\n\n\n<div class=\"wp-block-kadence-pane kt-accordion-pane kt-accordion-pane-2 kt-pane18650_2f2430-06\"><div class=\"kt-accordion-header-wrap\"><button class=\"kt-blocks-accordion-header kt-acccordion-button-label-show\" type=\"button\"><span class=\"kt-blocks-accordion-title-wrap\"><span class=\"kt-blocks-accordion-title\"><strong>Elsevier<\/strong> <strong><mark style=\"background-color:rgba(0, 0, 0, 0);color:#cf2e2e\" class=\"has-inline-color\"><strong><strong><mark style=\"background-color:rgba(0, 0, 0, 0);color:#cf2e2e\" class=\"has-inline-color\">Please note! The programme has been temporarily suspended<\/mark><\/strong><\/strong><\/mark><\/strong><br><strong><mark style=\"background-color:rgba(0, 0, 0, 0);color:#f52a1b\" class=\"has-inline-color\"><\/mark><\/strong><\/span><\/span><span class=\"kt-blocks-accordion-icon-trigger\"><\/span><\/button><\/div><div class=\"kt-accordion-panel kt-accordion-panel-hidden\"><div class=\"kt-accordion-panel-inner\">\n<p><a href=\"https:\/\/wbn.icm.edu.pl\/publikowanie-otwarte\/#elsevier_oa\">Programme terms and conditions.<\/a><\/p>\n\n\n\n<p>Contact: Karolina Mateja <br><a href=\"mailto:karolina.mateja@sum.edu.pl\">karolina.mateja@sum.edu.pl<\/a>&nbsp;phone: (+48 32) 208 35 34<\/p>\n<\/div><\/div><\/div>\n\n\n\n<div class=\"wp-block-kadence-pane kt-accordion-pane kt-accordion-pane-3 kt-pane18650_5f8228-ff\"><div class=\"kt-accordion-header-wrap\"><button class=\"kt-blocks-accordion-header kt-acccordion-button-label-show\" type=\"button\"><span class=\"kt-blocks-accordion-title-wrap\"><span class=\"kt-blocks-accordion-title\"><strong>Scoap3<\/strong><\/span><\/span><span class=\"kt-blocks-accordion-icon-trigger\"><\/span><\/button><\/div><div class=\"kt-accordion-panel kt-accordion-panel-hidden\"><div class=\"kt-accordion-panel-inner\">\n<p><a href=\"https:\/\/wbn.icm.edu.pl\/publikowanie-otwarte\/#scoap3\">Programme terms and conditions.<\/a>.<\/p>\n<\/div><\/div><\/div>\n\n\n\n<div class=\"wp-block-kadence-pane kt-accordion-pane kt-accordion-pane-4 kt-pane18650_dc15da-55\"><div class=\"kt-accordion-header-wrap\"><button class=\"kt-blocks-accordion-header kt-acccordion-button-label-show\" type=\"button\"><span class=\"kt-blocks-accordion-title-wrap\"><span class=\"kt-blocks-accordion-title\"><strong>ACS<\/strong> <strong>(American Chemical Society)<\/strong> <strong><mark style=\"background-color:rgba(0, 0, 0, 0);color:#cf2e2e\" class=\"has-inline-color\"><strong><strong><mark style=\"background-color:rgba(0, 0, 0, 0);color:#cf2e2e\" class=\"has-inline-color\">Please note! The programme has been temporarily suspended<\/mark><\/strong><\/strong><\/mark><\/strong><\/span><\/span><span class=\"kt-blocks-accordion-icon-trigger\"><\/span><\/button><\/div><div class=\"kt-accordion-panel kt-accordion-panel-hidden\"><div class=\"kt-accordion-panel-inner\">\n<p><a href=\"https:\/\/wbn.icm.edu.pl\/publikowanie-otwarte\/#acs_oa\">Programme terms and conditions.<\/a><br>Journals published by the American Chemical Society.<\/p>\n<\/div><\/div><\/div>\n\n\n\n<div class=\"wp-block-kadence-pane kt-accordion-pane kt-accordion-pane-5 kt-pane18650_f496d5-23\"><div class=\"kt-accordion-header-wrap\"><button class=\"kt-blocks-accordion-header kt-acccordion-button-label-show\" type=\"button\"><span class=\"kt-blocks-accordion-title-wrap\"><span class=\"kt-blocks-accordion-title\"><strong>LWW (Lippincott Williams and Wilkins)<\/strong> <strong><strong><mark style=\"background-color:rgba(0, 0, 0, 0);color:#cf2e2e\" class=\"has-inline-color\">Please note! The programme has been temporarily suspended<\/mark><\/strong><\/strong><\/span><\/span><span class=\"kt-blocks-accordion-icon-trigger\"><\/span><\/button><\/div><div class=\"kt-accordion-panel kt-accordion-panel-hidden\"><div class=\"kt-accordion-panel-inner\">\n<p><a href=\"https:\/\/wbn.icm.edu.pl\/publikowanie-otwarte\/#lww_oa\">Programme terms and conditions.<\/a><br>Journals published by the Lippincott Williams and Wilkins.<\/p>\n<\/div><\/div><\/div>\n\n\n\n<div class=\"wp-block-kadence-pane kt-accordion-pane kt-accordion-pane-6 kt-pane18650_e7f4d7-0d\"><div class=\"kt-accordion-header-wrap\"><button class=\"kt-blocks-accordion-header kt-acccordion-button-label-show\" type=\"button\"><span class=\"kt-blocks-accordion-title-wrap\"><span class=\"kt-blocks-accordion-title\"><strong>Oxford University Press<\/strong><\/span><\/span><span class=\"kt-blocks-accordion-icon-trigger\"><\/span><\/button><\/div><div class=\"kt-accordion-panel kt-accordion-panel-hidden\"><div class=\"kt-accordion-panel-inner\">\n<p><a href=\"https:\/\/wbn.icm.edu.pl\/publikowanie-otwarte\/#oup_oa\">Programme terms and conditions.<\/a><br>Journals from Oxford University Press<\/p>\n<\/div><\/div><\/div>\n\n\n\n<div class=\"wp-block-kadence-pane kt-accordion-pane kt-accordion-pane-7 kt-pane18650_514dda-8d\"><div class=\"kt-accordion-header-wrap\"><button class=\"kt-blocks-accordion-header kt-acccordion-button-label-show\" type=\"button\"><span class=\"kt-blocks-accordion-title-wrap\"><span class=\"kt-blocks-accordion-title\"><strong>Taylor &amp; Francis<\/strong> <strong><mark style=\"background-color:rgba(0, 0, 0, 0);color:#cf2e2e\" class=\"has-inline-color\"><strong><strong><mark style=\"background-color:rgba(0, 0, 0, 0);color:#cf2e2e\" class=\"has-inline-color\">Please note! The programme has been temporarily suspended<\/mark><\/strong><\/strong><\/mark><\/strong><\/span><\/span><span class=\"kt-blocks-accordion-icon-trigger\"><\/span><\/button><\/div><div class=\"kt-accordion-panel kt-accordion-panel-hidden\"><div class=\"kt-accordion-panel-inner\">\n<p><a href=\"https:\/\/wbn.icm.edu.pl\/publikowanie-otwarte\/#tf_oa\">Programme terms and conditions.<\/a><br>Taylor &amp; Francis Publishing journals<\/p>\n<\/div><\/div><\/div>\n<\/div><\/div><\/div>\n\n\n\n<hr class=\"wp-block-separator has-alpha-channel-opacity\"\/>\n\n\n\n<h4 class=\"wp-block-heading\"><strong>Open access publishing schemes under \u015aUM partnership agreements<\/strong><\/h4>\n\n\n\n<p>They enable authors to publish articles in academic journals under the Open Access (OA) model, with the publication costs (APC) covered in part or in full by the university.<\/p>\n\n\n\n<div class=\"wp-block-kadence-accordion alignnone\"><div class=\"kt-accordion-wrap kt-accordion-id18650_bb9712-38 kt-accordion-has-4-panes kt-active-pane-0 kt-accordion-block kt-pane-header-alignment-left kt-accodion-icon-style-arrow kt-accodion-icon-side-right\" style=\"max-width:none\"><div class=\"kt-accordion-inner-wrap\" data-allow-multiple-open=\"false\" data-start-open=\"none\">\n<div class=\"wp-block-kadence-pane kt-accordion-pane kt-accordion-pane-1 kt-pane18650_4fd856-67\"><div class=\"kt-accordion-header-wrap\"><button class=\"kt-blocks-accordion-header kt-acccordion-button-label-show\" type=\"button\"><span class=\"kt-blocks-accordion-title-wrap\"><span class=\"kt-blocks-accordion-title\"><strong>MDPI<\/strong><\/span><\/span><span class=\"kt-blocks-accordion-icon-trigger\"><\/span><\/button><\/div><div class=\"kt-accordion-panel kt-accordion-panel-hidden\"><div class=\"kt-accordion-panel-inner\">\n<p><a href=\"https:\/\/biblioteka.sum.edu.pl\/en\/program-partnerski-mdpi\/\" data-type=\"link\" data-id=\"https:\/\/biblioteka.sum.edu.pl\/program-partnerski-mdpi\/\">Programme terms and conditions.<\/a>.<br>contact: MA Krzysztof Go\u015bciniak&nbsp;<br><a href=\"mailto:publikowanieotwarte@sum.edu.pl\">publikowanieotwarte@sum.edu.pl<\/a><\/p>\n\n\n\n<p><a href=\"https:\/\/biblioteka.sum.edu.pl\/en\/mdpi-warsztaty-dla-publikujacych\/\">MDPI Scientific Publishing Workshop at the Medical University of Silesia<\/a><\/p>\n<\/div><\/div><\/div>\n\n\n\n<div class=\"wp-block-kadence-pane kt-accordion-pane kt-accordion-pane-2 kt-pane18650_e748e3-ff\"><div class=\"kt-accordion-header-wrap\"><button class=\"kt-blocks-accordion-header kt-acccordion-button-label-show\" type=\"button\"><span class=\"kt-blocks-accordion-title-wrap\"><span class=\"kt-blocks-accordion-title\"><strong>Bentham<\/strong><\/span><\/span><span class=\"kt-blocks-accordion-icon-trigger\"><\/span><\/button><\/div><div class=\"kt-accordion-panel kt-accordion-panel-hidden\"><div class=\"kt-accordion-panel-inner\">\n<p><a href=\"https:\/\/biblioteka.sum.edu.pl\/en\/program-partnerski-wydawnictwo-bentham\/\" data-type=\"link\" data-id=\"https:\/\/biblioteka.sum.edu.pl\/program-partnerski-wydawnictwo-bentham\/\">Programme terms and conditions.<\/a>.<br>contact: MA Krzysztof Go\u015bciniak&nbsp;<br><a href=\"mailto:publikowanieotwarte@sum.edu.pl\">publikowanieotwarte@sum.edu.pl<\/a><\/p>\n<\/div><\/div><\/div>\n\n\n\n<div class=\"wp-block-kadence-pane kt-accordion-pane kt-accordion-pane-3 kt-pane18650_e0edba-1c\"><div class=\"kt-accordion-header-wrap\"><button class=\"kt-blocks-accordion-header kt-acccordion-button-label-show\" type=\"button\"><span class=\"kt-blocks-accordion-title-wrap\"><span class=\"kt-blocks-accordion-title\"><strong>Frontiers<\/strong><\/span><\/span><span class=\"kt-blocks-accordion-icon-trigger\"><\/span><\/button><\/div><div class=\"kt-accordion-panel kt-accordion-panel-hidden\"><div class=\"kt-accordion-panel-inner\">\n<p><a href=\"https:\/\/biblioteka.sum.edu.pl\/en\/dla-publikujacych\/programy-otwartego-publikowania\/program-partnerski-frontiers\/\" data-type=\"page\" data-id=\"24415\">Programme terms and conditions.<\/a><br>contact: MA Krzysztof Go\u015bciniak&nbsp;<br><a href=\"mailto:publikowanieotwarte@sum.edu.pl\">publikowanieotwarte@sum.edu.pl<\/a><\/p>\n<\/div><\/div><\/div>\n\n\n\n<div class=\"wp-block-kadence-pane kt-accordion-pane kt-accordion-pane-4 kt-pane18650_d8a066-21\"><div class=\"kt-accordion-header-wrap\"><button class=\"kt-blocks-accordion-header kt-acccordion-button-label-show\" type=\"button\"><span class=\"kt-blocks-accordion-title-wrap\"><span class=\"kt-blocks-accordion-title\"><strong>Cambridge University Press (CUP)<\/strong><\/span><\/span><span class=\"kt-blocks-accordion-icon-trigger\"><\/span><\/button><\/div><div class=\"kt-accordion-panel kt-accordion-panel-hidden\"><div class=\"kt-accordion-panel-inner\">\n<p><a href=\"https:\/\/biblioteka.sum.edu.pl\/en\/program-publikowania-otwartego-cambridge-university-press\/\">Programme terms and conditions.<\/a><br>We recommend the use of <a href=\"https:\/\/biblioteka.sum.edu.pl\/wp-content\/uploads\/2024\/03\/Wykaz-czasopism-z-listy-ministerialnej-w-kolekcji-subskrypcyjnej-wydawnictwa-Cambridge-University-Press.pdf\" data-type=\"link\" data-id=\"https:\/\/biblioteka.sum.edu.pl\/wp-content\/uploads\/2024\/03\/Wykaz-czasopism-z-listy-ministerialnej-w-kolekcji-subskrypcyjnej-wydawnictwa-Cambridge-University-Press.pdf\">summary (PDF; 604 KB; in Polish)<\/a> (PDF; 604 KB; in Polish), which will help you choose the right journal to publish your scientific article. You will find data on the ministerial score, the value of the applicable Impact Factor, a list of indexing and abstracting databases, as well as a direct link to the website of the selected journal.<\/p>\n<\/div><\/div><\/div>\n\n\n\n<div class=\"wp-block-kadence-pane kt-accordion-pane kt-accordion-pane-9 kt-pane18650_30ac37-92\"><div class=\"kt-accordion-header-wrap\"><button class=\"kt-blocks-accordion-header kt-acccordion-button-label-show\" type=\"button\"><span class=\"kt-blocks-accordion-title-wrap\"><span class=\"kt-blocks-accordion-title\"><strong>Wiley<\/strong><\/span><\/span><span class=\"kt-blocks-accordion-icon-trigger\"><\/span><\/button><\/div><div class=\"kt-accordion-panel kt-accordion-panel-hidden\"><div class=\"kt-accordion-panel-inner\">\n<p><a href=\"https:\/\/biblioteka.sum.edu.pl\/en\/dla-publikujacych\/programy-otwartego-publikowania\/wiley-open-access-agreement-woaa\/\" data-type=\"page\" data-id=\"26573\">Programme terms and conditions.<\/a><br>contact: MA Krzysztof Go\u015bciniak<br><a href=\"mailto:publikowanieotwarte@sum.edu.pl\">publikowanieotwarte@sum.edu.pl<\/a><\/p>\n<\/div><\/div><\/div>\n<\/div><\/div><\/div>\n\n\n\n<p><\/p>","protected":false},"excerpt":{"rendered":"<p>Programy otwartego publikowania Kontakt w sprawie program\u00f3w otwartego publikowania Biblioteka G\u0142\u00f3wna \u015aUM: mgr Krzysztof Go\u015bciniaktel. 32 208 36 33publikowanieotwarte@sum.edu.pl Open Access = Otwarta nauka = Otwarty dost\u0119p oznacza mo\u017cliwo\u015b\u0107 zapoznania si\u0119 z tre\u015bciami naukowymi bez op\u0142at za dost\u0119p do nich. Wydawnictwa koszty publikacji w modelu Open Access przenosz\u0105 w wi\u0119kszo\u015bci przypadk\u00f3w na autor\u00f3w w postaci [&hellip;]<\/p>","protected":false},"author":4,"featured_media":0,"parent":17194,"menu_order":0,"comment_status":"closed","ping_status":"closed","template":"","meta":{"_eb_attr":"","footnotes":""},"categories":[],"tags":[],"class_list":["post-18650","page","type-page","status-publish","hentry"],"publishpress_future_action":{"enabled":false,"date":"2026-04-12 16:13:31","action":"change-status","newStatus":"draft","terms":[],"taxonomy":"category","extraData":[]},"publishpress_future_workflow_manual_trigger":{"enabledWorkflows":[]},"_links":{"self":[{"href":"https:\/\/biblioteka.sum.edu.pl\/en\/wp-json\/wp\/v2\/pages\/18650","targetHints":{"allow":["GET"]}}],"collection":[{"href":"https:\/\/biblioteka.sum.edu.pl\/en\/wp-json\/wp\/v2\/pages"}],"about":[{"href":"https:\/\/biblioteka.sum.edu.pl\/en\/wp-json\/wp\/v2\/types\/page"}],"author":[{"embeddable":true,"href":"https:\/\/biblioteka.sum.edu.pl\/en\/wp-json\/wp\/v2\/users\/4"}],"replies":[{"embeddable":true,"href":"https:\/\/biblioteka.sum.edu.pl\/en\/wp-json\/wp\/v2\/comments?post=18650"}],"version-history":[{"count":98,"href":"https:\/\/biblioteka.sum.edu.pl\/en\/wp-json\/wp\/v2\/pages\/18650\/revisions"}],"predecessor-version":[{"id":28226,"href":"https:\/\/biblioteka.sum.edu.pl\/en\/wp-json\/wp\/v2\/pages\/18650\/revisions\/28226"}],"up":[{"embeddable":true,"href":"https:\/\/biblioteka.sum.edu.pl\/en\/wp-json\/wp\/v2\/pages\/17194"}],"wp:attachment":[{"href":"https:\/\/biblioteka.sum.edu.pl\/en\/wp-json\/wp\/v2\/media?parent=18650"}],"wp:term":[{"taxonomy":"category","embeddable":true,"href":"https:\/\/biblioteka.sum.edu.pl\/en\/wp-json\/wp\/v2\/categories?post=18650"},{"taxonomy":"post_tag","embeddable":true,"href":"https:\/\/biblioteka.sum.edu.pl\/en\/wp-json\/wp\/v2\/tags?post=18650"}],"curies":[{"name":"wp","href":"https:\/\/api.w.org\/{rel}","templated":true}]}}