{"id":17804,"date":"2023-11-06T11:25:32","date_gmt":"2023-11-06T10:25:32","guid":{"rendered":"https:\/\/biblioteka2.sum.edu.pl\/?page_id=17804"},"modified":"2026-03-30T13:01:54","modified_gmt":"2026-03-30T11:01:54","slug":"menadzery-bibliografii","status":"publish","type":"page","link":"https:\/\/biblioteka.sum.edu.pl\/en\/dla-publikujacych\/menadzery-bibliografii\/","title":{"rendered":"Reference Managers"},"content":{"rendered":"<div class=\"wp-block-group is-layout-constrained wp-block-group-is-layout-constrained\">\n<h2 class=\"wp-block-heading H2_biblioteka\" id=\"we-re-a-studio-in-berlin-with-an-international-practice-in-architecture-urban-planning-and-interior-design-we-believe-in-sharing-knowledge-and-promoting-dialogue-to-increase-the-creative-potential-of-collaboration\" style=\"line-height:1\">Reference Managers<\/h2>\n\n\n\n<div style=\"height:18px;width:0px\" aria-hidden=\"true\" class=\"wp-block-spacer\"><\/div>\n\n\n\n<p class=\"has-link-color wp-elements-17fadd2cb54c4e70e17af8596d9100e1\"><\/p>\n\n\n\n<div class=\"wp-block-media-text alignwide is-stacked-on-mobile justuj has-ti-bg-alt-background-color has-background\"><figure class=\"wp-block-media-text__media\"><img loading=\"lazy\" decoding=\"async\" width=\"1024\" height=\"562\" src=\"https:\/\/biblioteka.sum.edu.pl\/wp-content\/uploads\/2023\/11\/menadzery-bibliografii-okladka-1-1024x562.png\" alt=\"\" class=\"wp-image-17808 size-full\" srcset=\"https:\/\/biblioteka.sum.edu.pl\/wp-content\/uploads\/2023\/11\/menadzery-bibliografii-okladka-1-1024x562.png 1024w, https:\/\/biblioteka.sum.edu.pl\/wp-content\/uploads\/2023\/11\/menadzery-bibliografii-okladka-1-300x165.png 300w, https:\/\/biblioteka.sum.edu.pl\/wp-content\/uploads\/2023\/11\/menadzery-bibliografii-okladka-1-768x422.png 768w, https:\/\/biblioteka.sum.edu.pl\/wp-content\/uploads\/2023\/11\/menadzery-bibliografii-okladka-1-1536x843.png 1536w, https:\/\/biblioteka.sum.edu.pl\/wp-content\/uploads\/2023\/11\/menadzery-bibliografii-okladka-1-18x10.png 18w, https:\/\/biblioteka.sum.edu.pl\/wp-content\/uploads\/2023\/11\/menadzery-bibliografii-okladka-1.png 1572w\" sizes=\"auto, (max-width: 1024px) 100vw, 1024px\" \/><\/figure><div class=\"wp-block-media-text__content\">\n<p>The <strong><a href=\"https:\/\/biblioteka.sum.edu.pl\/wp-content\/uploads\/2023\/11\/MENEDERY_BIBLIOGRAFII-1.pdf\" target=\"_blank\" rel=\"noreferrer noopener\">presentation<\/a> <\/strong>includes a general overview of the bibliography managers [in Polish only], such as: <em>Zotero, Mendeley<\/em> and <em>and Citavi<\/em>.<\/p>\n<\/div><\/div>\n\n\n\n<div style=\"height:19px;width:0px\" aria-hidden=\"true\" class=\"wp-block-spacer\"><\/div>\n\n\n\n<p>Below are details of the selected programmes.<\/p>\n<\/div>\n\n\n\n<div class=\"wp-block-group alignwide is-layout-constrained wp-block-group-is-layout-constrained\">\n<h3 class=\"wp-block-heading H2_biblioteka\" id=\"we-re-a-studio-in-berlin-with-an-international-practice-in-architecture-urban-planning-and-interior-design-we-believe-in-sharing-knowledge-and-promoting-dialogue-to-increase-the-creative-potential-of-collaboration\" style=\"line-height:1\">Mendeley<\/h3>\n\n\n\n<div class=\"wp-block-group alignwide is-layout-constrained wp-block-group-is-layout-constrained\"><\/div>\n\n\n\n<p>Elsevier's <a rel=\"noreferrer noopener\" href=\"https:\/\/www.mendeley.com\/\" target=\"_blank\">Mendeley<\/a> software <em>Elsevier<\/em> that allows you to work actively on PDF files. Mendeley allows you to share your collected resources with other researchers online and to work in groups.<br><br>The main features of the programme are:<\/p>\n\n\n\n<ul class=\"wp-block-list\">\n<li>interfacing with word processors for the instant creation of an appendix bibliography;<\/li>\n\n\n\n<li class=\"justuj\">quick and easy importing and organising of scientific articles from medical databases (PubMed, Science Direct, etc.) using a special tabb;<\/li>\n\n\n\n<li class=\"justuj\">working on materials in PDF format with the possibility of making notes and highlighting;<\/li>\n\n\n\n<li class=\"justuj\">networking within thematic groups.<\/li>\n<\/ul>\n\n\n\n<p>&nbsp;<\/p>\n\n\n\n<h3 class=\"wp-block-heading has-medium-font-size\"><strong>Support materials<\/strong><\/h3>\n\n\n\n<p>Please check <strong>the official guides to Mendeley on official site of Elsevier<\/strong>. Please register on the e-learning platform before viewing the second webinar.<br>Official Elsevier webinar that covers the following topics:<\/p>\n\n\n\n<div class=\"wp-block-kadence-accordion alignnone\"><div class=\"kt-accordion-wrap kt-accordion-id17804_86160a-56 kt-accordion-has-16-panes kt-active-pane-0 kt-accordion-block kt-pane-header-alignment-left kt-accodion-icon-style-arrow kt-accodion-icon-side-right\" style=\"max-width:none\"><div class=\"kt-accordion-inner-wrap\" data-allow-multiple-open=\"false\" data-start-open=\"none\">\n<div class=\"wp-block-kadence-pane kt-accordion-pane kt-accordion-pane-1 kt-pane17804_0ae271-7f\"><div class=\"kt-accordion-header-wrap\"><button class=\"kt-blocks-accordion-header kt-acccordion-button-label-show\" type=\"button\"><span class=\"kt-blocks-accordion-title-wrap\"><span class=\"kt-blocks-accordion-title\">Mendeley - help guides<\/span><\/span><span class=\"kt-blocks-accordion-icon-trigger\"><\/span><\/button><\/div><div class=\"kt-accordion-panel kt-accordion-panel-hidden\"><div class=\"kt-accordion-panel-inner\">\n<p><a href=\"https:\/\/www.mendeley.com\/guides\" target=\"_blank\" rel=\"noreferrer noopener\">Video<\/a> (Youtube, 1h 13 min. 24sec.)<br>Explore Mendeley tools, community and discover the huge range of groups, people and institutions that use our tools.<\/p>\n<\/div><\/div><\/div>\n\n\n\n<div class=\"wp-block-kadence-pane kt-accordion-pane kt-accordion-pane-2 kt-pane17804_106538-18\"><div class=\"kt-accordion-header-wrap\"><button class=\"kt-blocks-accordion-header kt-acccordion-button-label-show\" type=\"button\"><span class=\"kt-blocks-accordion-title-wrap\"><span class=\"kt-blocks-accordion-title\">How to use the citation and bibliography tools?<\/span><\/span><span class=\"kt-blocks-accordion-icon-trigger\"><\/span><\/button><\/div><div class=\"kt-accordion-panel kt-accordion-panel-hidden\"><div class=\"kt-accordion-panel-inner\">\n<p><a href=\"https:\/\/elearning.sum.edu.pl\/login\/index.php\" target=\"_blank\" rel=\"noreferrer noopener\">Access to the e-learning platform<\/a>.<br><br><strong>How do to view training content?<\/strong><\/p>\n\n\n\n<p>1. Please click on the link above;<\/p>\n\n\n\n<p>2. Log in using your e-mail in the 365.sum.edu.pl domain (as a student) and the password assigned to that e-mail;<\/p>\n\n\n\n<p>3. On the following page, click the \"Sign me up\" button.<\/p>\n\n\n\n<div style=\"height:13px\" aria-hidden=\"true\" class=\"wp-block-spacer\"><\/div>\n\n\n\n<p>Bibliography managers are a family of programs that are used to collect bibliographic descriptions and create from such a data set - footnotes and appendix bibliographies in written works. The range of such programs available on the market is constantly expanding.<br>The video we present to you includes instructions on how to use three bibliography managers: Mendeley, SciFlow and EndNote 2.1.<\/p>\n\n\n\n<p>The training is provided by Mr Marek Halkiewicz, MA.<\/p>\n<\/div><\/div><\/div>\n<\/div><\/div><\/div>\n\n\n\n<p class=\"justuj\"><\/p>\n\n\n\n<div style=\"height:18px;width:0px\" aria-hidden=\"true\" class=\"wp-block-spacer\"><\/div>\n\n\n\n<p><img decoding=\"async\" class=\"ikonki\" src=\"https:\/\/biblioteka.sum.edu.pl\/wp-content\/uploads\/2023\/11\/Zasob-7ikonki-1.png\" alt=\"\">If you have any questions about the operation of the programme, please contact us by phone or email:<br>Marek Halkiewicz, phone: 32 208-36-22; e-mail: <a href=\"mailto:mhalkiewicz@sum.edu.pl\">mhalkiewicz@sum.edu.pl<\/a><br>Krzysztof Go\u015bciniak, phone: 32 370-52-59; e-mail: <a href=\"mailto:kgosciniak@sum.edu.pl\">kgosciniak@sum.edu.pl<\/a><\/p>\n<\/div>\n\n\n\n<div class=\"wp-block-group alignwide is-layout-constrained wp-block-group-is-layout-constrained\"><\/div>\n\n\n\n<div class=\"wp-block-group alignwide is-layout-constrained wp-block-group-is-layout-constrained\">\n<div class=\"wp-block-group alignwide is-layout-constrained wp-block-group-is-layout-constrained\"><\/div>\n<\/div>\n\n\n\n<div style=\"height:14px\" aria-hidden=\"true\" class=\"wp-block-spacer\"><\/div>\n\n\n\n<h2 class=\"wp-block-heading H2_biblioteka\" id=\"we-re-a-studio-in-berlin-with-an-international-practice-in-architecture-urban-planning-and-interior-design-we-believe-in-sharing-knowledge-and-promoting-dialogue-to-increase-the-creative-potential-of-collaboration\" style=\"line-height:1\">EndNote<\/h2>\n\n\n\n<div class=\"wp-block-group alignwide is-layout-constrained wp-block-group-is-layout-constrained\">\n<p><strong>EndNote 21<\/strong> is Clarivate's latest bibliography manager.<\/p>\n\n\n\n<p>Key features of the programme:<\/p>\n\n\n\n<ul class=\"wp-block-list\">\n<li>optimise the writing process with integrated document creation tools;<\/li>\n\n\n\n<li>protection of the user's work thanks to the data restoration function;<\/li>\n\n\n\n<li>Organise individual research topics and their associated references using the <strong>EndNote Tags function;<\/strong>;<\/li>\n\n\n\n<li>time-saving access to full-text PDF files thanks to the free EndNote Click browser plug-in. <strong>EndNote Click<\/strong>.<\/li>\n<\/ul>\n\n\n\n<p class=\"has-link-color wp-elements-320a0ad8c9682c92e95b0b1b39bcd52d\">&nbsp;<\/p>\n<\/div>\n\n\n\n<div class=\"wp-block-group is-layout-constrained wp-block-group-is-layout-constrained\">\n<div class=\"wp-block-media-text alignwide is-stacked-on-mobile has-ti-bg-alt-background-color has-background\"><figure class=\"wp-block-media-text__media\"><img loading=\"lazy\" decoding=\"async\" width=\"836\" height=\"484\" src=\"https:\/\/biblioteka.sum.edu.pl\/wp-content\/uploads\/2023\/11\/endnote21-logo-2.webp\" alt=\"\" class=\"wp-image-18152 size-full\" srcset=\"https:\/\/biblioteka.sum.edu.pl\/wp-content\/uploads\/2023\/11\/endnote21-logo-2.webp 836w, https:\/\/biblioteka.sum.edu.pl\/wp-content\/uploads\/2023\/11\/endnote21-logo-2-300x174.webp 300w, https:\/\/biblioteka.sum.edu.pl\/wp-content\/uploads\/2023\/11\/endnote21-logo-2-768x445.webp 768w, https:\/\/biblioteka.sum.edu.pl\/wp-content\/uploads\/2023\/11\/endnote21-logo-2-18x10.webp 18w\" sizes=\"auto, (max-width: 836px) 100vw, 836px\" \/><\/figure><div class=\"wp-block-media-text__content\">\n<p>The programme is free of charge for SUM employees working on the University's network. If you are interested in using the application, please contact us by e-mail: <a href=\"mailto:bibinfo@sum.edu.pl\">bibinfo@sum.edu.pl<\/a><strong>.<\/strong><\/p>\n<\/div><\/div>\n<\/div>\n\n\n\n<div style=\"height:32px\" aria-hidden=\"true\" class=\"wp-block-spacer\"><\/div>","protected":false},"excerpt":{"rendered":"<p>Menad\u017cery bibliografii Zach\u0119camy do zapoznania si\u0119 z nasz\u0105 prezentacj\u0105 (PDF, 266 KB) zawieraj\u0105c\u0105 og\u00f3ln\u0105 charakterystyk\u0119 mened\u017cer\u00f3w bibliografii oraz cechy wyr\u00f3\u017cniaj\u0105ce trzech innych program\u00f3w z tej rodziny: Zotero, Mendeley oraz Citavi. Poni\u017cej znajduj\u0105 si\u0119 szczeg\u00f3\u0142owe informacje dotycz\u0105ce wybranych program\u00f3w. Mendeley Program Mendeley firmy Elsevier to darmowy mened\u017cer bibliografii i cytowa\u0144, kt\u00f3ry umo\u017cliwia aktywn\u0105 prac\u0119 na plikach [&hellip;]<\/p>","protected":false},"author":5,"featured_media":0,"parent":17194,"menu_order":0,"comment_status":"closed","ping_status":"closed","template":"","meta":{"_eb_attr":"","footnotes":""},"categories":[],"tags":[],"class_list":["post-17804","page","type-page","status-publish","hentry"],"publishpress_future_action":{"enabled":false,"date":"2026-04-12 16:13:33","action":"change-status","newStatus":"draft","terms":[],"taxonomy":"category","extraData":[]},"publishpress_future_workflow_manual_trigger":{"enabledWorkflows":[]},"_links":{"self":[{"href":"https:\/\/biblioteka.sum.edu.pl\/en\/wp-json\/wp\/v2\/pages\/17804","targetHints":{"allow":["GET"]}}],"collection":[{"href":"https:\/\/biblioteka.sum.edu.pl\/en\/wp-json\/wp\/v2\/pages"}],"about":[{"href":"https:\/\/biblioteka.sum.edu.pl\/en\/wp-json\/wp\/v2\/types\/page"}],"author":[{"embeddable":true,"href":"https:\/\/biblioteka.sum.edu.pl\/en\/wp-json\/wp\/v2\/users\/5"}],"replies":[{"embeddable":true,"href":"https:\/\/biblioteka.sum.edu.pl\/en\/wp-json\/wp\/v2\/comments?post=17804"}],"version-history":[{"count":152,"href":"https:\/\/biblioteka.sum.edu.pl\/en\/wp-json\/wp\/v2\/pages\/17804\/revisions"}],"predecessor-version":[{"id":28225,"href":"https:\/\/biblioteka.sum.edu.pl\/en\/wp-json\/wp\/v2\/pages\/17804\/revisions\/28225"}],"up":[{"embeddable":true,"href":"https:\/\/biblioteka.sum.edu.pl\/en\/wp-json\/wp\/v2\/pages\/17194"}],"wp:attachment":[{"href":"https:\/\/biblioteka.sum.edu.pl\/en\/wp-json\/wp\/v2\/media?parent=17804"}],"wp:term":[{"taxonomy":"category","embeddable":true,"href":"https:\/\/biblioteka.sum.edu.pl\/en\/wp-json\/wp\/v2\/categories?post=17804"},{"taxonomy":"post_tag","embeddable":true,"href":"https:\/\/biblioteka.sum.edu.pl\/en\/wp-json\/wp\/v2\/tags?post=17804"}],"curies":[{"name":"wp","href":"https:\/\/api.w.org\/{rel}","templated":true}]}}