{"id":17740,"date":"2023-10-31T14:53:56","date_gmt":"2023-10-31T13:53:56","guid":{"rendered":"https:\/\/biblioteka2.sum.edu.pl\/?page_id=17740"},"modified":"2024-10-08T09:44:01","modified_gmt":"2024-10-08T07:44:01","slug":"dostep-do-e-zasobow","status":"publish","type":"page","link":"https:\/\/biblioteka.sum.edu.pl\/en\/zasoby\/dostep-do-e-zasobow\/","title":{"rendered":"Access to the e-resources"},"content":{"rendered":"<h2 class=\"wp-block-heading\">Access to the e-resources <\/h2>\n\n\n\n<p>Access to e-resources offered by the SUM Library is possible in:<\/p>\n\n\n\n<p><\/p>\n\n\n\n<figure class=\"wp-block-table is-style-regular\"><table><thead><tr><th>On the premises of the SUM Library and the University<\/th><th>In other locations (e.g. from home, when travelling)<\/th><\/tr><\/thead><tbody><tr><td class=\"translation-block\">On computers connected to the University's computer network, e.g. in the Library's computer reading rooms, in the University's units;<br><br>On private devices via the wireless network\u00a0<br><strong><a href=\"http:\/\/eduroam.sum.edu.pl\/\" data-type=\"link\" data-id=\"http:\/\/eduroam.sum.edu.pl\/\" target=\"_self\">Eduroam<\/a><\/strong><mark class=\"has-inline-color has-ti-accent-color\">\u00a0<\/mark>(e.g. laptops, smatphones, tablets).<\/td><td><mark style=\"background-color:rgba(0, 0, 0, 0)\" class=\"has-inline-color has-ti-accent-color\">&nbsp;<\/mark><a href=\"https:\/\/biblioteka.sum.edu.pl\/en\/zdalny-dostep-do-zbiorow\/\" data-type=\"page\" data-id=\"19957\">Remote access<\/a><\/td><\/tr><\/tbody><\/table><\/figure>","protected":false},"excerpt":{"rendered":"<p>Dost\u0119p do e-zasob\u00f3w Dost\u0119p do zasob\u00f3w elektronicznych oferowanych przez Bibliotek\u0119 \u015aUM mo\u017cliwy jest: Na terenie Biblioteki \u015aUM i Uczelni W innych lokalizacjach (np. z domu, w podr\u00f3\u017cy) Na komputerach pod\u0142\u0105czonych do uczelnianej sieci komputerowej np. w czytelniach komputerowych Biblioteki, w jednostkach Uczelni; Na prywatnych urz\u0105dzeniach przez bezprzewodow\u0105 sie\u0107&nbsp;Eduroam&nbsp;(np. laptopy, smatfony, tablety).&nbsp; &nbsp;Dost\u0119p zdalny<\/p>","protected":false},"author":4,"featured_media":0,"parent":132,"menu_order":0,"comment_status":"closed","ping_status":"closed","template":"","meta":{"_eb_attr":"","footnotes":""},"categories":[],"tags":[],"class_list":["post-17740","page","type-page","status-publish","hentry"],"publishpress_future_action":{"enabled":false,"date":"2026-04-12 10:23:26","action":"change-status","newStatus":"draft","terms":[],"taxonomy":"category","extraData":[]},"publishpress_future_workflow_manual_trigger":{"enabledWorkflows":[]},"_links":{"self":[{"href":"https:\/\/biblioteka.sum.edu.pl\/en\/wp-json\/wp\/v2\/pages\/17740","targetHints":{"allow":["GET"]}}],"collection":[{"href":"https:\/\/biblioteka.sum.edu.pl\/en\/wp-json\/wp\/v2\/pages"}],"about":[{"href":"https:\/\/biblioteka.sum.edu.pl\/en\/wp-json\/wp\/v2\/types\/page"}],"author":[{"embeddable":true,"href":"https:\/\/biblioteka.sum.edu.pl\/en\/wp-json\/wp\/v2\/users\/4"}],"replies":[{"embeddable":true,"href":"https:\/\/biblioteka.sum.edu.pl\/en\/wp-json\/wp\/v2\/comments?post=17740"}],"version-history":[{"count":7,"href":"https:\/\/biblioteka.sum.edu.pl\/en\/wp-json\/wp\/v2\/pages\/17740\/revisions"}],"predecessor-version":[{"id":26733,"href":"https:\/\/biblioteka.sum.edu.pl\/en\/wp-json\/wp\/v2\/pages\/17740\/revisions\/26733"}],"up":[{"embeddable":true,"href":"https:\/\/biblioteka.sum.edu.pl\/en\/wp-json\/wp\/v2\/pages\/132"}],"wp:attachment":[{"href":"https:\/\/biblioteka.sum.edu.pl\/en\/wp-json\/wp\/v2\/media?parent=17740"}],"wp:term":[{"taxonomy":"category","embeddable":true,"href":"https:\/\/biblioteka.sum.edu.pl\/en\/wp-json\/wp\/v2\/categories?post=17740"},{"taxonomy":"post_tag","embeddable":true,"href":"https:\/\/biblioteka.sum.edu.pl\/en\/wp-json\/wp\/v2\/tags?post=17740"}],"curies":[{"name":"wp","href":"https:\/\/api.w.org\/{rel}","templated":true}]}}