{"id":17640,"date":"2023-10-30T14:56:32","date_gmt":"2023-10-30T13:56:32","guid":{"rendered":"https:\/\/biblioteka2.sum.edu.pl\/?page_id=17640"},"modified":"2026-03-30T12:59:08","modified_gmt":"2026-03-30T10:59:08","slug":"orcid","status":"publish","type":"page","link":"https:\/\/biblioteka.sum.edu.pl\/en\/dla-publikujacych\/orcid\/","title":{"rendered":"ORCID"},"content":{"rendered":"<h3 class=\"wp-block-heading\"><strong>ORCID &#8211; Open Resercher<strong> <\/strong>and Contributor ID<\/strong><\/h3>\n\n\n\n<p><strong>ORCID is an international system for identifying authors of scientific and scholarly work,<\/strong> regardless of scientific discipline or affiliation. It solves the problem of duplicate author names, different spellings of the author's name, and clarifies the identity of individuals who have changed their name or affiliation. To learn more about the ORCID identifier, download the PDF or see the <a href=\"https:\/\/prezi.com\/dzxjyhzy6vzk\/orcid-open-researcher-and-contributor-id-miedzynarodowy-system-identyfikacji-autorow-prac-naukowych\/?utm_campaign=share&amp;utm_medium=copy\">this presentation<\/a> (by Krzysztof Go\u015bciniak).<br><\/p>\n\n\n\n<div style=\"height:9px\" aria-hidden=\"true\" class=\"wp-block-spacer\"><\/div>\n\n\n\n<div style=\"height:4px\" aria-hidden=\"true\" class=\"wp-block-spacer\"><\/div>\n\n\n\n<p class=\"has-ti-bg-alt-background-color has-background\"><strong>Please, note!<\/strong> For those who have not already set up their profile on <a href=\"https:\/\/orcid.org\/\">www.orcid.org<\/a>, please watch the instruction videos and generate your ORCID number individually. <\/p>\n\n\n\n<div style=\"height:8px\" aria-hidden=\"true\" class=\"wp-block-spacer\"><\/div>\n\n\n\n<h3 class=\"wp-block-heading\"><strong>Instructional videos<\/strong><\/h3>\n\n\n\n<p>The following materials [in Polish only] are available under <a href=\"https:\/\/creativecommons.org\/licenses\/by-sa\/3.0\/pl\/\" target=\"_blank\" rel=\"noreferrer noopener\">Creative Commons Attribution-ShareAlike 3.0 Poland licence (CC BY-SA 3.0).<\/a><\/p>\n\n\n\n<h5 class=\"wp-block-heading\"><img decoding=\"async\" class=\"ikonki\" style=\"width: 49px;\" src=\"https:\/\/biblioteka.sum.edu.pl\/wp-content\/uploads\/2023\/11\/Zasob-1ikonki.png\" alt=\"\">First steps in ORCID<\/h5>\n\n\n\n<div class=\"wp-block-kadence-accordion alignnone\"><div class=\"kt-accordion-wrap kt-accordion-id17640_e92c25-b6 kt-accordion-has-22-panes kt-active-pane-0 kt-accordion-block kt-pane-header-alignment-left kt-accodion-icon-style-arrow kt-accodion-icon-side-right\" style=\"max-width:none\"><div class=\"kt-accordion-inner-wrap\" data-allow-multiple-open=\"false\" data-start-open=\"none\">\n<div class=\"wp-block-kadence-pane kt-accordion-pane kt-accordion-pane-1 kt-pane17640_fc5d02-0d\"><div class=\"kt-accordion-header-wrap\"><button class=\"kt-blocks-accordion-header kt-acccordion-button-label-show\" type=\"button\"><span class=\"kt-blocks-accordion-title-wrap\"><span class=\"kt-blocks-accordion-title\">ORCID registration<\/span><\/span><span class=\"kt-blocks-accordion-icon-trigger\"><\/span><\/button><\/div><div class=\"kt-accordion-panel kt-accordion-panel-hidden\"><div class=\"kt-accordion-panel-inner\">\n<p><a href=\"https:\/\/www.youtube.com\/watch?v=OzjaQjU9rfY\" target=\"_blank\" rel=\"noreferrer noopener\">This video<\/a> details all the information needed to register a user in the ORCID database (YouTube, 5 min. 32 sec.).<\/p>\n<\/div><\/div><\/div>\n\n\n\n<div class=\"wp-block-kadence-pane kt-accordion-pane kt-accordion-pane-2 kt-pane17640_16ac7b-0e\"><div class=\"kt-accordion-header-wrap\"><button class=\"kt-blocks-accordion-header kt-acccordion-button-label-show\" type=\"button\"><span class=\"kt-blocks-accordion-title-wrap\"><span class=\"kt-blocks-accordion-title\">First steps in ORCID<\/span><\/span><span class=\"kt-blocks-accordion-icon-trigger\"><\/span><\/button><\/div><div class=\"kt-accordion-panel kt-accordion-panel-hidden\"><div class=\"kt-accordion-panel-inner\">\n<p><a href=\"https:\/\/www.youtube.com\/watch?v=DqaSbylhDh8\">The presentation<\/a> discusses the most useful options available after registering in ORCID (YouTube, 14 min.9 sec.).<\/p>\n<\/div><\/div><\/div>\n\n\n\n<div class=\"wp-block-kadence-pane kt-accordion-pane kt-accordion-pane-8 kt-pane17640_af761b-f3\"><div class=\"kt-accordion-header-wrap\"><button class=\"kt-blocks-accordion-header kt-acccordion-button-label-show\" type=\"button\"><span class=\"kt-blocks-accordion-title-wrap\"><span class=\"kt-blocks-accordion-title\">Exporting all records from the 'SUM Publications Database' to ORCID.<\/span><\/span><span class=\"kt-blocks-accordion-icon-trigger\"><\/span><\/button><\/div><div class=\"kt-accordion-panel kt-accordion-panel-hidden\"><div class=\"kt-accordion-panel-inner\">\n<p><a href=\"https:\/\/www.youtube.com\/watch?v=KoFsoPObU7E\">The video<\/a> The video (YouTube, 7min. 2 sec.) presents the fastest way to add bibliographic descriptions to your ORCID account - transferring them from the \"SUM Publication Database\". The instructional video available at the link below demonstrates all the steps of this process.<br><strong>Please, note!<\/strong> Please note that in order to transfer bibliographic descriptions to ORCID <strong>you should save them in files with the extension \".bib\"<\/strong> <strong>with a maximum of 50 records each.<\/strong> You will then need to go to our ORCID account and upload each file separately in the 'Works' section. This way of transferring data is due to the inability of the ORCID database to work with large files. <\/p>\n<\/div><\/div><\/div>\n\n\n\n<div class=\"wp-block-kadence-pane kt-accordion-pane kt-accordion-pane-12 kt-pane17640_ce6f6f-29\"><div class=\"kt-accordion-header-wrap\"><button class=\"kt-blocks-accordion-header kt-acccordion-button-label-show\" type=\"button\"><span class=\"kt-blocks-accordion-title-wrap\"><span class=\"kt-blocks-accordion-title\">Exporting selected records from the \"SUM Publications Database\" to ORCID<\/span><\/span><span class=\"kt-blocks-accordion-icon-trigger\"><\/span><\/button><\/div><div class=\"kt-accordion-panel kt-accordion-panel-hidden\"><div class=\"kt-accordion-panel-inner\">\n<p><a href=\"https:\/\/www.youtube.com\/watch?v=aRB1uyDbDK0\">This video<\/a> (7 min. 22 sec.) has been developed for those authors who have already uploaded bibliographic descriptions of their publications to their ORCID account and only wish to supplement their output with the missing items included in the \"SUM Publication Database\". This database offers the option of saving selected records in a file with the \".bib\" extension. Once uploaded to ORCID, a given author's work will be supplemented with the missing items.<\/p>\n<\/div><\/div><\/div>\n\n\n\n<div class=\"wp-block-kadence-pane kt-accordion-pane kt-accordion-pane-16 kt-pane17640_0598f2-c8\"><div class=\"kt-accordion-header-wrap\"><button class=\"kt-blocks-accordion-header kt-acccordion-button-label-show\" type=\"button\"><span class=\"kt-blocks-accordion-title-wrap\"><span class=\"kt-blocks-accordion-title\">Manually adding works to ORCID<\/span><\/span><span class=\"kt-blocks-accordion-icon-trigger\"><\/span><\/button><\/div><div class=\"kt-accordion-panel kt-accordion-panel-hidden\"><div class=\"kt-accordion-panel-inner\">\n<p><a href=\"https:\/\/www.youtube.com\/watch?v=JOKRysvChXc\" target=\"_blank\" rel=\"noreferrer noopener\">This video<\/a> (YouTube, 6 min. 1 sec.) shows step by step how to manually add bibliographic descriptions of your works to the ORCID database.<\/p>\n<\/div><\/div><\/div>\n\n\n\n<div class=\"wp-block-kadence-pane kt-accordion-pane kt-accordion-pane-17 kt-pane17640_908c2c-bf\"><div class=\"kt-accordion-header-wrap\"><button class=\"kt-blocks-accordion-header kt-acccordion-button-label-show\" type=\"button\"><span class=\"kt-blocks-accordion-title-wrap\"><span class=\"kt-blocks-accordion-title\">Linking the Author ID in the SCOPUS with the ORCID identifier<\/span><\/span><span class=\"kt-blocks-accordion-icon-trigger\"><\/span><\/button><\/div><div class=\"kt-accordion-panel kt-accordion-panel-hidden\"><div class=\"kt-accordion-panel-inner\">\n<p><a href=\"https:\/\/www.youtube.com\/watch?v=gQJWc__qRHE\">This video<\/a> The tutorial  (YouTube, 13 min. 58 sec.) consists of two parts. The first is devoted to how to link the ORCID account set up by the author with the author's profile in SCOPUS. The second presents the process of downloading a user's bibliography from ELSEVIER's database and uploading this data to their ORCID account.<\/p>\n<\/div><\/div><\/div>\n\n\n\n<div class=\"wp-block-kadence-pane kt-accordion-pane kt-accordion-pane-20 kt-pane17640_500c7a-32\"><div class=\"kt-accordion-header-wrap\"><button class=\"kt-blocks-accordion-header kt-acccordion-button-label-show\" type=\"button\"><span class=\"kt-blocks-accordion-title-wrap\"><span class=\"kt-blocks-accordion-title\">Uploading papers from \"Europe PubMed Central\" to ORCID<\/span><\/span><span class=\"kt-blocks-accordion-icon-trigger\"><\/span><\/button><\/div><div class=\"kt-accordion-panel kt-accordion-panel-hidden\"><div class=\"kt-accordion-panel-inner\">\n<p>This&nbsp;<a href=\"https:\/\/www.youtube.com\/watch?v=wOYF0Yl5ebY\">tutorial<\/a> demonstrates in detail how to use the wizard to transfer bibliographic descriptions from \"Europe PubMed Central\" to our ORCID account.<\/p>\n<\/div><\/div><\/div>\n\n\n\n<div class=\"wp-block-kadence-pane kt-accordion-pane kt-accordion-pane-21 kt-pane17640_fe47ee-6f\"><div class=\"kt-accordion-header-wrap\"><button class=\"kt-blocks-accordion-header kt-acccordion-button-label-show\" type=\"button\"><span class=\"kt-blocks-accordion-title-wrap\"><span class=\"kt-blocks-accordion-title\">Transferring works from \"Google Scholar\" to ORCID<\/span><\/span><span class=\"kt-blocks-accordion-icon-trigger\"><\/span><\/button><\/div><div class=\"kt-accordion-panel kt-accordion-panel-hidden\"><div class=\"kt-accordion-panel-inner\">\n<p><a href=\"https:\/\/www.youtube.com\/watch?v=HMJRAGFEjX4\">The video<\/a> (YouTube, 2 min. 54 sec.) shows the entire process of transferring bibliographic descriptions from \"Google Scholar\" to an ORCID account set up by the user.<\/p>\n<\/div><\/div><\/div>\n<\/div><\/div><\/div>\n\n\n\n<div class=\"wp-block-columns is-layout-flex wp-container-core-columns-is-layout-28f84493 wp-block-columns-is-layout-flex\">\n<div class=\"wp-block-column is-layout-flow wp-block-column-is-layout-flow\" style=\"flex-basis:100%\">\n<div style=\"height:29px\" aria-hidden=\"true\" class=\"wp-block-spacer\"><\/div>\n<\/div>\n<\/div>\n\n\n\n<h5 class=\"wp-block-heading\"><img decoding=\"async\" class=\"ikonki\" style=\"width: 49px;\" src=\"https:\/\/biblioteka.sum.edu.pl\/wp-content\/uploads\/2023\/11\/Zasob-3ikonki-1.png\" alt=\"\">Linking an ORCID account with PBN and POL-on:<\/h5>\n\n\n\n<div class=\"wp-block-kadence-accordion alignnone\"><div class=\"kt-accordion-wrap kt-accordion-id17640_3d6604-05 kt-accordion-has-16-panes kt-active-pane-0 kt-accordion-block kt-pane-header-alignment-left kt-accodion-icon-style-arrow kt-accodion-icon-side-right\" style=\"max-width:none\"><div class=\"kt-accordion-inner-wrap\" data-allow-multiple-open=\"false\" data-start-open=\"none\">\n<div class=\"wp-block-kadence-pane kt-accordion-pane kt-accordion-pane-1 kt-pane17640_ba0def-4a\"><div class=\"kt-accordion-header-wrap\"><button class=\"kt-blocks-accordion-header kt-acccordion-button-label-show\" type=\"button\"><span class=\"kt-blocks-accordion-title-wrap\"><span class=\"kt-blocks-accordion-title\">Registration in the \"Polish Scientific Bibliography\"<\/span><\/span><span class=\"kt-blocks-accordion-icon-trigger\"><\/span><\/button><\/div><div class=\"kt-accordion-panel kt-accordion-panel-hidden\"><div class=\"kt-accordion-panel-inner\">\n<p><a href=\"https:\/\/www.youtube.com\/watch?v=nfh7C8NGUqM\">This video<\/a> (YouTube, 3 min. 7 sec.) presents the registration process in the 'Polish Scientific Bibliography\u2019 (PNB).<\/p>\n<\/div><\/div><\/div>\n\n\n\n<div class=\"wp-block-kadence-pane kt-accordion-pane kt-accordion-pane-2 kt-pane17640_a1aa07-65\"><div class=\"kt-accordion-header-wrap\"><button class=\"kt-blocks-accordion-header kt-acccordion-button-label-show\" type=\"button\"><span class=\"kt-blocks-accordion-title-wrap\"><span class=\"kt-blocks-accordion-title\">Linking an ORCID number to a PBN account. <br>Linking an account in PBN with the POL-on identifier<\/span><\/span><span class=\"kt-blocks-accordion-icon-trigger\"><\/span><\/button><\/div><div class=\"kt-accordion-panel kt-accordion-panel-hidden\"><div class=\"kt-accordion-panel-inner\">\n<p><a href=\"https:\/\/www.youtube.com\/watch?v=7sCcfcROVeQ\">This video<\/a> (You Tube, 3 min. 56 sec.) in its first part presents the process of linking an account on orcid.org with an account in the 'Polska Bibliografia Naukowa'; the second part deals with linking an account in PBN with a POL-on identifier.<\/p>\n<\/div><\/div><\/div>\n<\/div><\/div><\/div>\n\n\n\n<div style=\"height:24px\" aria-hidden=\"true\" class=\"wp-block-spacer\"><\/div>\n\n\n\n<div style=\"height:13px\" aria-hidden=\"true\" class=\"wp-block-spacer\"><\/div>\n\n\n\n<p><img decoding=\"async\" class=\"ikonki\" src=\"https:\/\/biblioteka.sum.edu.pl\/wp-content\/uploads\/2023\/11\/Zasob-7ikonki-1.png\" alt=\"\">For information on ORCID, please contact the Bibliography and Bibliometrics Department by:&nbsp;<strong>32 208 35 66<\/strong>, email:&nbsp; <a href=\"mailto:bibinfo@sum.edu.pl\"><\/a><a href=\"mailto:bibinfo@sum.edu.pl\">bibinfo@sum.edu.pl<\/a>.<\/p>\n\n\n\n<div style=\"height:24px\" aria-hidden=\"true\" class=\"wp-block-spacer\"><\/div>\n\n\n\n<h3 class=\"wp-block-heading\">Legal acts<\/h3>\n\n\n\n<ul class=\"wp-block-list justuj\">\n<li><a href=\"https:\/\/aktyprawne.sum.edu.pl\/oneitem?id=2133\" target=\"_blank\" rel=\"noreferrer noopener\">The Rector's Circular No. 4\/2018 <\/a> , of 12.10.2018 , amending the <a href=\"https:\/\/aktyprawne.sum.edu.pl\/oneitem?id=2676\" target=\"_blank\" rel=\"noreferrer noopener\">Rector's Circular No. 2\/2018 <\/a> , of 13.04.2018 on the obligation to set up an ORCID identifier.<\/li>\n<\/ul>\n\n\n\n<div style=\"height:28px\" aria-hidden=\"true\" class=\"wp-block-spacer\"><\/div>\n\n\n\n<p><\/p>","protected":false},"excerpt":{"rendered":"<p>ORCID &#8211; Open Resercher and Contributor ID ORCID to mi\u0119dzynarodowy system identyfikacji autor\u00f3w prac naukowych bez wzgl\u0119du na dyscyplin\u0119 nauki czy afiliacj\u0119. Rozwi\u0105zuje problem dubluj\u0105cych si\u0119 nazwisk autor\u00f3w, r\u00f3\u017cnych wersji zapisu imienia i nazwiska autora, a tak\u017ce precyzuje to\u017csamo\u015b\u0107 os\u00f3b, kt\u00f3re zmieni\u0142y nazwisko lub afiliacj\u0119. Aby dowiedzie\u0107 si\u0119 wi\u0119cej o identyfikatorze ORCID zobacz prezentacj\u0119 (autor: [&hellip;]<\/p>","protected":false},"author":5,"featured_media":0,"parent":17194,"menu_order":0,"comment_status":"closed","ping_status":"closed","template":"","meta":{"_eb_attr":"","footnotes":""},"categories":[],"tags":[],"class_list":["post-17640","page","type-page","status-publish","hentry"],"publishpress_future_action":{"enabled":false,"date":"2026-04-12 15:47:50","action":"change-status","newStatus":"draft","terms":[],"taxonomy":"category","extraData":[]},"publishpress_future_workflow_manual_trigger":{"enabledWorkflows":[]},"_links":{"self":[{"href":"https:\/\/biblioteka.sum.edu.pl\/en\/wp-json\/wp\/v2\/pages\/17640","targetHints":{"allow":["GET"]}}],"collection":[{"href":"https:\/\/biblioteka.sum.edu.pl\/en\/wp-json\/wp\/v2\/pages"}],"about":[{"href":"https:\/\/biblioteka.sum.edu.pl\/en\/wp-json\/wp\/v2\/types\/page"}],"author":[{"embeddable":true,"href":"https:\/\/biblioteka.sum.edu.pl\/en\/wp-json\/wp\/v2\/users\/5"}],"replies":[{"embeddable":true,"href":"https:\/\/biblioteka.sum.edu.pl\/en\/wp-json\/wp\/v2\/comments?post=17640"}],"version-history":[{"count":253,"href":"https:\/\/biblioteka.sum.edu.pl\/en\/wp-json\/wp\/v2\/pages\/17640\/revisions"}],"predecessor-version":[{"id":28220,"href":"https:\/\/biblioteka.sum.edu.pl\/en\/wp-json\/wp\/v2\/pages\/17640\/revisions\/28220"}],"up":[{"embeddable":true,"href":"https:\/\/biblioteka.sum.edu.pl\/en\/wp-json\/wp\/v2\/pages\/17194"}],"wp:attachment":[{"href":"https:\/\/biblioteka.sum.edu.pl\/en\/wp-json\/wp\/v2\/media?parent=17640"}],"wp:term":[{"taxonomy":"category","embeddable":true,"href":"https:\/\/biblioteka.sum.edu.pl\/en\/wp-json\/wp\/v2\/categories?post=17640"},{"taxonomy":"post_tag","embeddable":true,"href":"https:\/\/biblioteka.sum.edu.pl\/en\/wp-json\/wp\/v2\/tags?post=17640"}],"curies":[{"name":"wp","href":"https:\/\/api.w.org\/{rel}","templated":true}]}}