{"id":17636,"date":"2023-10-30T14:51:58","date_gmt":"2023-10-30T13:51:58","guid":{"rendered":"https:\/\/biblioteka2.sum.edu.pl\/?page_id=17636"},"modified":"2026-02-19T15:50:02","modified_gmt":"2026-02-19T14:50:02","slug":"wypozyczanie","status":"publish","type":"page","link":"https:\/\/biblioteka.sum.edu.pl\/en\/korzystanie-z-zasobow\/wypozyczanie\/","title":{"rendered":"Borrowing"},"content":{"rendered":"<h2 class=\"wp-block-heading\">Borrowing<\/h2>\n\n\n\n<div class=\"wp-block-kadence-accordion alignnone\"><div class=\"kt-accordion-wrap kt-accordion-id17636_64b2d2-f3 kt-accordion-has-15-panes kt-active-pane-0 kt-accordion-block kt-pane-header-alignment-left kt-accodion-icon-style-arrow kt-accodion-icon-side-right\" style=\"max-width:none\"><div class=\"kt-accordion-inner-wrap\" data-allow-multiple-open=\"false\" data-start-open=\"none\">\n<div class=\"wp-block-kadence-pane kt-accordion-pane kt-accordion-pane-1 kt-pane17636_f19f9a-65\"><div class=\"kt-accordion-header-wrap\"><button class=\"kt-blocks-accordion-header kt-acccordion-button-label-show\" type=\"button\"><span class=\"kt-blocks-accordion-title-wrap\"><span class=\"kt-blocks-accordion-title\">Who can borrow?<\/span><\/span><span class=\"kt-blocks-accordion-icon-trigger\"><\/span><\/button><\/div><div class=\"kt-accordion-panel kt-accordion-panel-hidden\"><div class=\"kt-accordion-panel-inner\">\n<p class=\"translation-block\">Students, doctoral students and employees of the University, as well as other persons under special conditions <mark style=\"color:#0121d8\" class=\"has-inline-color\"> <\/mark><a href=\"https:\/\/biblioteka2.sum.edu.pl\/en\/regulamin-korzystania-z-biblioteki\/?trp-edit-translation=preview\"> (Terms and Conditions of Use)<\/a><mark class=\"has-inline-color has-ti-bg-inv-color\"><\/mark>. Borrowing is only possible after registering in the Library.<\/p>\n<\/div><\/div><\/div>\n\n\n\n<div class=\"wp-block-kadence-pane kt-accordion-pane kt-accordion-pane-2 kt-pane17636_f17a1a-64\"><div class=\"kt-accordion-header-wrap\"><button class=\"kt-blocks-accordion-header kt-acccordion-button-label-show\" type=\"button\"><span class=\"kt-blocks-accordion-title-wrap\"><span class=\"kt-blocks-accordion-title\">How do I activate my library account?<\/span><\/span><span class=\"kt-blocks-accordion-icon-trigger\"><\/span><\/button><\/div><div class=\"kt-accordion-panel kt-accordion-panel-hidden\"><div class=\"kt-accordion-panel-inner\">\n<p>Self-registration is possible through<mark style=\"background-color:rgba(0, 0, 0, 0);color:#0121d8\" class=\"has-inline-color\"> <\/mark><a href=\"https:\/\/katalog.sum.edu.pl\/F?con_lng=ENG&amp;func=bor-new-0\" data-type=\"link\" data-id=\"https:\/\/aleph.sum.edu.pl\/F?func=bor-new-0&amp;pds_handle=GUEST\">form on the website<\/a><mark style=\"background-color:rgba(0, 0, 0, 0)\" class=\"has-inline-color has-ti-bg-inv-color\">. <\/mark>After its acceptance, you have up to 7 days to activate your account at the library of your choice. In order to activate your account, you will need your student card\/staff card and a completed and signed<strong> <\/strong><mark style=\"background-color:rgba(0, 0, 0, 0)\" class=\"has-inline-color has-ti-bg-inv-color\"><a href=\"https:\/\/biblioteka.sum.edu.pl\/wp-content\/uploads\/2025\/03\/Deklaracja-czytelnika-2024-eng-formularz.pdf\" data-type=\"link\" data-id=\"https:\/\/biblioteka.sum.edu.pl\/wp-content\/uploads\/2025\/03\/Deklaracja-czytelnika-2024-formularz.pdf\">the Reader's Declaration <\/a>(pdf; 81 KB<\/mark>)<mark style=\"background-color:rgba(0, 0, 0, 0)\" class=\"has-inline-color has-ti-bg-inv-color\">.<\/mark> A student\/employee card serves as a library card. For persons who are not SUM students\/employees, a library card is issued (cost according to the <a href=\"https:\/\/biblioteka.sum.edu.pl\/en\/cennik-uslug-i-oplat\/\" data-type=\"link\" data-id=\"https:\/\/biblioteka.sum.edu.pl\/cennik-uslug-i-oplat\/\">Price list<\/a>). Until full activation, the reader cannot borrow books but can order them from the catalogue.<\/p>\n<\/div><\/div><\/div>\n\n\n\n<div class=\"wp-block-kadence-pane kt-accordion-pane kt-accordion-pane-3 kt-pane17636_ad839f-e5\"><div class=\"kt-accordion-header-wrap\"><button class=\"kt-blocks-accordion-header kt-acccordion-button-label-show\" type=\"button\"><span class=\"kt-blocks-accordion-title-wrap\"><span class=\"kt-blocks-accordion-title\">How do I log into the catalogue?<\/span><\/span><span class=\"kt-blocks-accordion-icon-trigger\"><\/span><\/button><\/div><div class=\"kt-accordion-panel kt-accordion-panel-hidden\"><div class=\"kt-accordion-panel-inner\">\n<p>On the library's home page, click the tab <a href=\"https:\/\/katalog.sum.edu.pl\/pds?func=load-login&amp;calling_system=primo&amp;institute=48SLAM&amp;lang=pol&amp;url=https:\/\/primo-48slam.hosted.exlibrisgroup.com:443\/primo_library\/libweb\/pdsLogin?targetURL=https%3A%2F%2Fprimo-48slam.hosted.exlibrisgroup.com%2Fprimo-explore%2Fsearch%3Ftab%3Daleph%25255Ftab%26sortby%3Drank%26vid%3D48SLAM_VIEW%26lang%3Dpl_PL%26from-new-ui%3D1%26authenticationProfile%3D48slam_pds\" data-type=\"link\" data-id=\"https:\/\/aleph.sum.edu.pl\/pds?func=load-login&amp;calling_system=primo&amp;institute=48SLAM&amp;lang=pol&amp;url=https:\/\/primo-48slam.hosted.exlibrisgroup.com:443\/primo_library\/libweb\/pdsLogin?targetURL=https%3A%2F%2Fprimo-48slam.hosted.exlibrisgroup.com%2Fprimo-explore%2Fsearch%3Ftab%3Daleph%25255Ftab%26sortby%3Drank%26vid%3D48SLAM_VIEW%26lang%3Dpl_PL%26from-new-ui%3D1%26authenticationProfile%3D48slam_pds\">My Account<\/a>.<\/p>\n\n\n\n<p><\/p>\n\n\n\n<div class=\"wp-block-essential-blocks-advanced-tabs alignwide  root-eb-advanced-tabs-wygd5\"><div class=\"eb-parent-wrapper eb-parent-eb-advanced-tabs-wygd5\"><div class=\"eb-advanced-tabs-wygd5 eb-advanced-tabs-wrapper horizontal\" data-min-height=\"true\"><div class=\"eb-tabs-nav\"><ul class=\"tabTitles\" data-tabs-ul-id=\"eb-advanced-tabs-wygd5\"><li data-title-tab-id=\"1\" data-title-custom-id=\"\" class=\"active\"><div class=\"tab-title-wrap\"><h6 class=\"tab-title-text\"><a href=\"#Studenci\">Students<\/a><\/h6><\/div><\/li><li data-title-tab-id=\"2\" data-title-custom-id=\"\" class=\"inactive\"><div class=\"tab-title-wrap\"><h6 class=\"tab-title-text\"><a href=\"#Pracownicy\">Employees<\/a><\/h6><\/div><\/li><\/ul><\/div><div class=\"eb-tabs-contents\">\n<div class=\"eb-tab-wrapper\" data-tab-id=\"1\" data-tab-parent-id=\"eb-advanced-tabs-wygd5\"><div class=\"eb-tab-inner\">\n<p><strong>Login:<\/strong>  student email address e.g. s12345@365.sum.edu.pl<\/p>\n\n\n\n<p><strong>Password:<\/strong>: password to email account in domain @365.sum.edu.pl (password to Virtual University)<\/p>\n<\/div><\/div>\n\n\n\n<div class=\"eb-tab-wrapper\" data-tab-id=\"2\" data-tab-parent-id=\"eb-advanced-tabs-wygd5\"><div class=\"eb-tab-inner\">\n<p><strong>Login:<\/strong> user name in the SUM domain e.g. jkowalski<\/p>\n\n\n\n<p><strong>Password:<\/strong> SUM account password<\/p>\n<\/div><\/div>\n<\/div><\/div><\/div><\/div>\n<\/div><\/div><\/div>\n\n\n\n<div class=\"wp-block-kadence-pane kt-accordion-pane kt-accordion-pane-4 kt-pane17636_e79223-25\"><div class=\"kt-accordion-header-wrap\"><button class=\"kt-blocks-accordion-header kt-acccordion-button-label-show\" type=\"button\"><span class=\"kt-blocks-accordion-title-wrap\"><span class=\"kt-blocks-accordion-title\">Forgot your password?<\/span><\/span><span class=\"kt-blocks-accordion-icon-trigger\"><\/span><\/button><\/div><div class=\"kt-accordion-panel kt-accordion-panel-hidden\"><div class=\"kt-accordion-panel-inner\">\n<p class=\"translation-block\">Students and doctoral students can recover their passwords via <mark style=\"color:#0121d8\" class=\"has-inline-color\"> <\/mark><a href=\"https:\/\/u10.sum.edu.pl\/WU\/odzyskiwaniehasla.aspx\"> the Virtual University website. <\/a><mark class=\"has-inline-color has-ti-bg-inv-color\"><\/mark> \n\nSUM employees can retrieve their passwords by visiting <mark style=\"color:#0121d8\" class=\"has-inline-color\"> <\/mark><a href=\"https:\/\/zaloguj.sum.edu.pl\/ \"> the login.sum.edu.pl website.<\/a><mark class=\"has-inline-color has-ti-bg-inv-color\"><\/mark>\nReaders belonging to other categories of users should contact any <mark style=\"color:#0121d8\" class=\"has-inline-color\"> <\/mark><a href=\"https:\/\/biblioteka2.sum.edu.pl\/en\/kontakt-i-godziny-otwarcia\/\"> Branch of the Library<\/a><mark class=\"has-inline-color has-ti-bg-inv-color\"><\/mark> by telephone. A temporary password will be sent to the email address provided during registration in the Library. Once you have logged into the library system using your temporary password, we recommend that you change your password.<\/p>\n<\/div><\/div><\/div>\n\n\n\n<div class=\"wp-block-kadence-pane kt-accordion-pane kt-accordion-pane-5 kt-pane17636_a6e11e-d9\"><div class=\"kt-accordion-header-wrap\"><button class=\"kt-blocks-accordion-header kt-acccordion-button-label-show\" type=\"button\"><span class=\"kt-blocks-accordion-title-wrap\"><span class=\"kt-blocks-accordion-title\">How to borrow books?<\/span><\/span><span class=\"kt-blocks-accordion-icon-trigger\"><\/span><\/button><\/div><div class=\"kt-accordion-panel kt-accordion-panel-hidden\"><div class=\"kt-accordion-panel-inner\">\n<p class=\"has-link-color wp-elements-8de9c696a80903546584801faa233893 translation-block\">Borrowing is possible after ordering a book through <mark style=\"color:#0121d8\" class=\"has-inline-color\"> <\/mark><a href=\"https:\/\/primo-48slam.hosted.exlibrisgroup.com\/primo-explore\/search?tab=aleph_tab&amp;sortby=rank&amp;vid=48SLAM_VIEW&amp;lang=en_US\"> the library system\/catalogue. <\/a><mark class=\"has-inline-color has-ti-bg-inv-color\"><\/mark><\/p>\n\n\n\n<p>After logging in, find the book you need in the catalogue and order it from the relevant library branch. An e-mail will be sent to the e-mail address you provided when you signed up, informing you that the book is ready for borrowing. In most cases, the book waits seven working days for collection.<\/p>\n\n\n\n<p><\/p>\n\n\n\n<p>In the situation of free-access books, it is not necessary to make a reservation in the advance. <\/p>\n\n\n\n<div class=\"wp-block-essential-blocks-dual-button  root-eb-button-group-em4f4\"><div class=\"eb-parent-wrapper eb-parent-eb-button-group-em4f4\"><div class=\"eb-button-group-wrapper eb-button-group-em4f4 button-1\" data-id=\"eb-button-group-em4f4\"><div class=\"eb-button-inner-wrapper\"><a class=\"eb-button-anchor eb-button-one\" href=\"https:\/\/biblioteka.sum.edu.pl\/wp-content\/uploads\/2025\/09\/PORADNIK-ENG.pdf\" rel=\"noopener\"><div class=\"eb-button-text eb-button-one-text\">Guick guide (pdf; 199 KB)<\/div><\/a><\/div><div class=\"eb-button-inner-wrapper\"><a class=\"eb-button-anchor eb-button-two\" href=\"https:\/\/biblioteka.sum.edu.pl\/wp-content\/uploads\/2025\/09\/Poradnik-korzystania-z-Biblioteki-SUM.pdf\" rel=\"noopener\"><div class=\"eb-button-text eb-button-two-text\">Full instruction (pdf; 2 MB)<\/div><\/a><\/div><\/div><\/div><\/div>\n<\/div><\/div><\/div>\n\n\n\n<div class=\"wp-block-kadence-pane kt-accordion-pane kt-accordion-pane-6 kt-pane17636_2ed4fb-d2\"><div class=\"kt-accordion-header-wrap\"><button class=\"kt-blocks-accordion-header kt-acccordion-button-label-show\" type=\"button\"><span class=\"kt-blocks-accordion-title-wrap\"><span class=\"kt-blocks-accordion-title\">Library resources<\/span><\/span><span class=\"kt-blocks-accordion-icon-trigger\"><\/span><\/button><\/div><div class=\"kt-accordion-panel kt-accordion-panel-hidden\"><div class=\"kt-accordion-panel-inner\">\n<p><strong>Materials for use in the Reading Rooms<\/strong>:<\/p>\n\n\n\n<ul class=\"wp-block-list\">\n<li>books<\/li>\n\n\n\n<li>journals<\/li>\n\n\n\n<li>anatomical models<\/li>\n\n\n\n<li>flashcards<\/li>\n\n\n\n<li>teaching packages<\/li>\n\n\n\n<li>board games <\/li>\n\n\n\n<li>tablets<\/li>\n\n\n\n<li>computers with access to the electronic resources <\/li>\n\n\n\n<li>CDs\/DVDs<\/li>\n<\/ul>\n\n\n\n<p><strong>Materials for borrowing<\/strong>:<\/p>\n\n\n\n<ul class=\"wp-block-list\">\n<li>books <\/li>\n\n\n\n<li>flashcards<\/li>\n\n\n\n<li>teaching packages<\/li>\n\n\n\n<li>CDs\/DVDs<\/li>\n<\/ul>\n<\/div><\/div><\/div>\n\n\n\n<div class=\"wp-block-kadence-pane kt-accordion-pane kt-accordion-pane-7 kt-pane17636_b697c9-16\"><div class=\"kt-accordion-header-wrap\"><button class=\"kt-blocks-accordion-header kt-acccordion-button-label-show\" type=\"button\"><span class=\"kt-blocks-accordion-title-wrap\"><span class=\"kt-blocks-accordion-title\">For how long can you borrow?<\/span><\/span><span class=\"kt-blocks-accordion-icon-trigger\"><\/span><\/button><\/div><div class=\"kt-accordion-panel kt-accordion-panel-hidden\"><div class=\"kt-accordion-panel-inner\">\n<p>Each book has a specific status in the library system, i.e. it has information on whether it can be borrowed and for how long. There is a predominance of books with a status of: month, semester and academic year.<\/p>\n<\/div><\/div><\/div>\n\n\n\n<div class=\"wp-block-kadence-pane kt-accordion-pane kt-accordion-pane-8 kt-pane17636_4d8d46-56\"><div class=\"kt-accordion-header-wrap\"><button class=\"kt-blocks-accordion-header kt-acccordion-button-label-show\" type=\"button\"><span class=\"kt-blocks-accordion-title-wrap\"><span class=\"kt-blocks-accordion-title\">How many borrowed books can I have in my account?<\/span><\/span><span class=\"kt-blocks-accordion-icon-trigger\"><\/span><\/button><\/div><div class=\"kt-accordion-panel kt-accordion-panel-hidden\"><div class=\"kt-accordion-panel-inner\">\n<p>Each book has a specific status in the library system, i.e. it has information on whether it can be borrowed and for how long. There is a predominance of books with a status of: month, semester and academic year.<\/p>\n<\/div><\/div><\/div>\n\n\n\n<div class=\"wp-block-kadence-pane kt-accordion-pane kt-accordion-pane-9 kt-pane17636_4f03b7-43\"><div class=\"kt-accordion-header-wrap\"><button class=\"kt-blocks-accordion-header kt-acccordion-button-label-show\" type=\"button\"><span class=\"kt-blocks-accordion-title-wrap\"><span class=\"kt-blocks-accordion-title\">Is it possible to extend a borrowing and how can this be done?<\/span><\/span><span class=\"kt-blocks-accordion-icon-trigger\"><\/span><\/button><\/div><div class=\"kt-accordion-panel kt-accordion-panel-hidden\"><div class=\"kt-accordion-panel-inner\">\n<p>In most cases, you can renew the return dates in person at the Library, by telephone or via the library system.<\/p>\n\n\n\n<p>Prolongation is not possible when there is already another reader waiting to return it, the status of the book does not allow it. and when a penalty has accrued.<\/p>\n\n\n\n<p><\/p>\n\n\n\n<p>Limits for self-renewals:<\/p>\n\n\n\n<ul class=\"wp-block-list\">\n<li>7 times - books with a status of less than 4 months<\/li>\n\n\n\n<li>4 times - term books<\/li>\n\n\n\n<li>not possible - books on loan for the academic year, in this situation please contact the chosen Library Branch. <\/li>\n<\/ul>\n<\/div><\/div><\/div>\n\n\n\n<div class=\"wp-block-kadence-pane kt-accordion-pane kt-accordion-pane-10 kt-pane17636_eb96d4-6c\"><div class=\"kt-accordion-header-wrap\"><button class=\"kt-blocks-accordion-header kt-acccordion-button-label-show\" type=\"button\"><span class=\"kt-blocks-accordion-title-wrap\"><span class=\"kt-blocks-accordion-title\">What is the fine for not returning a book on time?<\/span><\/span><span class=\"kt-blocks-accordion-icon-trigger\"><\/span><\/button><\/div><div class=\"kt-accordion-panel kt-accordion-panel-hidden\"><div class=\"kt-accordion-panel-inner\">\n<ul class=\"wp-block-list\">\n<li>Penalty of PLN 0.50 per day of delay for each book borrowed from the lending.  <\/li>\n\n\n\n<li>Penalty of PLN 20.50 the first working day of delay and PLN 0.50 for each next working day for each library material borrowed from the reading room.<\/li>\n<\/ul>\n\n\n\n<p>Not returning a book by the due date will also block your possibility to borrow books.<\/p>\n<\/div><\/div><\/div>\n\n\n\n<div class=\"wp-block-kadence-pane kt-accordion-pane kt-accordion-pane-11 kt-pane17636_553804-ff\"><div class=\"kt-accordion-header-wrap\"><button class=\"kt-blocks-accordion-header kt-acccordion-button-label-show\" type=\"button\"><span class=\"kt-blocks-accordion-title-wrap\"><span class=\"kt-blocks-accordion-title\">How can I pay financial liabilities for the Library?<\/span><\/span><span class=\"kt-blocks-accordion-icon-trigger\"><\/span><\/button><\/div><div class=\"kt-accordion-panel kt-accordion-panel-hidden\"><div class=\"kt-accordion-panel-inner\">\n<ul class=\"wp-block-list\">\n<li>quick payment: via the online payment system after logging into your account in <a href=\"https:\/\/primo-48slam.hosted.exlibrisgroup.com\/primo-explore\/search?tab=aleph_tab&amp;sortby=rank&amp;vid=48SLAM_VIEW&amp;lang=en_US\" data-type=\"link\" data-id=\"https:\/\/primo-48slam.hosted.exlibrisgroup.com\/primo-explore\/search?tab=aleph_tab&amp;sortby=rank&amp;vid=48SLAM_VIEW&amp;lang=pl_PL\">the library system\/catalogue<\/a><\/li>\n\n\n\n<li>personally only in cash in one of the SUM libraries<\/li>\n\n\n\n<li>bank transfer to the University bank account (contact: bibudos@sum.edu.pl). This method of payment can take even one and a half month.<\/li>\n<\/ul>\n<\/div><\/div><\/div>\n\n\n\n<div class=\"wp-block-kadence-pane kt-accordion-pane kt-accordion-pane-12 kt-pane17636_d21e43-61\"><div class=\"kt-accordion-header-wrap\"><button class=\"kt-blocks-accordion-header kt-acccordion-button-label-show\" type=\"button\"><span class=\"kt-blocks-accordion-title-wrap\"><span class=\"kt-blocks-accordion-title\">How may I check my library account?<\/span><\/span><span class=\"kt-blocks-accordion-icon-trigger\"><\/span><\/button><\/div><div class=\"kt-accordion-panel kt-accordion-panel-hidden\"><div class=\"kt-accordion-panel-inner\">\n<p>When you log in to your account in <a href=\"https:\/\/primo-48slam.hosted.exlibrisgroup.com\/primo-explore\/search?tab=aleph_tab&amp;sortby=rank&amp;vid=48SLAM_VIEW&amp;lang=en_US\">the library system<\/a>, as well as in <a href=\"https:\/\/biblioteka.sum.edu.pl\/en\/kontakt-i-godziny-otwarcia\/\" data-type=\"link\" data-id=\"https:\/\/biblioteka.sum.edu.pl\/kontakt-i-godziny-otwarcia\/\">Main Library and its Branches.<\/a><\/p>\n<\/div><\/div><\/div>\n\n\n\n<div class=\"wp-block-kadence-pane kt-accordion-pane kt-accordion-pane-13 kt-pane17636_30f42f-d2\"><div class=\"kt-accordion-header-wrap\"><button class=\"kt-blocks-accordion-header kt-acccordion-button-label-show\" type=\"button\"><span class=\"kt-blocks-accordion-title-wrap\"><span class=\"kt-blocks-accordion-title\">How do I get clearance in the Virtual Dean\u2019s Office?<\/span><\/span><span class=\"kt-blocks-accordion-icon-trigger\"><\/span><\/button><\/div><div class=\"kt-accordion-panel kt-accordion-panel-hidden\"><div class=\"kt-accordion-panel-inner\">\n<p>You should contact the library branch of your choice by email, telephone or in person.<\/p>\n<\/div><\/div><\/div>\n\n\n\n<div class=\"wp-block-kadence-pane kt-accordion-pane kt-accordion-pane-14 kt-pane17636_c62dae-4f\"><div class=\"kt-accordion-header-wrap\"><button class=\"kt-blocks-accordion-header kt-acccordion-button-label-show\" type=\"button\"><span class=\"kt-blocks-accordion-title-wrap\"><span class=\"kt-blocks-accordion-title\">What conditions are necessary to sign the circulation card?<\/span><\/span><span class=\"kt-blocks-accordion-icon-trigger\"><\/span><\/button><\/div><div class=\"kt-accordion-panel kt-accordion-panel-hidden\"><div class=\"kt-accordion-panel-inner\">\n<p>An entry in the Virtual Deanery System can only be obtained once the books have been returned and the financial outstanding payments have been cleared.<br>If a SUM student is enrolled in the library of another public university, it is necessary to provide the Reading Room in Katowice in the Main Library with \"confirmation of payment of obligations to the library\". The confirmation is obtained by the student from the university in which the student is additionally enrolled.<\/p>\n<\/div><\/div><\/div>\n\n\n\n<div class=\"wp-block-kadence-pane kt-accordion-pane kt-accordion-pane-15 kt-pane17636_cc7322-02\"><div class=\"kt-accordion-header-wrap\"><button class=\"kt-blocks-accordion-header kt-acccordion-button-label-show\" type=\"button\"><span class=\"kt-blocks-accordion-title-wrap\"><span class=\"kt-blocks-accordion-title\">What is the effect of signing the circulation card?<\/span><\/span><span class=\"kt-blocks-accordion-icon-trigger\"><\/span><\/button><\/div><div class=\"kt-accordion-panel kt-accordion-panel-hidden\"><div class=\"kt-accordion-panel-inner\">\n<p>Closing and deleting your library account. From then on, you can only use the collections on site in the reading rooms.<\/p>\n<\/div><\/div><\/div>\n<\/div><\/div><\/div>\n\n\n\n<p>Based on:&nbsp;<br><a href=\"https:\/\/biblioteka.sum.edu.pl\/en\/regulamin-korzystania-z-biblioteki\/\" data-type=\"link\" data-id=\"https:\/\/biblioteka.sum.edu.pl\/regulamin-korzystania-z-biblioteki\/\">Terms of Use of the Library Collection of the Medical University of Silesia in Katowice<\/a>.<\/p>\n\n\n\n<p><\/p>","protected":false},"excerpt":{"rendered":"<p>Wypo\u017cyczanie Opracowano na podstawie:&nbsp;Regulaminu korzystania ze zbior\u00f3w Biblioteki \u015al\u0105skiego &nbsp;Uniwersytetu &nbsp;Medycznego &nbsp;w Katowicach.<\/p>","protected":false},"author":4,"featured_media":0,"parent":96,"menu_order":0,"comment_status":"closed","ping_status":"closed","template":"","meta":{"_eb_attr":"","footnotes":""},"categories":[210],"tags":[],"class_list":["post-17636","page","type-page","status-publish","hentry","category-zasoby"],"publishpress_future_action":{"enabled":false,"date":"2026-04-12 16:36:55","action":"change-status","newStatus":"draft","terms":[],"taxonomy":"category","extraData":[]},"publishpress_future_workflow_manual_trigger":{"enabledWorkflows":[]},"_links":{"self":[{"href":"https:\/\/biblioteka.sum.edu.pl\/en\/wp-json\/wp\/v2\/pages\/17636","targetHints":{"allow":["GET"]}}],"collection":[{"href":"https:\/\/biblioteka.sum.edu.pl\/en\/wp-json\/wp\/v2\/pages"}],"about":[{"href":"https:\/\/biblioteka.sum.edu.pl\/en\/wp-json\/wp\/v2\/types\/page"}],"author":[{"embeddable":true,"href":"https:\/\/biblioteka.sum.edu.pl\/en\/wp-json\/wp\/v2\/users\/4"}],"replies":[{"embeddable":true,"href":"https:\/\/biblioteka.sum.edu.pl\/en\/wp-json\/wp\/v2\/comments?post=17636"}],"version-history":[{"count":117,"href":"https:\/\/biblioteka.sum.edu.pl\/en\/wp-json\/wp\/v2\/pages\/17636\/revisions"}],"predecessor-version":[{"id":27883,"href":"https:\/\/biblioteka.sum.edu.pl\/en\/wp-json\/wp\/v2\/pages\/17636\/revisions\/27883"}],"up":[{"embeddable":true,"href":"https:\/\/biblioteka.sum.edu.pl\/en\/wp-json\/wp\/v2\/pages\/96"}],"wp:attachment":[{"href":"https:\/\/biblioteka.sum.edu.pl\/en\/wp-json\/wp\/v2\/media?parent=17636"}],"wp:term":[{"taxonomy":"category","embeddable":true,"href":"https:\/\/biblioteka.sum.edu.pl\/en\/wp-json\/wp\/v2\/categories?post=17636"},{"taxonomy":"post_tag","embeddable":true,"href":"https:\/\/biblioteka.sum.edu.pl\/en\/wp-json\/wp\/v2\/tags?post=17636"}],"curies":[{"name":"wp","href":"https:\/\/api.w.org\/{rel}","templated":true}]}}