{"id":17601,"date":"2023-10-30T09:46:17","date_gmt":"2023-10-30T08:46:17","guid":{"rendered":"https:\/\/biblioteka2.sum.edu.pl\/?page_id=17601"},"modified":"2026-03-30T12:06:11","modified_gmt":"2026-03-30T10:06:11","slug":"rejestracja-publikacji","status":"publish","type":"page","link":"https:\/\/biblioteka.sum.edu.pl\/en\/dla-publikujacych\/rejestracja-publikacji\/","title":{"rendered":"Reporting of SUM publications"},"content":{"rendered":"<h3 class=\"wp-block-heading\">Reporting of SUM publications<br><\/h3>\n\n\n\n<div style=\"height:18px\" aria-hidden=\"true\" class=\"wp-block-spacer\"><\/div>\n\n\n\n<div class=\"wp-block-columns is-layout-flex wp-container-core-columns-is-layout-28f84493 wp-block-columns-is-layout-flex\">\n<div class=\"wp-block-column is-layout-flow wp-block-column-is-layout-flow\" style=\"flex-basis:100%\">\n<p><strong>PLEASE NOTE:<\/strong> Comprehensive analyses of the scientific achievements of the University Units can only be properly carried out only by the SUM Library. This analysis is possible on the basis of the lists of historical codes and unit names reported by the Bibliography and Bibliometrics Department.<\/p>\n<\/div>\n<\/div>\n\n\n\n<p id=\"justuj\"><img decoding=\"async\" class=\"wp-image-18334\" style=\"\" src=\"https:\/\/biblioteka.sum.edu.pl\/wp-content\/uploads\/2023\/11\/projekty.png\" alt=\"teczka\">Bibliographical material should be submitted to the Department immediately after publication in the form of a copy or original publication: in person, by post or by e-mail to bibinfo@sum.edu.pl. <a href=\"\/en\/bibinfo@sum.edu.pl\/\">bibinfo@sum.edu.pl<\/a>. <\/p>\n\n\n\n<div class=\"wp-block-group is-layout-constrained wp-block-group-is-layout-constrained\">\n<div style=\"height:9px\" aria-hidden=\"true\" class=\"wp-block-spacer\"><\/div>\n\n\n\n<p class=\"has-text-align-left black\"><strong>Submitted copies of publications should include the following details:<\/strong><br><br>for journal articles:<\/p>\n<\/div>\n\n\n\n<div class=\"wp-block-columns is-layout-flex wp-container-core-columns-is-layout-28f84493 wp-block-columns-is-layout-flex\">\n<div class=\"wp-block-column is-layout-flow wp-block-column-is-layout-flow\" style=\"flex-basis:100%\">\n<ul style=\"line-height:1.3\" class=\"wp-block-list has-black-color has-text-color\">\n<li>the title page of the book;<\/li>\n\n\n\n<li class=\"black\">first and last page of the article;<\/li>\n\n\n\n<li>indication of the licence if the article has been published in open access;<\/li>\n\n\n\n<li>the number of the contract for the scientific research work (if any) of which the article is the scientific result.<\/li>\n<\/ul>\n<\/div>\n<\/div>\n\n\n\n<p>for a book\/chapter:<\/p>\n\n\n\n<div class=\"wp-block-columns has-text-color is-layout-flex wp-container-core-columns-is-layout-28f84493 wp-block-columns-is-layout-flex\" style=\"color:#00395f\">\n<div class=\"wp-block-column is-layout-flow wp-block-column-is-layout-flow\" style=\"flex-basis:100%\">\n<ul style=\"line-height:1.3\" class=\"wp-block-list has-black-color has-text-color has-link-color wp-elements-86edb8a6eaf06c136d406ae29e42c30e\">\n<li>the title page of the book;<\/li>\n\n\n\n<li>a page including information on: the author\/editor of the book, the publisher, the year of publication, the place of publication and the ISBN number;<\/li>\n\n\n\n<li>table of contents;<\/li>\n\n\n\n<li>the index of authors, if present on a separate page;<\/li>\n\n\n\n<li>first and last page of the article;<\/li>\n\n\n\n<li>the last page of the book with the text (in the case of a monograph);<\/li>\n\n\n\n<li>the number of the contract for the scientific research work (if any) of which the book\/chapter is the scientific result.<\/li>\n<\/ul>\n<\/div>\n<\/div>\n\n\n\n<p>for conference proceedings:<\/p>\n\n\n\n<ul style=\"line-height:1.3\" class=\"wp-block-list has-black-color has-text-color\">\n<li>the title page of the journal or conference proceedings in which the paper or congress abstract is published<\/li>\n\n\n\n<li>pages containing information on the name, place and date of the congress;<\/li>\n\n\n\n<li>conference proceedings or abstract, first and last page.<\/li>\n\n\n\n<li>the website address if the abstracts or conference proceedings have been made available online<\/li>\n\n\n\n<li>the number of the contract for the scientific research work (if any) that has led to the scientific work in the paper or the abstract of the congress<\/li>\n<\/ul>\n\n\n\n<p class=\"has-ti-bg-alt-background-color has-background\"><strong>Please, note!<\/strong> Papers without this detail or with incomplete information will not be included in the bibliographic database.<\/p>\n\n\n\n<div style=\"height:17px\" aria-hidden=\"true\" class=\"wp-block-spacer\"><\/div>\n\n\n\n<h3 class=\"wp-block-heading\">Legal acts<\/h3>\n\n\n\n<p style=\"font-size:clamp(14px, 0.875rem + ((1vw - 3.2px) * 0.122), 15px);\"><a rel=\"noreferrer noopener\" href=\"https:\/\/aktyprawne.sum.edu.pl\/oneitem?id=2133\" target=\"_blank\">Decision No. 4\/2018 of 12 January 2018 amending Decision No. 153\/2014 of the Rector of the Medical University of Silesia in Katowice <\/a> on the registration of scientific publications of the Medical University of Silesia in Katowice (in Polish only).<\/p>\n\n\n\n<div class=\"wp-block-group is-layout-constrained wp-block-group-is-layout-constrained\"><\/div>\n\n\n\n<p><\/p>","protected":false},"excerpt":{"rendered":"<p>Zasady dostarczania publikacji do Bibliografii Publikacji \u015aUM UWAGA! Kompleksowe analizy dorobku naukowego jednostek organizacyjnych \u015aUM mo\u017ce prawid\u0142owo wykona\u0107 jedynie Biblioteka na podstawie posiadanych wykaz\u00f3w historycznych kod\u00f3w i nazw jednostek. Materia\u0142 bibliograficzny nale\u017cy dostarcza\u0107 do Dzia\u0142u niezw\u0142ocznie po opublikowaniu w postaci kopii lub orygina\u0142u publikacji: osobi\u015bcie, poczt\u0105 tradycyjn\u0105 lub elektroniczn\u0105 na adres bibinfo@sum.edu.pl. Nadsy\u0142ane kopie publikacji [&hellip;]<\/p>","protected":false},"author":5,"featured_media":0,"parent":17194,"menu_order":0,"comment_status":"closed","ping_status":"closed","template":"","meta":{"_eb_attr":"","footnotes":""},"categories":[],"tags":[],"class_list":["post-17601","page","type-page","status-publish","hentry"],"publishpress_future_action":{"enabled":false,"date":"2026-04-12 16:13:20","action":"change-status","newStatus":"draft","terms":[],"taxonomy":"category","extraData":[]},"publishpress_future_workflow_manual_trigger":{"enabledWorkflows":[]},"_links":{"self":[{"href":"https:\/\/biblioteka.sum.edu.pl\/en\/wp-json\/wp\/v2\/pages\/17601","targetHints":{"allow":["GET"]}}],"collection":[{"href":"https:\/\/biblioteka.sum.edu.pl\/en\/wp-json\/wp\/v2\/pages"}],"about":[{"href":"https:\/\/biblioteka.sum.edu.pl\/en\/wp-json\/wp\/v2\/types\/page"}],"author":[{"embeddable":true,"href":"https:\/\/biblioteka.sum.edu.pl\/en\/wp-json\/wp\/v2\/users\/5"}],"replies":[{"embeddable":true,"href":"https:\/\/biblioteka.sum.edu.pl\/en\/wp-json\/wp\/v2\/comments?post=17601"}],"version-history":[{"count":47,"href":"https:\/\/biblioteka.sum.edu.pl\/en\/wp-json\/wp\/v2\/pages\/17601\/revisions"}],"predecessor-version":[{"id":28180,"href":"https:\/\/biblioteka.sum.edu.pl\/en\/wp-json\/wp\/v2\/pages\/17601\/revisions\/28180"}],"up":[{"embeddable":true,"href":"https:\/\/biblioteka.sum.edu.pl\/en\/wp-json\/wp\/v2\/pages\/17194"}],"wp:attachment":[{"href":"https:\/\/biblioteka.sum.edu.pl\/en\/wp-json\/wp\/v2\/media?parent=17601"}],"wp:term":[{"taxonomy":"category","embeddable":true,"href":"https:\/\/biblioteka.sum.edu.pl\/en\/wp-json\/wp\/v2\/categories?post=17601"},{"taxonomy":"post_tag","embeddable":true,"href":"https:\/\/biblioteka.sum.edu.pl\/en\/wp-json\/wp\/v2\/tags?post=17601"}],"curies":[{"name":"wp","href":"https:\/\/api.w.org\/{rel}","templated":true}]}}