{"id":17572,"date":"2023-10-27T13:38:39","date_gmt":"2023-10-27T11:38:39","guid":{"rendered":"https:\/\/biblioteka2.sum.edu.pl\/?page_id=17572"},"modified":"2026-02-26T14:59:21","modified_gmt":"2026-02-26T13:59:21","slug":"dzial-repozytorium-i-promocji-otwartej-nauki","status":"publish","type":"page","link":"https:\/\/biblioteka.sum.edu.pl\/en\/kontakt-i-godziny-otwarcia\/dzial-repozytorium-i-promocji-otwartej-nauki\/","title":{"rendered":"Repository and Open Science Promotion Department"},"content":{"rendered":"<h2 class=\"wp-block-heading\">Repository and Open Science Promotion Department<\/h2>\n\n\n\n<div class=\"wp-block-columns is-layout-flex wp-container-core-columns-is-layout-28f84493 wp-block-columns-is-layout-flex\">\n<div class=\"wp-block-column is-layout-flow wp-block-column-is-layout-flow\">\n<p class=\"has-ti-bg-color has-text-color has-background has-link-color wp-elements-6474d4e21ca3cea060aa193c11424f91\" style=\"background-color:#00395f\">Location<\/p>\n\n\n\n<p>14 Warszawska Str.<br>40-006 Katowice<\/p>\n<\/div>\n\n\n\n<div class=\"wp-block-column is-layout-flow wp-block-column-is-layout-flow\">\n<p class=\"has-ti-bg-color has-text-color has-background has-link-color wp-elements-8400ed1df3215554aa7ac75dcb8ae2c7\" style=\"background-color:#00395f\">Opening hours<\/p>\n\n\n\n<p>Monday - Friday 7.30 a.m. to 3.30 p.m.<\/p>\n<\/div>\n<\/div>\n\n\n\n<p class=\"has-ti-bg-color has-text-color has-background has-link-color wp-elements-ab3a624ec97b25d4cfd399702c2c4d65\" style=\"background-color:#00395f\">Head of Department<\/p>\n\n\n\n<div class=\"wp-block-columns is-layout-flex wp-container-core-columns-is-layout-28f84493 wp-block-columns-is-layout-flex\">\n<div class=\"wp-block-column is-layout-flow wp-block-column-is-layout-flow\">\n<p><strong>Mr Krzysztof Go\u015bciniak, MA<\/strong><br>Coordinator of the Open Science Team<\/p>\n<\/div>\n\n\n\n<div class=\"wp-block-column is-layout-flow wp-block-column-is-layout-flow\">\n<p>First floor, room 2.2<br>(Library's Administration Office)<br>Phone number: +48 32 208 36 33<br>email: <a href=\"mailto:ppm@sum.edu.pl\">ppm@sum.edu.pl<\/a><\/p>\n<\/div>\n<\/div>\n\n\n\n<div class=\"wp-block-columns is-layout-flex wp-container-core-columns-is-layout-28f84493 wp-block-columns-is-layout-flex\">\n<div class=\"wp-block-column is-layout-flow wp-block-column-is-layout-flow\">\n<p class=\"has-ti-bg-color has-text-color has-background has-link-color wp-elements-e7c771152e78e5566560c5a67d9f7968\" style=\"background-color:#00395f\">Zesp\u00f3\u0142 Dzia\u0142u w sk\u0142adzie:<\/p>\n\n\n\n<p><strong>Ms Joanna Gubernat, MA<br>Monika Matysik, MA<br>Ewa Nale\u015bnik, MA<\/strong><br><strong>Ms Anna Starzykowska, BA<\/strong><\/p>\n\n\n\n<p>Phone number: +48 32\u00a0208\u00a036\u00a075<br>First floor, room 2.2 and 2.3<br>email: <a href=\"mailto:ppm@sum.edu.pl\">ppm@sum.edu.pl<\/a><\/p>\n\n\n\n<p><\/p>\n\n\n\n<p><\/p>\n\n\n\n<p><\/p>\n<\/div>\n<\/div>\n\n\n\n<div class=\"wp-block-buttons is-content-justification-center is-layout-flex wp-container-core-buttons-is-layout-a89b3969 wp-block-buttons-is-layout-flex\">\n<div class=\"wp-block-button is-style-outline is-style-outline--1\"><a class=\"wp-block-button__link has-ti-bg-color has-text-color has-background has-text-align-left wp-element-button\" href=\"https:\/\/biblioteka.sum.edu.pl\/en\/zadania-dzialu-repozytorium-i-promocji-otwartej-nauki\/\" style=\"background-color:#a5c73d\">Goals of the Department<\/a><\/div>\n<\/div>","protected":false},"excerpt":{"rendered":"<p>Dzia\u0142 Repozytorium i Promocji Otwartej Nauki Lokalizacja ul. Warszawska 14,40-006 Katowice Godziny otwarcia poniedzia\u0142ek \u2013 pi\u0105tek 7.30-15.30 Kierownik Dzia\u0142u mgr Krzysztof Go\u015bciniakKoordynator zespo\u0142u ds. otwartej nauki I pi\u0119tro, pok\u00f3j 2.2(Sekretariat Biblioteki)tel. 32 208 36 33email: ppm@sum.edu.pl Zesp\u00f3\u0142 Dzia\u0142u w sk\u0142adzie: mgr Joanna Gubernatmgr&nbsp;Monika Matysikmgr&nbsp;Ewa Nale\u015bniklic. Anna Starzykowska tel. 32&nbsp;208&nbsp;36&nbsp;75I pi\u0119tro, pok\u00f3j 2.2, 2.3email: ppm@sum.edu.pl<\/p>","protected":false},"author":6,"featured_media":0,"parent":16504,"menu_order":0,"comment_status":"closed","ping_status":"closed","template":"","meta":{"_eb_attr":"","footnotes":""},"categories":[],"tags":[],"class_list":["post-17572","page","type-page","status-publish","hentry"],"publishpress_future_action":{"enabled":false,"date":"2026-04-12 16:56:35","action":"change-status","newStatus":"draft","terms":[],"taxonomy":"category","extraData":[]},"publishpress_future_workflow_manual_trigger":{"enabledWorkflows":[]},"_links":{"self":[{"href":"https:\/\/biblioteka.sum.edu.pl\/en\/wp-json\/wp\/v2\/pages\/17572","targetHints":{"allow":["GET"]}}],"collection":[{"href":"https:\/\/biblioteka.sum.edu.pl\/en\/wp-json\/wp\/v2\/pages"}],"about":[{"href":"https:\/\/biblioteka.sum.edu.pl\/en\/wp-json\/wp\/v2\/types\/page"}],"author":[{"embeddable":true,"href":"https:\/\/biblioteka.sum.edu.pl\/en\/wp-json\/wp\/v2\/users\/6"}],"replies":[{"embeddable":true,"href":"https:\/\/biblioteka.sum.edu.pl\/en\/wp-json\/wp\/v2\/comments?post=17572"}],"version-history":[{"count":23,"href":"https:\/\/biblioteka.sum.edu.pl\/en\/wp-json\/wp\/v2\/pages\/17572\/revisions"}],"predecessor-version":[{"id":27910,"href":"https:\/\/biblioteka.sum.edu.pl\/en\/wp-json\/wp\/v2\/pages\/17572\/revisions\/27910"}],"up":[{"embeddable":true,"href":"https:\/\/biblioteka.sum.edu.pl\/en\/wp-json\/wp\/v2\/pages\/16504"}],"wp:attachment":[{"href":"https:\/\/biblioteka.sum.edu.pl\/en\/wp-json\/wp\/v2\/media?parent=17572"}],"wp:term":[{"taxonomy":"category","embeddable":true,"href":"https:\/\/biblioteka.sum.edu.pl\/en\/wp-json\/wp\/v2\/categories?post=17572"},{"taxonomy":"post_tag","embeddable":true,"href":"https:\/\/biblioteka.sum.edu.pl\/en\/wp-json\/wp\/v2\/tags?post=17572"}],"curies":[{"name":"wp","href":"https:\/\/api.w.org\/{rel}","templated":true}]}}