{"id":17559,"date":"2023-10-27T13:25:50","date_gmt":"2023-10-27T11:25:50","guid":{"rendered":"https:\/\/biblioteka2.sum.edu.pl\/?page_id=17559"},"modified":"2023-11-07T14:46:12","modified_gmt":"2023-11-07T13:46:12","slug":"dzial-bibliografii-i-bibliometrii","status":"publish","type":"page","link":"https:\/\/biblioteka.sum.edu.pl\/en\/dzial-bibliografii-i-bibliometrii\/","title":{"rendered":"Bibliography and Bibliometrics Department"},"content":{"rendered":"<h5 class=\"wp-block-heading has-text-align-left has-black-color has-cyan-bluish-gray-background-color has-text-color has-background\"><kbd>| <\/kbd>LOKALIZACJA<\/h5>\n\n\n\n<div class=\"wp-block-group has-ti-bg-background-color has-background is-layout-constrained wp-block-group-is-layout-constrained\">\n<div class=\"wp-block-columns is-layout-flex wp-container-core-columns-is-layout-28f84493 wp-block-columns-is-layout-flex\">\n<div class=\"wp-block-column is-layout-flow wp-block-column-is-layout-flow\" style=\"flex-basis:50%\">\n<p>ul. Warszawska 14, 40-006 Katowice<\/p>\n<\/div>\n\n\n\n<div class=\"wp-block-column is-layout-flow wp-block-column-is-layout-flow\" style=\"flex-basis:50%\">\n<p><strong>Second floor <\/strong>pok\u00f3j nr<strong> 3.1, 3.2<\/strong><\/p>\n<\/div>\n<\/div>\n<\/div>\n\n\n\n<h5 class=\"wp-block-heading has-ti-bg-inv-color has-cyan-bluish-gray-background-color has-text-color has-background\"><kbd>|  <\/kbd>GODZINY<\/h5>\n\n\n\n<div class=\"wp-block-group has-ti-bg-background-color has-background is-layout-constrained wp-block-group-is-layout-constrained\">\n<div class=\"wp-block-columns is-layout-flex wp-container-core-columns-is-layout-28f84493 wp-block-columns-is-layout-flex\">\n<div class=\"wp-block-column is-layout-flow wp-block-column-is-layout-flow\" style=\"flex-basis:50%\">\n<p>poniedzia\u0142ek &#8211;&nbsp;pi\u0105tek<\/p>\n<\/div>\n\n\n\n<div class=\"wp-block-column is-layout-flow wp-block-column-is-layout-flow\" style=\"flex-basis:50%\">\n<p><strong>7.30-17.00<\/strong><\/p>\n<\/div>\n<\/div>\n<\/div>\n\n\n\n<h5 class=\"wp-block-heading has-ti-bg-inv-color has-cyan-bluish-gray-background-color has-text-color has-background\"><kbd>|  <\/kbd>CONTACT<\/h5>\n\n\n\n<div class=\"wp-block-group is-layout-constrained wp-block-group-is-layout-constrained\">\n<div class=\"wp-block-group is-layout-constrained wp-block-group-is-layout-constrained\">\n<div class=\"wp-block-columns is-layout-flex wp-container-core-columns-is-layout-28f84493 wp-block-columns-is-layout-flex\">\n<div class=\"wp-block-column is-vertically-aligned-center is-layout-flow wp-block-column-is-layout-flow\" style=\"flex-basis:50%\">\n<p class=\"has-text-align-left has-link-color wp-elements-953ea9fdd788aedc5a6b379d20510d41\">Kierownik Dzia\u0142u:<br>Ms Wioletta Dyjas, MA<br><\/p>\n<\/div>\n\n\n\n<div class=\"wp-block-column is-layout-flow wp-block-column-is-layout-flow\" style=\"flex-basis:50%\">\n<p class=\"has-link-color wp-elements-0d32c729ba110bac3356e01c21b85e44\"><strong>+48<\/strong> <strong>32 208 35 66<\/strong><br><a href=\"mailto:bibinfo@sum.edu.pl\"><strong>bibinfo@sum.edu.pl<\/strong><\/a><\/p>\n<\/div>\n<\/div>\n<\/div>\n<\/div>\n\n\n\n<div class=\"wp-block-columns has-ti-bg-alt-background-color has-background is-layout-flex wp-container-core-columns-is-layout-17fc1b09 wp-block-columns-is-layout-flex\">\n<div class=\"wp-block-column is-layout-flow wp-block-column-is-layout-flow\" style=\"flex-basis:50%\">\n<p>W sprawie bibliografii i bibliometrii:<\/p>\n\n\n\n<p>Ms Maria Guziel<br>Ms Daria Mermel, MA<br>dr Monika Paj\u0105k<br><strong>Phone number: +48 32 208 36 17<\/strong><br>Ms Wioletta Dyjas, MA<br>Ms Katarzyna Cukierska, MA<br><strong>Phone number: + 48 32 208 35 66 <\/strong><\/p>\n\n\n\n<p><br><\/p>\n<\/div>\n\n\n\n<div class=\"wp-block-column is-layout-flow wp-block-column-is-layout-flow\" style=\"flex-basis:50%\">\n<p>W sprawie cytowa\u0144:<\/p>\n\n\n\n<p>Ms Marzena Malajka, MA<br><strong>Phone number: +48 32 208 36 17<\/strong><br>Mr Marek Halkiewicz, MA<br>Mr Adam P\u0119czek, MA<br><strong>Phone number: + 48 32 208 35 66<\/strong><\/p>\n\n\n\n<p><br><br><\/p>\n<\/div>\n<\/div>\n\n\n\n<h5 class=\"wp-block-heading has-ti-bg-inv-color has-cyan-bluish-gray-background-color has-text-color has-background\"><kbd>|  <\/kbd>ZADANIA DZIA\u0141U<\/h5>\n\n\n\n<p id=\"https:\/\/biblioteka.sum.edu.pl\/zadania-dzialu-bibliografii-i-bibliometrii\/\">Dzia\u0142 Bibliografii i Bibliometrii spe\u0142nia nast\u0119puj\u0105ce funkcje:<\/p>\n\n\n\n<ul class=\"wp-block-list\">\n<li class=\"justuj\">gromadzi materia\u0142 bibliograficzny, dokumentuj\u0105cy dorobek naukowy pracownik\u00f3w powsta\u0142y w okresie ich zatrudnienia w Uczelni w bazie Bibliografia Publikacji \u015al\u0105skiego Uniwersytetu Medycznego\u00a0w Katowicach,<\/li>\n\n\n\n<li class=\"justuj\">provides citation analysis based on Web of Science and Scopus databases, verifies the content of authors' profiles, corrects bibliographic descriptions, and completes missing publications or citations in the mentioned databases,<\/li>\n\n\n\n<li class=\"justuj\">conducts bibliometric analyses for the purpose of evaluation of scientific units, accreditation of departments, individual employees, postgraduate students and physicians entering the qualification procedure for medical specialties,<\/li>\n\n\n\n<li class=\"justuj\">systematically reports data on the University's publication output on the platform of the Polish Scientific Bibliography<\/li>\n<\/ul>\n\n\n\n<div class=\"wp-block-group is-layout-constrained wp-block-group-is-layout-constrained\">\n<div class=\"wp-block-group is-layout-constrained wp-block-group-is-layout-constrained\">\n<p>The process of creating the database involves:<\/p>\n\n\n\n<ul class=\"wp-block-list\">\n<li>adding descriptions of publications on the basis of copies of articles provided by authors, systematic checking of tables of contents of the latest editions of journals subscribed by the library, RSS news about publications by SUM staff in PubMed,<\/li>\n\n\n\n<li>updating the indexes of names and abbreviations of SUM units, titles and abbreviations of journals, the list of personal names of academic staff, as well as the current values of the Impact Factor (IF) of the latest edition of the Journal Citation Reports database and the scoring of publications according to the Ministry's list,<\/li>\n\n\n\n<li>the correct scoring of each type of publication in accordance with the Ministry's regulations,<\/li>\n\n\n\n<li>wysy\u0142aniu corocznej ankiety do wszystkich jednostek Uczelni w celu ostatecznego uzupe\u0142nienia bazy za miniony rok, &#8211; uzupe\u0142nianiu danych wymaganych przez akty prawne zwi\u0105zane z parametryzacj\u0105 jednostek i sprawozdawczo\u015bci\u0105 dorobku naukowego.<\/li>\n<\/ul>\n<\/div>\n<\/div>","protected":false},"excerpt":{"rendered":"<p>| LOKALIZACJA ul. Warszawska 14, 40-006 Katowice II pi\u0119tro, pok\u00f3j nr 3.1, 3.2 | GODZINY poniedzia\u0142ek &#8211;&nbsp;pi\u0105tek 7.30-17.00 | KONTAKT Kierownik Dzia\u0142u:mgr Wioletta Dyjas tel. 32 208 35 66bibinfo@sum.edu.pl W sprawie bibliografii i bibliometrii: pani Maria Guzielmgr Daria Mermeldr Monika Paj\u0105ktel. 32 208 36 17mgr Wioletta Dyjasmgr Katarzyna Cukierskatel. 32 208 35 66 W sprawie [&hellip;]<\/p>","protected":false},"author":6,"featured_media":0,"parent":0,"menu_order":0,"comment_status":"closed","ping_status":"closed","template":"","meta":{"_eb_attr":"","footnotes":""},"categories":[],"tags":[],"class_list":["post-17559","page","type-page","status-publish","hentry"],"publishpress_future_action":{"enabled":false,"date":"2026-05-11 18:49:36","action":"change-status","newStatus":"draft","terms":[],"taxonomy":"category","extraData":[]},"publishpress_future_workflow_manual_trigger":{"enabledWorkflows":[]},"_links":{"self":[{"href":"https:\/\/biblioteka.sum.edu.pl\/en\/wp-json\/wp\/v2\/pages\/17559","targetHints":{"allow":["GET"]}}],"collection":[{"href":"https:\/\/biblioteka.sum.edu.pl\/en\/wp-json\/wp\/v2\/pages"}],"about":[{"href":"https:\/\/biblioteka.sum.edu.pl\/en\/wp-json\/wp\/v2\/types\/page"}],"author":[{"embeddable":true,"href":"https:\/\/biblioteka.sum.edu.pl\/en\/wp-json\/wp\/v2\/users\/6"}],"replies":[{"embeddable":true,"href":"https:\/\/biblioteka.sum.edu.pl\/en\/wp-json\/wp\/v2\/comments?post=17559"}],"version-history":[{"count":43,"href":"https:\/\/biblioteka.sum.edu.pl\/en\/wp-json\/wp\/v2\/pages\/17559\/revisions"}],"predecessor-version":[{"id":18074,"href":"https:\/\/biblioteka.sum.edu.pl\/en\/wp-json\/wp\/v2\/pages\/17559\/revisions\/18074"}],"wp:attachment":[{"href":"https:\/\/biblioteka.sum.edu.pl\/en\/wp-json\/wp\/v2\/media?parent=17559"}],"wp:term":[{"taxonomy":"category","embeddable":true,"href":"https:\/\/biblioteka.sum.edu.pl\/en\/wp-json\/wp\/v2\/categories?post=17559"},{"taxonomy":"post_tag","embeddable":true,"href":"https:\/\/biblioteka.sum.edu.pl\/en\/wp-json\/wp\/v2\/tags?post=17559"}],"curies":[{"name":"wp","href":"https:\/\/api.w.org\/{rel}","templated":true}]}}