{"id":17497,"date":"2023-10-27T10:33:04","date_gmt":"2023-10-27T08:33:04","guid":{"rendered":"https:\/\/biblioteka2.sum.edu.pl\/?page_id=17497"},"modified":"2025-01-29T13:20:02","modified_gmt":"2025-01-29T12:20:02","slug":"czwartki-z-bibliografia","status":"publish","type":"page","link":"https:\/\/biblioteka.sum.edu.pl\/en\/dla-publikujacych\/ewaluacja-w-pigulce\/czwartki-z-bibliografia\/","title":{"rendered":"Czwartki z bibliografi\u0105"},"content":{"rendered":"<p class=\"has-text-align-left justuj\"><img loading=\"lazy\" decoding=\"async\" width=\"70\" height=\"70\" class=\"wp-image-50\" style=\"width: 70px;\" src=\"https:\/\/biblioteka.sum.edu.pl\/wp-content\/uploads\/2023\/07\/665209.png\" alt=\"\" srcset=\"https:\/\/biblioteka.sum.edu.pl\/wp-content\/uploads\/2023\/07\/665209.png 128w, https:\/\/biblioteka.sum.edu.pl\/wp-content\/uploads\/2023\/07\/665209-100x100.png 100w\" sizes=\"auto, (max-width: 70px) 100vw, 70px\" \/>Cykl eksperckich spotka\u0144 &#8222;Czwartki z bibliografi\u0105&#8221;, publikowana na profilu FB Biblioteki SUM w Katowicach, przybli\u017ca tematyk\u0119 z zakresu szeroko poj\u0119tej ewaluacji dzia\u0142alno\u015bci naukowej i stanowi praktyczne wsparcie w tym procesie pracownik\u00f3w naukowych.<\/p>\n\n\n\n<p><\/p>\n\n\n\n<ol style=\"line-height:1.8;list-style-type:1\" class=\"wp-block-list justuj has-link-color wp-elements-fc5e2bc39136b84346e4fd056665e544\">\n<li><a href=\"https:\/\/www.facebook.com\/bibliotekaSUMwKatowicach\/photos\/a.680327892014998\/4342508629130221\/\" data-type=\"link\" data-id=\"https:\/\/www.facebook.com\/bibliotekaSUMwKatowicach\/photos\/a.680327892014998\/4342508629130221\/\">Impact Factor- najwa\u017cniejsze informacje<\/a><\/li>\n\n\n\n<li><a href=\"https:\/\/www.facebook.com\/bibliotekaSUMwKatowicach\/photos\/a.680327892014998\/4315899631791121\/\" target=\"_blank\" rel=\"noreferrer noopener\">Wyliczanie slot\u00f3w dla os\u00f3b z kr\u00f3tkim okresem zatrudnienia<\/a><\/li>\n\n\n\n<li><a href=\"https:\/\/www.facebook.com\/bibliotekaSUMwKatowicach\/photos\/a.680327892014998\/4292495140798237\/\" target=\"_blank\" rel=\"noreferrer noopener\">Nieewaluowane dyscypliny<\/a><\/li>\n\n\n\n<li><a href=\"https:\/\/www.facebook.com\/bibliotekaSUMwKatowicach\/photos\/a.680327892014998\/4243833228997762\/\">Rozliczanie wysokopunktowanych publikacji w wielu dyscyplinach<\/a><\/li>\n\n\n\n<li><a href=\"https:\/\/www.facebook.com\/bibliotekaSUMwKatowicach\/photos\/a.680327892014998\/4217551651625920\/\">\u0141\u0105czenia kont PBN \u2013 POL-on \u2013 ORCID<\/a><\/li>\n\n\n\n<li><a href=\"https:\/\/www.facebook.com\/bibliotekaSUMwKatowicach\/photos\/a.680327892014998\/4190046627709756\/\" target=\"_blank\" rel=\"noreferrer noopener\">O\u015bwiadczenie o dyscyplinie<\/a><\/li>\n\n\n\n<li><a rel=\"noreferrer noopener\" href=\"https:\/\/www.facebook.com\/bibliotekaSUMwKatowicach\/photos\/a.680327892014998\/4164618586919227\/\" target=\"_blank\">Jakie s\u0105 limity w ewaluacji jako\u015bci dzia\u0142alno\u015bci naukowej?<\/a><\/li>\n\n\n\n<li><a rel=\"noreferrer noopener\" href=\"https:\/\/www.facebook.com\/bibliotekaSUMwKatowicach\/photos\/a.680327892014998\/4138293746218378\/\" target=\"_blank\">Jakie s\u0105 zasady rejestracji publikacji w bazie Bibliografia Publikacji<\/a> <a rel=\"noreferrer noopener\" href=\"https:\/\/www.facebook.com\/bibliotekaSUMwKatowicach\/photos\/a.680327892014998\/4138293746218378\/\" target=\"_blank\">\u015al\u0105skiego Uniwersytetu Medycznego w Katowicach?<\/a><\/li>\n\n\n\n<li><a href=\"https:\/\/www.facebook.com\/bibliotekaSUMwKatowicach\/photos\/a.680327892014998\/4113619202019166\/\" target=\"_blank\" rel=\"noreferrer noopener\">Citation analysis and Hirsch Index for SUM employees<\/a><\/li>\n\n\n\n<li><a href=\"https:\/\/www.facebook.com\/bibliotekaSUMwKatowicach\/photos\/a.680327892014998\/4088822291165524\/\" target=\"_blank\" rel=\"noreferrer noopener\">Jakie monografie b\u0119d\u0105 brane pod uwag\u0119 w ewaluacji jako\u015bci dzia\u0142alno\u015bci naukowej?<\/a><\/li>\n\n\n\n<li><a href=\"https:\/\/www.facebook.com\/bibliotekaSUMwKatowicach\/photos\/a.680327892014998\/4063425590371861\/\" target=\"_blank\" rel=\"noreferrer noopener\">Jakie artyku\u0142y b\u0119d\u0105 brane pod uwag\u0119 w ewaluacji jako\u015bci dzia\u0142alno\u015bci naukowej?<\/a><\/li>\n\n\n\n<li><a rel=\"noreferrer noopener\" href=\"https:\/\/www.facebook.com\/bibliotekaSUMwKatowicach\/photos\/a.680327892014998\/4032300330151054\/\" target=\"_blank\">Jak wyliczana jest przeliczeniowa warto\u015b\u0107 punktowa publikacji, udzia\u0142 jednostkowy,<\/a> <a rel=\"noreferrer noopener\" href=\"https:\/\/www.facebook.com\/bibliotekaSUMwKatowicach\/photos\/a.680327892014998\/4032300330151054\/\" target=\"_blank\">czyli wype\u0142nienie slotu oraz jego warto\u015b\u0107 punktowa<\/a> <a rel=\"noreferrer noopener\" href=\"https:\/\/www.facebook.com\/bibliotekaSUMwKatowicach\/photos\/a.680327892014998\/4032300330151054\/\" target=\"_blank\">w monografiach naukowych wydanych w latach 2017-2021?<\/a><\/li>\n\n\n\n<li><a href=\"https:\/\/www.facebook.com\/bibliotekaSUMwKatowicach\/photos\/a.680327892014998\/4003138896400531\/\" target=\"_blank\" rel=\"noreferrer noopener\">Jak wyliczana jest przeliczeniowa warto\u015b\u0107 punktowa publikacji, udzia\u0142 jednostkowy<\/a> <a href=\"https:\/\/www.facebook.com\/bibliotekaSUMwKatowicach\/photos\/a.680327892014998\/4003138896400531\/\" target=\"_blank\" rel=\"noreferrer noopener\">czyli wype\u0142nienie slotu oraz jego warto\u015b\u0107 punktowa<\/a> <a href=\"https:\/\/www.facebook.com\/bibliotekaSUMwKatowicach\/photos\/a.680327892014998\/4003138896400531\/\" target=\"_blank\" rel=\"noreferrer noopener\">w artyku\u0142ach wydanych w latach 2019-2021?<\/a><\/li>\n\n\n\n<li><a rel=\"noreferrer noopener\" href=\"https:\/\/www.facebook.com\/bibliotekaSUMwKatowicach\/photos\/a.680327892014998\/3982206875160400\" target=\"_blank\">Jak wyliczana jest przeliczeniowa warto\u015b\u0107 punktowa publikacji, udzia\u0142 jednostkowy czyli wype\u0142nienie slotu oraz jego warto\u015b\u0107 punktowa w dobrych artyku\u0142ach wydanych w latach 2017-2018? &#8211; ci\u0105g dalszy<\/a><\/li>\n\n\n\n<li><a rel=\"noreferrer noopener\" href=\"https:\/\/www.facebook.com\/bibliotekaSUMwKatowicach\/photos\/a.680327892014998\/3958269924220762\/\" target=\"_blank\">Jak wyliczana jest przeliczeniowa warto\u015b\u0107 punktowa publikacji, udzia\u0142 jednostkowy czyli wype\u0142nienie slotu oraz jego warto\u015b\u0107 punktowa<\/a> <a rel=\"noreferrer noopener\" href=\"https:\/\/www.facebook.com\/bibliotekaSUMwKatowicach\/photos\/a.680327892014998\/3958269924220762\/\" target=\"_blank\">w artyku\u0142ach wydanych w latach 2017-2018?<\/a><\/li>\n\n\n\n<li><a rel=\"noreferrer noopener\" href=\"https:\/\/www.facebook.com\/bibliotekaSUMwKatowicach\/photos\/a.680327892014998\/3935299146517840\/?type=3&amp;theater\" target=\"_blank\">Jakich typ\u00f3w publikacji nie deklarowa\u0107 do ewaluacji?<\/a><\/li>\n\n\n\n<li><a rel=\"noreferrer noopener\" href=\"https:\/\/www.facebook.com\/bibliotekaSUMwKatowicach\/photos\/a.680327892014998\/3907331729314582\/?type=3&amp;theater\" target=\"_blank\">ORCID, po\u0142\u0105czenia kont, opisy publikacji w PBN<\/a><\/li>\n\n\n\n<li><a rel=\"noreferrer noopener\" href=\"https:\/\/www.facebook.com\/bibliotekaSUMwKatowicach\/photos\/a.680327892014998\/3879529868761435\/?type=3&amp;theater\" target=\"_blank\">SLOTY<\/a><p class=\"hide-if-no-js\"><\/p><\/li>\n<\/ol>","protected":false},"excerpt":{"rendered":"<p>Cykl eksperckich spotka\u0144 &#8222;Czwartki z bibliografi\u0105&#8221;, publikowana na profilu FB Biblioteki SUM w Katowicach, przybli\u017ca tematyk\u0119 z zakresu szeroko poj\u0119tej ewaluacji dzia\u0142alno\u015bci naukowej i stanowi praktyczne wsparcie w tym procesie pracownik\u00f3w naukowych.<\/p>","protected":false},"author":5,"featured_media":50,"parent":17461,"menu_order":1,"comment_status":"closed","ping_status":"closed","template":"","meta":{"_eb_attr":"","footnotes":""},"categories":[],"tags":[],"class_list":["post-17497","page","type-page","status-publish","has-post-thumbnail","hentry"],"publishpress_future_action":{"enabled":false,"date":"2026-04-12 18:58:27","action":"change-status","newStatus":"draft","terms":[],"taxonomy":"category","extraData":[]},"publishpress_future_workflow_manual_trigger":{"enabledWorkflows":[]},"_links":{"self":[{"href":"https:\/\/biblioteka.sum.edu.pl\/en\/wp-json\/wp\/v2\/pages\/17497","targetHints":{"allow":["GET"]}}],"collection":[{"href":"https:\/\/biblioteka.sum.edu.pl\/en\/wp-json\/wp\/v2\/pages"}],"about":[{"href":"https:\/\/biblioteka.sum.edu.pl\/en\/wp-json\/wp\/v2\/types\/page"}],"author":[{"embeddable":true,"href":"https:\/\/biblioteka.sum.edu.pl\/en\/wp-json\/wp\/v2\/users\/5"}],"replies":[{"embeddable":true,"href":"https:\/\/biblioteka.sum.edu.pl\/en\/wp-json\/wp\/v2\/comments?post=17497"}],"version-history":[{"count":12,"href":"https:\/\/biblioteka.sum.edu.pl\/en\/wp-json\/wp\/v2\/pages\/17497\/revisions"}],"predecessor-version":[{"id":25481,"href":"https:\/\/biblioteka.sum.edu.pl\/en\/wp-json\/wp\/v2\/pages\/17497\/revisions\/25481"}],"up":[{"embeddable":true,"href":"https:\/\/biblioteka.sum.edu.pl\/en\/wp-json\/wp\/v2\/pages\/17461"}],"wp:featuredmedia":[{"embeddable":true,"href":"https:\/\/biblioteka.sum.edu.pl\/en\/wp-json\/wp\/v2\/media\/50"}],"wp:attachment":[{"href":"https:\/\/biblioteka.sum.edu.pl\/en\/wp-json\/wp\/v2\/media?parent=17497"}],"wp:term":[{"taxonomy":"category","embeddable":true,"href":"https:\/\/biblioteka.sum.edu.pl\/en\/wp-json\/wp\/v2\/categories?post=17497"},{"taxonomy":"post_tag","embeddable":true,"href":"https:\/\/biblioteka.sum.edu.pl\/en\/wp-json\/wp\/v2\/tags?post=17497"}],"curies":[{"name":"wp","href":"https:\/\/api.w.org\/{rel}","templated":true}]}}