{"id":17419,"date":"2023-10-25T17:53:53","date_gmt":"2023-10-25T15:53:53","guid":{"rendered":"https:\/\/biblioteka2.sum.edu.pl\/?page_id=17419"},"modified":"2025-10-14T08:56:18","modified_gmt":"2025-10-14T06:56:18","slug":"dzial-gromadzenia-i-opracowania","status":"publish","type":"page","link":"https:\/\/biblioteka.sum.edu.pl\/en\/kontakt-i-godziny-otwarcia\/dzial-gromadzenia-i-opracowania\/","title":{"rendered":"Acquisition and Cataloguing Department"},"content":{"rendered":"<h2 class=\"wp-block-heading\">Acquisition and Cataloguing Department<\/h2>\n\n\n\n<div class=\"wp-block-columns is-layout-flex wp-container-core-columns-is-layout-28f84493 wp-block-columns-is-layout-flex\">\n<div class=\"wp-block-column is-layout-flow wp-block-column-is-layout-flow\">\n<p class=\"has-ti-bg-color has-text-color has-background has-link-color wp-elements-6474d4e21ca3cea060aa193c11424f91\" style=\"background-color:#00395f\">Location<\/p>\n\n\n\n<p>14 Warszawska Str.<br>40-006 Katowice<br>Second floor <br>rooms 3.6-3.8<\/p>\n<\/div>\n\n\n\n<div class=\"wp-block-column is-layout-flow wp-block-column-is-layout-flow\">\n<p class=\"has-ti-bg-color has-text-color has-background has-link-color wp-elements-8400ed1df3215554aa7ac75dcb8ae2c7\" style=\"background-color:#00395f\">Opening hours<\/p>\n\n\n\n<p>Monday - Friday 7.30 a.m. to 3.30 p.m.<\/p>\n<\/div>\n<\/div>\n\n\n\n<p class=\"has-ti-bg-color has-text-color has-background has-link-color wp-elements-b19e8f01bc76d3c0e4df3fbbb83fbe2e\" style=\"background-color:#00395f\">Acting Head of Department<\/p>\n\n\n\n<div class=\"wp-block-columns is-layout-flex wp-container-core-columns-is-layout-28f84493 wp-block-columns-is-layout-flex\">\n<div class=\"wp-block-column is-layout-flow wp-block-column-is-layout-flow\">\n<p><strong><strong>Ms Aleksandra Guzia\u0142ek, MA<\/strong><\/strong><\/p>\n<\/div>\n\n\n\n<div class=\"wp-block-column is-layout-flow wp-block-column-is-layout-flow\">\n<p>Second floor, room 3.8<br>tel.: 32 208 35 65 <br>e-mail: <a href=\"mailto:bibgrom@sum.edu.pl\">aleksandra.guzialek@sum.edu.pl<\/a><\/p>\n<\/div>\n<\/div>\n\n\n\n<p class=\"has-ti-bg-color has-text-color has-background has-link-color wp-elements-500bdd1b6401986d1f1e3dcee7986122\" style=\"background-color:#00395f\">Acquisition:<\/p>\n\n\n\n<div class=\"wp-block-columns is-layout-flex wp-container-core-columns-is-layout-28f84493 wp-block-columns-is-layout-flex\">\n<div class=\"wp-block-column is-layout-flow wp-block-column-is-layout-flow\">\n<p class=\"has-ti-bg-color has-text-color has-background has-link-color wp-elements-b2a26ab588d850100a6f381fdfb39ad9\" style=\"background-color:#00395f\">books<\/p>\n\n\n\n<p><strong>Ms Paulina Jastrz\u0105bek, MA<\/strong><br>Second floor, room 3.8<br>tel.: 32 208 35 65 <br>e-mail: <a href=\"mailto:paulina.jastrzabek@sum.edu.pl\">paulina.jastrzabek@sum.edu.pl<\/a><\/p>\n<\/div>\n\n\n\n<div class=\"wp-block-column is-layout-flow wp-block-column-is-layout-flow\">\n<p class=\"has-ti-bg-color has-text-color has-background has-link-color wp-elements-008bbcfb657797c4f529f4d2f4db61ba\" style=\"background-color:#00395f\">journals<\/p>\n\n\n\n<p><strong>Ms Natalia Garasi\u0144ska, MA<\/strong><br>Second floor, room 3.6<br>Phone number: +48 32 208 35 08, <br>e-mail: <a href=\"mailto:czasopisma@sum.edu.pl\">czasopisma@sum.edu.pl<\/a><\/p>\n\n\n\n<p><strong>mgr Maria Derda<\/strong><br>Second floor, room 3.6<br>Phone number: +48 32 208 35 08, <br>e-mail: <a href=\"mailto:czasopisma@sum.edu.pl\">czasopisma@sum.edu.pl<\/a><\/p>\n<\/div>\n<\/div>\n\n\n\n<div class=\"wp-block-columns is-layout-flex wp-container-core-columns-is-layout-28f84493 wp-block-columns-is-layout-flex\">\n<div class=\"wp-block-column is-layout-flow wp-block-column-is-layout-flow\">\n<p class=\"has-ti-bg-color has-text-color has-background has-link-color wp-elements-448cf30c1bcc21803311a5467e443934\" style=\"background-color:#00395f\">e-resources<\/p>\n\n\n\n<p><strong>Ms Justyna Kopiec, MA<\/strong> <br>system librarian<br>Second floor, room 3.6<br>Phone number: +48 32 208 35 08,<br>e-mail: <a href=\"mailto:jkopiec@sum.edu.pl\">jkopiec@sum.edu.pl<\/a><\/p>\n<\/div>\n\n\n\n<div class=\"wp-block-column is-layout-flow wp-block-column-is-layout-flow\">\n<p class=\"has-ti-bg-color has-text-color has-background has-link-color wp-elements-c9bd0f6637029ef29f29b3768631cdc6\" style=\"background-color:#00395f\"><\/p>\n<\/div>\n<\/div>\n\n\n\n<p class=\"has-ti-bg-color has-text-color has-background has-link-color wp-elements-b00a9e394d1bfbe14e62edfaacab8c71\" style=\"background-color:#00395f\">Cataloguing:<\/p>\n\n\n\n<p><strong>Ms Wies\u0142awa Mika, MA<\/strong><br><strong>Ms Kateryna Garda, MA<\/strong><br><strong>Ms Dominika Jagu\u015b, BA<\/strong> (absent)<br>Second floor, room 3.7<br>Phone number: +48 32 208 35 10<br>e-mail: <a href=\"mailto:biboprac@sum.edu.pl\">biboprac@sum.edu.pl<\/a><\/p>\n\n\n\n<div class=\"wp-block-buttons is-content-justification-center is-layout-flex wp-container-core-buttons-is-layout-a89b3969 wp-block-buttons-is-layout-flex\">\n<div class=\"wp-block-button is-style-outline is-style-outline--1\"><a class=\"wp-block-button__link has-ti-bg-color has-text-color has-background has-text-align-left wp-element-button\" href=\"https:\/\/biblioteka.sum.edu.pl\/en\/zadania-dzialu-gromadzenia-i-opracowania-zbiorow\/\" style=\"background-color:#a5c73d\">Goals of the Department<\/a><\/div>\n<\/div>\n\n\n\n<p><\/p>","protected":false},"excerpt":{"rendered":"<p>Dzia\u0142 Gromadzenia i Opracowania Zbior\u00f3w Lokalizacja ul. Warszawska 14,40-006 KatowiceII pi\u0119tro pokoje 3.6-3.8 Godziny otwarcia poniedzia\u0142ek \u2013 pi\u0105tek 7.30-15.30 p.o. Kierownika Dzia\u0142u mgr Aleksandra Guzia\u0142ek II pi\u0119tro w p. 3.8tel.: 32 208 35 65 e-mail: aleksandra.guzialek@sum.edu.pl Zesp\u00f3\u0142 Gromadzenia w sk\u0142adzie: ksi\u0105\u017cki mgr Paulina Jastrz\u0105bekII pi\u0119tro w p. 3.8tel.: 32 208 35 65 e-mail: paulina.jastrzabek@sum.edu.pl czasopisma [&hellip;]<\/p>","protected":false},"author":6,"featured_media":0,"parent":16504,"menu_order":0,"comment_status":"closed","ping_status":"closed","template":"","meta":{"_eb_attr":"","footnotes":""},"categories":[],"tags":[],"class_list":["post-17419","page","type-page","status-publish","hentry"],"publishpress_future_action":{"enabled":false,"date":"2026-04-12 22:33:11","action":"change-status","newStatus":"draft","terms":[],"taxonomy":"category","extraData":[]},"publishpress_future_workflow_manual_trigger":{"enabledWorkflows":[]},"_links":{"self":[{"href":"https:\/\/biblioteka.sum.edu.pl\/en\/wp-json\/wp\/v2\/pages\/17419","targetHints":{"allow":["GET"]}}],"collection":[{"href":"https:\/\/biblioteka.sum.edu.pl\/en\/wp-json\/wp\/v2\/pages"}],"about":[{"href":"https:\/\/biblioteka.sum.edu.pl\/en\/wp-json\/wp\/v2\/types\/page"}],"author":[{"embeddable":true,"href":"https:\/\/biblioteka.sum.edu.pl\/en\/wp-json\/wp\/v2\/users\/6"}],"replies":[{"embeddable":true,"href":"https:\/\/biblioteka.sum.edu.pl\/en\/wp-json\/wp\/v2\/comments?post=17419"}],"version-history":[{"count":38,"href":"https:\/\/biblioteka.sum.edu.pl\/en\/wp-json\/wp\/v2\/pages\/17419\/revisions"}],"predecessor-version":[{"id":27168,"href":"https:\/\/biblioteka.sum.edu.pl\/en\/wp-json\/wp\/v2\/pages\/17419\/revisions\/27168"}],"up":[{"embeddable":true,"href":"https:\/\/biblioteka.sum.edu.pl\/en\/wp-json\/wp\/v2\/pages\/16504"}],"wp:attachment":[{"href":"https:\/\/biblioteka.sum.edu.pl\/en\/wp-json\/wp\/v2\/media?parent=17419"}],"wp:term":[{"taxonomy":"category","embeddable":true,"href":"https:\/\/biblioteka.sum.edu.pl\/en\/wp-json\/wp\/v2\/categories?post=17419"},{"taxonomy":"post_tag","embeddable":true,"href":"https:\/\/biblioteka.sum.edu.pl\/en\/wp-json\/wp\/v2\/tags?post=17419"}],"curies":[{"name":"wp","href":"https:\/\/api.w.org\/{rel}","templated":true}]}}