{"id":17392,"date":"2023-10-25T14:45:37","date_gmt":"2023-10-25T12:45:37","guid":{"rendered":"https:\/\/biblioteka2.sum.edu.pl\/?page_id=17392"},"modified":"2026-03-30T12:04:15","modified_gmt":"2026-03-30T10:04:15","slug":"publikacje-w-ewaluacji","status":"publish","type":"page","link":"https:\/\/biblioteka.sum.edu.pl\/en\/dla-publikujacych\/publikacje-w-ewaluacji\/","title":{"rendered":"Expertus for evaluation of scientific publications"},"content":{"rendered":"<p><\/p>\n\n\n\n<h2 class=\"wp-block-heading\">Expertus for evaluation of scientific publications<\/h2>\n\n\n\n<div style=\"height:18px\" aria-hidden=\"true\" class=\"wp-block-spacer\"><\/div>\n\n\n\n<p class=\"has-text-align-left ikonki\"><\/p>\n\n\n\n<p><img decoding=\"async\" class=\"ikonki\" style=\"width: 49px;\" src=\"https:\/\/biblioteka.sum.edu.pl\/wp-content\/uploads\/2023\/11\/Zasob-5ikonki-1.png\" alt=\"\"><a href=\"https:\/\/publikacje.sum.edu.pl:8443\/expertus\/exp_adv\"><strong>Expertus<\/strong>\u00ae \u2013 the scientific publication evaluation module<\/a><\/p>\n\n\n\n<p class=\"has-text-color\" style=\"color:#00395f\"><strong>The scientific publication evaluation module of the Expertus system<\/strong> allows continuous monitoring of the scientific achievements of authors and calculations for the disciplines being evaluated. <\/p>\n\n\n\n<p class=\"has-text-color\" style=\"color:#00395f\">PLEASE NOTE: Bibliometric data can only be calculated using the <a href=\"https:\/\/publikacje.sum.edu.pl:8443\/expertus\/bib\/\">SUM Publications Database<\/a>. Evaluation tools is also possible by selecting the Evaluation tab in the database.<strong> <\/strong>Search options are accessible in Polish only!<\/p>\n\n\n\n<div style=\"height:13px\" aria-hidden=\"true\" class=\"wp-block-spacer\"><\/div>\n\n\n\n<h3 class=\"wp-block-heading\">Support materials<\/h3>\n\n\n\n<div style=\"height:16px\" aria-hidden=\"true\" class=\"wp-block-spacer\"><\/div>\n\n\n\n<p id=\"justuj\"><img decoding=\"async\" class=\"ikonki\" src=\"https:\/\/biblioteka.sum.edu.pl\/wp-content\/uploads\/2023\/11\/teacher-classroom.png\" alt=\"\"> <a href=\"https:\/\/biblioteka.sum.edu.pl\/wp-content\/uploads\/2023\/10\/Interpretacja-wylicze-slotw-dla-pracownikw-z-2-dyscyplinami.pdf\"><strong>Interpretation of slot calculations [in Polish]<\/strong><\/a> [in Polish] obtained in the module for researchers declaring two disciplines (PDF, 184 KB).<\/p>\n\n\n\n<p><\/p>\n\n\n\n<p><img decoding=\"async\" class=\"ikonki\" src=\"https:\/\/biblioteka.sum.edu.pl\/wp-content\/uploads\/2023\/11\/video-tutorials.png\" alt=\"\"><strong>Training on practical aspects of evaluation [in Polish] -  Youtube, 1h 12 min. 13 sec. 24.01.2021.<\/strong> (Youtube, 1 godz. 12 min.13 sek., 24.06.2021).<br>Author: Wioletta Dyjas (Head of Bibliography and Bibliometrics Department). <br>Author: Jacek G\u0142ebocki (Splendor representatives and creator of Expertus system). <br>(part 2, start from 28min and 20 sec.).<\/p>\n\n\n\n<div style=\"height:13px\" aria-hidden=\"true\" class=\"wp-block-spacer\"><\/div>\n\n\n\n<div style=\"height:6px\" aria-hidden=\"true\" class=\"wp-block-spacer\"><\/div>\n\n\n\n<figure class=\"wp-block-embed aligncenter is-type-video is-provider-youtube wp-block-embed-youtube podpis justuj\"><div class=\"wp-block-embed__wrapper\">\n<iframe loading=\"lazy\" title=\"Training on practical aspects of evaluation [in Polish] -  Youtube, 1h 12 min. 13 sec. 24.01.2021.\" width=\"500\" height=\"281\" src=\"https:\/\/www.youtube.com\/embed\/IJbu89dz8lw?start=23&#038;feature=oembed\" frameborder=\"0\" allow=\"accelerometer; autoplay; clipboard-write; encrypted-media; gyroscope; picture-in-picture; web-share\" referrerpolicy=\"strict-origin-when-cross-origin\" allowfullscreen><\/iframe>\n<\/div><\/figure>\n\n\n\n<div style=\"height:7px\" aria-hidden=\"true\" class=\"wp-block-spacer\"><\/div>\n\n\n\n<p>A detailed presentation of the module can be found at <a rel=\"noreferrer noopener\" href=\"https:\/\/biblioteka.sum.edu.pl\/en\/ewaluacja-w-pigulce\/\" target=\"_blank\">Evaluation of scientific publications.<\/a><\/p>\n\n\n\n<p class=\"has-ti-bg-alt-background-color has-background\"><strong>Please, note!<\/strong> Bibliographical materials should be provided to the department immediately after publication by post, e-mail or in person.<\/p>\n\n\n\n<p><img decoding=\"async\" class=\"ikonki\" src=\"https:\/\/biblioteka.sum.edu.pl\/wp-content\/uploads\/2023\/11\/Zasob-7ikonki-1.png\" alt=\"\">For further information, please contact: <br>phone: <strong>(32)<\/strong> <strong>208 35 66<\/strong>, e-mail: <a href=\"mailto:bibinfo@sum.edu.pl\">bibinfo@sum.edu.pl<\/a>.<\/p>","protected":false},"excerpt":{"rendered":"<p>Publikacje w ewaluacji Expertus\u00ae &#8211; Modu\u0142 doradczy w zakresie ewaluacji Modu\u0142 doradczy systemu Expertus pozwala na bie\u017c\u0105ce monitorowanie dorobku naukowego pracownik\u00f3w tworz\u0105cych zbi\u00f3r N, w kt\u00f3rym mo\u017cna sprawdzi\u0107 wyliczenia sumy slot\u00f3w, wykaz slot\u00f3w i ich warto\u015bci punktacyjne. Po wybraniu roku lub przedzia\u0142u czasowego, dyscypliny i algorytmu, mo\u017cna uzyska\u0107 zbiorczy raport dla wszystkich pracownik\u00f3w, kt\u00f3rzy deklaruj\u0105 [&hellip;]<\/p>","protected":false},"author":5,"featured_media":0,"parent":17194,"menu_order":0,"comment_status":"closed","ping_status":"closed","template":"","meta":{"_eb_attr":"","footnotes":""},"categories":[],"tags":[],"class_list":["post-17392","page","type-page","status-publish","hentry"],"publishpress_future_action":{"enabled":false,"date":"2026-04-12 16:14:09","action":"change-status","newStatus":"draft","terms":[],"taxonomy":"category","extraData":[]},"publishpress_future_workflow_manual_trigger":{"enabledWorkflows":[]},"_links":{"self":[{"href":"https:\/\/biblioteka.sum.edu.pl\/en\/wp-json\/wp\/v2\/pages\/17392","targetHints":{"allow":["GET"]}}],"collection":[{"href":"https:\/\/biblioteka.sum.edu.pl\/en\/wp-json\/wp\/v2\/pages"}],"about":[{"href":"https:\/\/biblioteka.sum.edu.pl\/en\/wp-json\/wp\/v2\/types\/page"}],"author":[{"embeddable":true,"href":"https:\/\/biblioteka.sum.edu.pl\/en\/wp-json\/wp\/v2\/users\/5"}],"replies":[{"embeddable":true,"href":"https:\/\/biblioteka.sum.edu.pl\/en\/wp-json\/wp\/v2\/comments?post=17392"}],"version-history":[{"count":128,"href":"https:\/\/biblioteka.sum.edu.pl\/en\/wp-json\/wp\/v2\/pages\/17392\/revisions"}],"predecessor-version":[{"id":28178,"href":"https:\/\/biblioteka.sum.edu.pl\/en\/wp-json\/wp\/v2\/pages\/17392\/revisions\/28178"}],"up":[{"embeddable":true,"href":"https:\/\/biblioteka.sum.edu.pl\/en\/wp-json\/wp\/v2\/pages\/17194"}],"wp:attachment":[{"href":"https:\/\/biblioteka.sum.edu.pl\/en\/wp-json\/wp\/v2\/media?parent=17392"}],"wp:term":[{"taxonomy":"category","embeddable":true,"href":"https:\/\/biblioteka.sum.edu.pl\/en\/wp-json\/wp\/v2\/categories?post=17392"},{"taxonomy":"post_tag","embeddable":true,"href":"https:\/\/biblioteka.sum.edu.pl\/en\/wp-json\/wp\/v2\/tags?post=17392"}],"curies":[{"name":"wp","href":"https:\/\/api.w.org\/{rel}","templated":true}]}}