{"id":16504,"date":"2023-09-07T12:07:11","date_gmt":"2023-09-07T10:07:11","guid":{"rendered":"https:\/\/biblioteka2.sum.edu.pl\/?page_id=16504"},"modified":"2026-03-25T08:12:49","modified_gmt":"2026-03-25T07:12:49","slug":"kontakt-i-godziny-otwarcia","status":"publish","type":"page","link":"https:\/\/biblioteka.sum.edu.pl\/en\/kontakt-i-godziny-otwarcia\/","title":{"rendered":"Contact and opening hours"},"content":{"rendered":"<div class=\"wp-block-group is-layout-constrained wp-block-group-is-layout-constrained\">\n<div class=\"wp-block-group alignwide has-background is-layout-constrained wp-block-group-is-layout-constrained\" style=\"background-color:#a5c73d;padding-top:var(--wp--preset--spacing--20);padding-bottom:var(--wp--preset--spacing--20)\">\n<h2 class=\"wp-block-heading has-text-align-center has-ti-fg-color has-text-color has-large-font-size\"><strong>Main Library<br>14 Warszawska Str., 40-006 Katowice<\/strong><\/h2>\n<\/div>\n\n\n\n<div class=\"wp-block-columns alignwide is-layout-flex wp-container-core-columns-is-layout-28f84493 wp-block-columns-is-layout-flex\">\n<div class=\"wp-block-column is-layout-flow wp-block-column-is-layout-flow\">\n<p class=\"has-text-align-center has-background has-link-color has-normal-font-size wp-elements-d49e7f9da31e80ad4abab7033af61f12\" style=\"background-color:#00395f\"><strong><a href=\"https:\/\/biblioteka.sum.edu.pl\/en\/dyrekcja\/\">Director's Office<\/a><\/strong><\/p>\n<\/div>\n\n\n\n<div class=\"wp-block-column is-layout-flow wp-block-column-is-layout-flow\">\n<p class=\"has-text-align-center has-white-color has-text-color has-background has-link-color has-normal-font-size wp-elements-be92dcbc25a379417f14c99a9f8835ce\" style=\"background-color:#00395f;margin-right:0;margin-left:0;padding-right:var(--wp--preset--spacing--30);padding-left:var(--wp--preset--spacing--30)\"><a href=\"https:\/\/biblioteka.sum.edu.pl\/en\/sekretariat\/\" data-type=\"page\" data-id=\"18735\"><strong>Administration Office<\/strong><\/a><\/p>\n<\/div>\n\n\n\n<div class=\"wp-block-column is-layout-flow wp-block-column-is-layout-flow\">\n<p class=\"has-text-align-center has-white-color has-text-color has-background has-link-color wp-elements-1cdfacfd20e0a7cd2d7c820cc080576a\" style=\"background-color:#00395f;font-size:clamp(14px, 0.875rem + ((1vw - 3.2px) * 0.488), 18px);\"><a href=\"https:\/\/biblioteka.sum.edu.pl\/en\/oddzial-biblioteki-sum-w-katowicach-ligocie-z-czytelnia-w-katowicach-i-bielsku-bialej\/#czyt_kat\" data-type=\"page\" data-id=\"18745\"><strong>Reading Room<\/strong><\/a><\/p>\n<\/div>\n<\/div>\n\n\n\n<div class=\"wp-block-columns alignwide is-layout-flex wp-container-core-columns-is-layout-28f84493 wp-block-columns-is-layout-flex\">\n<div class=\"wp-block-column has-background is-layout-constrained wp-block-column-is-layout-constrained\" style=\"background-color:#00395f\">\n<p class=\"has-text-align-center has-white-color has-text-color has-link-color has-normal-font-size wp-elements-f92e3773e09660705c249c31328e3004\" style=\"padding-top:var(--wp--preset--spacing--40);padding-right:var(--wp--preset--spacing--30);padding-bottom:var(--wp--preset--spacing--40);padding-left:var(--wp--preset--spacing--30)\"><a href=\"https:\/\/biblioteka.sum.edu.pl\/en\/dzial-gromadzenia-i-opracowania\/\" data-type=\"page\" data-id=\"17419\"><strong>Acquisition <br>and Cataloguing Department<\/strong><\/a><\/p>\n<\/div>\n\n\n\n<div class=\"wp-block-column has-background is-layout-flow wp-block-column-is-layout-flow\" style=\"background-color:#00395f\">\n<p class=\"has-text-align-center has-white-color has-text-color has-link-color has-normal-font-size wp-elements-e05967834ee698169732cb4ebc0bd738\" style=\"margin-top:var(--wp--preset--spacing--40);margin-right:var(--wp--preset--spacing--30);margin-bottom:var(--wp--preset--spacing--40);margin-left:var(--wp--preset--spacing--30)\"><a href=\"https:\/\/biblioteka.sum.edu.pl\/en\/dzial-repozytorium-i-promocji-otwartej-nauki\/\" data-type=\"page\" data-id=\"17572\"><strong>Repository and Open Science Promotion Department<\/strong><\/a><\/p>\n<\/div>\n\n\n\n<div class=\"wp-block-column has-background is-layout-constrained wp-block-column-is-layout-constrained\" style=\"background-color:#00395f\">\n<p class=\"has-text-align-center has-white-color has-text-color has-link-color has-normal-font-size wp-elements-97bb81e383c170b7be3ff34441e79f6f\" style=\"margin-top:var(--wp--preset--spacing--40);margin-right:var(--wp--preset--spacing--30);margin-bottom:var(--wp--preset--spacing--40);margin-left:var(--wp--preset--spacing--30)\"><a href=\"https:\/\/biblioteka.sum.edu.pl\/en\/dzial-bibliografii-i-bibliometrii-3\/\" data-type=\"page\" data-id=\"19322\"><strong>Bibliography <br>and Bibliometrics Department<\/strong><\/a><\/p>\n<\/div>\n<\/div>\n\n\n\n<p><\/p>\n\n\n\n<div class=\"wp-block-group alignwide has-background is-layout-constrained wp-block-group-is-layout-constrained\" style=\"background-color:#a5c73d;margin-top:0;margin-bottom:0;padding-top:0;padding-bottom:0\">\n<h2 class=\"wp-block-heading has-text-align-center has-ti-fg-color has-text-color has-background has-large-font-size\" style=\"background-color:#a5c73d\"><strong>Branches of the Library<\/strong><\/h2>\n<\/div>\n\n\n\n<div class=\"wp-block-columns alignwide is-layout-flex wp-container-core-columns-is-layout-28f84493 wp-block-columns-is-layout-flex\">\n<div class=\"wp-block-column is-layout-flow wp-block-column-is-layout-flow\">\n<p class=\"has-text-align-center has-white-color has-text-color has-background has-link-color has-normal-font-size wp-elements-cc5d96093a078140c1181bda6df655f9\" style=\"background-color:#00395f;margin-top:0;margin-right:0;margin-bottom:0;margin-left:0;padding-top:var(--wp--preset--spacing--40);padding-bottom:var(--wp--preset--spacing--40);font-style:normal;font-weight:400\"><a href=\"https:\/\/biblioteka.sum.edu.pl\/en\/oddzial-biblioteki-sum-w-katowicach-ligocie-z-czytelnia-w-katowicach-i-bielsku-bialej\/\" data-type=\"page\" data-id=\"18745\"><strong>SUM Branch Library in Katowice-Ligota<br>with a reading room in\u00a0Katowice and Bielsko-Bia\u0142a<\/strong><\/a><\/p>\n\n\n\n<p class=\"has-text-align-center has-ti-bg-color has-text-color has-background has-link-color has-normal-font-size wp-elements-6346af9ba7c2f5fbebc3a1b71a2215b0\" style=\"background-color:#00395f;padding-top:var(--wp--preset--spacing--40);padding-right:var(--wp--preset--spacing--60);padding-bottom:var(--wp--preset--spacing--40);padding-left:var(--wp--preset--spacing--60)\"><a href=\"https:\/\/biblioteka.sum.edu.pl\/en\/oddzial-biblioteki-sum-w-sosnowcu\/\" data-type=\"page\" data-id=\"19562\"><strong>SUM Branch Library <br>in Sosnowiec<\/strong><\/a><\/p>\n<\/div>\n\n\n\n<div class=\"wp-block-column is-layout-flow wp-block-column-is-layout-flow\">\n<p class=\"has-text-align-center has-ti-bg-color has-text-color has-background has-link-color has-normal-font-size wp-elements-7fdc007512c7a7a87bbd335cb6d34abe\" style=\"background-color:#00395f;padding-top:var(--wp--preset--spacing--40);padding-right:var(--wp--preset--spacing--40);padding-bottom:var(--wp--preset--spacing--40);padding-left:var(--wp--preset--spacing--40)\"><a href=\"https:\/\/biblioteka.sum.edu.pl\/en\/oddzial-biblioteki-sum-w-zabrzu-rokitnicy-z-czytelnia-w-zabrzu\/\" data-type=\"page\" data-id=\"19550\"><strong>SUM Branch Library in Zabrze-Rokitnica with a reading room<br>in Zabrze<\/strong><\/a><\/p>\n<\/div>\n<\/div>\n<\/div>\n\n\n\n<p><\/p>\n\n\n\n<div class=\"wp-block-columns is-layout-flex wp-container-core-columns-is-layout-28f84493 wp-block-columns-is-layout-flex\">\n<div class=\"wp-block-column is-layout-flow wp-block-column-is-layout-flow\">\n<div class=\"wp-block-group alignwide has-background is-layout-constrained wp-block-group-is-layout-constrained\" style=\"background-color:#a5c73d;padding-top:var(--wp--preset--spacing--20);padding-bottom:var(--wp--preset--spacing--20)\">\n<p class=\"has-text-align-center has-black-color has-text-color has-link-color has-normal-font-size wp-elements-9cf638e8ce38c7e33e1566afdc2de6ab\" style=\"font-style:normal;font-weight:400\"><a href=\"https:\/\/biblioteka.sum.edu.pl\/en\/zespol-ds-otwartej-nauki\/\" data-type=\"page\" data-id=\"21925\"><strong>Working Group <\/strong><br><strong>for Open Science<\/strong><\/a><\/p>\n<\/div>\n<\/div>\n\n\n\n<div class=\"wp-block-column is-layout-flow wp-block-column-is-layout-flow\">\n<div class=\"wp-block-group alignwide has-background is-layout-constrained wp-block-group-is-layout-constrained\" style=\"background-color:#a5c73d;padding-top:var(--wp--preset--spacing--20);padding-bottom:var(--wp--preset--spacing--20)\">\n<p class=\"has-text-align-center has-black-color has-text-color has-link-color has-normal-font-size wp-elements-5e70b190b0ee8804b4d575eb295834d2\" style=\"font-style:normal;font-weight:400\"><a href=\"https:\/\/biblioteka.sum.edu.pl\/en\/zespol-redakcyjnystrony-biblioteki-sum\/\" data-type=\"page\" data-id=\"22009\"><strong>Editorial team <\/strong><br><strong>of SUM Library website<\/strong><\/a><\/p>\n<\/div>\n<\/div>\n<\/div>\n\n\n\n<div class=\"wp-block-columns is-layout-flex wp-container-core-columns-is-layout-28f84493 wp-block-columns-is-layout-flex\">\n<div class=\"wp-block-column is-layout-flow wp-block-column-is-layout-flow\">\n<div class=\"wp-block-group alignwide has-background is-layout-constrained wp-block-group-is-layout-constrained\" style=\"background-color:#a5c73d;padding-top:var(--wp--preset--spacing--20);padding-bottom:var(--wp--preset--spacing--20)\">\n<p class=\"has-text-align-center has-black-color has-text-color has-link-color has-normal-font-size wp-elements-114d2d033381bad8b24285d095e66444\" style=\"font-style:normal;font-weight:400\"><a href=\"https:\/\/biblioteka.sum.edu.pl\/en\/zespol-ds-promocji-biblioteki\/\" data-type=\"page\" data-id=\"28025\"><strong>Working Group <\/strong><br><strong>for the Library Promotion<\/strong><\/a><\/p>\n<\/div>\n<\/div>\n\n\n\n<div class=\"wp-block-column is-layout-flow wp-block-column-is-layout-flow\"><\/div>\n<\/div>\n\n\n\n<p class=\"has-text-align-center has-medium-font-size\"><a href=\"https:\/\/sonda.sum.edu.pl\/index.php?r=survey\/index&amp;sid=791173&amp;lang=en\"><strong>Express your opinion<\/strong><\/a><\/p>\n\n\n\n<p><\/p>","protected":false},"excerpt":{"rendered":"<p>Biblioteka G\u0142\u00f3wnaul. Warszawska 14, Katowice 40-006 Dyrekcja Sekretariat Czytelnia Dzia\u0142 Gromadzenia i Opracowania Zbior\u00f3w Dzia\u0142 Repozytorium i Promocji Otwartej Nauki Dzia\u0142 Bibliografii i Bibliometrii Oddzia\u0142y Biblioteki Oddzia\u0142 Biblioteki \u015aUM w Katowicach \u2013 Ligociez Czytelni\u0105 w Katowicach i Bielsku-Bia\u0142ej Oddzia\u0142 Biblioteki \u015aUM w Sosnowcu Oddzia\u0142 Biblioteki \u015aUM w Zabrzu-Rokitnicy z Czytelni\u0105w Zabrzu Zesp\u00f3\u0142 ds. Otwartej Nauki [&hellip;]<\/p>","protected":false},"author":1,"featured_media":0,"parent":0,"menu_order":0,"comment_status":"closed","ping_status":"closed","template":"","meta":{"_eb_attr":"","footnotes":""},"categories":[],"tags":[],"class_list":["post-16504","page","type-page","status-publish","hentry"],"publishpress_future_action":{"enabled":false,"date":"2026-04-12 10:59:53","action":"change-status","newStatus":"draft","terms":[],"taxonomy":"category","extraData":[]},"publishpress_future_workflow_manual_trigger":{"enabledWorkflows":[]},"_links":{"self":[{"href":"https:\/\/biblioteka.sum.edu.pl\/en\/wp-json\/wp\/v2\/pages\/16504","targetHints":{"allow":["GET"]}}],"collection":[{"href":"https:\/\/biblioteka.sum.edu.pl\/en\/wp-json\/wp\/v2\/pages"}],"about":[{"href":"https:\/\/biblioteka.sum.edu.pl\/en\/wp-json\/wp\/v2\/types\/page"}],"author":[{"embeddable":true,"href":"https:\/\/biblioteka.sum.edu.pl\/en\/wp-json\/wp\/v2\/users\/1"}],"replies":[{"embeddable":true,"href":"https:\/\/biblioteka.sum.edu.pl\/en\/wp-json\/wp\/v2\/comments?post=16504"}],"version-history":[{"count":92,"href":"https:\/\/biblioteka.sum.edu.pl\/en\/wp-json\/wp\/v2\/pages\/16504\/revisions"}],"predecessor-version":[{"id":28028,"href":"https:\/\/biblioteka.sum.edu.pl\/en\/wp-json\/wp\/v2\/pages\/16504\/revisions\/28028"}],"wp:attachment":[{"href":"https:\/\/biblioteka.sum.edu.pl\/en\/wp-json\/wp\/v2\/media?parent=16504"}],"wp:term":[{"taxonomy":"category","embeddable":true,"href":"https:\/\/biblioteka.sum.edu.pl\/en\/wp-json\/wp\/v2\/categories?post=16504"},{"taxonomy":"post_tag","embeddable":true,"href":"https:\/\/biblioteka.sum.edu.pl\/en\/wp-json\/wp\/v2\/tags?post=16504"}],"curies":[{"name":"wp","href":"https:\/\/api.w.org\/{rel}","templated":true}]}}